{"id":35479,"date":"2015-06-24T16:32:22","date_gmt":"2015-06-24T09:32:22","guid":{"rendered":"http:\/\/www.saigonstereo.com\/home\/?page_id=35479"},"modified":"2016-03-21T11:35:48","modified_gmt":"2016-03-21T04:35:48","slug":"gioi-thieu","status":"publish","type":"page","link":"https:\/\/www.saigonstereo.com\/home\/gioi-thieu\/","title":{"rendered":"Gi\u1edbi thi\u1ec7u SaigonStereo"},"content":{"rendered":"<p>K\u00ednh ch\u00e0o Qu\u00ed kh\u00e1ch !<\/p>\n<p>SaigonStereo \u0111\u01b0\u1ee3c kh\u1edfi \u0111\u1ea7u t\u1eeb nh\u1eefng n\u0103m 2005 b\u1edfi m\u1ed9t nh\u00f3m nh\u1eefng tay ch\u01a1i c\u00f3 chung ni\u1ec1m \u0111am m\u00ea thi\u1ebft b\u1ecb \u00e2m thanh hi-end. \u0110\u1ebfn n\u0103m 2007, theo xu h\u01b0\u1edbng ph\u00e1t tri\u1ec3n c\u1ee7a th\u1ecb tr\u01b0\u1eddng, C\u00f4ng ty c\u1ed5 ph\u1ea7n M\u1ed9c Th\u1ee7y \u2013 SaigonStereo \u0111\u00e3 ch\u00ednh th\u1ee9c \u0111i v\u00e0o ho\u1ea1t \u0111\u1ed9ng kinh doanh, ph\u00e2n ph\u1ed1i c\u00e1c thi\u1ebft b\u1ecb, s\u1ea3n ph\u1ea9m audio ho\u00e0n ch\u1ec9nh. Song song \u0111\u00f3, m\u1ea3ng kinh doanh c\u00e1c linh ki\u1ec7n audio v\u1eabn \u0111\u01b0\u1ee3c duy tr\u00ec v\u00e0 song h\u00e0nh ph\u00e1t tri\u1ec3n c\u00f9ng v\u1edbi c\u00e1c ho\u1ea1t \u0111\u1ed9ng c\u1ee7a m\u1ea1ng Nghe nh\u00ecn Vi\u1ec7t Nam.<\/p>\n<p style=\"text-align: center;\"><img loading=\"lazy\" decoding=\"async\" class=\"aligncenter size-medium wp-image-36200\" src=\"http:\/\/www.saigonstereo.com\/home\/wp-content\/uploads\/2015\/07\/PB225499-640x485.jpg\" alt=\"PB225499\" width=\"640\" height=\"485\" \/><em><strong>Showroom \u0111\u1ea7u ti\u00ean c\u1ee7a SaigonStereo t\u1ea1i V\u1ea1n Ki\u1ebfp (B\u00ecnh Th\u1ea1nh, Tp.HCM)\u00a0<\/strong><\/em><\/p>\n<p>Th\u00e1ng 2\/2007, SaigonStereo \u0111\u00e3 ch\u00ednh th\u1ee9c \u0111\u01b0\u1ee3c ghi v\u00e0o danh s\u00e1ch nh\u1eefng nh\u00e0 ph\u00e2n ph\u1ed1i thi\u1ebft b\u1ecb \u00e2m thanh hi-end t\u1ea1i Vi\u1ec7t Nam v\u1edbi v\u1ecfn v\u1eb9n ch\u1ec9 04 th\u01b0\u01a1ng hi\u1ec7u: Accustic Arts (\u0110\u1ee9c), Isophon (\u0110\u1ee9c), Acoustic Solid\u00a0(\u0110\u1ee9c), v\u00e0 Usher (\u0110\u00e0i Loan). S\u1ef1 ki\u1ec7n n\u00e0y c\u0169ng \u0111\u00e1nh d\u1ea5u s\u1ef1 h\u1ee3p t\u00e1c gi\u1eefa SaigonStereo v\u00e0 c\u00e1c h\u1ec7 th\u1ed1ng c\u1eeda h\u00e0ng l\u00e2u n\u0103m trong l\u0129nh v\u1ef1c \u00e2m thanh Hi-end.<\/p>\n<p>Nh\u1eefng n\u0103m sau \u0111\u00f3, SaigonStereo \u0111\u00e3 tr\u1edf th\u00e0nh ti\u00eau \u0111i\u1ec3m quan t\u00e2m c\u1ee7a b\u00e1o gi\u1edbi v\u00e0 c\u1ed9ng \u0111\u1ed3ng audiophile Vi\u1ec7t Nam. T\u1eeb nh\u1eefng th\u01b0\u01a1ng hi\u1ec7u g\u1ea7n nh\u01b0 kh\u00f4ng m\u1ed9t ai bi\u1ebft \u0111\u1ebfn t\u1ea1i Vi\u1ec7t Nam, theo th\u1eddi gian nh\u1eefng c\u00e1i t\u00ean nh\u01b0 Accustic Arts, Acapella, Elac, Vienna Acoustics\u2026 \u0111\u00e3 tr\u1edf n\u00ean nh\u1eefng th\u01b0\u01a1ng hi\u1ec7u quen thu\u1ed9c v\u00e0 \u0111\u01b0\u1ee3c \u0111\u00f4ng \u0111\u1ea3o gi\u1edbi ch\u01a1i \u00e2m thanh, c\u00e1c audiophile tin t\u01b0\u1edfng v\u00e0 s\u1eed d\u1ee5ng.<\/p>\n<p>N\u0103m 2009, c\u00f9ng v\u1edbi m\u1ed9t s\u1ed1 c\u00e1c nh\u00e0 ph\u00e2n ph\u1ed1i thi\u1ebft b\u1ecb \u00e2m thanh h\u00e0ng \u0111\u1ea7u Vi\u1ec7t Nam, SaigonStereo tham gia th\u00e0nh l\u1eadp khu mua s\u1eafm c\u00f3 t\u00ean High-end Zone t\u1ecda l\u1ea1c t\u1ea1i cao \u1ed1c Master Building, Qu\u1eadn 3, Tp. HCM. High-end Zone ra \u0111\u1eddi \u0111\u00e3 kh\u1eafc ph\u1ee5c m\u1ed9t trong nh\u1eefng h\u1ea1n ch\u1ebf l\u1edbn nh\u1ea5t c\u1ee7a c\u00e1c shop audio tr\u01b0\u1edbc \u0111\u00e2y, \u0111\u00f3 l\u00e0 kh\u00f4ng gian th\u1eed m\u00e1y. \u0110\u1ec3 t\u1ea1o \u0111i\u1ec1u ki\u1ec7n t\u1ed1t nh\u1ea5t cho kh\u00e1ch h\u00e0ng, SaigonStereo \u0111\u00e3 b\u1ed1 tr\u00ed m\u1ed9t ph\u00f2ng th\u1eed v\u1edbi kh\u00f4ng gian y\u00ean t\u0129nh v\u00e0 bi\u1ec7t l\u1eadp gi\u00fap kh\u00e1ch h\u00e0ng s\u1ebd c\u00f3 quy\u1ebft \u0111\u1ecbnh ch\u00ednh x\u00e1c h\u01a1n.<\/p>\n<p style=\"text-align: center;\"><img loading=\"lazy\" decoding=\"async\" class=\"aligncenter size-medium wp-image-38902\" src=\"http:\/\/www.saigonstereo.com\/home\/wp-content\/uploads\/2015\/06\/gianngoai-640x427.jpg\" alt=\"gianngoai\" width=\"640\" height=\"427\" \/><em><strong>M\u1ed9t g\u00f3c tr\u01b0ng b\u00e0y c\u1ee7a SaigonStereo t\u1ea1i High End Zone (Master Building)<\/strong><\/em><\/p>\n<p>Ngo\u00e0i showroom \u0111\u01b0\u1ee3c \u0111\u1ea7u t\u01b0 b\u00e0i b\u1ea3n, SaigonStereo b\u1eaft \u0111\u1ea7u s\u1edf h\u1eefu h\u1ec7 th\u1ed1ng \u0111\u1ea1i l\u00fd v\u1edbi h\u01a1n 10 c\u1eeda h\u00e0ng t\u1ea1i c\u00e1c trung t\u00e2m kinh t\u1ebf l\u1edbn nh\u01b0 H\u00e0 N\u1ed9i, Tp. H\u1ed3 Ch\u00ed Minh. V\u00e0 t\u1eeb th\u00e1ng 09\/2013 \u0111\u1ebfn nay, SaigonStereo chuy\u1ec3n v\u1ec1 \u0111\u1ecba ch\u1ec9 6B Tr\u1ea7n Cao V\u00e2n, Ph\u01b0\u1eddng \u0110akao, Qu\u1eadn 1, Tp. H\u1ed3 Ch\u00ed Minh v\u1edbi kh\u00f4ng gian tr\u01b0ng b\u00e0y l\u1edbn h\u01a1n, ph\u00f2ng th\u1eed chuy\u00ean nghi\u1ec7p h\u01a1n v\u00e0 \u0111\u1eb7c bi\u1ec7t thu\u1eadn ti\u1ec7n h\u01a1n cho kh\u00e1ch h\u00e0ng khi \u0111\u1ebfn tham quan mua s\u1eafm.<\/p>\n<p>T\u1eeb xu\u1ea5t ph\u00e1t \u0111i\u1ec3m l\u00e0 m\u1ed9t ng\u01b0\u1eddi ch\u01a1i \u00e2m thanh v\u00e0 nh\u1eefng kinh nghi\u1ec7m t\u00edch l\u0169y trong kho\u1ea3ng th\u1eddi gian kinh doanh linh ki\u1ec7n audio, SaigonStereo c\u00f3 \u0111\u01b0\u1ee3c s\u1ef1 am hi\u1ec3u chuy\u00ean s\u00e2u v\u1ec1 chuy\u00ean m\u00f4n v\u00e0 lu\u00f4n xem kh\u00e1ch h\u00e0ng l\u00e0 b\u1ea1n \u0111\u1ec3 c\u00f9ng chia s\u1ebb. Ch\u00fang t\u00f4i\u00a0lu\u00f4n th\u01b0\u1eddng xuy\u00ean c\u1eadp nh\u1eadt th\u00f4ng tin c\u00e1c s\u1ea3n ph\u1ea9m m\u1edbi, c\u00e1c c\u00f4ng ngh\u1ec7 m\u1edbi t\u00edch h\u1ee3p nh\u1eefng t\u00ednh n\u0103ng ti\u00ean ti\u1ebfn nh\u1ea5t theo xu h\u01b0\u1edbng chung c\u1ee7a th\u1ebf gi\u1edbi; t\u1eeb \u0111\u00f3 ch\u1ecdn l\u1ecdc l\u1ea1i \u0111\u1ec3 mang \u0111\u1ebfn cho ng\u01b0\u1eddi ti\u00eau d\u00f9ng nh\u1eefng tr\u1ea3i nghi\u1ec7m \u00e2m thanh th\u00fa v\u1ecb.<\/p>\n<p>Khi mua h\u00e0ng t\u1ea1i SaigonStereo, kh\u00e1ch h\u00e0ng s\u1ebd \u0111\u01b0\u1ee3c \u00e1p d\u1ee5ng ch\u00ednh s\u00e1ch b\u1ea3o h\u00e0nh ch\u00ednh h\u00e3ng v\u1edbi th\u1eddi gian l\u00ean \u0111\u1ebfn 24 th\u00e1ng ho\u00e0n to\u00e0n mi\u1ec5n ph\u00ed. Trong su\u1ed1t qu\u00e1 tr\u00ecnh l\u1eafp \u0111\u1eb7t v\u00e0 sau khi \u0111\u00e3 b\u00e0n giao, ch\u00fang t\u00f4i\u00a0lu\u00f4n s\u1eb5n s\u00e0ng h\u1ed7 tr\u1ee3 qu\u00fd kh\u00e1ch trong vi\u1ec7c h\u01b0\u1edbng d\u1eabn s\u1eed d\u1ee5ng, b\u1ea3o qu\u1ea3n thi\u1ebft b\u1ecb v\u00e0 th\u1ef1c hi\u1ec7n c\u00e1c \u0111i\u1ec1u ch\u1ec9nh theo y\u00eau c\u1ea7u.<\/p>\n<p style=\"text-align: center;\"><img loading=\"lazy\" decoding=\"async\" class=\"aligncenter size-medium wp-image-38904\" src=\"http:\/\/www.saigonstereo.com\/home\/wp-content\/uploads\/2015\/06\/SaigonStereo-01-640x426.jpg\" alt=\"SaigonStereo-01\" width=\"640\" height=\"426\" \/><em><strong>C\u1eeda h\u00e0ng hi\u1ec7n nay \u0111\u1eb7t t\u1ea1i 6B Tr\u1ea7n Cao V\u00e2n, P. \u0110akao, Qu\u1eadn 1, Tp. HCM<\/strong><\/em><\/p>\n<p style=\"text-align: right;\">Tr\u00e2n tr\u1ecdng,<br \/>\nSaigonStereo<\/p>\n","protected":false},"excerpt":{"rendered":"<p>K\u00ednh ch\u00e0o Qu\u00ed kh\u00e1ch ! SaigonStereo \u0111\u01b0\u1ee3c kh\u1edfi \u0111\u1ea7u t\u1eeb nh\u1eefng n\u0103m 2005 b\u1edfi m\u1ed9t nh\u00f3m nh\u1eefng tay ch\u01a1i c\u00f3 chung ni\u1ec1m \u0111am m\u00ea thi\u1ebft b\u1ecb \u00e2m thanh hi-end. \u0110\u1ebfn n\u0103m 2007, theo xu h\u01b0\u1edbng ph\u00e1t tri\u1ec3n c\u1ee7a th\u1ecb tr\u01b0\u1eddng, C\u00f4ng ty c\u1ed5 ph\u1ea7n M\u1ed9c Th\u1ee7y \u2013 SaigonStereo \u0111\u00e3 ch\u00ednh th\u1ee9c \u0111i v\u00e0o ho\u1ea1t \u0111\u1ed9ng&hellip;<\/p>\n","protected":false},"author":6,"featured_media":0,"parent":0,"menu_order":0,"comment_status":"closed","ping_status":"open","template":"","meta":{"jetpack_post_was_ever_published":false,"footnotes":""},"class_list":["post-35479","page","type-page","status-publish","hentry","description-off"],"yoast_head":"<!-- This site is optimized with the Yoast SEO plugin v20.4 - https:\/\/yoast.com\/wordpress\/plugins\/seo\/ -->\n<title>Gi\u1edbi thi\u1ec7u SaigonStereo - M\u1ed9c Th\u1ee7y JSC<\/title>\n<meta name=\"description\" content=\"SaigonStereo \u0111\u01b0\u1ee3c kh\u1edfi \u0111\u1ea7u t\u1eeb nh\u1eefng n\u0103m 2005 b\u1edfi m\u1ed9t nh\u00f3m nh\u1eefng tay ch\u01a1i c\u00f3 chung ni\u1ec1m \u0111am m\u00ea thi\u1ebft b\u1ecb \u00e2m thanh hi-end. \u0110\u1ebfn n\u0103m 2007, theo xu h\u01b0\u1edbng ph\u00e1t...\" \/>\n<meta name=\"robots\" content=\"index, follow, max-snippet:-1, max-image-preview:large, max-video-preview:-1\" \/>\n<link rel=\"canonical\" href=\"https:\/\/www.saigonstereo.com\/home\/gioi-thieu\/\" \/>\n<meta property=\"og:locale\" content=\"vi_VN\" \/>\n<meta property=\"og:type\" content=\"article\" \/>\n<meta property=\"og:title\" content=\"Gi\u1edbi thi\u1ec7u SaigonStereo - M\u1ed9c Th\u1ee7y JSC\" \/>\n<meta property=\"og:description\" content=\"SaigonStereo \u0111\u01b0\u1ee3c kh\u1edfi \u0111\u1ea7u t\u1eeb nh\u1eefng n\u0103m 2005 b\u1edfi m\u1ed9t nh\u00f3m nh\u1eefng tay ch\u01a1i c\u00f3 chung ni\u1ec1m \u0111am m\u00ea thi\u1ebft b\u1ecb \u00e2m thanh hi-end. \u0110\u1ebfn n\u0103m 2007, theo xu h\u01b0\u1edbng ph\u00e1t...\" \/>\n<meta property=\"og:url\" content=\"https:\/\/www.saigonstereo.com\/home\/gioi-thieu\/\" \/>\n<meta property=\"og:site_name\" content=\"SaigonStereo\" \/>\n<meta property=\"article:modified_time\" content=\"2016-03-21T04:35:48+00:00\" \/>\n<meta property=\"og:image\" content=\"http:\/\/www.saigonstereo.com\/home\/wp-content\/uploads\/2015\/07\/PB225499-640x485.jpg\" \/>\n<meta name=\"twitter:card\" content=\"summary_large_image\" \/>\n<meta name=\"twitter:label1\" content=\"\u01af\u1edbc t\u00ednh th\u1eddi gian \u0111\u1ecdc\" \/>\n\t<meta name=\"twitter:data1\" content=\"5 ph\u00fat\" \/>\n<script type=\"application\/ld+json\" class=\"yoast-schema-graph\">{\"@context\":\"https:\/\/schema.org\",\"@graph\":[{\"@type\":\"WebPage\",\"@id\":\"https:\/\/www.saigonstereo.com\/home\/gioi-thieu\/\",\"url\":\"https:\/\/www.saigonstereo.com\/home\/gioi-thieu\/\",\"name\":\"Gi\u1edbi thi\u1ec7u SaigonStereo - M\u1ed9c Th\u1ee7y JSC\",\"isPartOf\":{\"@id\":\"https:\/\/www.saigonstereo.com\/home\/#website\"},\"datePublished\":\"2015-06-24T09:32:22+00:00\",\"dateModified\":\"2016-03-21T04:35:48+00:00\",\"description\":\"SaigonStereo \u0111\u01b0\u1ee3c kh\u1edfi \u0111\u1ea7u t\u1eeb nh\u1eefng n\u0103m 2005 b\u1edfi m\u1ed9t nh\u00f3m nh\u1eefng tay ch\u01a1i c\u00f3 chung ni\u1ec1m \u0111am m\u00ea thi\u1ebft b\u1ecb \u00e2m thanh hi-end. \u0110\u1ebfn n\u0103m 2007, theo xu h\u01b0\u1edbng ph\u00e1t...\",\"breadcrumb\":{\"@id\":\"https:\/\/www.saigonstereo.com\/home\/gioi-thieu\/#breadcrumb\"},\"inLanguage\":\"vi\",\"potentialAction\":[{\"@type\":\"ReadAction\",\"target\":[\"https:\/\/www.saigonstereo.com\/home\/gioi-thieu\/\"]}]},{\"@type\":\"BreadcrumbList\",\"@id\":\"https:\/\/www.saigonstereo.com\/home\/gioi-thieu\/#breadcrumb\",\"itemListElement\":[{\"@type\":\"ListItem\",\"position\":1,\"name\":\"Home\",\"item\":\"https:\/\/www.saigonstereo.com\/home\/\"},{\"@type\":\"ListItem\",\"position\":2,\"name\":\"Gi\u1edbi thi\u1ec7u SaigonStereo\"}]},{\"@type\":\"WebSite\",\"@id\":\"https:\/\/www.saigonstereo.com\/home\/#website\",\"url\":\"https:\/\/www.saigonstereo.com\/home\/\",\"name\":\"SaigonStereo\",\"description\":\"Nh\u00e0 ph\u00e2n ph\u1ed1i thi\u1ebft b\u1ecb \u00e2m thanh cao c\u1ea5p\",\"potentialAction\":[{\"@type\":\"SearchAction\",\"target\":{\"@type\":\"EntryPoint\",\"urlTemplate\":\"https:\/\/www.saigonstereo.com\/home\/?s={search_term_string}\"},\"query-input\":\"required name=search_term_string\"}],\"inLanguage\":\"vi\"}]}<\/script>\n<!-- \/ Yoast SEO plugin. -->","yoast_head_json":{"title":"Gi\u1edbi thi\u1ec7u SaigonStereo - M\u1ed9c Th\u1ee7y JSC","description":"SaigonStereo \u0111\u01b0\u1ee3c kh\u1edfi \u0111\u1ea7u t\u1eeb nh\u1eefng n\u0103m 2005 b\u1edfi m\u1ed9t nh\u00f3m nh\u1eefng tay ch\u01a1i c\u00f3 chung ni\u1ec1m \u0111am m\u00ea thi\u1ebft b\u1ecb \u00e2m thanh hi-end. \u0110\u1ebfn n\u0103m 2007, theo xu h\u01b0\u1edbng ph\u00e1t...","robots":{"index":"index","follow":"follow","max-snippet":"max-snippet:-1","max-image-preview":"max-image-preview:large","max-video-preview":"max-video-preview:-1"},"canonical":"https:\/\/www.saigonstereo.com\/home\/gioi-thieu\/","og_locale":"vi_VN","og_type":"article","og_title":"Gi\u1edbi thi\u1ec7u SaigonStereo - M\u1ed9c Th\u1ee7y JSC","og_description":"SaigonStereo \u0111\u01b0\u1ee3c kh\u1edfi \u0111\u1ea7u t\u1eeb nh\u1eefng n\u0103m 2005 b\u1edfi m\u1ed9t nh\u00f3m nh\u1eefng tay ch\u01a1i c\u00f3 chung ni\u1ec1m \u0111am m\u00ea thi\u1ebft b\u1ecb \u00e2m thanh hi-end. \u0110\u1ebfn n\u0103m 2007, theo xu h\u01b0\u1edbng ph\u00e1t...","og_url":"https:\/\/www.saigonstereo.com\/home\/gioi-thieu\/","og_site_name":"SaigonStereo","article_modified_time":"2016-03-21T04:35:48+00:00","og_image":[{"url":"http:\/\/www.saigonstereo.com\/home\/wp-content\/uploads\/2015\/07\/PB225499-640x485.jpg"}],"twitter_card":"summary_large_image","twitter_misc":{"\u01af\u1edbc t\u00ednh th\u1eddi gian \u0111\u1ecdc":"5 ph\u00fat"},"schema":{"@context":"https:\/\/schema.org","@graph":[{"@type":"WebPage","@id":"https:\/\/www.saigonstereo.com\/home\/gioi-thieu\/","url":"https:\/\/www.saigonstereo.com\/home\/gioi-thieu\/","name":"Gi\u1edbi thi\u1ec7u SaigonStereo - M\u1ed9c Th\u1ee7y JSC","isPartOf":{"@id":"https:\/\/www.saigonstereo.com\/home\/#website"},"datePublished":"2015-06-24T09:32:22+00:00","dateModified":"2016-03-21T04:35:48+00:00","description":"SaigonStereo \u0111\u01b0\u1ee3c kh\u1edfi \u0111\u1ea7u t\u1eeb nh\u1eefng n\u0103m 2005 b\u1edfi m\u1ed9t nh\u00f3m nh\u1eefng tay ch\u01a1i c\u00f3 chung ni\u1ec1m \u0111am m\u00ea thi\u1ebft b\u1ecb \u00e2m thanh hi-end. \u0110\u1ebfn n\u0103m 2007, theo xu h\u01b0\u1edbng ph\u00e1t...","breadcrumb":{"@id":"https:\/\/www.saigonstereo.com\/home\/gioi-thieu\/#breadcrumb"},"inLanguage":"vi","potentialAction":[{"@type":"ReadAction","target":["https:\/\/www.saigonstereo.com\/home\/gioi-thieu\/"]}]},{"@type":"BreadcrumbList","@id":"https:\/\/www.saigonstereo.com\/home\/gioi-thieu\/#breadcrumb","itemListElement":[{"@type":"ListItem","position":1,"name":"Home","item":"https:\/\/www.saigonstereo.com\/home\/"},{"@type":"ListItem","position":2,"name":"Gi\u1edbi thi\u1ec7u SaigonStereo"}]},{"@type":"WebSite","@id":"https:\/\/www.saigonstereo.com\/home\/#website","url":"https:\/\/www.saigonstereo.com\/home\/","name":"SaigonStereo","description":"Nh\u00e0 ph\u00e2n ph\u1ed1i thi\u1ebft b\u1ecb \u00e2m thanh cao c\u1ea5p","potentialAction":[{"@type":"SearchAction","target":{"@type":"EntryPoint","urlTemplate":"https:\/\/www.saigonstereo.com\/home\/?s={search_term_string}"},"query-input":"required name=search_term_string"}],"inLanguage":"vi"}]}},"jetpack_sharing_enabled":true,"jetpack_shortlink":"https:\/\/wp.me\/P5i6NT-9ef","_links":{"self":[{"href":"https:\/\/www.saigonstereo.com\/home\/wp-json\/wp\/v2\/pages\/35479","targetHints":{"allow":["GET"]}}],"collection":[{"href":"https:\/\/www.saigonstereo.com\/home\/wp-json\/wp\/v2\/pages"}],"about":[{"href":"https:\/\/www.saigonstereo.com\/home\/wp-json\/wp\/v2\/types\/page"}],"author":[{"embeddable":true,"href":"https:\/\/www.saigonstereo.com\/home\/wp-json\/wp\/v2\/users\/6"}],"replies":[{"embeddable":true,"href":"https:\/\/www.saigonstereo.com\/home\/wp-json\/wp\/v2\/comments?post=35479"}],"version-history":[{"count":0,"href":"https:\/\/www.saigonstereo.com\/home\/wp-json\/wp\/v2\/pages\/35479\/revisions"}],"wp:attachment":[{"href":"https:\/\/www.saigonstereo.com\/home\/wp-json\/wp\/v2\/media?parent=35479"}],"curies":[{"name":"wp","href":"https:\/\/api.w.org\/{rel}","templated":true}]}}