{"id":38717,"date":"2016-01-20T15:19:45","date_gmt":"2016-01-20T08:19:45","guid":{"rendered":"http:\/\/www.saigonstereo.com\/home\/?page_id=38717"},"modified":"2016-01-20T15:19:45","modified_gmt":"2016-01-20T08:19:45","slug":"chinh-sach-van-chuyen-giao-nhan","status":"publish","type":"page","link":"https:\/\/www.saigonstereo.com\/home\/chinh-sach-van-chuyen-giao-nhan\/","title":{"rendered":"Ch\u00ednh s\u00e1ch v\u1eadn chuy\u1ec3n &#038; giao nh\u1eadn"},"content":{"rendered":"<p>C\u00f4ng ty c\u1ed5 ph\u1ea7n M\u1ed9c Th\u1ee7y &#8211; SaigonStereo ch\u1ecbu tr\u00e1ch nhi\u1ec7m l\u1eafp \u0111\u1eb7t v\u00e0 v\u1eadn chuy\u1ec3n mi\u1ec5n ph\u00ed trong n\u1ed9i \u00f4 th\u00e0nh ph\u1ed1 H\u1ed3 Ch\u00ed Minh nh\u01b0ng trong ph\u1ea1m vi 20 Km t\u00ednh t\u1eeb C\u00f4ng ty.<\/p>\n<p>C\u00f4ng ty c\u1ed5 ph\u1ea7n M\u1ed9c Th\u1ee7y &#8211; SaigonStereo c\u00f3 th\u1ec3 giao h\u00e0ng \u0111\u1ebfn m\u1ecdi t\u1ec9nh th\u00e0nh v\u00e0 khu v\u1ef1c trong n\u01b0\u1edbc.<\/p>\n<p>Ngo\u00e0i \u0111\u1ed9i ng\u0169 giao h\u00e0ng chuy\u00ean nghi\u1ec7p v\u00e0 h\u00f9ng h\u1eadu ri\u00eang c\u1ee7a C\u00f4ng ty c\u1ed5 ph\u1ea7n M\u1ed9c Th\u1ee7y &#8211; SaigonStereo, ch\u00fang t\u00f4i c\u00f2n li\u00ean k\u1ebft v\u1edbi c\u00e1c nh\u00e0 v\u1eadn chuy\u1ec3n l\u1edbn kh\u00e1c nh\u01b0: B\u01b0u \u0111i\u1ec7n Vi\u1ec7t Nam, Kerry TTC Express, Tasetco, Giao H\u00e0ng Nhanh \u0111\u1ec3 \u0111\u1ea3m b\u1ea3o vi\u1ec7c giao h\u00e0ng \u0111\u01b0\u1ee3c th\u1ef1c hi\u1ec7n nhanh ch\u00f3ng v\u00e0 \u0111\u00fang h\u1eb9n.<\/p>\n<p>Ph\u00ed giao h\u00e0ng \u0111\u01b0\u1ee3c t\u00ednh d\u1ef1a tr\u00ean tr\u1ecdng l\u01b0\u1ee3ng th\u1ec3 t\u00edch c\u1ee7a s\u1ea3n ph\u1ea9m v\u00e0 \u0111\u01b0\u1ee3c \u00e1p d\u1ee5ng t\u00f9y theo khu v\u1ef1c v\u1edbi m\u1ee9c ph\u00ed kh\u00e1c nhau c\u1ee7a \u0111\u01a1n v\u1ecb v\u1eadn chuy\u1ec3n.<\/p>\n<p>Sau khi qu\u00fd kh\u00e1ch \u0111\u00e3 \u0111\u1eb7t h\u00e0ng th\u00e0nh c\u00f4ng, \u0111\u1ed9i ng\u0169 Ch\u0103m s\u00f3c kh\u00e1ch h\u00e0ng c\u1ee7a ch\u00fang t\u00f4i s\u1ebd ti\u1ebfn h\u00e0nh x\u00e1c minh \u0111\u01a1n h\u00e0ng, \u0111\u1ed3ng th\u1eddi g\u1eedi c\u1eadp nh\u1eadt s\u1edbm nh\u1ea5t \u0111\u1ebfn qu\u00fd kh\u00e1ch qua email v\u00e0 \u0111i\u1ec7n tho\u1ea1i li\u00ean h\u1ec7 tr\u1ef1c ti\u1ebfp.<\/p>\n<p>Sau khi qu\u00e1 tr\u00ecnh x\u00e1c minh th\u00e0nh c\u00f4ng, \u0111\u01a1n h\u00e0ng s\u1ebd \u0111\u01b0\u1ee3c giao \u0111\u1ebfn qu\u00fd kh\u00e1ch trong kho\u1ea3ng th\u1eddi gian 1 &#8211; 3 ng\u00e0y t\u1ea1i th\u00e0nh ph\u1ed1 H\u1ed3 Ch\u00ed Minh v\u00e0 H\u00e0 N\u1ed9i v\u00e0 2 &#8211; 8 ng\u00e0y t\u1ea1i c\u00e1c khu v\u1ef1c kh\u00e1c t\u00f9y t\u1eebng \u0111\u1ecba ph\u01b0\u01a1ng.<\/p>\n<p style=\"text-align: right;\"><em><strong>Tr\u00e2n tr\u1ecdng,<\/strong><\/em><br \/>\n<em><strong>C\u00f4ng ty c\u1ed5 ph\u1ea7n M\u1ed9c Th\u1ee7y &#8211; SaigonStereo<\/strong><\/em><\/p>\n","protected":false},"excerpt":{"rendered":"<p>C\u00f4ng ty c\u1ed5 ph\u1ea7n M\u1ed9c Th\u1ee7y &#8211; SaigonStereo ch\u1ecbu tr\u00e1ch nhi\u1ec7m l\u1eafp \u0111\u1eb7t v\u00e0 v\u1eadn chuy\u1ec3n mi\u1ec5n ph\u00ed trong n\u1ed9i \u00f4 th\u00e0nh ph\u1ed1 H\u1ed3 Ch\u00ed Minh nh\u01b0ng trong ph\u1ea1m vi 20 Km t\u00ednh t\u1eeb C\u00f4ng ty. C\u00f4ng ty c\u1ed5 ph\u1ea7n M\u1ed9c Th\u1ee7y &#8211; SaigonStereo c\u00f3 th\u1ec3 giao h\u00e0ng \u0111\u1ebfn m\u1ecdi t\u1ec9nh th\u00e0nh v\u00e0 khu v\u1ef1c&hellip;<\/p>\n","protected":false},"author":1,"featured_media":0,"parent":0,"menu_order":0,"comment_status":"closed","ping_status":"closed","template":"","meta":{"jetpack_post_was_ever_published":false,"footnotes":""},"class_list":["post-38717","page","type-page","status-publish","hentry","description-off"],"yoast_head":"<!-- This site is optimized with the Yoast SEO plugin v20.4 - https:\/\/yoast.com\/wordpress\/plugins\/seo\/ -->\n<title>Ch\u00ednh s\u00e1ch v\u1eadn chuy\u1ec3n &amp; giao nh\u1eadn - SaigonStereo<\/title>\n<meta name=\"robots\" content=\"index, follow, max-snippet:-1, max-image-preview:large, max-video-preview:-1\" \/>\n<link rel=\"canonical\" href=\"https:\/\/www.saigonstereo.com\/home\/chinh-sach-van-chuyen-giao-nhan\/\" \/>\n<meta property=\"og:locale\" content=\"vi_VN\" \/>\n<meta property=\"og:type\" content=\"article\" \/>\n<meta property=\"og:title\" content=\"Ch\u00ednh s\u00e1ch v\u1eadn chuy\u1ec3n &amp; giao nh\u1eadn - SaigonStereo\" \/>\n<meta property=\"og:description\" content=\"C\u00f4ng ty c\u1ed5 ph\u1ea7n M\u1ed9c Th\u1ee7y &#8211; SaigonStereo ch\u1ecbu tr\u00e1ch nhi\u1ec7m l\u1eafp \u0111\u1eb7t v\u00e0 v\u1eadn chuy\u1ec3n mi\u1ec5n ph\u00ed trong n\u1ed9i \u00f4 th\u00e0nh ph\u1ed1 H\u1ed3 Ch\u00ed Minh nh\u01b0ng trong ph\u1ea1m vi 20 Km t\u00ednh t\u1eeb C\u00f4ng ty. C\u00f4ng ty c\u1ed5 ph\u1ea7n M\u1ed9c Th\u1ee7y &#8211; SaigonStereo c\u00f3 th\u1ec3 giao h\u00e0ng \u0111\u1ebfn m\u1ecdi t\u1ec9nh th\u00e0nh v\u00e0 khu v\u1ef1c&hellip;\" \/>\n<meta property=\"og:url\" content=\"https:\/\/www.saigonstereo.com\/home\/chinh-sach-van-chuyen-giao-nhan\/\" \/>\n<meta property=\"og:site_name\" content=\"SaigonStereo\" \/>\n<meta name=\"twitter:card\" content=\"summary_large_image\" \/>\n<meta name=\"twitter:label1\" content=\"\u01af\u1edbc t\u00ednh th\u1eddi gian \u0111\u1ecdc\" \/>\n\t<meta name=\"twitter:data1\" content=\"2 ph\u00fat\" \/>\n<script type=\"application\/ld+json\" class=\"yoast-schema-graph\">{\"@context\":\"https:\/\/schema.org\",\"@graph\":[{\"@type\":\"WebPage\",\"@id\":\"https:\/\/www.saigonstereo.com\/home\/chinh-sach-van-chuyen-giao-nhan\/\",\"url\":\"https:\/\/www.saigonstereo.com\/home\/chinh-sach-van-chuyen-giao-nhan\/\",\"name\":\"Ch\u00ednh s\u00e1ch v\u1eadn chuy\u1ec3n & giao nh\u1eadn - SaigonStereo\",\"isPartOf\":{\"@id\":\"https:\/\/www.saigonstereo.com\/home\/#website\"},\"datePublished\":\"2016-01-20T08:19:45+00:00\",\"dateModified\":\"2016-01-20T08:19:45+00:00\",\"breadcrumb\":{\"@id\":\"https:\/\/www.saigonstereo.com\/home\/chinh-sach-van-chuyen-giao-nhan\/#breadcrumb\"},\"inLanguage\":\"vi\",\"potentialAction\":[{\"@type\":\"ReadAction\",\"target\":[\"https:\/\/www.saigonstereo.com\/home\/chinh-sach-van-chuyen-giao-nhan\/\"]}]},{\"@type\":\"BreadcrumbList\",\"@id\":\"https:\/\/www.saigonstereo.com\/home\/chinh-sach-van-chuyen-giao-nhan\/#breadcrumb\",\"itemListElement\":[{\"@type\":\"ListItem\",\"position\":1,\"name\":\"Home\",\"item\":\"https:\/\/www.saigonstereo.com\/home\/\"},{\"@type\":\"ListItem\",\"position\":2,\"name\":\"Ch\u00ednh s\u00e1ch v\u1eadn chuy\u1ec3n &#038; giao nh\u1eadn\"}]},{\"@type\":\"WebSite\",\"@id\":\"https:\/\/www.saigonstereo.com\/home\/#website\",\"url\":\"https:\/\/www.saigonstereo.com\/home\/\",\"name\":\"SaigonStereo\",\"description\":\"Nh\u00e0 ph\u00e2n ph\u1ed1i thi\u1ebft b\u1ecb \u00e2m thanh cao c\u1ea5p\",\"potentialAction\":[{\"@type\":\"SearchAction\",\"target\":{\"@type\":\"EntryPoint\",\"urlTemplate\":\"https:\/\/www.saigonstereo.com\/home\/?s={search_term_string}\"},\"query-input\":\"required name=search_term_string\"}],\"inLanguage\":\"vi\"}]}<\/script>\n<!-- \/ Yoast SEO plugin. -->","yoast_head_json":{"title":"Ch\u00ednh s\u00e1ch v\u1eadn chuy\u1ec3n & giao nh\u1eadn - SaigonStereo","robots":{"index":"index","follow":"follow","max-snippet":"max-snippet:-1","max-image-preview":"max-image-preview:large","max-video-preview":"max-video-preview:-1"},"canonical":"https:\/\/www.saigonstereo.com\/home\/chinh-sach-van-chuyen-giao-nhan\/","og_locale":"vi_VN","og_type":"article","og_title":"Ch\u00ednh s\u00e1ch v\u1eadn chuy\u1ec3n & giao nh\u1eadn - SaigonStereo","og_description":"C\u00f4ng ty c\u1ed5 ph\u1ea7n M\u1ed9c Th\u1ee7y &#8211; SaigonStereo ch\u1ecbu tr\u00e1ch nhi\u1ec7m l\u1eafp \u0111\u1eb7t v\u00e0 v\u1eadn chuy\u1ec3n mi\u1ec5n ph\u00ed trong n\u1ed9i \u00f4 th\u00e0nh ph\u1ed1 H\u1ed3 Ch\u00ed Minh nh\u01b0ng trong ph\u1ea1m vi 20 Km t\u00ednh t\u1eeb C\u00f4ng ty. C\u00f4ng ty c\u1ed5 ph\u1ea7n M\u1ed9c Th\u1ee7y &#8211; SaigonStereo c\u00f3 th\u1ec3 giao h\u00e0ng \u0111\u1ebfn m\u1ecdi t\u1ec9nh th\u00e0nh v\u00e0 khu v\u1ef1c&hellip;","og_url":"https:\/\/www.saigonstereo.com\/home\/chinh-sach-van-chuyen-giao-nhan\/","og_site_name":"SaigonStereo","twitter_card":"summary_large_image","twitter_misc":{"\u01af\u1edbc t\u00ednh th\u1eddi gian \u0111\u1ecdc":"2 ph\u00fat"},"schema":{"@context":"https:\/\/schema.org","@graph":[{"@type":"WebPage","@id":"https:\/\/www.saigonstereo.com\/home\/chinh-sach-van-chuyen-giao-nhan\/","url":"https:\/\/www.saigonstereo.com\/home\/chinh-sach-van-chuyen-giao-nhan\/","name":"Ch\u00ednh s\u00e1ch v\u1eadn chuy\u1ec3n & giao nh\u1eadn - SaigonStereo","isPartOf":{"@id":"https:\/\/www.saigonstereo.com\/home\/#website"},"datePublished":"2016-01-20T08:19:45+00:00","dateModified":"2016-01-20T08:19:45+00:00","breadcrumb":{"@id":"https:\/\/www.saigonstereo.com\/home\/chinh-sach-van-chuyen-giao-nhan\/#breadcrumb"},"inLanguage":"vi","potentialAction":[{"@type":"ReadAction","target":["https:\/\/www.saigonstereo.com\/home\/chinh-sach-van-chuyen-giao-nhan\/"]}]},{"@type":"BreadcrumbList","@id":"https:\/\/www.saigonstereo.com\/home\/chinh-sach-van-chuyen-giao-nhan\/#breadcrumb","itemListElement":[{"@type":"ListItem","position":1,"name":"Home","item":"https:\/\/www.saigonstereo.com\/home\/"},{"@type":"ListItem","position":2,"name":"Ch\u00ednh s\u00e1ch v\u1eadn chuy\u1ec3n &#038; giao nh\u1eadn"}]},{"@type":"WebSite","@id":"https:\/\/www.saigonstereo.com\/home\/#website","url":"https:\/\/www.saigonstereo.com\/home\/","name":"SaigonStereo","description":"Nh\u00e0 ph\u00e2n ph\u1ed1i thi\u1ebft b\u1ecb \u00e2m thanh cao c\u1ea5p","potentialAction":[{"@type":"SearchAction","target":{"@type":"EntryPoint","urlTemplate":"https:\/\/www.saigonstereo.com\/home\/?s={search_term_string}"},"query-input":"required name=search_term_string"}],"inLanguage":"vi"}]}},"jetpack_sharing_enabled":true,"jetpack_shortlink":"https:\/\/wp.me\/P5i6NT-a4t","_links":{"self":[{"href":"https:\/\/www.saigonstereo.com\/home\/wp-json\/wp\/v2\/pages\/38717","targetHints":{"allow":["GET"]}}],"collection":[{"href":"https:\/\/www.saigonstereo.com\/home\/wp-json\/wp\/v2\/pages"}],"about":[{"href":"https:\/\/www.saigonstereo.com\/home\/wp-json\/wp\/v2\/types\/page"}],"author":[{"embeddable":true,"href":"https:\/\/www.saigonstereo.com\/home\/wp-json\/wp\/v2\/users\/1"}],"replies":[{"embeddable":true,"href":"https:\/\/www.saigonstereo.com\/home\/wp-json\/wp\/v2\/comments?post=38717"}],"version-history":[{"count":0,"href":"https:\/\/www.saigonstereo.com\/home\/wp-json\/wp\/v2\/pages\/38717\/revisions"}],"wp:attachment":[{"href":"https:\/\/www.saigonstereo.com\/home\/wp-json\/wp\/v2\/media?parent=38717"}],"curies":[{"name":"wp","href":"https:\/\/api.w.org\/{rel}","templated":true}]}}