{"id":1253,"date":"2014-07-07T08:48:18","date_gmt":"2014-07-07T01:48:18","guid":{"rendered":"http:\/\/www.saigonstereo.com\/home\/product\/loa-elac-fs-607-ce\/"},"modified":"2015-09-25T16:35:58","modified_gmt":"2015-09-25T09:35:58","slug":"loa-elac-fs-607-ce","status":"publish","type":"product","link":"https:\/\/www.saigonstereo.com\/home\/san-pham\/loa-elac-fs-607-ce\/","title":{"rendered":"Loa Elac FS 607 CE"},"content":{"rendered":"<p>Ng\u01b0\u1eddi nghe b\u1ecb thuy\u1ebft ph\u1ee5c b\u1edfi \u00e2m thanh r\u00f5 r\u00e0ng, trong tr\u1ebbo, t\u01b0\u01a1i m\u1edbi v\u00e0 \u00e2m bass ch\u00ednh x\u00e1c, \u1ea5n t\u01b0\u1ee3ng \u0111\u1ea1t \u0111\u1ebfn 30 Hz. \u00c2m thanh \u0111\u01b0\u1ee3c x\u1eed l\u00fd c\u1ef1c m\u1ecbn, v\u1edbi \u0111\u1ed9 ch\u00ednh x\u00e1c c\u00f3 \u0111\u1ecbnh h\u01b0\u1edbng t\u1ed1t. S\u1ef1 m\u1ea1nh m\u1ebd c\u0169ng nh\u01b0 chi\u1ec1u s\u00e2u \u00e2m thanh c\u00f3 c\u1ea5p b\u1eadc r\u00f5 r\u00e0ng t\u1ea1o s\u1ef1 r\u1ed9ng r\u00e3i d\u1ec5 ch\u1ecbu v\u00e0 t\u1ea7m nghe t\u1ed1i \u01b0u.<\/p>\n","protected":false},"excerpt":{"rendered":"<p>\u00c2m thanh trong r\u00f5 \u0111\u1ea7y l\u00f4i cu\u1ed1n: chi\u1ebfc loa FS 607 CE \u0111\u1eb9p m\u1eaft l\u00e0 m\u1ed9t s\u1ef1 n\u00e2ng c\u1ea5p th\u00e0nh c\u00f4ng t\u1eeb FS 607 X-JET m\u00e0 \u0111\u00e3 \u0111\u1ea1t \u0111\u01b0\u1ee3c nhi\u1ec1u gi\u1ea3i th\u01b0\u1edfng cao tr\u00ean to\u00e0n th\u1ebf gi\u1edbi. M\u00e0ng tinh th\u1ec3 c\u1ee7a ELAC, loa tr\u1ea7m v\u1edbi c\u00f4ng ngh\u1ec7 LLD, c\u1ed5ng \u00e2m bass ch\u00ednh quay m\u1eb7t xu\u1ed1ng d\u01b0\u1edbi, t\u00f9y ch\u1ecdn \u0111i\u1ec1u ch\u1ec9nh \u00e2m thanh, b\u1ea3n \u0111\u1ebf c\u00f3 gai tr\u00f4ng r\u1ea5t chuy\u00ean nghi\u1ec7p v\u00e0 b\u1ea3ng \u0111i\u1ec1u khi\u1ec3n b\u1eb1ng nh\u00f4m t\u1ea5t c\u1ea3 \u0111\u00f3ng g\u00f3p cho m\u1ed9t s\u1ef1 l\u1ed9t x\u00e1c th\u00e0nh c\u00f4ng.<\/p>\n","protected":false},"featured_media":1257,"comment_status":"open","ping_status":"closed","template":"","meta":{"jetpack_post_was_ever_published":false,"jetpack_publicize_message":"","jetpack_is_tweetstorm":false,"jetpack_publicize_feature_enabled":true,"jetpack_social_post_already_shared":false,"jetpack_social_options":[]},"product_cat":[32,71,72],"product_tag":[826],"class_list":["post-1253","product","type-product","status-publish","has-post-thumbnail","hentry","product_cat-loa","product_cat-loa-elac","product_cat-dong-600-ce","product_tag-elac","pa_cong-suat-200-250-w","pa_cong-suat-ampli-de-nghi-80-400-w-channel","pa_dai-tan-dap-ung-28-50000-hz","pa_do-nhay-89-db-2-83-v-m","pa_kich-thuoc-1155-x-319-x-354-mm","pa_loa-midrange-1-x-50-105-mm-as-xr-ring-radiator","pa_loa-tweeter-1-x-jet-iii","pa_loa-woofer-2-x-180-mm-as-xr-cone-lld","pa_tan-so-cat-150-550-2700-hz","pa_thiet-ke-3-way-bassreflex","pa_tro-khang-danh-dinh-4-","pa_tro-khang-nho-nhat-3-4--85-hz","pa_trong-luong-37-0-kg","pa_tuong-thich-tro-khang-4-8-","description-off"],"jetpack_publicize_connections":[],"yoast_head":"<!-- This site is optimized with the Yoast SEO plugin v20.4 - https:\/\/yoast.com\/wordpress\/plugins\/seo\/ -->\n<title>Loa Elac FS 607 CE - SaigonStereo<\/title>\n<meta name=\"robots\" content=\"index, follow, max-snippet:-1, max-image-preview:large, max-video-preview:-1\" \/>\n<link rel=\"canonical\" href=\"https:\/\/www.saigonstereo.com\/home\/san-pham\/loa-elac-fs-607-ce\/\" \/>\n<meta property=\"og:locale\" content=\"vi_VN\" \/>\n<meta property=\"og:type\" content=\"article\" \/>\n<meta property=\"og:title\" content=\"Loa Elac FS 607 CE - SaigonStereo\" \/>\n<meta property=\"og:description\" content=\"\u00c2m thanh trong r\u00f5 \u0111\u1ea7y l\u00f4i cu\u1ed1n: chi\u1ebfc loa FS 607 CE \u0111\u1eb9p m\u1eaft l\u00e0 m\u1ed9t s\u1ef1 n\u00e2ng c\u1ea5p th\u00e0nh c\u00f4ng t\u1eeb FS 607 X-JET m\u00e0 \u0111\u00e3 \u0111\u1ea1t \u0111\u01b0\u1ee3c nhi\u1ec1u gi\u1ea3i th\u01b0\u1edfng cao tr\u00ean to\u00e0n th\u1ebf gi\u1edbi. M\u00e0ng tinh th\u1ec3 c\u1ee7a ELAC, loa tr\u1ea7m v\u1edbi c\u00f4ng ngh\u1ec7 LLD, c\u1ed5ng \u00e2m bass ch\u00ednh quay m\u1eb7t xu\u1ed1ng d\u01b0\u1edbi, t\u00f9y ch\u1ecdn \u0111i\u1ec1u ch\u1ec9nh \u00e2m thanh, b\u1ea3n \u0111\u1ebf c\u00f3 gai tr\u00f4ng r\u1ea5t chuy\u00ean nghi\u1ec7p v\u00e0 b\u1ea3ng \u0111i\u1ec1u khi\u1ec3n b\u1eb1ng nh\u00f4m t\u1ea5t c\u1ea3 \u0111\u00f3ng g\u00f3p cho m\u1ed9t s\u1ef1 l\u1ed9t x\u00e1c th\u00e0nh c\u00f4ng.\" \/>\n<meta property=\"og:url\" content=\"https:\/\/www.saigonstereo.com\/home\/san-pham\/loa-elac-fs-607-ce\/\" \/>\n<meta property=\"og:site_name\" content=\"SaigonStereo\" \/>\n<meta property=\"article:modified_time\" content=\"2015-09-25T09:35:58+00:00\" \/>\n<meta property=\"og:image\" content=\"https:\/\/www.saigonstereo.com\/home\/wp-content\/uploads\/2014\/07\/fs-607-ce_enl.jpg\" \/>\n\t<meta property=\"og:image:width\" content=\"640\" \/>\n\t<meta property=\"og:image:height\" content=\"640\" \/>\n\t<meta property=\"og:image:type\" content=\"image\/jpeg\" \/>\n<meta name=\"twitter:card\" content=\"summary_large_image\" \/>\n<script type=\"application\/ld+json\" class=\"yoast-schema-graph\">{\"@context\":\"https:\/\/schema.org\",\"@graph\":[{\"@type\":\"WebPage\",\"@id\":\"https:\/\/www.saigonstereo.com\/home\/san-pham\/loa-elac-fs-607-ce\/\",\"url\":\"https:\/\/www.saigonstereo.com\/home\/san-pham\/loa-elac-fs-607-ce\/\",\"name\":\"Loa Elac FS 607 CE - SaigonStereo\",\"isPartOf\":{\"@id\":\"https:\/\/www.saigonstereo.com\/home\/#website\"},\"datePublished\":\"2014-07-07T01:48:18+00:00\",\"dateModified\":\"2015-09-25T09:35:58+00:00\",\"breadcrumb\":{\"@id\":\"https:\/\/www.saigonstereo.com\/home\/san-pham\/loa-elac-fs-607-ce\/#breadcrumb\"},\"inLanguage\":\"vi\",\"potentialAction\":[{\"@type\":\"ReadAction\",\"target\":[\"https:\/\/www.saigonstereo.com\/home\/san-pham\/loa-elac-fs-607-ce\/\"]}]},{\"@type\":\"BreadcrumbList\",\"@id\":\"https:\/\/www.saigonstereo.com\/home\/san-pham\/loa-elac-fs-607-ce\/#breadcrumb\",\"itemListElement\":[{\"@type\":\"ListItem\",\"position\":1,\"name\":\"Home\",\"item\":\"https:\/\/www.saigonstereo.com\/home\/\"},{\"@type\":\"ListItem\",\"position\":2,\"name\":\"Products\",\"item\":\"https:\/\/www.saigonstereo.com\/home\/shop\/\"},{\"@type\":\"ListItem\",\"position\":3,\"name\":\"Loa Elac FS 607 CE\"}]},{\"@type\":\"WebSite\",\"@id\":\"https:\/\/www.saigonstereo.com\/home\/#website\",\"url\":\"https:\/\/www.saigonstereo.com\/home\/\",\"name\":\"SaigonStereo\",\"description\":\"Nh\u00e0 ph\u00e2n ph\u1ed1i thi\u1ebft b\u1ecb \u00e2m thanh cao c\u1ea5p\",\"potentialAction\":[{\"@type\":\"SearchAction\",\"target\":{\"@type\":\"EntryPoint\",\"urlTemplate\":\"https:\/\/www.saigonstereo.com\/home\/?s={search_term_string}\"},\"query-input\":\"required name=search_term_string\"}],\"inLanguage\":\"vi\"}]}<\/script>\n<!-- \/ Yoast SEO plugin. -->","yoast_head_json":{"title":"Loa Elac FS 607 CE - SaigonStereo","robots":{"index":"index","follow":"follow","max-snippet":"max-snippet:-1","max-image-preview":"max-image-preview:large","max-video-preview":"max-video-preview:-1"},"canonical":"https:\/\/www.saigonstereo.com\/home\/san-pham\/loa-elac-fs-607-ce\/","og_locale":"vi_VN","og_type":"article","og_title":"Loa Elac FS 607 CE - SaigonStereo","og_description":"\u00c2m thanh trong r\u00f5 \u0111\u1ea7y l\u00f4i cu\u1ed1n: chi\u1ebfc loa FS 607 CE \u0111\u1eb9p m\u1eaft l\u00e0 m\u1ed9t s\u1ef1 n\u00e2ng c\u1ea5p th\u00e0nh c\u00f4ng t\u1eeb FS 607 X-JET m\u00e0 \u0111\u00e3 \u0111\u1ea1t \u0111\u01b0\u1ee3c nhi\u1ec1u gi\u1ea3i th\u01b0\u1edfng cao tr\u00ean to\u00e0n th\u1ebf gi\u1edbi. M\u00e0ng tinh th\u1ec3 c\u1ee7a ELAC, loa tr\u1ea7m v\u1edbi c\u00f4ng ngh\u1ec7 LLD, c\u1ed5ng \u00e2m bass ch\u00ednh quay m\u1eb7t xu\u1ed1ng d\u01b0\u1edbi, t\u00f9y ch\u1ecdn \u0111i\u1ec1u ch\u1ec9nh \u00e2m thanh, b\u1ea3n \u0111\u1ebf c\u00f3 gai tr\u00f4ng r\u1ea5t chuy\u00ean nghi\u1ec7p v\u00e0 b\u1ea3ng \u0111i\u1ec1u khi\u1ec3n b\u1eb1ng nh\u00f4m t\u1ea5t c\u1ea3 \u0111\u00f3ng g\u00f3p cho m\u1ed9t s\u1ef1 l\u1ed9t x\u00e1c th\u00e0nh c\u00f4ng.","og_url":"https:\/\/www.saigonstereo.com\/home\/san-pham\/loa-elac-fs-607-ce\/","og_site_name":"SaigonStereo","article_modified_time":"2015-09-25T09:35:58+00:00","og_image":[{"width":640,"height":640,"url":"https:\/\/www.saigonstereo.com\/home\/wp-content\/uploads\/2014\/07\/fs-607-ce_enl.jpg","type":"image\/jpeg"}],"twitter_card":"summary_large_image","schema":{"@context":"https:\/\/schema.org","@graph":[{"@type":"WebPage","@id":"https:\/\/www.saigonstereo.com\/home\/san-pham\/loa-elac-fs-607-ce\/","url":"https:\/\/www.saigonstereo.com\/home\/san-pham\/loa-elac-fs-607-ce\/","name":"Loa Elac FS 607 CE - SaigonStereo","isPartOf":{"@id":"https:\/\/www.saigonstereo.com\/home\/#website"},"datePublished":"2014-07-07T01:48:18+00:00","dateModified":"2015-09-25T09:35:58+00:00","breadcrumb":{"@id":"https:\/\/www.saigonstereo.com\/home\/san-pham\/loa-elac-fs-607-ce\/#breadcrumb"},"inLanguage":"vi","potentialAction":[{"@type":"ReadAction","target":["https:\/\/www.saigonstereo.com\/home\/san-pham\/loa-elac-fs-607-ce\/"]}]},{"@type":"BreadcrumbList","@id":"https:\/\/www.saigonstereo.com\/home\/san-pham\/loa-elac-fs-607-ce\/#breadcrumb","itemListElement":[{"@type":"ListItem","position":1,"name":"Home","item":"https:\/\/www.saigonstereo.com\/home\/"},{"@type":"ListItem","position":2,"name":"Products","item":"https:\/\/www.saigonstereo.com\/home\/shop\/"},{"@type":"ListItem","position":3,"name":"Loa Elac FS 607 CE"}]},{"@type":"WebSite","@id":"https:\/\/www.saigonstereo.com\/home\/#website","url":"https:\/\/www.saigonstereo.com\/home\/","name":"SaigonStereo","description":"Nh\u00e0 ph\u00e2n ph\u1ed1i thi\u1ebft b\u1ecb \u00e2m thanh cao c\u1ea5p","potentialAction":[{"@type":"SearchAction","target":{"@type":"EntryPoint","urlTemplate":"https:\/\/www.saigonstereo.com\/home\/?s={search_term_string}"},"query-input":"required name=search_term_string"}],"inLanguage":"vi"}]}},"jetpack_sharing_enabled":true,"_links":{"self":[{"href":"https:\/\/www.saigonstereo.com\/home\/wp-json\/wp\/v2\/product\/1253","targetHints":{"allow":["GET"]}}],"collection":[{"href":"https:\/\/www.saigonstereo.com\/home\/wp-json\/wp\/v2\/product"}],"about":[{"href":"https:\/\/www.saigonstereo.com\/home\/wp-json\/wp\/v2\/types\/product"}],"replies":[{"embeddable":true,"href":"https:\/\/www.saigonstereo.com\/home\/wp-json\/wp\/v2\/comments?post=1253"}],"wp:featuredmedia":[{"embeddable":true,"href":"https:\/\/www.saigonstereo.com\/home\/wp-json\/wp\/v2\/media\/1257"}],"wp:attachment":[{"href":"https:\/\/www.saigonstereo.com\/home\/wp-json\/wp\/v2\/media?parent=1253"}],"wp:term":[{"taxonomy":"product_cat","embeddable":true,"href":"https:\/\/www.saigonstereo.com\/home\/wp-json\/wp\/v2\/product_cat?post=1253"},{"taxonomy":"product_tag","embeddable":true,"href":"https:\/\/www.saigonstereo.com\/home\/wp-json\/wp\/v2\/product_tag?post=1253"}],"curies":[{"name":"wp","href":"https:\/\/api.w.org\/{rel}","templated":true}]}}