{"id":1294,"date":"2014-07-07T15:07:54","date_gmt":"2014-07-07T08:07:54","guid":{"rendered":"http:\/\/www.saigonstereo.com\/home\/product\/loa-elac-fs-247-black-edition\/"},"modified":"2015-09-25T16:23:47","modified_gmt":"2015-09-25T09:23:47","slug":"loa-elac-fs-247-black-edition","status":"publish","type":"product","link":"https:\/\/www.saigonstereo.com\/home\/san-pham\/loa-elac-fs-247-black-edition\/","title":{"rendered":"Loa Elac FS 247 Black Edition"},"content":{"rendered":"","protected":false},"excerpt":{"rendered":"<p>FS 247 BE l\u00e0 m\u1ed9t trong nh\u1eefng \u0111\u00f4i loa\u00a0n\u1ed5i b\u1eadt c\u1ee7a d\u00f2ng 240 BE m\u1edbi. N\u00f3 \u0111\u01b0\u1ee3c l\u00e0m theo nh\u1eefng ti\u00eau chu\u1ea9n cao nh\u1ea5t v\u1ec1 \u0111\u1ed9 duy\u00ean d\u00e1ng v\u00e0 \u00e2m thanh tuy\u1ec7t v\u1eddi.<\/p>\n","protected":false},"featured_media":1295,"comment_status":"open","ping_status":"closed","template":"","meta":{"jetpack_post_was_ever_published":false,"jetpack_publicize_message":"","jetpack_is_tweetstorm":false,"jetpack_publicize_feature_enabled":true,"jetpack_social_post_already_shared":false,"jetpack_social_options":[]},"product_cat":[32,71,79],"product_tag":[826],"class_list":["post-1294","product","type-product","status-publish","has-post-thumbnail","hentry","product_cat-loa","product_cat-loa-elac","product_cat-dong-240-black-edition","product_tag-elac","pa_cong-suat-120-160-w","pa_cong-suat-ampli-de-nghi-30-250-w-channel","pa_dai-tan-dap-ung-30-50000-hz","pa_do-nhay-89-db-2-83-v-m","pa_kich-thuoc-1021-x-220-x-320-mm","pa_loa-tweeter-1-x-jet-iii","pa_loa-woofer-2-x-150-mm-as-xr-cone","pa_tan-so-cat-450-2500-hz","pa_thiet-ke-2-way-bassreflex-2","pa_tro-khang-danh-dinh-4-","pa_tro-khang-nho-nhat-3-4--210-hz","pa_trong-luong-17-8-kg","pa_tuong-thich-tro-khang-4-8-","description-off"],"jetpack_publicize_connections":[],"yoast_head":"<!-- This site is optimized with the Yoast SEO plugin v20.4 - https:\/\/yoast.com\/wordpress\/plugins\/seo\/ -->\n<title>Loa Elac FS 247 Black Edition - SaigonStereo<\/title>\n<meta name=\"robots\" content=\"index, follow, max-snippet:-1, max-image-preview:large, max-video-preview:-1\" \/>\n<link rel=\"canonical\" href=\"https:\/\/www.saigonstereo.com\/home\/san-pham\/loa-elac-fs-247-black-edition\/\" \/>\n<meta property=\"og:locale\" content=\"vi_VN\" \/>\n<meta property=\"og:type\" content=\"article\" \/>\n<meta property=\"og:title\" content=\"Loa Elac FS 247 Black Edition - SaigonStereo\" \/>\n<meta property=\"og:description\" content=\"FS 247 BE l\u00e0 m\u1ed9t trong nh\u1eefng \u0111\u00f4i loa\u00a0n\u1ed5i b\u1eadt c\u1ee7a d\u00f2ng 240 BE m\u1edbi. N\u00f3 \u0111\u01b0\u1ee3c l\u00e0m theo nh\u1eefng ti\u00eau chu\u1ea9n cao nh\u1ea5t v\u1ec1 \u0111\u1ed9 duy\u00ean d\u00e1ng v\u00e0 \u00e2m thanh tuy\u1ec7t v\u1eddi.\" \/>\n<meta property=\"og:url\" content=\"https:\/\/www.saigonstereo.com\/home\/san-pham\/loa-elac-fs-247-black-edition\/\" \/>\n<meta property=\"og:site_name\" content=\"SaigonStereo\" \/>\n<meta property=\"article:modified_time\" content=\"2015-09-25T09:23:47+00:00\" \/>\n<meta property=\"og:image\" content=\"https:\/\/www.saigonstereo.com\/home\/wp-content\/uploads\/2014\/07\/fs-247-be.jpg\" \/>\n\t<meta property=\"og:image:width\" content=\"640\" \/>\n\t<meta property=\"og:image:height\" content=\"640\" \/>\n\t<meta property=\"og:image:type\" content=\"image\/jpeg\" \/>\n<meta name=\"twitter:card\" content=\"summary_large_image\" \/>\n<script type=\"application\/ld+json\" class=\"yoast-schema-graph\">{\"@context\":\"https:\/\/schema.org\",\"@graph\":[{\"@type\":\"WebPage\",\"@id\":\"https:\/\/www.saigonstereo.com\/home\/san-pham\/loa-elac-fs-247-black-edition\/\",\"url\":\"https:\/\/www.saigonstereo.com\/home\/san-pham\/loa-elac-fs-247-black-edition\/\",\"name\":\"Loa Elac FS 247 Black Edition - SaigonStereo\",\"isPartOf\":{\"@id\":\"https:\/\/www.saigonstereo.com\/home\/#website\"},\"datePublished\":\"2014-07-07T08:07:54+00:00\",\"dateModified\":\"2015-09-25T09:23:47+00:00\",\"breadcrumb\":{\"@id\":\"https:\/\/www.saigonstereo.com\/home\/san-pham\/loa-elac-fs-247-black-edition\/#breadcrumb\"},\"inLanguage\":\"vi\",\"potentialAction\":[{\"@type\":\"ReadAction\",\"target\":[\"https:\/\/www.saigonstereo.com\/home\/san-pham\/loa-elac-fs-247-black-edition\/\"]}]},{\"@type\":\"BreadcrumbList\",\"@id\":\"https:\/\/www.saigonstereo.com\/home\/san-pham\/loa-elac-fs-247-black-edition\/#breadcrumb\",\"itemListElement\":[{\"@type\":\"ListItem\",\"position\":1,\"name\":\"Home\",\"item\":\"https:\/\/www.saigonstereo.com\/home\/\"},{\"@type\":\"ListItem\",\"position\":2,\"name\":\"Products\",\"item\":\"https:\/\/www.saigonstereo.com\/home\/shop\/\"},{\"@type\":\"ListItem\",\"position\":3,\"name\":\"Loa Elac FS 247 Black Edition\"}]},{\"@type\":\"WebSite\",\"@id\":\"https:\/\/www.saigonstereo.com\/home\/#website\",\"url\":\"https:\/\/www.saigonstereo.com\/home\/\",\"name\":\"SaigonStereo\",\"description\":\"Nh\u00e0 ph\u00e2n ph\u1ed1i thi\u1ebft b\u1ecb \u00e2m thanh cao c\u1ea5p\",\"potentialAction\":[{\"@type\":\"SearchAction\",\"target\":{\"@type\":\"EntryPoint\",\"urlTemplate\":\"https:\/\/www.saigonstereo.com\/home\/?s={search_term_string}\"},\"query-input\":\"required name=search_term_string\"}],\"inLanguage\":\"vi\"}]}<\/script>\n<!-- \/ Yoast SEO plugin. -->","yoast_head_json":{"title":"Loa Elac FS 247 Black Edition - SaigonStereo","robots":{"index":"index","follow":"follow","max-snippet":"max-snippet:-1","max-image-preview":"max-image-preview:large","max-video-preview":"max-video-preview:-1"},"canonical":"https:\/\/www.saigonstereo.com\/home\/san-pham\/loa-elac-fs-247-black-edition\/","og_locale":"vi_VN","og_type":"article","og_title":"Loa Elac FS 247 Black Edition - SaigonStereo","og_description":"FS 247 BE l\u00e0 m\u1ed9t trong nh\u1eefng \u0111\u00f4i loa\u00a0n\u1ed5i b\u1eadt c\u1ee7a d\u00f2ng 240 BE m\u1edbi. N\u00f3 \u0111\u01b0\u1ee3c l\u00e0m theo nh\u1eefng ti\u00eau chu\u1ea9n cao nh\u1ea5t v\u1ec1 \u0111\u1ed9 duy\u00ean d\u00e1ng v\u00e0 \u00e2m thanh tuy\u1ec7t v\u1eddi.","og_url":"https:\/\/www.saigonstereo.com\/home\/san-pham\/loa-elac-fs-247-black-edition\/","og_site_name":"SaigonStereo","article_modified_time":"2015-09-25T09:23:47+00:00","og_image":[{"width":640,"height":640,"url":"https:\/\/www.saigonstereo.com\/home\/wp-content\/uploads\/2014\/07\/fs-247-be.jpg","type":"image\/jpeg"}],"twitter_card":"summary_large_image","schema":{"@context":"https:\/\/schema.org","@graph":[{"@type":"WebPage","@id":"https:\/\/www.saigonstereo.com\/home\/san-pham\/loa-elac-fs-247-black-edition\/","url":"https:\/\/www.saigonstereo.com\/home\/san-pham\/loa-elac-fs-247-black-edition\/","name":"Loa Elac FS 247 Black Edition - SaigonStereo","isPartOf":{"@id":"https:\/\/www.saigonstereo.com\/home\/#website"},"datePublished":"2014-07-07T08:07:54+00:00","dateModified":"2015-09-25T09:23:47+00:00","breadcrumb":{"@id":"https:\/\/www.saigonstereo.com\/home\/san-pham\/loa-elac-fs-247-black-edition\/#breadcrumb"},"inLanguage":"vi","potentialAction":[{"@type":"ReadAction","target":["https:\/\/www.saigonstereo.com\/home\/san-pham\/loa-elac-fs-247-black-edition\/"]}]},{"@type":"BreadcrumbList","@id":"https:\/\/www.saigonstereo.com\/home\/san-pham\/loa-elac-fs-247-black-edition\/#breadcrumb","itemListElement":[{"@type":"ListItem","position":1,"name":"Home","item":"https:\/\/www.saigonstereo.com\/home\/"},{"@type":"ListItem","position":2,"name":"Products","item":"https:\/\/www.saigonstereo.com\/home\/shop\/"},{"@type":"ListItem","position":3,"name":"Loa Elac FS 247 Black Edition"}]},{"@type":"WebSite","@id":"https:\/\/www.saigonstereo.com\/home\/#website","url":"https:\/\/www.saigonstereo.com\/home\/","name":"SaigonStereo","description":"Nh\u00e0 ph\u00e2n ph\u1ed1i thi\u1ebft b\u1ecb \u00e2m thanh cao c\u1ea5p","potentialAction":[{"@type":"SearchAction","target":{"@type":"EntryPoint","urlTemplate":"https:\/\/www.saigonstereo.com\/home\/?s={search_term_string}"},"query-input":"required name=search_term_string"}],"inLanguage":"vi"}]}},"jetpack_sharing_enabled":true,"_links":{"self":[{"href":"https:\/\/www.saigonstereo.com\/home\/wp-json\/wp\/v2\/product\/1294","targetHints":{"allow":["GET"]}}],"collection":[{"href":"https:\/\/www.saigonstereo.com\/home\/wp-json\/wp\/v2\/product"}],"about":[{"href":"https:\/\/www.saigonstereo.com\/home\/wp-json\/wp\/v2\/types\/product"}],"replies":[{"embeddable":true,"href":"https:\/\/www.saigonstereo.com\/home\/wp-json\/wp\/v2\/comments?post=1294"}],"wp:featuredmedia":[{"embeddable":true,"href":"https:\/\/www.saigonstereo.com\/home\/wp-json\/wp\/v2\/media\/1295"}],"wp:attachment":[{"href":"https:\/\/www.saigonstereo.com\/home\/wp-json\/wp\/v2\/media?parent=1294"}],"wp:term":[{"taxonomy":"product_cat","embeddable":true,"href":"https:\/\/www.saigonstereo.com\/home\/wp-json\/wp\/v2\/product_cat?post=1294"},{"taxonomy":"product_tag","embeddable":true,"href":"https:\/\/www.saigonstereo.com\/home\/wp-json\/wp\/v2\/product_tag?post=1294"}],"curies":[{"name":"wp","href":"https:\/\/api.w.org\/{rel}","templated":true}]}}