{"id":1332,"date":"2014-07-08T11:43:50","date_gmt":"2014-07-08T04:43:50","guid":{"rendered":"http:\/\/www.saigonstereo.com\/home\/product\/loa-elac-cc-61-2\/"},"modified":"2015-09-25T16:13:47","modified_gmt":"2015-09-25T09:13:47","slug":"loa-elac-cc-61-2","status":"publish","type":"product","link":"https:\/\/www.saigonstereo.com\/home\/san-pham\/loa-elac-cc-61-2\/","title":{"rendered":"Loa Elac CC 61.2"},"content":{"rendered":"<p>M\u1ed9t trong nh\u1eefng t\u00ednh n\u0103ng ch\u00ednh c\u1ee7a n\u00f3 l\u00e0 kh\u1ea3 n\u0103ng hi\u1ec3u l\u1eddi n\u00f3i r\u1ea5t t\u1ed1t. Kh\u1ea3 n\u0103ng n\u00e0y c\u00f3 th\u1ec3 \u0111\u01b0\u1ee3c ki\u1ec3m nghi\u1ec7m tr\u00ean m\u1ed9t khu v\u1ef1c \u00e2m thanh r\u1ed9ng, v\u00ec n\u00f3 \u0111\u01b0\u1ee3c h\u1ed7 tr\u1ee3 b\u1edfi ch\u1ee9c n\u0103ng ph\u00e1t \u00e2m thanh \u1edf g\u00f3c r\u1ed9ng.<\/p>\n<p>Nh\u1edd v\u00e0o tr\u1edf kh\u00e1ng 6\u03a9 hi\u1ec7u qu\u1ea3 cao, chi\u1ebfc loa k\u1ebft h\u1ee3p h\u00e0i h\u00f2a v\u1edbi t\u1ea5t c\u1ea3 c\u00e1c ampli v\u00e0 surround receivers tr\u00ean th\u1ecb tr\u01b0\u1eddng. CC 61.2 l\u00e0 ph\u00f9 h\u1ee3p cho thi\u1ebft l\u1eadp r\u1ea1p chi\u1ebfu phim t\u1ea1i nh\u00e0 trong c\u00e1c ph\u00f2ng nh\u1ecf v\u00e0 v\u1eeba.<\/p>\n","protected":false},"excerpt":{"rendered":"<p>Chi\u1ebfc loa trung t\u00e2m CC 61.2 b\u1ed5 sung v\u00e0o b\u1ed9 c\u00e1c s\u00e0n \u0111\u1ee9ng c\u1ee7a Series 60.2 v\u00e0 loa bookshelf BS 63.2 t\u1ea1o n\u00ean m\u1ed9t h\u1ec7 th\u1ed1ng \u00e2m thanh surround ho\u00e0n h\u1ea3o.<\/p>\n","protected":false},"featured_media":1333,"comment_status":"open","ping_status":"closed","template":"","meta":{"jetpack_post_was_ever_published":false,"jetpack_publicize_message":"","jetpack_is_tweetstorm":false,"jetpack_publicize_feature_enabled":true,"jetpack_social_post_already_shared":false,"jetpack_social_options":[]},"product_cat":[32,71,83],"product_tag":[826],"class_list":["post-1332","product","type-product","status-publish","has-post-thumbnail","hentry","product_cat-loa","product_cat-loa-elac","product_cat-dong-60-2","product_tag-elac","pa_cong-suat-80-120-w","pa_cong-suat-ampli-de-nghi-20-150-w-channel","pa_dai-tan-dap-ung-48-25000-hz","pa_do-nhay-88-5-db-2-83-v-m","pa_kich-thuoc-170-x-435-x-265-mm","pa_loa-tweeter-1-x-25-mm-fabric-dome","pa_loa-woofer-2-x-140-mm-as-cone","pa_tan-so-cat-2100-hz","pa_thiet-ke-2-way-bassreflex-2","pa_tro-khang-danh-dinh-6-","pa_tro-khang-nho-nhat-4-8--230-hz","pa_trong-luong-7-5-kg","pa_tuong-thich-tro-khang-4-8-","description-off"],"jetpack_publicize_connections":[],"yoast_head":"<!-- This site is optimized with the Yoast SEO plugin v20.4 - https:\/\/yoast.com\/wordpress\/plugins\/seo\/ -->\n<title>Loa Elac CC 61.2 - SaigonStereo<\/title>\n<meta name=\"robots\" content=\"index, follow, max-snippet:-1, max-image-preview:large, max-video-preview:-1\" \/>\n<link rel=\"canonical\" href=\"https:\/\/www.saigonstereo.com\/home\/san-pham\/loa-elac-cc-61-2\/\" \/>\n<meta property=\"og:locale\" content=\"vi_VN\" \/>\n<meta property=\"og:type\" content=\"article\" \/>\n<meta property=\"og:title\" content=\"Loa Elac CC 61.2 - SaigonStereo\" \/>\n<meta property=\"og:description\" content=\"Chi\u1ebfc loa trung t\u00e2m CC 61.2 b\u1ed5 sung v\u00e0o b\u1ed9 c\u00e1c s\u00e0n \u0111\u1ee9ng c\u1ee7a Series 60.2 v\u00e0 loa bookshelf BS 63.2 t\u1ea1o n\u00ean m\u1ed9t h\u1ec7 th\u1ed1ng \u00e2m thanh surround ho\u00e0n h\u1ea3o.\" \/>\n<meta property=\"og:url\" content=\"https:\/\/www.saigonstereo.com\/home\/san-pham\/loa-elac-cc-61-2\/\" \/>\n<meta property=\"og:site_name\" content=\"SaigonStereo\" \/>\n<meta property=\"article:modified_time\" content=\"2015-09-25T09:13:47+00:00\" \/>\n<meta property=\"og:image\" content=\"https:\/\/www.saigonstereo.com\/home\/wp-content\/uploads\/2014\/07\/cc-61.2.jpg\" \/>\n\t<meta property=\"og:image:width\" content=\"640\" \/>\n\t<meta property=\"og:image:height\" content=\"640\" \/>\n\t<meta property=\"og:image:type\" content=\"image\/jpeg\" \/>\n<meta name=\"twitter:card\" content=\"summary_large_image\" \/>\n<meta name=\"twitter:label1\" content=\"\u01af\u1edbc t\u00ednh th\u1eddi gian \u0111\u1ecdc\" \/>\n\t<meta name=\"twitter:data1\" content=\"1 ph\u00fat\" \/>\n<script type=\"application\/ld+json\" class=\"yoast-schema-graph\">{\"@context\":\"https:\/\/schema.org\",\"@graph\":[{\"@type\":\"WebPage\",\"@id\":\"https:\/\/www.saigonstereo.com\/home\/san-pham\/loa-elac-cc-61-2\/\",\"url\":\"https:\/\/www.saigonstereo.com\/home\/san-pham\/loa-elac-cc-61-2\/\",\"name\":\"Loa Elac CC 61.2 - SaigonStereo\",\"isPartOf\":{\"@id\":\"https:\/\/www.saigonstereo.com\/home\/#website\"},\"datePublished\":\"2014-07-08T04:43:50+00:00\",\"dateModified\":\"2015-09-25T09:13:47+00:00\",\"breadcrumb\":{\"@id\":\"https:\/\/www.saigonstereo.com\/home\/san-pham\/loa-elac-cc-61-2\/#breadcrumb\"},\"inLanguage\":\"vi\",\"potentialAction\":[{\"@type\":\"ReadAction\",\"target\":[\"https:\/\/www.saigonstereo.com\/home\/san-pham\/loa-elac-cc-61-2\/\"]}]},{\"@type\":\"BreadcrumbList\",\"@id\":\"https:\/\/www.saigonstereo.com\/home\/san-pham\/loa-elac-cc-61-2\/#breadcrumb\",\"itemListElement\":[{\"@type\":\"ListItem\",\"position\":1,\"name\":\"Home\",\"item\":\"https:\/\/www.saigonstereo.com\/home\/\"},{\"@type\":\"ListItem\",\"position\":2,\"name\":\"Products\",\"item\":\"https:\/\/www.saigonstereo.com\/home\/shop\/\"},{\"@type\":\"ListItem\",\"position\":3,\"name\":\"Loa Elac CC 61.2\"}]},{\"@type\":\"WebSite\",\"@id\":\"https:\/\/www.saigonstereo.com\/home\/#website\",\"url\":\"https:\/\/www.saigonstereo.com\/home\/\",\"name\":\"SaigonStereo\",\"description\":\"Nh\u00e0 ph\u00e2n ph\u1ed1i thi\u1ebft b\u1ecb \u00e2m thanh cao c\u1ea5p\",\"potentialAction\":[{\"@type\":\"SearchAction\",\"target\":{\"@type\":\"EntryPoint\",\"urlTemplate\":\"https:\/\/www.saigonstereo.com\/home\/?s={search_term_string}\"},\"query-input\":\"required name=search_term_string\"}],\"inLanguage\":\"vi\"}]}<\/script>\n<!-- \/ Yoast SEO plugin. -->","yoast_head_json":{"title":"Loa Elac CC 61.2 - SaigonStereo","robots":{"index":"index","follow":"follow","max-snippet":"max-snippet:-1","max-image-preview":"max-image-preview:large","max-video-preview":"max-video-preview:-1"},"canonical":"https:\/\/www.saigonstereo.com\/home\/san-pham\/loa-elac-cc-61-2\/","og_locale":"vi_VN","og_type":"article","og_title":"Loa Elac CC 61.2 - SaigonStereo","og_description":"Chi\u1ebfc loa trung t\u00e2m CC 61.2 b\u1ed5 sung v\u00e0o b\u1ed9 c\u00e1c s\u00e0n \u0111\u1ee9ng c\u1ee7a Series 60.2 v\u00e0 loa bookshelf BS 63.2 t\u1ea1o n\u00ean m\u1ed9t h\u1ec7 th\u1ed1ng \u00e2m thanh surround ho\u00e0n h\u1ea3o.","og_url":"https:\/\/www.saigonstereo.com\/home\/san-pham\/loa-elac-cc-61-2\/","og_site_name":"SaigonStereo","article_modified_time":"2015-09-25T09:13:47+00:00","og_image":[{"width":640,"height":640,"url":"https:\/\/www.saigonstereo.com\/home\/wp-content\/uploads\/2014\/07\/cc-61.2.jpg","type":"image\/jpeg"}],"twitter_card":"summary_large_image","twitter_misc":{"\u01af\u1edbc t\u00ednh th\u1eddi gian \u0111\u1ecdc":"1 ph\u00fat"},"schema":{"@context":"https:\/\/schema.org","@graph":[{"@type":"WebPage","@id":"https:\/\/www.saigonstereo.com\/home\/san-pham\/loa-elac-cc-61-2\/","url":"https:\/\/www.saigonstereo.com\/home\/san-pham\/loa-elac-cc-61-2\/","name":"Loa Elac CC 61.2 - SaigonStereo","isPartOf":{"@id":"https:\/\/www.saigonstereo.com\/home\/#website"},"datePublished":"2014-07-08T04:43:50+00:00","dateModified":"2015-09-25T09:13:47+00:00","breadcrumb":{"@id":"https:\/\/www.saigonstereo.com\/home\/san-pham\/loa-elac-cc-61-2\/#breadcrumb"},"inLanguage":"vi","potentialAction":[{"@type":"ReadAction","target":["https:\/\/www.saigonstereo.com\/home\/san-pham\/loa-elac-cc-61-2\/"]}]},{"@type":"BreadcrumbList","@id":"https:\/\/www.saigonstereo.com\/home\/san-pham\/loa-elac-cc-61-2\/#breadcrumb","itemListElement":[{"@type":"ListItem","position":1,"name":"Home","item":"https:\/\/www.saigonstereo.com\/home\/"},{"@type":"ListItem","position":2,"name":"Products","item":"https:\/\/www.saigonstereo.com\/home\/shop\/"},{"@type":"ListItem","position":3,"name":"Loa Elac CC 61.2"}]},{"@type":"WebSite","@id":"https:\/\/www.saigonstereo.com\/home\/#website","url":"https:\/\/www.saigonstereo.com\/home\/","name":"SaigonStereo","description":"Nh\u00e0 ph\u00e2n ph\u1ed1i thi\u1ebft b\u1ecb \u00e2m thanh cao c\u1ea5p","potentialAction":[{"@type":"SearchAction","target":{"@type":"EntryPoint","urlTemplate":"https:\/\/www.saigonstereo.com\/home\/?s={search_term_string}"},"query-input":"required name=search_term_string"}],"inLanguage":"vi"}]}},"jetpack_sharing_enabled":true,"_links":{"self":[{"href":"https:\/\/www.saigonstereo.com\/home\/wp-json\/wp\/v2\/product\/1332","targetHints":{"allow":["GET"]}}],"collection":[{"href":"https:\/\/www.saigonstereo.com\/home\/wp-json\/wp\/v2\/product"}],"about":[{"href":"https:\/\/www.saigonstereo.com\/home\/wp-json\/wp\/v2\/types\/product"}],"replies":[{"embeddable":true,"href":"https:\/\/www.saigonstereo.com\/home\/wp-json\/wp\/v2\/comments?post=1332"}],"wp:featuredmedia":[{"embeddable":true,"href":"https:\/\/www.saigonstereo.com\/home\/wp-json\/wp\/v2\/media\/1333"}],"wp:attachment":[{"href":"https:\/\/www.saigonstereo.com\/home\/wp-json\/wp\/v2\/media?parent=1332"}],"wp:term":[{"taxonomy":"product_cat","embeddable":true,"href":"https:\/\/www.saigonstereo.com\/home\/wp-json\/wp\/v2\/product_cat?post=1332"},{"taxonomy":"product_tag","embeddable":true,"href":"https:\/\/www.saigonstereo.com\/home\/wp-json\/wp\/v2\/product_tag?post=1332"}],"curies":[{"name":"wp","href":"https:\/\/api.w.org\/{rel}","templated":true}]}}