{"id":1335,"date":"2014-07-08T14:52:27","date_gmt":"2014-07-08T07:52:27","guid":{"rendered":"http:\/\/www.saigonstereo.com\/home\/product\/loa-elac-fs-67-2\/"},"modified":"2015-09-25T16:13:30","modified_gmt":"2015-09-25T09:13:30","slug":"loa-elac-fs-67-2","status":"publish","type":"product","link":"https:\/\/www.saigonstereo.com\/home\/san-pham\/loa-elac-fs-67-2\/","title":{"rendered":"Loa Elac FS 67.2"},"content":{"rendered":"<p>Ch\u00fang t\u00f4i cam k\u1ebft mang \u0111\u1ebfn s\u1ef1 h\u00e0i l\u00f2ng v\u1ec1 \u00e2m thanh v\u00e0 \u00fd t\u01b0\u1edfng n\u00e0y c\u0169ng \u1ea9n ch\u01b0a s\u1ef1 khi\u00eam t\u1ed1n c\u1ee7a ch\u00fang t\u00f4i khi n\u00f3i v\u1ec1 m\u1eabu m\u00e3 c\u1ee7a s\u1ea3n ph\u1ea9m m\u00ecnh.<\/p>\n<p>\u00c2m thanh s\u1ed1ng \u0111\u1ed9ng ch\u00e2n th\u1eadt, ho\u00e0n to\u00e0n t\u1ef1 nhi\u00ean s\u1ebd l\u00e0 t\u1ea7ng \u00e2m c\u1ee7a FS 67,2\u00a0 d\u00e0nh cho t\u1ea5t c\u1ea3 nh\u1eefng ng\u01b0\u1eddi y\u00eau \u00e2m nh\u1ea1c.<\/p>\n","protected":false},"excerpt":{"rendered":"<p>M\u1eabu s\u1ea3n ph\u1ea9m m\u1edbi trong d\u00f2ng loa ELAC \u00e1p d\u1ee5ng c\u00f4ng ngh\u1ec7 n\u1ed5i ti\u1ebfng Aluminium-Sandwich l\u00e0 &#8220;ch\u1ea5t l\u01b0\u1ee3ng \u0111i tr\u01b0\u1edbc m\u1eabu m\u00e3&#8221;.<\/p>\n","protected":false},"featured_media":1337,"comment_status":"open","ping_status":"closed","template":"","meta":{"jetpack_post_was_ever_published":false,"jetpack_publicize_message":"","jetpack_is_tweetstorm":false,"jetpack_publicize_feature_enabled":true,"jetpack_social_post_already_shared":false,"jetpack_social_options":[]},"product_cat":[32,71,83],"product_tag":[826],"class_list":["post-1335","product","type-product","status-publish","has-post-thumbnail","hentry","product_cat-loa","product_cat-loa-elac","product_cat-dong-60-2","product_tag-elac","pa_cong-suat-80-120-w","pa_cong-suat-ampli-de-nghi-20-150-w-channel","pa_dai-tan-dap-ung-38-25000-hz","pa_do-nhay-88-db-2-83-v-m","pa_kich-thuoc-950-x-220-x-300-mm","pa_loa-tweeter-1-x-25-mm-fabric-dome","pa_loa-woofer-2-x-140-mm-as-cone","pa_tan-so-cat-500-2200-hz","pa_thiet-ke-2-way-bassreflex-2","pa_tro-khang-danh-dinh-6-","pa_tro-khang-nho-nhat-5-2--220-hz","pa_trong-luong-14-5-kg","pa_tuong-thich-tro-khang-4-8-","description-off"],"jetpack_publicize_connections":[],"yoast_head":"<!-- This site is optimized with the Yoast SEO plugin v20.4 - https:\/\/yoast.com\/wordpress\/plugins\/seo\/ -->\n<title>Loa Elac FS 67.2 - SaigonStereo<\/title>\n<meta name=\"robots\" content=\"index, follow, max-snippet:-1, max-image-preview:large, max-video-preview:-1\" \/>\n<link rel=\"canonical\" href=\"https:\/\/www.saigonstereo.com\/home\/san-pham\/loa-elac-fs-67-2\/\" \/>\n<meta property=\"og:locale\" content=\"vi_VN\" \/>\n<meta property=\"og:type\" content=\"article\" \/>\n<meta property=\"og:title\" content=\"Loa Elac FS 67.2 - SaigonStereo\" \/>\n<meta property=\"og:description\" content=\"M\u1eabu s\u1ea3n ph\u1ea9m m\u1edbi trong d\u00f2ng loa ELAC \u00e1p d\u1ee5ng c\u00f4ng ngh\u1ec7 n\u1ed5i ti\u1ebfng Aluminium-Sandwich l\u00e0 &quot;ch\u1ea5t l\u01b0\u1ee3ng \u0111i tr\u01b0\u1edbc m\u1eabu m\u00e3&quot;.\" \/>\n<meta property=\"og:url\" content=\"https:\/\/www.saigonstereo.com\/home\/san-pham\/loa-elac-fs-67-2\/\" \/>\n<meta property=\"og:site_name\" content=\"SaigonStereo\" \/>\n<meta property=\"article:modified_time\" content=\"2015-09-25T09:13:30+00:00\" \/>\n<meta property=\"og:image\" content=\"https:\/\/www.saigonstereo.com\/home\/wp-content\/uploads\/2014\/07\/fs-67.2.jpg\" \/>\n\t<meta property=\"og:image:width\" content=\"640\" \/>\n\t<meta property=\"og:image:height\" content=\"640\" \/>\n\t<meta property=\"og:image:type\" content=\"image\/jpeg\" \/>\n<meta name=\"twitter:card\" content=\"summary_large_image\" \/>\n<script type=\"application\/ld+json\" class=\"yoast-schema-graph\">{\"@context\":\"https:\/\/schema.org\",\"@graph\":[{\"@type\":\"WebPage\",\"@id\":\"https:\/\/www.saigonstereo.com\/home\/san-pham\/loa-elac-fs-67-2\/\",\"url\":\"https:\/\/www.saigonstereo.com\/home\/san-pham\/loa-elac-fs-67-2\/\",\"name\":\"Loa Elac FS 67.2 - SaigonStereo\",\"isPartOf\":{\"@id\":\"https:\/\/www.saigonstereo.com\/home\/#website\"},\"datePublished\":\"2014-07-08T07:52:27+00:00\",\"dateModified\":\"2015-09-25T09:13:30+00:00\",\"breadcrumb\":{\"@id\":\"https:\/\/www.saigonstereo.com\/home\/san-pham\/loa-elac-fs-67-2\/#breadcrumb\"},\"inLanguage\":\"vi\",\"potentialAction\":[{\"@type\":\"ReadAction\",\"target\":[\"https:\/\/www.saigonstereo.com\/home\/san-pham\/loa-elac-fs-67-2\/\"]}]},{\"@type\":\"BreadcrumbList\",\"@id\":\"https:\/\/www.saigonstereo.com\/home\/san-pham\/loa-elac-fs-67-2\/#breadcrumb\",\"itemListElement\":[{\"@type\":\"ListItem\",\"position\":1,\"name\":\"Home\",\"item\":\"https:\/\/www.saigonstereo.com\/home\/\"},{\"@type\":\"ListItem\",\"position\":2,\"name\":\"Products\",\"item\":\"https:\/\/www.saigonstereo.com\/home\/shop\/\"},{\"@type\":\"ListItem\",\"position\":3,\"name\":\"Loa Elac FS 67.2\"}]},{\"@type\":\"WebSite\",\"@id\":\"https:\/\/www.saigonstereo.com\/home\/#website\",\"url\":\"https:\/\/www.saigonstereo.com\/home\/\",\"name\":\"SaigonStereo\",\"description\":\"Nh\u00e0 ph\u00e2n ph\u1ed1i thi\u1ebft b\u1ecb \u00e2m thanh cao c\u1ea5p\",\"potentialAction\":[{\"@type\":\"SearchAction\",\"target\":{\"@type\":\"EntryPoint\",\"urlTemplate\":\"https:\/\/www.saigonstereo.com\/home\/?s={search_term_string}\"},\"query-input\":\"required name=search_term_string\"}],\"inLanguage\":\"vi\"}]}<\/script>\n<!-- \/ Yoast SEO plugin. -->","yoast_head_json":{"title":"Loa Elac FS 67.2 - SaigonStereo","robots":{"index":"index","follow":"follow","max-snippet":"max-snippet:-1","max-image-preview":"max-image-preview:large","max-video-preview":"max-video-preview:-1"},"canonical":"https:\/\/www.saigonstereo.com\/home\/san-pham\/loa-elac-fs-67-2\/","og_locale":"vi_VN","og_type":"article","og_title":"Loa Elac FS 67.2 - SaigonStereo","og_description":"M\u1eabu s\u1ea3n ph\u1ea9m m\u1edbi trong d\u00f2ng loa ELAC \u00e1p d\u1ee5ng c\u00f4ng ngh\u1ec7 n\u1ed5i ti\u1ebfng Aluminium-Sandwich l\u00e0 \"ch\u1ea5t l\u01b0\u1ee3ng \u0111i tr\u01b0\u1edbc m\u1eabu m\u00e3\".","og_url":"https:\/\/www.saigonstereo.com\/home\/san-pham\/loa-elac-fs-67-2\/","og_site_name":"SaigonStereo","article_modified_time":"2015-09-25T09:13:30+00:00","og_image":[{"width":640,"height":640,"url":"https:\/\/www.saigonstereo.com\/home\/wp-content\/uploads\/2014\/07\/fs-67.2.jpg","type":"image\/jpeg"}],"twitter_card":"summary_large_image","schema":{"@context":"https:\/\/schema.org","@graph":[{"@type":"WebPage","@id":"https:\/\/www.saigonstereo.com\/home\/san-pham\/loa-elac-fs-67-2\/","url":"https:\/\/www.saigonstereo.com\/home\/san-pham\/loa-elac-fs-67-2\/","name":"Loa Elac FS 67.2 - SaigonStereo","isPartOf":{"@id":"https:\/\/www.saigonstereo.com\/home\/#website"},"datePublished":"2014-07-08T07:52:27+00:00","dateModified":"2015-09-25T09:13:30+00:00","breadcrumb":{"@id":"https:\/\/www.saigonstereo.com\/home\/san-pham\/loa-elac-fs-67-2\/#breadcrumb"},"inLanguage":"vi","potentialAction":[{"@type":"ReadAction","target":["https:\/\/www.saigonstereo.com\/home\/san-pham\/loa-elac-fs-67-2\/"]}]},{"@type":"BreadcrumbList","@id":"https:\/\/www.saigonstereo.com\/home\/san-pham\/loa-elac-fs-67-2\/#breadcrumb","itemListElement":[{"@type":"ListItem","position":1,"name":"Home","item":"https:\/\/www.saigonstereo.com\/home\/"},{"@type":"ListItem","position":2,"name":"Products","item":"https:\/\/www.saigonstereo.com\/home\/shop\/"},{"@type":"ListItem","position":3,"name":"Loa Elac FS 67.2"}]},{"@type":"WebSite","@id":"https:\/\/www.saigonstereo.com\/home\/#website","url":"https:\/\/www.saigonstereo.com\/home\/","name":"SaigonStereo","description":"Nh\u00e0 ph\u00e2n ph\u1ed1i thi\u1ebft b\u1ecb \u00e2m thanh cao c\u1ea5p","potentialAction":[{"@type":"SearchAction","target":{"@type":"EntryPoint","urlTemplate":"https:\/\/www.saigonstereo.com\/home\/?s={search_term_string}"},"query-input":"required name=search_term_string"}],"inLanguage":"vi"}]}},"jetpack_sharing_enabled":true,"_links":{"self":[{"href":"https:\/\/www.saigonstereo.com\/home\/wp-json\/wp\/v2\/product\/1335","targetHints":{"allow":["GET"]}}],"collection":[{"href":"https:\/\/www.saigonstereo.com\/home\/wp-json\/wp\/v2\/product"}],"about":[{"href":"https:\/\/www.saigonstereo.com\/home\/wp-json\/wp\/v2\/types\/product"}],"replies":[{"embeddable":true,"href":"https:\/\/www.saigonstereo.com\/home\/wp-json\/wp\/v2\/comments?post=1335"}],"wp:featuredmedia":[{"embeddable":true,"href":"https:\/\/www.saigonstereo.com\/home\/wp-json\/wp\/v2\/media\/1337"}],"wp:attachment":[{"href":"https:\/\/www.saigonstereo.com\/home\/wp-json\/wp\/v2\/media?parent=1335"}],"wp:term":[{"taxonomy":"product_cat","embeddable":true,"href":"https:\/\/www.saigonstereo.com\/home\/wp-json\/wp\/v2\/product_cat?post=1335"},{"taxonomy":"product_tag","embeddable":true,"href":"https:\/\/www.saigonstereo.com\/home\/wp-json\/wp\/v2\/product_tag?post=1335"}],"curies":[{"name":"wp","href":"https:\/\/api.w.org\/{rel}","templated":true}]}}