{"id":1448,"date":"2014-07-12T11:50:18","date_gmt":"2014-07-12T04:50:18","guid":{"rendered":"http:\/\/www.saigonstereo.com\/home\/product\/day-loa-accustic-arts-top-line\/"},"modified":"2020-01-02T12:25:42","modified_gmt":"2020-01-02T05:25:42","slug":"day-loa-accustic-arts-top-line","status":"publish","type":"product","link":"https:\/\/www.saigonstereo.com\/home\/san-pham\/day-loa-accustic-arts-top-line\/","title":{"rendered":"D\u00e2y loa Accustic Arts Top Line &#8211; MK2 (Single-wire)"},"content":{"rendered":"<p>D\u00e2y loa \u0111a l\u00f5i ch\u1ea5t l\u01b0\u1ee3ng cao Top Line v\u00e0 Premium Line c\u1ee7a Accustic Arts \u0111\u01b0\u1ee3c l\u00e0m t\u1eeb \u0111\u1ed3ng OFC 99.999 %. C\u1ea3 hai \u0111\u1ec1u \u0111\u01b0\u1ee3c trang b\u1ecb v\u1ecf b\u1ecdc ch\u1ed1ng nhi\u1ec5u, \u0111\u1eb7c bi\u1ec7t \u1edf Premium Line c\u00f2n c\u00f3 thi\u1ebft k\u1ebf th\u00eam d\u00e2y ti\u1ebfp \u0111\u1ea5t n\u1ed1i tr\u1ef1c ti\u1ebfp v\u00e0o ampli.<\/p>\n<p>K\u00edch th\u01b0\u1edbc ti\u00eau chu\u1ea9n: 3m<\/p>\n<p><strong>D\u00e2y loa Top\u00a0Line:<\/strong><\/p>\n<p>&#8211; Top\u00a0Line Single-wire<\/p>\n","protected":false},"excerpt":{"rendered":"<p>\u0110\u1ea7u gi\u1eafc m\u1ea1 v\u00e0ng v\u00e0 \u0111\u01b0\u1ee3c h\u00e0n b\u1eb1ng thi\u1ebft h\u00e0n pha b\u1ea1c c\u00f4ng th\u1ee9c \u0111\u1ed9c quy\u1ec1n c\u1ee7a Accustic Arts.<\/p>\n","protected":false},"featured_media":35571,"comment_status":"open","ping_status":"closed","template":"","meta":{"jetpack_post_was_ever_published":false,"jetpack_publicize_message":"","jetpack_is_tweetstorm":false,"jetpack_publicize_feature_enabled":true,"jetpack_social_post_already_shared":true,"jetpack_social_options":[]},"product_cat":[49,103],"product_tag":[827],"class_list":["post-1448","product","type-product","status-publish","has-post-thumbnail","hentry","product_cat-day-dan-phu-kien","product_cat-accustic-arts-day-dan-phu-kien","product_tag-accustic-arts","description-off"],"jetpack_publicize_connections":[],"yoast_head":"<!-- This site is optimized with the Yoast SEO plugin v20.4 - https:\/\/yoast.com\/wordpress\/plugins\/seo\/ -->\n<title>D\u00e2y loa Accustic Arts Top Line - MK2 (Single-wire) - SaigonStereo<\/title>\n<meta name=\"robots\" content=\"index, follow, max-snippet:-1, max-image-preview:large, max-video-preview:-1\" \/>\n<link rel=\"canonical\" href=\"https:\/\/www.saigonstereo.com\/home\/san-pham\/day-loa-accustic-arts-top-line\/\" \/>\n<meta property=\"og:locale\" content=\"vi_VN\" \/>\n<meta property=\"og:type\" content=\"article\" \/>\n<meta property=\"og:title\" content=\"D\u00e2y loa Accustic Arts Top Line - MK2 (Single-wire) - SaigonStereo\" \/>\n<meta property=\"og:description\" content=\"\u0110\u1ea7u gi\u1eafc m\u1ea1 v\u00e0ng v\u00e0 \u0111\u01b0\u1ee3c h\u00e0n b\u1eb1ng thi\u1ebft h\u00e0n pha b\u1ea1c c\u00f4ng th\u1ee9c \u0111\u1ed9c quy\u1ec1n c\u1ee7a Accustic Arts.\" \/>\n<meta property=\"og:url\" content=\"https:\/\/www.saigonstereo.com\/home\/san-pham\/day-loa-accustic-arts-top-line\/\" \/>\n<meta property=\"og:site_name\" content=\"SaigonStereo\" \/>\n<meta property=\"article:modified_time\" content=\"2020-01-02T05:25:42+00:00\" \/>\n<meta property=\"og:image\" content=\"https:\/\/www.saigonstereo.com\/home\/wp-content\/uploads\/2014\/07\/top-line1.jpg\" \/>\n\t<meta property=\"og:image:width\" content=\"640\" \/>\n\t<meta property=\"og:image:height\" content=\"640\" \/>\n\t<meta property=\"og:image:type\" content=\"image\/jpeg\" \/>\n<meta name=\"twitter:card\" content=\"summary_large_image\" \/>\n<script type=\"application\/ld+json\" class=\"yoast-schema-graph\">{\"@context\":\"https:\/\/schema.org\",\"@graph\":[{\"@type\":\"WebPage\",\"@id\":\"https:\/\/www.saigonstereo.com\/home\/san-pham\/day-loa-accustic-arts-top-line\/\",\"url\":\"https:\/\/www.saigonstereo.com\/home\/san-pham\/day-loa-accustic-arts-top-line\/\",\"name\":\"D\u00e2y loa Accustic Arts Top Line - MK2 (Single-wire) - SaigonStereo\",\"isPartOf\":{\"@id\":\"https:\/\/www.saigonstereo.com\/home\/#website\"},\"datePublished\":\"2014-07-12T04:50:18+00:00\",\"dateModified\":\"2020-01-02T05:25:42+00:00\",\"breadcrumb\":{\"@id\":\"https:\/\/www.saigonstereo.com\/home\/san-pham\/day-loa-accustic-arts-top-line\/#breadcrumb\"},\"inLanguage\":\"vi\",\"potentialAction\":[{\"@type\":\"ReadAction\",\"target\":[\"https:\/\/www.saigonstereo.com\/home\/san-pham\/day-loa-accustic-arts-top-line\/\"]}]},{\"@type\":\"BreadcrumbList\",\"@id\":\"https:\/\/www.saigonstereo.com\/home\/san-pham\/day-loa-accustic-arts-top-line\/#breadcrumb\",\"itemListElement\":[{\"@type\":\"ListItem\",\"position\":1,\"name\":\"Home\",\"item\":\"https:\/\/www.saigonstereo.com\/home\/\"},{\"@type\":\"ListItem\",\"position\":2,\"name\":\"Products\",\"item\":\"https:\/\/www.saigonstereo.com\/home\/shop\/\"},{\"@type\":\"ListItem\",\"position\":3,\"name\":\"D\u00e2y loa Accustic Arts Top Line &#8211; MK2 (Single-wire)\"}]},{\"@type\":\"WebSite\",\"@id\":\"https:\/\/www.saigonstereo.com\/home\/#website\",\"url\":\"https:\/\/www.saigonstereo.com\/home\/\",\"name\":\"SaigonStereo\",\"description\":\"Nh\u00e0 ph\u00e2n ph\u1ed1i thi\u1ebft b\u1ecb \u00e2m thanh cao c\u1ea5p\",\"potentialAction\":[{\"@type\":\"SearchAction\",\"target\":{\"@type\":\"EntryPoint\",\"urlTemplate\":\"https:\/\/www.saigonstereo.com\/home\/?s={search_term_string}\"},\"query-input\":\"required name=search_term_string\"}],\"inLanguage\":\"vi\"}]}<\/script>\n<!-- \/ Yoast SEO plugin. -->","yoast_head_json":{"title":"D\u00e2y loa Accustic Arts Top Line - MK2 (Single-wire) - SaigonStereo","robots":{"index":"index","follow":"follow","max-snippet":"max-snippet:-1","max-image-preview":"max-image-preview:large","max-video-preview":"max-video-preview:-1"},"canonical":"https:\/\/www.saigonstereo.com\/home\/san-pham\/day-loa-accustic-arts-top-line\/","og_locale":"vi_VN","og_type":"article","og_title":"D\u00e2y loa Accustic Arts Top Line - MK2 (Single-wire) - SaigonStereo","og_description":"\u0110\u1ea7u gi\u1eafc m\u1ea1 v\u00e0ng v\u00e0 \u0111\u01b0\u1ee3c h\u00e0n b\u1eb1ng thi\u1ebft h\u00e0n pha b\u1ea1c c\u00f4ng th\u1ee9c \u0111\u1ed9c quy\u1ec1n c\u1ee7a Accustic Arts.","og_url":"https:\/\/www.saigonstereo.com\/home\/san-pham\/day-loa-accustic-arts-top-line\/","og_site_name":"SaigonStereo","article_modified_time":"2020-01-02T05:25:42+00:00","og_image":[{"width":640,"height":640,"url":"https:\/\/www.saigonstereo.com\/home\/wp-content\/uploads\/2014\/07\/top-line1.jpg","type":"image\/jpeg"}],"twitter_card":"summary_large_image","schema":{"@context":"https:\/\/schema.org","@graph":[{"@type":"WebPage","@id":"https:\/\/www.saigonstereo.com\/home\/san-pham\/day-loa-accustic-arts-top-line\/","url":"https:\/\/www.saigonstereo.com\/home\/san-pham\/day-loa-accustic-arts-top-line\/","name":"D\u00e2y loa Accustic Arts Top Line - MK2 (Single-wire) - SaigonStereo","isPartOf":{"@id":"https:\/\/www.saigonstereo.com\/home\/#website"},"datePublished":"2014-07-12T04:50:18+00:00","dateModified":"2020-01-02T05:25:42+00:00","breadcrumb":{"@id":"https:\/\/www.saigonstereo.com\/home\/san-pham\/day-loa-accustic-arts-top-line\/#breadcrumb"},"inLanguage":"vi","potentialAction":[{"@type":"ReadAction","target":["https:\/\/www.saigonstereo.com\/home\/san-pham\/day-loa-accustic-arts-top-line\/"]}]},{"@type":"BreadcrumbList","@id":"https:\/\/www.saigonstereo.com\/home\/san-pham\/day-loa-accustic-arts-top-line\/#breadcrumb","itemListElement":[{"@type":"ListItem","position":1,"name":"Home","item":"https:\/\/www.saigonstereo.com\/home\/"},{"@type":"ListItem","position":2,"name":"Products","item":"https:\/\/www.saigonstereo.com\/home\/shop\/"},{"@type":"ListItem","position":3,"name":"D\u00e2y loa Accustic Arts Top Line &#8211; MK2 (Single-wire)"}]},{"@type":"WebSite","@id":"https:\/\/www.saigonstereo.com\/home\/#website","url":"https:\/\/www.saigonstereo.com\/home\/","name":"SaigonStereo","description":"Nh\u00e0 ph\u00e2n ph\u1ed1i thi\u1ebft b\u1ecb \u00e2m thanh cao c\u1ea5p","potentialAction":[{"@type":"SearchAction","target":{"@type":"EntryPoint","urlTemplate":"https:\/\/www.saigonstereo.com\/home\/?s={search_term_string}"},"query-input":"required name=search_term_string"}],"inLanguage":"vi"}]}},"jetpack_sharing_enabled":true,"_links":{"self":[{"href":"https:\/\/www.saigonstereo.com\/home\/wp-json\/wp\/v2\/product\/1448","targetHints":{"allow":["GET"]}}],"collection":[{"href":"https:\/\/www.saigonstereo.com\/home\/wp-json\/wp\/v2\/product"}],"about":[{"href":"https:\/\/www.saigonstereo.com\/home\/wp-json\/wp\/v2\/types\/product"}],"replies":[{"embeddable":true,"href":"https:\/\/www.saigonstereo.com\/home\/wp-json\/wp\/v2\/comments?post=1448"}],"wp:featuredmedia":[{"embeddable":true,"href":"https:\/\/www.saigonstereo.com\/home\/wp-json\/wp\/v2\/media\/35571"}],"wp:attachment":[{"href":"https:\/\/www.saigonstereo.com\/home\/wp-json\/wp\/v2\/media?parent=1448"}],"wp:term":[{"taxonomy":"product_cat","embeddable":true,"href":"https:\/\/www.saigonstereo.com\/home\/wp-json\/wp\/v2\/product_cat?post=1448"},{"taxonomy":"product_tag","embeddable":true,"href":"https:\/\/www.saigonstereo.com\/home\/wp-json\/wp\/v2\/product_tag?post=1448"}],"curies":[{"name":"wp","href":"https:\/\/api.w.org\/{rel}","templated":true}]}}