{"id":35970,"date":"2015-07-02T11:14:16","date_gmt":"2015-07-02T04:14:16","guid":{"rendered":"http:\/\/www.saigonstereo.com\/home\/?post_type=product&#038;p=35970"},"modified":"2016-07-01T15:10:42","modified_gmt":"2016-07-01T08:10:42","slug":"loa-acapella-spharon-excalibur-mk2","status":"publish","type":"product","link":"https:\/\/www.saigonstereo.com\/home\/san-pham\/loa-acapella-spharon-excalibur-mk2\/","title":{"rendered":"Loa Acapella Sph\u00e4ron Excalibur &#8211; MK2"},"content":{"rendered":"<p>Th\u00f4ng s\u1ed1 k\u1ef9 thu\u1eadt:<\/p>\n<p>\u0110\u1ed9 nh\u1ea1y l\u1edbn h\u01a1n 100dB<br \/>\nC\u00f4ng su\u1ea5t danh \u0111\u1ecbnh 100W<br \/>\nC\u00f4ng su\u1ea5t ampli khuy\u1ebfn c\u00e1o 15W<br \/>\nTr\u1ecdng l\u01b0\u1ee3ng 600kg\/loa<\/p>\n","protected":false},"excerpt":{"rendered":"<p>Sph\u00e4ron Excalibur MK2 l\u00e0 b\u1ed9 loa huy\u1ec1n tho\u1ea1i \u0111\u1ea7u ti\u00ean c\u1ee7a Acapella, g\u1ed3m loa treble plasma trung k\u00e8n, trung tr\u1ea7m k\u00e8n v\u00e0 4 loa bass n\u00f3n 40cm l\u1eafp trong c\u1ed9t bass kh\u1ed5ng l\u1ed3. B\u1ed9 loa n\u00e0y \u0111\u00f2i h\u1ecfi ph\u00f2ng nghe t\u1ed1i thi\u1ec3u ph\u1ea3i c\u00f3 di\u1ec7n t\u00edch 40m2. \u0110\u1ed9 nh\u1ea1y cao, \u00e2m thanh r\u1ed9ng c\u1ee7a Spharon cho ph\u00e9p ph\u1ed1i h\u1ee3p tuy\u1ec7t v\u1eddi v\u1edbi c\u00e1c ampli \u0111\u00e8n single-end. M\u1ea1nh m\u1ebd, ho\u00e0nh tr\u00e1ng, tinh t\u1ebf v\u00e0 t\u1ef1 nhi\u00ean. H\u1ea7u h\u1ebft d\u00e2n ch\u01a1i hi-end sau khi nghe b\u1ed9 loa n\u00e0y \u0111\u1ec1u cho r\u1eb1ng: ch\u01b0a bao gi\u1edd \u0111\u01b0\u1ee3c th\u01b0\u1edfng th\u1ee9c \u00e2m thanh t\u01b0\u01a1ng t\u1ef1 \u1edf b\u1ea5t c\u1ee9 \u0111\u00e2u.<\/p>\n","protected":false},"featured_media":35976,"comment_status":"open","ping_status":"closed","template":"","meta":{"jetpack_post_was_ever_published":false,"jetpack_publicize_message":"","jetpack_is_tweetstorm":false,"jetpack_publicize_feature_enabled":true,"jetpack_social_post_already_shared":true,"jetpack_social_options":[]},"product_cat":[676],"product_tag":[677],"class_list":["post-35970","product","type-product","status-publish","has-post-thumbnail","hentry","product_cat-acapella","product_tag-acapella","description-off"],"jetpack_publicize_connections":[],"yoast_head":"<!-- This site is optimized with the Yoast SEO plugin v20.4 - https:\/\/yoast.com\/wordpress\/plugins\/seo\/ -->\n<title>Loa Acapella Sph\u00e4ron Excalibur - MK2 - SaigonStereo<\/title>\n<meta name=\"robots\" content=\"index, follow, max-snippet:-1, max-image-preview:large, max-video-preview:-1\" \/>\n<link rel=\"canonical\" href=\"https:\/\/www.saigonstereo.com\/home\/san-pham\/loa-acapella-spharon-excalibur-mk2\/\" \/>\n<meta property=\"og:locale\" content=\"vi_VN\" \/>\n<meta property=\"og:type\" content=\"article\" \/>\n<meta property=\"og:title\" content=\"Loa Acapella Sph\u00e4ron Excalibur - MK2 - SaigonStereo\" \/>\n<meta property=\"og:description\" content=\"Sph\u00e4ron Excalibur MK2 l\u00e0 b\u1ed9 loa huy\u1ec1n tho\u1ea1i \u0111\u1ea7u ti\u00ean c\u1ee7a Acapella, g\u1ed3m loa treble plasma trung k\u00e8n, trung tr\u1ea7m k\u00e8n v\u00e0 4 loa bass n\u00f3n 40cm l\u1eafp trong c\u1ed9t bass kh\u1ed5ng l\u1ed3. B\u1ed9 loa n\u00e0y \u0111\u00f2i h\u1ecfi ph\u00f2ng nghe t\u1ed1i thi\u1ec3u ph\u1ea3i c\u00f3 di\u1ec7n t\u00edch 40m2. \u0110\u1ed9 nh\u1ea1y cao, \u00e2m thanh r\u1ed9ng c\u1ee7a Spharon cho ph\u00e9p ph\u1ed1i h\u1ee3p tuy\u1ec7t v\u1eddi v\u1edbi c\u00e1c ampli \u0111\u00e8n single-end. M\u1ea1nh m\u1ebd, ho\u00e0nh tr\u00e1ng, tinh t\u1ebf v\u00e0 t\u1ef1 nhi\u00ean. H\u1ea7u h\u1ebft d\u00e2n ch\u01a1i hi-end sau khi nghe b\u1ed9 loa n\u00e0y \u0111\u1ec1u cho r\u1eb1ng: ch\u01b0a bao gi\u1edd \u0111\u01b0\u1ee3c th\u01b0\u1edfng th\u1ee9c \u00e2m thanh t\u01b0\u01a1ng t\u1ef1 \u1edf b\u1ea5t c\u1ee9 \u0111\u00e2u.\" \/>\n<meta property=\"og:url\" content=\"https:\/\/www.saigonstereo.com\/home\/san-pham\/loa-acapella-spharon-excalibur-mk2\/\" \/>\n<meta property=\"og:site_name\" content=\"SaigonStereo\" \/>\n<meta property=\"article:modified_time\" content=\"2016-07-01T08:10:42+00:00\" \/>\n<meta property=\"og:image\" content=\"https:\/\/www.saigonstereo.com\/home\/wp-content\/uploads\/2015\/07\/SphaeronExcalibur.jpg\" \/>\n\t<meta property=\"og:image:width\" content=\"640\" \/>\n\t<meta property=\"og:image:height\" content=\"640\" \/>\n\t<meta property=\"og:image:type\" content=\"image\/jpeg\" \/>\n<meta name=\"twitter:card\" content=\"summary_large_image\" \/>\n<script type=\"application\/ld+json\" class=\"yoast-schema-graph\">{\"@context\":\"https:\/\/schema.org\",\"@graph\":[{\"@type\":\"WebPage\",\"@id\":\"https:\/\/www.saigonstereo.com\/home\/san-pham\/loa-acapella-spharon-excalibur-mk2\/\",\"url\":\"https:\/\/www.saigonstereo.com\/home\/san-pham\/loa-acapella-spharon-excalibur-mk2\/\",\"name\":\"Loa Acapella Sph\u00e4ron Excalibur - MK2 - SaigonStereo\",\"isPartOf\":{\"@id\":\"https:\/\/www.saigonstereo.com\/home\/#website\"},\"datePublished\":\"2015-07-02T04:14:16+00:00\",\"dateModified\":\"2016-07-01T08:10:42+00:00\",\"breadcrumb\":{\"@id\":\"https:\/\/www.saigonstereo.com\/home\/san-pham\/loa-acapella-spharon-excalibur-mk2\/#breadcrumb\"},\"inLanguage\":\"vi\",\"potentialAction\":[{\"@type\":\"ReadAction\",\"target\":[\"https:\/\/www.saigonstereo.com\/home\/san-pham\/loa-acapella-spharon-excalibur-mk2\/\"]}]},{\"@type\":\"BreadcrumbList\",\"@id\":\"https:\/\/www.saigonstereo.com\/home\/san-pham\/loa-acapella-spharon-excalibur-mk2\/#breadcrumb\",\"itemListElement\":[{\"@type\":\"ListItem\",\"position\":1,\"name\":\"Home\",\"item\":\"https:\/\/www.saigonstereo.com\/home\/\"},{\"@type\":\"ListItem\",\"position\":2,\"name\":\"Products\",\"item\":\"https:\/\/www.saigonstereo.com\/home\/shop\/\"},{\"@type\":\"ListItem\",\"position\":3,\"name\":\"Loa Acapella Sph\u00e4ron Excalibur &#8211; MK2\"}]},{\"@type\":\"WebSite\",\"@id\":\"https:\/\/www.saigonstereo.com\/home\/#website\",\"url\":\"https:\/\/www.saigonstereo.com\/home\/\",\"name\":\"SaigonStereo\",\"description\":\"Nh\u00e0 ph\u00e2n ph\u1ed1i thi\u1ebft b\u1ecb \u00e2m thanh cao c\u1ea5p\",\"potentialAction\":[{\"@type\":\"SearchAction\",\"target\":{\"@type\":\"EntryPoint\",\"urlTemplate\":\"https:\/\/www.saigonstereo.com\/home\/?s={search_term_string}\"},\"query-input\":\"required name=search_term_string\"}],\"inLanguage\":\"vi\"}]}<\/script>\n<!-- \/ Yoast SEO plugin. -->","yoast_head_json":{"title":"Loa Acapella Sph\u00e4ron Excalibur - MK2 - SaigonStereo","robots":{"index":"index","follow":"follow","max-snippet":"max-snippet:-1","max-image-preview":"max-image-preview:large","max-video-preview":"max-video-preview:-1"},"canonical":"https:\/\/www.saigonstereo.com\/home\/san-pham\/loa-acapella-spharon-excalibur-mk2\/","og_locale":"vi_VN","og_type":"article","og_title":"Loa Acapella Sph\u00e4ron Excalibur - MK2 - SaigonStereo","og_description":"Sph\u00e4ron Excalibur MK2 l\u00e0 b\u1ed9 loa huy\u1ec1n tho\u1ea1i \u0111\u1ea7u ti\u00ean c\u1ee7a Acapella, g\u1ed3m loa treble plasma trung k\u00e8n, trung tr\u1ea7m k\u00e8n v\u00e0 4 loa bass n\u00f3n 40cm l\u1eafp trong c\u1ed9t bass kh\u1ed5ng l\u1ed3. B\u1ed9 loa n\u00e0y \u0111\u00f2i h\u1ecfi ph\u00f2ng nghe t\u1ed1i thi\u1ec3u ph\u1ea3i c\u00f3 di\u1ec7n t\u00edch 40m2. \u0110\u1ed9 nh\u1ea1y cao, \u00e2m thanh r\u1ed9ng c\u1ee7a Spharon cho ph\u00e9p ph\u1ed1i h\u1ee3p tuy\u1ec7t v\u1eddi v\u1edbi c\u00e1c ampli \u0111\u00e8n single-end. M\u1ea1nh m\u1ebd, ho\u00e0nh tr\u00e1ng, tinh t\u1ebf v\u00e0 t\u1ef1 nhi\u00ean. H\u1ea7u h\u1ebft d\u00e2n ch\u01a1i hi-end sau khi nghe b\u1ed9 loa n\u00e0y \u0111\u1ec1u cho r\u1eb1ng: ch\u01b0a bao gi\u1edd \u0111\u01b0\u1ee3c th\u01b0\u1edfng th\u1ee9c \u00e2m thanh t\u01b0\u01a1ng t\u1ef1 \u1edf b\u1ea5t c\u1ee9 \u0111\u00e2u.","og_url":"https:\/\/www.saigonstereo.com\/home\/san-pham\/loa-acapella-spharon-excalibur-mk2\/","og_site_name":"SaigonStereo","article_modified_time":"2016-07-01T08:10:42+00:00","og_image":[{"width":640,"height":640,"url":"https:\/\/www.saigonstereo.com\/home\/wp-content\/uploads\/2015\/07\/SphaeronExcalibur.jpg","type":"image\/jpeg"}],"twitter_card":"summary_large_image","schema":{"@context":"https:\/\/schema.org","@graph":[{"@type":"WebPage","@id":"https:\/\/www.saigonstereo.com\/home\/san-pham\/loa-acapella-spharon-excalibur-mk2\/","url":"https:\/\/www.saigonstereo.com\/home\/san-pham\/loa-acapella-spharon-excalibur-mk2\/","name":"Loa Acapella Sph\u00e4ron Excalibur - MK2 - SaigonStereo","isPartOf":{"@id":"https:\/\/www.saigonstereo.com\/home\/#website"},"datePublished":"2015-07-02T04:14:16+00:00","dateModified":"2016-07-01T08:10:42+00:00","breadcrumb":{"@id":"https:\/\/www.saigonstereo.com\/home\/san-pham\/loa-acapella-spharon-excalibur-mk2\/#breadcrumb"},"inLanguage":"vi","potentialAction":[{"@type":"ReadAction","target":["https:\/\/www.saigonstereo.com\/home\/san-pham\/loa-acapella-spharon-excalibur-mk2\/"]}]},{"@type":"BreadcrumbList","@id":"https:\/\/www.saigonstereo.com\/home\/san-pham\/loa-acapella-spharon-excalibur-mk2\/#breadcrumb","itemListElement":[{"@type":"ListItem","position":1,"name":"Home","item":"https:\/\/www.saigonstereo.com\/home\/"},{"@type":"ListItem","position":2,"name":"Products","item":"https:\/\/www.saigonstereo.com\/home\/shop\/"},{"@type":"ListItem","position":3,"name":"Loa Acapella Sph\u00e4ron Excalibur &#8211; MK2"}]},{"@type":"WebSite","@id":"https:\/\/www.saigonstereo.com\/home\/#website","url":"https:\/\/www.saigonstereo.com\/home\/","name":"SaigonStereo","description":"Nh\u00e0 ph\u00e2n ph\u1ed1i thi\u1ebft b\u1ecb \u00e2m thanh cao c\u1ea5p","potentialAction":[{"@type":"SearchAction","target":{"@type":"EntryPoint","urlTemplate":"https:\/\/www.saigonstereo.com\/home\/?s={search_term_string}"},"query-input":"required name=search_term_string"}],"inLanguage":"vi"}]}},"jetpack_sharing_enabled":true,"_links":{"self":[{"href":"https:\/\/www.saigonstereo.com\/home\/wp-json\/wp\/v2\/product\/35970","targetHints":{"allow":["GET"]}}],"collection":[{"href":"https:\/\/www.saigonstereo.com\/home\/wp-json\/wp\/v2\/product"}],"about":[{"href":"https:\/\/www.saigonstereo.com\/home\/wp-json\/wp\/v2\/types\/product"}],"replies":[{"embeddable":true,"href":"https:\/\/www.saigonstereo.com\/home\/wp-json\/wp\/v2\/comments?post=35970"}],"wp:featuredmedia":[{"embeddable":true,"href":"https:\/\/www.saigonstereo.com\/home\/wp-json\/wp\/v2\/media\/35976"}],"wp:attachment":[{"href":"https:\/\/www.saigonstereo.com\/home\/wp-json\/wp\/v2\/media?parent=35970"}],"wp:term":[{"taxonomy":"product_cat","embeddable":true,"href":"https:\/\/www.saigonstereo.com\/home\/wp-json\/wp\/v2\/product_cat?post=35970"},{"taxonomy":"product_tag","embeddable":true,"href":"https:\/\/www.saigonstereo.com\/home\/wp-json\/wp\/v2\/product_tag?post=35970"}],"curies":[{"name":"wp","href":"https:\/\/api.w.org\/{rel}","templated":true}]}}