{"id":35989,"date":"2015-07-02T11:35:12","date_gmt":"2015-07-02T04:35:12","guid":{"rendered":"http:\/\/www.saigonstereo.com\/home\/?post_type=product&#038;p=35989"},"modified":"2016-07-01T15:08:14","modified_gmt":"2016-07-01T08:08:14","slug":"loa-acapella-poseydon","status":"publish","type":"product","link":"https:\/\/www.saigonstereo.com\/home\/san-pham\/loa-acapella-poseydon\/","title":{"rendered":"Loa Acapella Poseydon"},"content":{"rendered":"<p>\u0110\u1ed9 nh\u1ea1y 99 dB \/ 1 W \/ 1 m<br \/>\nC\u00f4ng su\u1ea5t ampli \u0111\u1ec1 ngh\u1ecb: &gt;18W<br \/>\nTr\u1edf kh\u00e1ng 6Ohm<br \/>\nK\u00edch th\u01b0\u1edbc C x R x S 2300 x 780 x 1000 cm (bao g\u1ed3m k\u00e8n)<\/p>\n<p>2300 x 720 x 810 cm (kh\u00f4ng bao g\u1ed3m k\u00e8n)<br \/>\nTr\u1ecdng l\u01b0\u1ee3ng 600 kg \/ chi\u1ebfc.<\/p>\n<p>&nbsp;<\/p>\n","protected":false},"excerpt":{"rendered":"<p>Poseydon l\u00e0 m\u1ed9t thi\u1ebft k\u1ebf m\u1edbi nh\u1ea5t c\u1ee7a Acapella v\u1eeba \u0111\u01b0\u1ee3c gi\u1edbi thi\u1ec7u l\u1ea7n \u0111\u1ea7u ti\u00ean t\u1ea1i tri\u1ec3n l\u00e3m Munich Hiend Show 2011 v\u1eeba qua. V\u1edbi t\u00ean g\u1ecdi c\u1ee7a v\u1ecb th\u1ea7n bi\u1ec3n c\u1ea3 &#8211; Poseydon, \u0111\u00f4i loa bao g\u1ed3m hai th\u00e1p loa bass v\u1edbi t\u1ed5ng c\u1ed9ng 12 c\u1ee7 loa bass 10&#8243; (8 c\u1ee7 b\u00ean ngo\u00e0i v\u00e0 4 c\u1ee7 b\u00ean trong th\u00f9ng loa), m\u1ed9t loa trung k\u00e8n v\u00e0 m\u1ed9t loa treble plasma v\u1edbi d\u1ea3i t\u1ea7n \u0111\u00e1p \u1ee9ng l\u00ean \u0111\u1ebfn 50.000 Hz.<\/p>\n","protected":false},"featured_media":36046,"comment_status":"open","ping_status":"closed","template":"","meta":{"jetpack_post_was_ever_published":false,"jetpack_publicize_message":"","jetpack_is_tweetstorm":false,"jetpack_publicize_feature_enabled":true,"jetpack_social_post_already_shared":true,"jetpack_social_options":[]},"product_cat":[676],"product_tag":[677],"class_list":["post-35989","product","type-product","status-publish","has-post-thumbnail","hentry","product_cat-acapella","product_tag-acapella","description-off"],"jetpack_publicize_connections":[],"yoast_head":"<!-- This site is optimized with the Yoast SEO plugin v20.4 - https:\/\/yoast.com\/wordpress\/plugins\/seo\/ -->\n<title>Loa Acapella Poseydon - SaigonStereo<\/title>\n<meta name=\"robots\" content=\"index, follow, max-snippet:-1, max-image-preview:large, max-video-preview:-1\" \/>\n<link rel=\"canonical\" href=\"https:\/\/www.saigonstereo.com\/home\/san-pham\/loa-acapella-poseydon\/\" \/>\n<meta property=\"og:locale\" content=\"vi_VN\" \/>\n<meta property=\"og:type\" content=\"article\" \/>\n<meta property=\"og:title\" content=\"Loa Acapella Poseydon - SaigonStereo\" \/>\n<meta property=\"og:description\" content=\"Poseydon l\u00e0 m\u1ed9t thi\u1ebft k\u1ebf m\u1edbi nh\u1ea5t c\u1ee7a Acapella v\u1eeba \u0111\u01b0\u1ee3c gi\u1edbi thi\u1ec7u l\u1ea7n \u0111\u1ea7u ti\u00ean t\u1ea1i tri\u1ec3n l\u00e3m Munich Hiend Show 2011 v\u1eeba qua. V\u1edbi t\u00ean g\u1ecdi c\u1ee7a v\u1ecb th\u1ea7n bi\u1ec3n c\u1ea3 - Poseydon, \u0111\u00f4i loa bao g\u1ed3m hai th\u00e1p loa bass v\u1edbi t\u1ed5ng c\u1ed9ng 12 c\u1ee7 loa bass 10&quot; (8 c\u1ee7 b\u00ean ngo\u00e0i v\u00e0 4 c\u1ee7 b\u00ean trong th\u00f9ng loa), m\u1ed9t loa trung k\u00e8n v\u00e0 m\u1ed9t loa treble plasma v\u1edbi d\u1ea3i t\u1ea7n \u0111\u00e1p \u1ee9ng l\u00ean \u0111\u1ebfn 50.000 Hz.\" \/>\n<meta property=\"og:url\" content=\"https:\/\/www.saigonstereo.com\/home\/san-pham\/loa-acapella-poseydon\/\" \/>\n<meta property=\"og:site_name\" content=\"SaigonStereo\" \/>\n<meta property=\"article:modified_time\" content=\"2016-07-01T08:08:14+00:00\" \/>\n<meta property=\"og:image\" content=\"https:\/\/www.saigonstereo.com\/home\/wp-content\/uploads\/2015\/07\/Poseidon1.jpg\" \/>\n\t<meta property=\"og:image:width\" content=\"640\" \/>\n\t<meta property=\"og:image:height\" content=\"640\" \/>\n\t<meta property=\"og:image:type\" content=\"image\/jpeg\" \/>\n<meta name=\"twitter:card\" content=\"summary_large_image\" \/>\n<script type=\"application\/ld+json\" class=\"yoast-schema-graph\">{\"@context\":\"https:\/\/schema.org\",\"@graph\":[{\"@type\":\"WebPage\",\"@id\":\"https:\/\/www.saigonstereo.com\/home\/san-pham\/loa-acapella-poseydon\/\",\"url\":\"https:\/\/www.saigonstereo.com\/home\/san-pham\/loa-acapella-poseydon\/\",\"name\":\"Loa Acapella Poseydon - SaigonStereo\",\"isPartOf\":{\"@id\":\"https:\/\/www.saigonstereo.com\/home\/#website\"},\"datePublished\":\"2015-07-02T04:35:12+00:00\",\"dateModified\":\"2016-07-01T08:08:14+00:00\",\"breadcrumb\":{\"@id\":\"https:\/\/www.saigonstereo.com\/home\/san-pham\/loa-acapella-poseydon\/#breadcrumb\"},\"inLanguage\":\"vi\",\"potentialAction\":[{\"@type\":\"ReadAction\",\"target\":[\"https:\/\/www.saigonstereo.com\/home\/san-pham\/loa-acapella-poseydon\/\"]}]},{\"@type\":\"BreadcrumbList\",\"@id\":\"https:\/\/www.saigonstereo.com\/home\/san-pham\/loa-acapella-poseydon\/#breadcrumb\",\"itemListElement\":[{\"@type\":\"ListItem\",\"position\":1,\"name\":\"Home\",\"item\":\"https:\/\/www.saigonstereo.com\/home\/\"},{\"@type\":\"ListItem\",\"position\":2,\"name\":\"Products\",\"item\":\"https:\/\/www.saigonstereo.com\/home\/shop\/\"},{\"@type\":\"ListItem\",\"position\":3,\"name\":\"Loa Acapella Poseydon\"}]},{\"@type\":\"WebSite\",\"@id\":\"https:\/\/www.saigonstereo.com\/home\/#website\",\"url\":\"https:\/\/www.saigonstereo.com\/home\/\",\"name\":\"SaigonStereo\",\"description\":\"Nh\u00e0 ph\u00e2n ph\u1ed1i thi\u1ebft b\u1ecb \u00e2m thanh cao c\u1ea5p\",\"potentialAction\":[{\"@type\":\"SearchAction\",\"target\":{\"@type\":\"EntryPoint\",\"urlTemplate\":\"https:\/\/www.saigonstereo.com\/home\/?s={search_term_string}\"},\"query-input\":\"required name=search_term_string\"}],\"inLanguage\":\"vi\"}]}<\/script>\n<!-- \/ Yoast SEO plugin. -->","yoast_head_json":{"title":"Loa Acapella Poseydon - SaigonStereo","robots":{"index":"index","follow":"follow","max-snippet":"max-snippet:-1","max-image-preview":"max-image-preview:large","max-video-preview":"max-video-preview:-1"},"canonical":"https:\/\/www.saigonstereo.com\/home\/san-pham\/loa-acapella-poseydon\/","og_locale":"vi_VN","og_type":"article","og_title":"Loa Acapella Poseydon - SaigonStereo","og_description":"Poseydon l\u00e0 m\u1ed9t thi\u1ebft k\u1ebf m\u1edbi nh\u1ea5t c\u1ee7a Acapella v\u1eeba \u0111\u01b0\u1ee3c gi\u1edbi thi\u1ec7u l\u1ea7n \u0111\u1ea7u ti\u00ean t\u1ea1i tri\u1ec3n l\u00e3m Munich Hiend Show 2011 v\u1eeba qua. V\u1edbi t\u00ean g\u1ecdi c\u1ee7a v\u1ecb th\u1ea7n bi\u1ec3n c\u1ea3 - Poseydon, \u0111\u00f4i loa bao g\u1ed3m hai th\u00e1p loa bass v\u1edbi t\u1ed5ng c\u1ed9ng 12 c\u1ee7 loa bass 10\" (8 c\u1ee7 b\u00ean ngo\u00e0i v\u00e0 4 c\u1ee7 b\u00ean trong th\u00f9ng loa), m\u1ed9t loa trung k\u00e8n v\u00e0 m\u1ed9t loa treble plasma v\u1edbi d\u1ea3i t\u1ea7n \u0111\u00e1p \u1ee9ng l\u00ean \u0111\u1ebfn 50.000 Hz.","og_url":"https:\/\/www.saigonstereo.com\/home\/san-pham\/loa-acapella-poseydon\/","og_site_name":"SaigonStereo","article_modified_time":"2016-07-01T08:08:14+00:00","og_image":[{"width":640,"height":640,"url":"https:\/\/www.saigonstereo.com\/home\/wp-content\/uploads\/2015\/07\/Poseidon1.jpg","type":"image\/jpeg"}],"twitter_card":"summary_large_image","schema":{"@context":"https:\/\/schema.org","@graph":[{"@type":"WebPage","@id":"https:\/\/www.saigonstereo.com\/home\/san-pham\/loa-acapella-poseydon\/","url":"https:\/\/www.saigonstereo.com\/home\/san-pham\/loa-acapella-poseydon\/","name":"Loa Acapella Poseydon - SaigonStereo","isPartOf":{"@id":"https:\/\/www.saigonstereo.com\/home\/#website"},"datePublished":"2015-07-02T04:35:12+00:00","dateModified":"2016-07-01T08:08:14+00:00","breadcrumb":{"@id":"https:\/\/www.saigonstereo.com\/home\/san-pham\/loa-acapella-poseydon\/#breadcrumb"},"inLanguage":"vi","potentialAction":[{"@type":"ReadAction","target":["https:\/\/www.saigonstereo.com\/home\/san-pham\/loa-acapella-poseydon\/"]}]},{"@type":"BreadcrumbList","@id":"https:\/\/www.saigonstereo.com\/home\/san-pham\/loa-acapella-poseydon\/#breadcrumb","itemListElement":[{"@type":"ListItem","position":1,"name":"Home","item":"https:\/\/www.saigonstereo.com\/home\/"},{"@type":"ListItem","position":2,"name":"Products","item":"https:\/\/www.saigonstereo.com\/home\/shop\/"},{"@type":"ListItem","position":3,"name":"Loa Acapella Poseydon"}]},{"@type":"WebSite","@id":"https:\/\/www.saigonstereo.com\/home\/#website","url":"https:\/\/www.saigonstereo.com\/home\/","name":"SaigonStereo","description":"Nh\u00e0 ph\u00e2n ph\u1ed1i thi\u1ebft b\u1ecb \u00e2m thanh cao c\u1ea5p","potentialAction":[{"@type":"SearchAction","target":{"@type":"EntryPoint","urlTemplate":"https:\/\/www.saigonstereo.com\/home\/?s={search_term_string}"},"query-input":"required name=search_term_string"}],"inLanguage":"vi"}]}},"jetpack_sharing_enabled":true,"_links":{"self":[{"href":"https:\/\/www.saigonstereo.com\/home\/wp-json\/wp\/v2\/product\/35989","targetHints":{"allow":["GET"]}}],"collection":[{"href":"https:\/\/www.saigonstereo.com\/home\/wp-json\/wp\/v2\/product"}],"about":[{"href":"https:\/\/www.saigonstereo.com\/home\/wp-json\/wp\/v2\/types\/product"}],"replies":[{"embeddable":true,"href":"https:\/\/www.saigonstereo.com\/home\/wp-json\/wp\/v2\/comments?post=35989"}],"wp:featuredmedia":[{"embeddable":true,"href":"https:\/\/www.saigonstereo.com\/home\/wp-json\/wp\/v2\/media\/36046"}],"wp:attachment":[{"href":"https:\/\/www.saigonstereo.com\/home\/wp-json\/wp\/v2\/media?parent=35989"}],"wp:term":[{"taxonomy":"product_cat","embeddable":true,"href":"https:\/\/www.saigonstereo.com\/home\/wp-json\/wp\/v2\/product_cat?post=35989"},{"taxonomy":"product_tag","embeddable":true,"href":"https:\/\/www.saigonstereo.com\/home\/wp-json\/wp\/v2\/product_tag?post=35989"}],"curies":[{"name":"wp","href":"https:\/\/api.w.org\/{rel}","templated":true}]}}