{"id":36071,"date":"2015-07-02T14:29:36","date_gmt":"2015-07-02T07:29:36","guid":{"rendered":"http:\/\/www.saigonstereo.com\/home\/?post_type=product&#038;p=36071"},"modified":"2016-07-01T15:06:26","modified_gmt":"2016-07-01T08:06:26","slug":"loa-acapella-campanile-mk4","status":"publish","type":"product","link":"https:\/\/www.saigonstereo.com\/home\/san-pham\/loa-acapella-campanile-mk4\/","title":{"rendered":"Loa Acapella Campanile &#8211; MK4"},"content":{"rendered":"<p>Th\u00f4ng s\u1ed1 k\u1ef9 thu\u1eadt:<\/p>\n<p>\u0110\u1ed9 nh\u1ea1y 93dB<br \/>\nC\u00f4ng su\u1ea5t danh \u0111\u1ecbnh 200W<br \/>\nC\u00f4ng su\u1ea5t ampli khuy\u1ebfn c\u00e1o l\u1edbn h\u01a1n 15W<br \/>\nTr\u1ecdng l\u01b0\u1ee3ng 200kg\/loa<\/p>\n","protected":false},"excerpt":{"rendered":"<p>Acapella Campanile: l\u00e0 h\u1ec7 th\u1ed1ng loa 3,5 \u0111\u01b0\u1eddng ti\u1ebfng. B\u1ed1n loa bass 25cm ho\u1ea1t \u0111\u1ed9ng trong nh\u1eefng kh\u00f4ng gian k\u00edn ri\u00eang bi\u1ec7t, ho\u00e0n to\u00e0n kh\u00f4ng \u1ea3nh h\u01b0\u1edfng \u0111\u1ebfn nhau. Loa treble ion v\u00e0 loa trung k\u00e8n \u0111\u01b0\u1ee3c tinh ch\u1ec9nh \u0111\u1ec3 ho\u1ea1t \u0111\u1ed9ng t\u1ed1t nh\u1ea5t v\u1edbi m\u1ecdi m\u00f4i tr\u01b0\u1eddng \u00e2m nh\u1ea1c\u2026 Ch\u1ec9 c\u1ea7n nh\u1eafm m\u1eaft l\u1ea1i, b\u1ea1n s\u1ebd kh\u00f4ng c\u00f2n nh\u1eadn ra m\u00ecnh \u0111ang th\u01b0\u1edfng th\u1ee9c \u00e2m nh\u1ea1c t\u1eeb h\u1ec7 th\u1ed1ng hi-fi. B\u1ea1n s\u1ebd c\u1ea3m th\u1ea5y m\u00ecnh \u0111ang \u1edf trong bu\u1ed5i h\u00f2a nh\u1ea1c s\u1ed1ng \u0111\u1ed9ng v\u1edbi c\u00e1c ngh\u1ec7 s\u0129 \u1edf ngay tr\u01b0\u1edbc m\u1eb7t. \u0110\u01b0a tay v\u1ec1 ph\u00eda tr\u01b0\u1edbc, b\u1ea1n c\u00f3 th\u1ec3 ch\u1ea1m \u0111\u01b0\u1ee3c v\u00e0o h\u1ecd. ngay c\u1ea3 \u1edf nh\u1eefng m\u1ee9c volume th\u1ea5p nh\u1ea5t.<\/p>\n<p>&nbsp;<\/p>\n","protected":false},"featured_media":36072,"comment_status":"open","ping_status":"closed","template":"","meta":{"jetpack_post_was_ever_published":false,"jetpack_publicize_message":"","jetpack_is_tweetstorm":false,"jetpack_publicize_feature_enabled":true,"jetpack_social_post_already_shared":true,"jetpack_social_options":[]},"product_cat":[676],"product_tag":[677],"class_list":["post-36071","product","type-product","status-publish","has-post-thumbnail","hentry","product_cat-acapella","product_tag-acapella","description-off"],"jetpack_publicize_connections":[],"yoast_head":"<!-- This site is optimized with the Yoast SEO plugin v20.4 - https:\/\/yoast.com\/wordpress\/plugins\/seo\/ -->\n<title>Loa Acapella Campanile - MK4 - SaigonStereo<\/title>\n<meta name=\"robots\" content=\"index, follow, max-snippet:-1, max-image-preview:large, max-video-preview:-1\" \/>\n<link rel=\"canonical\" href=\"https:\/\/www.saigonstereo.com\/home\/san-pham\/loa-acapella-campanile-mk4\/\" \/>\n<meta property=\"og:locale\" content=\"vi_VN\" \/>\n<meta property=\"og:type\" content=\"article\" \/>\n<meta property=\"og:title\" content=\"Loa Acapella Campanile - MK4 - SaigonStereo\" \/>\n<meta property=\"og:description\" content=\"Acapella Campanile: l\u00e0 h\u1ec7 th\u1ed1ng loa 3,5 \u0111\u01b0\u1eddng ti\u1ebfng. B\u1ed1n loa bass 25cm ho\u1ea1t \u0111\u1ed9ng trong nh\u1eefng kh\u00f4ng gian k\u00edn ri\u00eang bi\u1ec7t, ho\u00e0n to\u00e0n kh\u00f4ng \u1ea3nh h\u01b0\u1edfng \u0111\u1ebfn nhau. Loa treble ion v\u00e0 loa trung k\u00e8n \u0111\u01b0\u1ee3c tinh ch\u1ec9nh \u0111\u1ec3 ho\u1ea1t \u0111\u1ed9ng t\u1ed1t nh\u1ea5t v\u1edbi m\u1ecdi m\u00f4i tr\u01b0\u1eddng \u00e2m nh\u1ea1c\u2026 Ch\u1ec9 c\u1ea7n nh\u1eafm m\u1eaft l\u1ea1i, b\u1ea1n s\u1ebd kh\u00f4ng c\u00f2n nh\u1eadn ra m\u00ecnh \u0111ang th\u01b0\u1edfng th\u1ee9c \u00e2m nh\u1ea1c t\u1eeb h\u1ec7 th\u1ed1ng hi-fi. B\u1ea1n s\u1ebd c\u1ea3m th\u1ea5y m\u00ecnh \u0111ang \u1edf trong bu\u1ed5i h\u00f2a nh\u1ea1c s\u1ed1ng \u0111\u1ed9ng v\u1edbi c\u00e1c ngh\u1ec7 s\u0129 \u1edf ngay tr\u01b0\u1edbc m\u1eb7t. \u0110\u01b0a tay v\u1ec1 ph\u00eda tr\u01b0\u1edbc, b\u1ea1n c\u00f3 th\u1ec3 ch\u1ea1m \u0111\u01b0\u1ee3c v\u00e0o h\u1ecd. ngay c\u1ea3 \u1edf nh\u1eefng m\u1ee9c volume th\u1ea5p nh\u1ea5t.  &nbsp;\" \/>\n<meta property=\"og:url\" content=\"https:\/\/www.saigonstereo.com\/home\/san-pham\/loa-acapella-campanile-mk4\/\" \/>\n<meta property=\"og:site_name\" content=\"SaigonStereo\" \/>\n<meta property=\"article:modified_time\" content=\"2016-07-01T08:06:26+00:00\" \/>\n<meta property=\"og:image\" content=\"https:\/\/www.saigonstereo.com\/home\/wp-content\/uploads\/2015\/07\/Campanile.jpg\" \/>\n\t<meta property=\"og:image:width\" content=\"640\" \/>\n\t<meta property=\"og:image:height\" content=\"640\" \/>\n\t<meta property=\"og:image:type\" content=\"image\/jpeg\" \/>\n<meta name=\"twitter:card\" content=\"summary_large_image\" \/>\n<script type=\"application\/ld+json\" class=\"yoast-schema-graph\">{\"@context\":\"https:\/\/schema.org\",\"@graph\":[{\"@type\":\"WebPage\",\"@id\":\"https:\/\/www.saigonstereo.com\/home\/san-pham\/loa-acapella-campanile-mk4\/\",\"url\":\"https:\/\/www.saigonstereo.com\/home\/san-pham\/loa-acapella-campanile-mk4\/\",\"name\":\"Loa Acapella Campanile - MK4 - SaigonStereo\",\"isPartOf\":{\"@id\":\"https:\/\/www.saigonstereo.com\/home\/#website\"},\"datePublished\":\"2015-07-02T07:29:36+00:00\",\"dateModified\":\"2016-07-01T08:06:26+00:00\",\"breadcrumb\":{\"@id\":\"https:\/\/www.saigonstereo.com\/home\/san-pham\/loa-acapella-campanile-mk4\/#breadcrumb\"},\"inLanguage\":\"vi\",\"potentialAction\":[{\"@type\":\"ReadAction\",\"target\":[\"https:\/\/www.saigonstereo.com\/home\/san-pham\/loa-acapella-campanile-mk4\/\"]}]},{\"@type\":\"BreadcrumbList\",\"@id\":\"https:\/\/www.saigonstereo.com\/home\/san-pham\/loa-acapella-campanile-mk4\/#breadcrumb\",\"itemListElement\":[{\"@type\":\"ListItem\",\"position\":1,\"name\":\"Home\",\"item\":\"https:\/\/www.saigonstereo.com\/home\/\"},{\"@type\":\"ListItem\",\"position\":2,\"name\":\"Products\",\"item\":\"https:\/\/www.saigonstereo.com\/home\/shop\/\"},{\"@type\":\"ListItem\",\"position\":3,\"name\":\"Loa Acapella Campanile &#8211; MK4\"}]},{\"@type\":\"WebSite\",\"@id\":\"https:\/\/www.saigonstereo.com\/home\/#website\",\"url\":\"https:\/\/www.saigonstereo.com\/home\/\",\"name\":\"SaigonStereo\",\"description\":\"Nh\u00e0 ph\u00e2n ph\u1ed1i thi\u1ebft b\u1ecb \u00e2m thanh cao c\u1ea5p\",\"potentialAction\":[{\"@type\":\"SearchAction\",\"target\":{\"@type\":\"EntryPoint\",\"urlTemplate\":\"https:\/\/www.saigonstereo.com\/home\/?s={search_term_string}\"},\"query-input\":\"required name=search_term_string\"}],\"inLanguage\":\"vi\"}]}<\/script>\n<!-- \/ Yoast SEO plugin. -->","yoast_head_json":{"title":"Loa Acapella Campanile - MK4 - SaigonStereo","robots":{"index":"index","follow":"follow","max-snippet":"max-snippet:-1","max-image-preview":"max-image-preview:large","max-video-preview":"max-video-preview:-1"},"canonical":"https:\/\/www.saigonstereo.com\/home\/san-pham\/loa-acapella-campanile-mk4\/","og_locale":"vi_VN","og_type":"article","og_title":"Loa Acapella Campanile - MK4 - SaigonStereo","og_description":"Acapella Campanile: l\u00e0 h\u1ec7 th\u1ed1ng loa 3,5 \u0111\u01b0\u1eddng ti\u1ebfng. B\u1ed1n loa bass 25cm ho\u1ea1t \u0111\u1ed9ng trong nh\u1eefng kh\u00f4ng gian k\u00edn ri\u00eang bi\u1ec7t, ho\u00e0n to\u00e0n kh\u00f4ng \u1ea3nh h\u01b0\u1edfng \u0111\u1ebfn nhau. Loa treble ion v\u00e0 loa trung k\u00e8n \u0111\u01b0\u1ee3c tinh ch\u1ec9nh \u0111\u1ec3 ho\u1ea1t \u0111\u1ed9ng t\u1ed1t nh\u1ea5t v\u1edbi m\u1ecdi m\u00f4i tr\u01b0\u1eddng \u00e2m nh\u1ea1c\u2026 Ch\u1ec9 c\u1ea7n nh\u1eafm m\u1eaft l\u1ea1i, b\u1ea1n s\u1ebd kh\u00f4ng c\u00f2n nh\u1eadn ra m\u00ecnh \u0111ang th\u01b0\u1edfng th\u1ee9c \u00e2m nh\u1ea1c t\u1eeb h\u1ec7 th\u1ed1ng hi-fi. B\u1ea1n s\u1ebd c\u1ea3m th\u1ea5y m\u00ecnh \u0111ang \u1edf trong bu\u1ed5i h\u00f2a nh\u1ea1c s\u1ed1ng \u0111\u1ed9ng v\u1edbi c\u00e1c ngh\u1ec7 s\u0129 \u1edf ngay tr\u01b0\u1edbc m\u1eb7t. \u0110\u01b0a tay v\u1ec1 ph\u00eda tr\u01b0\u1edbc, b\u1ea1n c\u00f3 th\u1ec3 ch\u1ea1m \u0111\u01b0\u1ee3c v\u00e0o h\u1ecd. ngay c\u1ea3 \u1edf nh\u1eefng m\u1ee9c volume th\u1ea5p nh\u1ea5t.  &nbsp;","og_url":"https:\/\/www.saigonstereo.com\/home\/san-pham\/loa-acapella-campanile-mk4\/","og_site_name":"SaigonStereo","article_modified_time":"2016-07-01T08:06:26+00:00","og_image":[{"width":640,"height":640,"url":"https:\/\/www.saigonstereo.com\/home\/wp-content\/uploads\/2015\/07\/Campanile.jpg","type":"image\/jpeg"}],"twitter_card":"summary_large_image","schema":{"@context":"https:\/\/schema.org","@graph":[{"@type":"WebPage","@id":"https:\/\/www.saigonstereo.com\/home\/san-pham\/loa-acapella-campanile-mk4\/","url":"https:\/\/www.saigonstereo.com\/home\/san-pham\/loa-acapella-campanile-mk4\/","name":"Loa Acapella Campanile - MK4 - SaigonStereo","isPartOf":{"@id":"https:\/\/www.saigonstereo.com\/home\/#website"},"datePublished":"2015-07-02T07:29:36+00:00","dateModified":"2016-07-01T08:06:26+00:00","breadcrumb":{"@id":"https:\/\/www.saigonstereo.com\/home\/san-pham\/loa-acapella-campanile-mk4\/#breadcrumb"},"inLanguage":"vi","potentialAction":[{"@type":"ReadAction","target":["https:\/\/www.saigonstereo.com\/home\/san-pham\/loa-acapella-campanile-mk4\/"]}]},{"@type":"BreadcrumbList","@id":"https:\/\/www.saigonstereo.com\/home\/san-pham\/loa-acapella-campanile-mk4\/#breadcrumb","itemListElement":[{"@type":"ListItem","position":1,"name":"Home","item":"https:\/\/www.saigonstereo.com\/home\/"},{"@type":"ListItem","position":2,"name":"Products","item":"https:\/\/www.saigonstereo.com\/home\/shop\/"},{"@type":"ListItem","position":3,"name":"Loa Acapella Campanile &#8211; MK4"}]},{"@type":"WebSite","@id":"https:\/\/www.saigonstereo.com\/home\/#website","url":"https:\/\/www.saigonstereo.com\/home\/","name":"SaigonStereo","description":"Nh\u00e0 ph\u00e2n ph\u1ed1i thi\u1ebft b\u1ecb \u00e2m thanh cao c\u1ea5p","potentialAction":[{"@type":"SearchAction","target":{"@type":"EntryPoint","urlTemplate":"https:\/\/www.saigonstereo.com\/home\/?s={search_term_string}"},"query-input":"required name=search_term_string"}],"inLanguage":"vi"}]}},"jetpack_sharing_enabled":true,"_links":{"self":[{"href":"https:\/\/www.saigonstereo.com\/home\/wp-json\/wp\/v2\/product\/36071","targetHints":{"allow":["GET"]}}],"collection":[{"href":"https:\/\/www.saigonstereo.com\/home\/wp-json\/wp\/v2\/product"}],"about":[{"href":"https:\/\/www.saigonstereo.com\/home\/wp-json\/wp\/v2\/types\/product"}],"replies":[{"embeddable":true,"href":"https:\/\/www.saigonstereo.com\/home\/wp-json\/wp\/v2\/comments?post=36071"}],"wp:featuredmedia":[{"embeddable":true,"href":"https:\/\/www.saigonstereo.com\/home\/wp-json\/wp\/v2\/media\/36072"}],"wp:attachment":[{"href":"https:\/\/www.saigonstereo.com\/home\/wp-json\/wp\/v2\/media?parent=36071"}],"wp:term":[{"taxonomy":"product_cat","embeddable":true,"href":"https:\/\/www.saigonstereo.com\/home\/wp-json\/wp\/v2\/product_cat?post=36071"},{"taxonomy":"product_tag","embeddable":true,"href":"https:\/\/www.saigonstereo.com\/home\/wp-json\/wp\/v2\/product_tag?post=36071"}],"curies":[{"name":"wp","href":"https:\/\/api.w.org\/{rel}","templated":true}]}}