{"id":36077,"date":"2015-07-02T14:42:37","date_gmt":"2015-07-02T07:42:37","guid":{"rendered":"http:\/\/www.saigonstereo.com\/home\/?post_type=product&#038;p=36077"},"modified":"2016-07-01T15:05:24","modified_gmt":"2016-07-01T08:05:24","slug":"loa-acapella-high-violon-cello-ii-mk2","status":"publish","type":"product","link":"https:\/\/www.saigonstereo.com\/home\/san-pham\/loa-acapella-high-violon-cello-ii-mk2\/","title":{"rendered":"Loa Acapella High Violon Cello II &#8211; MK2"},"content":{"rendered":"<p>Th\u00f4ng s\u1ed1 k\u1ef9 thu\u1eadt:<\/p>\n<p>\u0110\u1ed9 nh\u1ea1y 91dB<br \/>\nC\u00f4ng su\u1ea5t ampli \u0111\u1ec1 ngh\u1ecb &gt;25W<br \/>\nK\u00edch th\u01b0\u1edbc C x R x S 162 x 47 x 69 cm<br \/>\nTr\u1ecdng l\u01b0\u1ee3ng 140kg<\/p>\n","protected":false},"excerpt":{"rendered":"<p>High Violon Cello II l\u00e0 m\u1ed9t thi\u1ebft k\u1ebf m\u1edbi c\u1ee7a h\u00e3ng Acapella. V\u1edbi k\u00edch th\u01b0\u1edbc l\u1edbn h\u01a1n m\u1eabu loa Violon, High Violon Cello II l\u00e0 m\u1ed9t s\u1ef1 k\u1ebft h\u1ee3p quy\u1ebfn r\u0169 gi\u1eefa thi\u1ebft k\u1ebf loa k\u00e8n v\u00e0 c\u00e1c \u01b0u \u0111i\u1ec3m c\u1ee7a thi\u1ebft k\u1ebf loa th\u00f9ng th\u00f4ng th\u01b0\u1eddng. \u0110\u00e1ng ng\u1ea1c nhi\u00ean h\u01a1n, High Violon Cello II c\u00f2n mang \u0111\u1ebfn \u00e2m tr\u1ea7m s\u00e2u v\u00e0 ch\u1eafc n\u1ecbch, k\u1ebft h\u1ee3p c\u00f9ng loa treble plasma mang \u0111\u1ebfn cho High Violon Cello II m\u1ed9t d\u1ea3i t\u1ea7n \u0111\u00e1p \u1ee9ng si\u00eau r\u1ed9ng.<\/p>\n","protected":false},"featured_media":36079,"comment_status":"open","ping_status":"closed","template":"","meta":{"jetpack_post_was_ever_published":false,"jetpack_publicize_message":"","jetpack_is_tweetstorm":false,"jetpack_publicize_feature_enabled":true,"jetpack_social_post_already_shared":true,"jetpack_social_options":[]},"product_cat":[676],"product_tag":[677],"class_list":["post-36077","product","type-product","status-publish","has-post-thumbnail","hentry","product_cat-acapella","product_tag-acapella","description-off"],"jetpack_publicize_connections":[],"yoast_head":"<!-- This site is optimized with the Yoast SEO plugin v20.4 - https:\/\/yoast.com\/wordpress\/plugins\/seo\/ -->\n<title>Loa Acapella High Violon Cello II - MK2 - SaigonStereo<\/title>\n<meta name=\"robots\" content=\"index, follow, max-snippet:-1, max-image-preview:large, max-video-preview:-1\" \/>\n<link rel=\"canonical\" href=\"https:\/\/www.saigonstereo.com\/home\/san-pham\/loa-acapella-high-violon-cello-ii-mk2\/\" \/>\n<meta property=\"og:locale\" content=\"vi_VN\" \/>\n<meta property=\"og:type\" content=\"article\" \/>\n<meta property=\"og:title\" content=\"Loa Acapella High Violon Cello II - MK2 - SaigonStereo\" \/>\n<meta property=\"og:description\" content=\"High Violon Cello II l\u00e0 m\u1ed9t thi\u1ebft k\u1ebf m\u1edbi c\u1ee7a h\u00e3ng Acapella. V\u1edbi k\u00edch th\u01b0\u1edbc l\u1edbn h\u01a1n m\u1eabu loa Violon, High Violon Cello II l\u00e0 m\u1ed9t s\u1ef1 k\u1ebft h\u1ee3p quy\u1ebfn r\u0169 gi\u1eefa thi\u1ebft k\u1ebf loa k\u00e8n v\u00e0 c\u00e1c \u01b0u \u0111i\u1ec3m c\u1ee7a thi\u1ebft k\u1ebf loa th\u00f9ng th\u00f4ng th\u01b0\u1eddng. \u0110\u00e1ng ng\u1ea1c nhi\u00ean h\u01a1n, High Violon Cello II c\u00f2n mang \u0111\u1ebfn \u00e2m tr\u1ea7m s\u00e2u v\u00e0 ch\u1eafc n\u1ecbch, k\u1ebft h\u1ee3p c\u00f9ng loa treble plasma mang \u0111\u1ebfn cho High Violon Cello II m\u1ed9t d\u1ea3i t\u1ea7n \u0111\u00e1p \u1ee9ng si\u00eau r\u1ed9ng.\" \/>\n<meta property=\"og:url\" content=\"https:\/\/www.saigonstereo.com\/home\/san-pham\/loa-acapella-high-violon-cello-ii-mk2\/\" \/>\n<meta property=\"og:site_name\" content=\"SaigonStereo\" \/>\n<meta property=\"article:modified_time\" content=\"2016-07-01T08:05:24+00:00\" \/>\n<meta property=\"og:image\" content=\"https:\/\/www.saigonstereo.com\/home\/wp-content\/uploads\/2015\/07\/Violon.jpg\" \/>\n\t<meta property=\"og:image:width\" content=\"640\" \/>\n\t<meta property=\"og:image:height\" content=\"640\" \/>\n\t<meta property=\"og:image:type\" content=\"image\/jpeg\" \/>\n<meta name=\"twitter:card\" content=\"summary_large_image\" \/>\n<script type=\"application\/ld+json\" class=\"yoast-schema-graph\">{\"@context\":\"https:\/\/schema.org\",\"@graph\":[{\"@type\":\"WebPage\",\"@id\":\"https:\/\/www.saigonstereo.com\/home\/san-pham\/loa-acapella-high-violon-cello-ii-mk2\/\",\"url\":\"https:\/\/www.saigonstereo.com\/home\/san-pham\/loa-acapella-high-violon-cello-ii-mk2\/\",\"name\":\"Loa Acapella High Violon Cello II - MK2 - SaigonStereo\",\"isPartOf\":{\"@id\":\"https:\/\/www.saigonstereo.com\/home\/#website\"},\"datePublished\":\"2015-07-02T07:42:37+00:00\",\"dateModified\":\"2016-07-01T08:05:24+00:00\",\"breadcrumb\":{\"@id\":\"https:\/\/www.saigonstereo.com\/home\/san-pham\/loa-acapella-high-violon-cello-ii-mk2\/#breadcrumb\"},\"inLanguage\":\"vi\",\"potentialAction\":[{\"@type\":\"ReadAction\",\"target\":[\"https:\/\/www.saigonstereo.com\/home\/san-pham\/loa-acapella-high-violon-cello-ii-mk2\/\"]}]},{\"@type\":\"BreadcrumbList\",\"@id\":\"https:\/\/www.saigonstereo.com\/home\/san-pham\/loa-acapella-high-violon-cello-ii-mk2\/#breadcrumb\",\"itemListElement\":[{\"@type\":\"ListItem\",\"position\":1,\"name\":\"Home\",\"item\":\"https:\/\/www.saigonstereo.com\/home\/\"},{\"@type\":\"ListItem\",\"position\":2,\"name\":\"Products\",\"item\":\"https:\/\/www.saigonstereo.com\/home\/shop\/\"},{\"@type\":\"ListItem\",\"position\":3,\"name\":\"Loa Acapella High Violon Cello II &#8211; MK2\"}]},{\"@type\":\"WebSite\",\"@id\":\"https:\/\/www.saigonstereo.com\/home\/#website\",\"url\":\"https:\/\/www.saigonstereo.com\/home\/\",\"name\":\"SaigonStereo\",\"description\":\"Nh\u00e0 ph\u00e2n ph\u1ed1i thi\u1ebft b\u1ecb \u00e2m thanh cao c\u1ea5p\",\"potentialAction\":[{\"@type\":\"SearchAction\",\"target\":{\"@type\":\"EntryPoint\",\"urlTemplate\":\"https:\/\/www.saigonstereo.com\/home\/?s={search_term_string}\"},\"query-input\":\"required name=search_term_string\"}],\"inLanguage\":\"vi\"}]}<\/script>\n<!-- \/ Yoast SEO plugin. -->","yoast_head_json":{"title":"Loa Acapella High Violon Cello II - MK2 - SaigonStereo","robots":{"index":"index","follow":"follow","max-snippet":"max-snippet:-1","max-image-preview":"max-image-preview:large","max-video-preview":"max-video-preview:-1"},"canonical":"https:\/\/www.saigonstereo.com\/home\/san-pham\/loa-acapella-high-violon-cello-ii-mk2\/","og_locale":"vi_VN","og_type":"article","og_title":"Loa Acapella High Violon Cello II - MK2 - SaigonStereo","og_description":"High Violon Cello II l\u00e0 m\u1ed9t thi\u1ebft k\u1ebf m\u1edbi c\u1ee7a h\u00e3ng Acapella. V\u1edbi k\u00edch th\u01b0\u1edbc l\u1edbn h\u01a1n m\u1eabu loa Violon, High Violon Cello II l\u00e0 m\u1ed9t s\u1ef1 k\u1ebft h\u1ee3p quy\u1ebfn r\u0169 gi\u1eefa thi\u1ebft k\u1ebf loa k\u00e8n v\u00e0 c\u00e1c \u01b0u \u0111i\u1ec3m c\u1ee7a thi\u1ebft k\u1ebf loa th\u00f9ng th\u00f4ng th\u01b0\u1eddng. \u0110\u00e1ng ng\u1ea1c nhi\u00ean h\u01a1n, High Violon Cello II c\u00f2n mang \u0111\u1ebfn \u00e2m tr\u1ea7m s\u00e2u v\u00e0 ch\u1eafc n\u1ecbch, k\u1ebft h\u1ee3p c\u00f9ng loa treble plasma mang \u0111\u1ebfn cho High Violon Cello II m\u1ed9t d\u1ea3i t\u1ea7n \u0111\u00e1p \u1ee9ng si\u00eau r\u1ed9ng.","og_url":"https:\/\/www.saigonstereo.com\/home\/san-pham\/loa-acapella-high-violon-cello-ii-mk2\/","og_site_name":"SaigonStereo","article_modified_time":"2016-07-01T08:05:24+00:00","og_image":[{"width":640,"height":640,"url":"https:\/\/www.saigonstereo.com\/home\/wp-content\/uploads\/2015\/07\/Violon.jpg","type":"image\/jpeg"}],"twitter_card":"summary_large_image","schema":{"@context":"https:\/\/schema.org","@graph":[{"@type":"WebPage","@id":"https:\/\/www.saigonstereo.com\/home\/san-pham\/loa-acapella-high-violon-cello-ii-mk2\/","url":"https:\/\/www.saigonstereo.com\/home\/san-pham\/loa-acapella-high-violon-cello-ii-mk2\/","name":"Loa Acapella High Violon Cello II - MK2 - SaigonStereo","isPartOf":{"@id":"https:\/\/www.saigonstereo.com\/home\/#website"},"datePublished":"2015-07-02T07:42:37+00:00","dateModified":"2016-07-01T08:05:24+00:00","breadcrumb":{"@id":"https:\/\/www.saigonstereo.com\/home\/san-pham\/loa-acapella-high-violon-cello-ii-mk2\/#breadcrumb"},"inLanguage":"vi","potentialAction":[{"@type":"ReadAction","target":["https:\/\/www.saigonstereo.com\/home\/san-pham\/loa-acapella-high-violon-cello-ii-mk2\/"]}]},{"@type":"BreadcrumbList","@id":"https:\/\/www.saigonstereo.com\/home\/san-pham\/loa-acapella-high-violon-cello-ii-mk2\/#breadcrumb","itemListElement":[{"@type":"ListItem","position":1,"name":"Home","item":"https:\/\/www.saigonstereo.com\/home\/"},{"@type":"ListItem","position":2,"name":"Products","item":"https:\/\/www.saigonstereo.com\/home\/shop\/"},{"@type":"ListItem","position":3,"name":"Loa Acapella High Violon Cello II &#8211; MK2"}]},{"@type":"WebSite","@id":"https:\/\/www.saigonstereo.com\/home\/#website","url":"https:\/\/www.saigonstereo.com\/home\/","name":"SaigonStereo","description":"Nh\u00e0 ph\u00e2n ph\u1ed1i thi\u1ebft b\u1ecb \u00e2m thanh cao c\u1ea5p","potentialAction":[{"@type":"SearchAction","target":{"@type":"EntryPoint","urlTemplate":"https:\/\/www.saigonstereo.com\/home\/?s={search_term_string}"},"query-input":"required name=search_term_string"}],"inLanguage":"vi"}]}},"jetpack_sharing_enabled":true,"_links":{"self":[{"href":"https:\/\/www.saigonstereo.com\/home\/wp-json\/wp\/v2\/product\/36077","targetHints":{"allow":["GET"]}}],"collection":[{"href":"https:\/\/www.saigonstereo.com\/home\/wp-json\/wp\/v2\/product"}],"about":[{"href":"https:\/\/www.saigonstereo.com\/home\/wp-json\/wp\/v2\/types\/product"}],"replies":[{"embeddable":true,"href":"https:\/\/www.saigonstereo.com\/home\/wp-json\/wp\/v2\/comments?post=36077"}],"wp:featuredmedia":[{"embeddable":true,"href":"https:\/\/www.saigonstereo.com\/home\/wp-json\/wp\/v2\/media\/36079"}],"wp:attachment":[{"href":"https:\/\/www.saigonstereo.com\/home\/wp-json\/wp\/v2\/media?parent=36077"}],"wp:term":[{"taxonomy":"product_cat","embeddable":true,"href":"https:\/\/www.saigonstereo.com\/home\/wp-json\/wp\/v2\/product_cat?post=36077"},{"taxonomy":"product_tag","embeddable":true,"href":"https:\/\/www.saigonstereo.com\/home\/wp-json\/wp\/v2\/product_tag?post=36077"}],"curies":[{"name":"wp","href":"https:\/\/api.w.org\/{rel}","templated":true}]}}