{"id":36187,"date":"2015-07-02T17:03:41","date_gmt":"2015-07-02T10:03:41","guid":{"rendered":"http:\/\/www.saigonstereo.com\/home\/?post_type=product&#038;p=36187"},"modified":"2016-07-01T15:03:55","modified_gmt":"2016-07-01T08:03:55","slug":"loa-acapella-lacampanella-alto-mk3","status":"publish","type":"product","link":"https:\/\/www.saigonstereo.com\/home\/san-pham\/loa-acapella-lacampanella-alto-mk3\/","title":{"rendered":"Loa Acapella LaCampanella Alto &#8211; MK3"},"content":{"rendered":"<p>Th\u00f4ng s\u1ed1 k\u1ef9 thu\u1eadt:<\/p>\n<p>\u0110\u1ed9 nh\u1ea1y 95 dB \/ W \/ m<br \/>\nK\u00edch th\u01b0\u1edbc C x R x S 224 x 40 x 68.5cm<br \/>\nC\u00f4ng su\u1ea5t ampli \u0111\u1ec1 ngh\u1ecb 15W\/4ohm<br \/>\nTr\u1ecdng l\u01b0\u1ee3ng 160 kg<\/p>\n","protected":false},"excerpt":{"rendered":"<p>Acapella LaCampanella Alto MKIII \u0111\u01b0\u1ee3c ph\u00e1t tri\u1ec3n t\u1eeb m\u1eabu loa LaCampanella \u0111\u00e3 kh\u00e1 quen thu\u1ed9c. C\u1ea3i ti\u1ebfn \u0111\u00e1ng gi\u00e1 nh\u1ea5t c\u1ee7a Alto l\u00e0 kh\u1ea3 n\u0103ng ph\u1ed1i gh\u00e9p v\u1edbi ampli \u0111\u00e8n c\u00f4ng su\u1ea5t nh\u1ecf, mang l\u1ea1i \u00e2m thanh m\u1ec1m m\u1ea1i v\u00e0 m\u01b0\u1ee3t m\u00e0 h\u01a1n.<\/p>\n","protected":false},"featured_media":36189,"comment_status":"open","ping_status":"closed","template":"","meta":{"jetpack_post_was_ever_published":false,"jetpack_publicize_message":"","jetpack_is_tweetstorm":false,"jetpack_publicize_feature_enabled":true,"jetpack_social_post_already_shared":true,"jetpack_social_options":[]},"product_cat":[676],"product_tag":[677],"class_list":["post-36187","product","type-product","status-publish","has-post-thumbnail","hentry","product_cat-acapella","product_tag-acapella","description-off"],"jetpack_publicize_connections":[],"yoast_head":"<!-- This site is optimized with the Yoast SEO plugin v20.4 - https:\/\/yoast.com\/wordpress\/plugins\/seo\/ -->\n<title>Loa Acapella LaCampanella Alto - MK3 - SaigonStereo<\/title>\n<meta name=\"robots\" content=\"index, follow, max-snippet:-1, max-image-preview:large, max-video-preview:-1\" \/>\n<link rel=\"canonical\" href=\"https:\/\/www.saigonstereo.com\/home\/san-pham\/loa-acapella-lacampanella-alto-mk3\/\" \/>\n<meta property=\"og:locale\" content=\"vi_VN\" \/>\n<meta property=\"og:type\" content=\"article\" \/>\n<meta property=\"og:title\" content=\"Loa Acapella LaCampanella Alto - MK3 - SaigonStereo\" \/>\n<meta property=\"og:description\" content=\"Acapella LaCampanella Alto MKIII \u0111\u01b0\u1ee3c ph\u00e1t tri\u1ec3n t\u1eeb m\u1eabu loa LaCampanella \u0111\u00e3 kh\u00e1 quen thu\u1ed9c. C\u1ea3i ti\u1ebfn \u0111\u00e1ng gi\u00e1 nh\u1ea5t c\u1ee7a Alto l\u00e0 kh\u1ea3 n\u0103ng ph\u1ed1i gh\u00e9p v\u1edbi ampli \u0111\u00e8n c\u00f4ng su\u1ea5t nh\u1ecf, mang l\u1ea1i \u00e2m thanh m\u1ec1m m\u1ea1i v\u00e0 m\u01b0\u1ee3t m\u00e0 h\u01a1n.\" \/>\n<meta property=\"og:url\" content=\"https:\/\/www.saigonstereo.com\/home\/san-pham\/loa-acapella-lacampanella-alto-mk3\/\" \/>\n<meta property=\"og:site_name\" content=\"SaigonStereo\" \/>\n<meta property=\"article:modified_time\" content=\"2016-07-01T08:03:55+00:00\" \/>\n<meta property=\"og:image\" content=\"https:\/\/www.saigonstereo.com\/home\/wp-content\/uploads\/2015\/07\/LaCampanellaAlto.jpg\" \/>\n\t<meta property=\"og:image:width\" content=\"640\" \/>\n\t<meta property=\"og:image:height\" content=\"640\" \/>\n\t<meta property=\"og:image:type\" content=\"image\/jpeg\" \/>\n<meta name=\"twitter:card\" content=\"summary_large_image\" \/>\n<script type=\"application\/ld+json\" class=\"yoast-schema-graph\">{\"@context\":\"https:\/\/schema.org\",\"@graph\":[{\"@type\":\"WebPage\",\"@id\":\"https:\/\/www.saigonstereo.com\/home\/san-pham\/loa-acapella-lacampanella-alto-mk3\/\",\"url\":\"https:\/\/www.saigonstereo.com\/home\/san-pham\/loa-acapella-lacampanella-alto-mk3\/\",\"name\":\"Loa Acapella LaCampanella Alto - MK3 - SaigonStereo\",\"isPartOf\":{\"@id\":\"https:\/\/www.saigonstereo.com\/home\/#website\"},\"datePublished\":\"2015-07-02T10:03:41+00:00\",\"dateModified\":\"2016-07-01T08:03:55+00:00\",\"breadcrumb\":{\"@id\":\"https:\/\/www.saigonstereo.com\/home\/san-pham\/loa-acapella-lacampanella-alto-mk3\/#breadcrumb\"},\"inLanguage\":\"vi\",\"potentialAction\":[{\"@type\":\"ReadAction\",\"target\":[\"https:\/\/www.saigonstereo.com\/home\/san-pham\/loa-acapella-lacampanella-alto-mk3\/\"]}]},{\"@type\":\"BreadcrumbList\",\"@id\":\"https:\/\/www.saigonstereo.com\/home\/san-pham\/loa-acapella-lacampanella-alto-mk3\/#breadcrumb\",\"itemListElement\":[{\"@type\":\"ListItem\",\"position\":1,\"name\":\"Home\",\"item\":\"https:\/\/www.saigonstereo.com\/home\/\"},{\"@type\":\"ListItem\",\"position\":2,\"name\":\"Products\",\"item\":\"https:\/\/www.saigonstereo.com\/home\/shop\/\"},{\"@type\":\"ListItem\",\"position\":3,\"name\":\"Loa Acapella LaCampanella Alto &#8211; MK3\"}]},{\"@type\":\"WebSite\",\"@id\":\"https:\/\/www.saigonstereo.com\/home\/#website\",\"url\":\"https:\/\/www.saigonstereo.com\/home\/\",\"name\":\"SaigonStereo\",\"description\":\"Nh\u00e0 ph\u00e2n ph\u1ed1i thi\u1ebft b\u1ecb \u00e2m thanh cao c\u1ea5p\",\"potentialAction\":[{\"@type\":\"SearchAction\",\"target\":{\"@type\":\"EntryPoint\",\"urlTemplate\":\"https:\/\/www.saigonstereo.com\/home\/?s={search_term_string}\"},\"query-input\":\"required name=search_term_string\"}],\"inLanguage\":\"vi\"}]}<\/script>\n<!-- \/ Yoast SEO plugin. -->","yoast_head_json":{"title":"Loa Acapella LaCampanella Alto - MK3 - SaigonStereo","robots":{"index":"index","follow":"follow","max-snippet":"max-snippet:-1","max-image-preview":"max-image-preview:large","max-video-preview":"max-video-preview:-1"},"canonical":"https:\/\/www.saigonstereo.com\/home\/san-pham\/loa-acapella-lacampanella-alto-mk3\/","og_locale":"vi_VN","og_type":"article","og_title":"Loa Acapella LaCampanella Alto - MK3 - SaigonStereo","og_description":"Acapella LaCampanella Alto MKIII \u0111\u01b0\u1ee3c ph\u00e1t tri\u1ec3n t\u1eeb m\u1eabu loa LaCampanella \u0111\u00e3 kh\u00e1 quen thu\u1ed9c. C\u1ea3i ti\u1ebfn \u0111\u00e1ng gi\u00e1 nh\u1ea5t c\u1ee7a Alto l\u00e0 kh\u1ea3 n\u0103ng ph\u1ed1i gh\u00e9p v\u1edbi ampli \u0111\u00e8n c\u00f4ng su\u1ea5t nh\u1ecf, mang l\u1ea1i \u00e2m thanh m\u1ec1m m\u1ea1i v\u00e0 m\u01b0\u1ee3t m\u00e0 h\u01a1n.","og_url":"https:\/\/www.saigonstereo.com\/home\/san-pham\/loa-acapella-lacampanella-alto-mk3\/","og_site_name":"SaigonStereo","article_modified_time":"2016-07-01T08:03:55+00:00","og_image":[{"width":640,"height":640,"url":"https:\/\/www.saigonstereo.com\/home\/wp-content\/uploads\/2015\/07\/LaCampanellaAlto.jpg","type":"image\/jpeg"}],"twitter_card":"summary_large_image","schema":{"@context":"https:\/\/schema.org","@graph":[{"@type":"WebPage","@id":"https:\/\/www.saigonstereo.com\/home\/san-pham\/loa-acapella-lacampanella-alto-mk3\/","url":"https:\/\/www.saigonstereo.com\/home\/san-pham\/loa-acapella-lacampanella-alto-mk3\/","name":"Loa Acapella LaCampanella Alto - MK3 - SaigonStereo","isPartOf":{"@id":"https:\/\/www.saigonstereo.com\/home\/#website"},"datePublished":"2015-07-02T10:03:41+00:00","dateModified":"2016-07-01T08:03:55+00:00","breadcrumb":{"@id":"https:\/\/www.saigonstereo.com\/home\/san-pham\/loa-acapella-lacampanella-alto-mk3\/#breadcrumb"},"inLanguage":"vi","potentialAction":[{"@type":"ReadAction","target":["https:\/\/www.saigonstereo.com\/home\/san-pham\/loa-acapella-lacampanella-alto-mk3\/"]}]},{"@type":"BreadcrumbList","@id":"https:\/\/www.saigonstereo.com\/home\/san-pham\/loa-acapella-lacampanella-alto-mk3\/#breadcrumb","itemListElement":[{"@type":"ListItem","position":1,"name":"Home","item":"https:\/\/www.saigonstereo.com\/home\/"},{"@type":"ListItem","position":2,"name":"Products","item":"https:\/\/www.saigonstereo.com\/home\/shop\/"},{"@type":"ListItem","position":3,"name":"Loa Acapella LaCampanella Alto &#8211; MK3"}]},{"@type":"WebSite","@id":"https:\/\/www.saigonstereo.com\/home\/#website","url":"https:\/\/www.saigonstereo.com\/home\/","name":"SaigonStereo","description":"Nh\u00e0 ph\u00e2n ph\u1ed1i thi\u1ebft b\u1ecb \u00e2m thanh cao c\u1ea5p","potentialAction":[{"@type":"SearchAction","target":{"@type":"EntryPoint","urlTemplate":"https:\/\/www.saigonstereo.com\/home\/?s={search_term_string}"},"query-input":"required name=search_term_string"}],"inLanguage":"vi"}]}},"jetpack_sharing_enabled":true,"_links":{"self":[{"href":"https:\/\/www.saigonstereo.com\/home\/wp-json\/wp\/v2\/product\/36187","targetHints":{"allow":["GET"]}}],"collection":[{"href":"https:\/\/www.saigonstereo.com\/home\/wp-json\/wp\/v2\/product"}],"about":[{"href":"https:\/\/www.saigonstereo.com\/home\/wp-json\/wp\/v2\/types\/product"}],"replies":[{"embeddable":true,"href":"https:\/\/www.saigonstereo.com\/home\/wp-json\/wp\/v2\/comments?post=36187"}],"wp:featuredmedia":[{"embeddable":true,"href":"https:\/\/www.saigonstereo.com\/home\/wp-json\/wp\/v2\/media\/36189"}],"wp:attachment":[{"href":"https:\/\/www.saigonstereo.com\/home\/wp-json\/wp\/v2\/media?parent=36187"}],"wp:term":[{"taxonomy":"product_cat","embeddable":true,"href":"https:\/\/www.saigonstereo.com\/home\/wp-json\/wp\/v2\/product_cat?post=36187"},{"taxonomy":"product_tag","embeddable":true,"href":"https:\/\/www.saigonstereo.com\/home\/wp-json\/wp\/v2\/product_tag?post=36187"}],"curies":[{"name":"wp","href":"https:\/\/api.w.org\/{rel}","templated":true}]}}