{"id":36226,"date":"2015-07-03T10:14:20","date_gmt":"2015-07-03T03:14:20","guid":{"rendered":"http:\/\/www.saigonstereo.com\/home\/?post_type=product&#038;p=36226"},"modified":"2016-07-01T15:03:16","modified_gmt":"2016-07-01T08:03:16","slug":"loa-acapella-lacampanella-mk3","status":"publish","type":"product","link":"https:\/\/www.saigonstereo.com\/home\/san-pham\/loa-acapella-lacampanella-mk3\/","title":{"rendered":"Loa Acapella LaCampanella &#8211; MK3"},"content":{"rendered":"<p>Th\u00f4ng s\u1ed1 k\u1ef9 thu\u1eadt:<\/p>\n<p>\u0110\u1ed9 nh\u1ea1y 93 dB \/ W \/ m<br \/>\nTr\u1edf kh\u00e1ng 8 Ohm<br \/>\nK\u00edch th\u01b0\u1edbc C x R x S 141 x 39 x 61cm<br \/>\nC\u00f4ng su\u1ea5t ampli khuy\u00ean d\u00f9ng &gt;15W<br \/>\nTr\u1ecdng l\u01b0\u1ee3ng 85 kg<\/p>\n","protected":false},"excerpt":{"rendered":"<p>Acapella LaCampanella MKIII l\u00e0 m\u1ed9t \u0111\u00f4i loa 2 \u0111\u01b0\u1eddng ti\u1ebfng v\u1edbi kh\u1ea3 n\u0103ng tr\u00ecnh di\u1ec5n bass s\u00e2u v\u00e0 d\u1ea3i cao th\u1eadt uy\u1ec3n chuy\u1ec3n. \u0110\u01b0\u1ee3c trang b\u1ecb h\u1ecdng k\u00e8n b\u00e1n c\u1ea7u thi\u1ebft k\u1ebf \u0111\u1eb7c tr\u01b0ng c\u1ee7a Acapella, LaCampanella c\u00f3 kh\u1ea3 n\u0103ng tr\u00ecnh di\u1ec5n s\u1ed1ng \u0111\u1ed9ng m\u1ecdi th\u1ec3 lo\u1ea1i nh\u1ea1c, \u0111\u1eb7c bi\u1ec7t l\u00e0 c\u00e1c b\u1ea3n thu live tr\u1ef1c ti\u1ebfp.<\/p>\n","protected":false},"featured_media":36227,"comment_status":"open","ping_status":"closed","template":"","meta":{"jetpack_post_was_ever_published":false,"jetpack_publicize_message":"","jetpack_is_tweetstorm":false,"jetpack_publicize_feature_enabled":true,"jetpack_social_post_already_shared":true,"jetpack_social_options":[]},"product_cat":[676],"product_tag":[677],"class_list":["post-36226","product","type-product","status-publish","has-post-thumbnail","hentry","product_cat-acapella","product_tag-acapella","description-off"],"jetpack_publicize_connections":[],"yoast_head":"<!-- This site is optimized with the Yoast SEO plugin v20.4 - https:\/\/yoast.com\/wordpress\/plugins\/seo\/ -->\n<title>Loa Acapella LaCampanella - MK3 - SaigonStereo<\/title>\n<meta name=\"robots\" content=\"index, follow, max-snippet:-1, max-image-preview:large, max-video-preview:-1\" \/>\n<link rel=\"canonical\" href=\"https:\/\/www.saigonstereo.com\/home\/san-pham\/loa-acapella-lacampanella-mk3\/\" \/>\n<meta property=\"og:locale\" content=\"vi_VN\" \/>\n<meta property=\"og:type\" content=\"article\" \/>\n<meta property=\"og:title\" content=\"Loa Acapella LaCampanella - MK3 - SaigonStereo\" \/>\n<meta property=\"og:description\" content=\"Acapella LaCampanella MKIII l\u00e0 m\u1ed9t \u0111\u00f4i loa 2 \u0111\u01b0\u1eddng ti\u1ebfng v\u1edbi kh\u1ea3 n\u0103ng tr\u00ecnh di\u1ec5n bass s\u00e2u v\u00e0 d\u1ea3i cao th\u1eadt uy\u1ec3n chuy\u1ec3n. \u0110\u01b0\u1ee3c trang b\u1ecb h\u1ecdng k\u00e8n b\u00e1n c\u1ea7u thi\u1ebft k\u1ebf \u0111\u1eb7c tr\u01b0ng c\u1ee7a Acapella, LaCampanella c\u00f3 kh\u1ea3 n\u0103ng tr\u00ecnh di\u1ec5n s\u1ed1ng \u0111\u1ed9ng m\u1ecdi th\u1ec3 lo\u1ea1i nh\u1ea1c, \u0111\u1eb7c bi\u1ec7t l\u00e0 c\u00e1c b\u1ea3n thu live tr\u1ef1c ti\u1ebfp.\" \/>\n<meta property=\"og:url\" content=\"https:\/\/www.saigonstereo.com\/home\/san-pham\/loa-acapella-lacampanella-mk3\/\" \/>\n<meta property=\"og:site_name\" content=\"SaigonStereo\" \/>\n<meta property=\"article:modified_time\" content=\"2016-07-01T08:03:16+00:00\" \/>\n<meta property=\"og:image\" content=\"https:\/\/www.saigonstereo.com\/home\/wp-content\/uploads\/2015\/07\/LaCampanella.jpg\" \/>\n\t<meta property=\"og:image:width\" content=\"640\" \/>\n\t<meta property=\"og:image:height\" content=\"640\" \/>\n\t<meta property=\"og:image:type\" content=\"image\/jpeg\" \/>\n<meta name=\"twitter:card\" content=\"summary_large_image\" \/>\n<script type=\"application\/ld+json\" class=\"yoast-schema-graph\">{\"@context\":\"https:\/\/schema.org\",\"@graph\":[{\"@type\":\"WebPage\",\"@id\":\"https:\/\/www.saigonstereo.com\/home\/san-pham\/loa-acapella-lacampanella-mk3\/\",\"url\":\"https:\/\/www.saigonstereo.com\/home\/san-pham\/loa-acapella-lacampanella-mk3\/\",\"name\":\"Loa Acapella LaCampanella - MK3 - SaigonStereo\",\"isPartOf\":{\"@id\":\"https:\/\/www.saigonstereo.com\/home\/#website\"},\"datePublished\":\"2015-07-03T03:14:20+00:00\",\"dateModified\":\"2016-07-01T08:03:16+00:00\",\"breadcrumb\":{\"@id\":\"https:\/\/www.saigonstereo.com\/home\/san-pham\/loa-acapella-lacampanella-mk3\/#breadcrumb\"},\"inLanguage\":\"vi\",\"potentialAction\":[{\"@type\":\"ReadAction\",\"target\":[\"https:\/\/www.saigonstereo.com\/home\/san-pham\/loa-acapella-lacampanella-mk3\/\"]}]},{\"@type\":\"BreadcrumbList\",\"@id\":\"https:\/\/www.saigonstereo.com\/home\/san-pham\/loa-acapella-lacampanella-mk3\/#breadcrumb\",\"itemListElement\":[{\"@type\":\"ListItem\",\"position\":1,\"name\":\"Home\",\"item\":\"https:\/\/www.saigonstereo.com\/home\/\"},{\"@type\":\"ListItem\",\"position\":2,\"name\":\"Products\",\"item\":\"https:\/\/www.saigonstereo.com\/home\/shop\/\"},{\"@type\":\"ListItem\",\"position\":3,\"name\":\"Loa Acapella LaCampanella &#8211; MK3\"}]},{\"@type\":\"WebSite\",\"@id\":\"https:\/\/www.saigonstereo.com\/home\/#website\",\"url\":\"https:\/\/www.saigonstereo.com\/home\/\",\"name\":\"SaigonStereo\",\"description\":\"Nh\u00e0 ph\u00e2n ph\u1ed1i thi\u1ebft b\u1ecb \u00e2m thanh cao c\u1ea5p\",\"potentialAction\":[{\"@type\":\"SearchAction\",\"target\":{\"@type\":\"EntryPoint\",\"urlTemplate\":\"https:\/\/www.saigonstereo.com\/home\/?s={search_term_string}\"},\"query-input\":\"required name=search_term_string\"}],\"inLanguage\":\"vi\"}]}<\/script>\n<!-- \/ Yoast SEO plugin. -->","yoast_head_json":{"title":"Loa Acapella LaCampanella - MK3 - SaigonStereo","robots":{"index":"index","follow":"follow","max-snippet":"max-snippet:-1","max-image-preview":"max-image-preview:large","max-video-preview":"max-video-preview:-1"},"canonical":"https:\/\/www.saigonstereo.com\/home\/san-pham\/loa-acapella-lacampanella-mk3\/","og_locale":"vi_VN","og_type":"article","og_title":"Loa Acapella LaCampanella - MK3 - SaigonStereo","og_description":"Acapella LaCampanella MKIII l\u00e0 m\u1ed9t \u0111\u00f4i loa 2 \u0111\u01b0\u1eddng ti\u1ebfng v\u1edbi kh\u1ea3 n\u0103ng tr\u00ecnh di\u1ec5n bass s\u00e2u v\u00e0 d\u1ea3i cao th\u1eadt uy\u1ec3n chuy\u1ec3n. \u0110\u01b0\u1ee3c trang b\u1ecb h\u1ecdng k\u00e8n b\u00e1n c\u1ea7u thi\u1ebft k\u1ebf \u0111\u1eb7c tr\u01b0ng c\u1ee7a Acapella, LaCampanella c\u00f3 kh\u1ea3 n\u0103ng tr\u00ecnh di\u1ec5n s\u1ed1ng \u0111\u1ed9ng m\u1ecdi th\u1ec3 lo\u1ea1i nh\u1ea1c, \u0111\u1eb7c bi\u1ec7t l\u00e0 c\u00e1c b\u1ea3n thu live tr\u1ef1c ti\u1ebfp.","og_url":"https:\/\/www.saigonstereo.com\/home\/san-pham\/loa-acapella-lacampanella-mk3\/","og_site_name":"SaigonStereo","article_modified_time":"2016-07-01T08:03:16+00:00","og_image":[{"width":640,"height":640,"url":"https:\/\/www.saigonstereo.com\/home\/wp-content\/uploads\/2015\/07\/LaCampanella.jpg","type":"image\/jpeg"}],"twitter_card":"summary_large_image","schema":{"@context":"https:\/\/schema.org","@graph":[{"@type":"WebPage","@id":"https:\/\/www.saigonstereo.com\/home\/san-pham\/loa-acapella-lacampanella-mk3\/","url":"https:\/\/www.saigonstereo.com\/home\/san-pham\/loa-acapella-lacampanella-mk3\/","name":"Loa Acapella LaCampanella - MK3 - SaigonStereo","isPartOf":{"@id":"https:\/\/www.saigonstereo.com\/home\/#website"},"datePublished":"2015-07-03T03:14:20+00:00","dateModified":"2016-07-01T08:03:16+00:00","breadcrumb":{"@id":"https:\/\/www.saigonstereo.com\/home\/san-pham\/loa-acapella-lacampanella-mk3\/#breadcrumb"},"inLanguage":"vi","potentialAction":[{"@type":"ReadAction","target":["https:\/\/www.saigonstereo.com\/home\/san-pham\/loa-acapella-lacampanella-mk3\/"]}]},{"@type":"BreadcrumbList","@id":"https:\/\/www.saigonstereo.com\/home\/san-pham\/loa-acapella-lacampanella-mk3\/#breadcrumb","itemListElement":[{"@type":"ListItem","position":1,"name":"Home","item":"https:\/\/www.saigonstereo.com\/home\/"},{"@type":"ListItem","position":2,"name":"Products","item":"https:\/\/www.saigonstereo.com\/home\/shop\/"},{"@type":"ListItem","position":3,"name":"Loa Acapella LaCampanella &#8211; MK3"}]},{"@type":"WebSite","@id":"https:\/\/www.saigonstereo.com\/home\/#website","url":"https:\/\/www.saigonstereo.com\/home\/","name":"SaigonStereo","description":"Nh\u00e0 ph\u00e2n ph\u1ed1i thi\u1ebft b\u1ecb \u00e2m thanh cao c\u1ea5p","potentialAction":[{"@type":"SearchAction","target":{"@type":"EntryPoint","urlTemplate":"https:\/\/www.saigonstereo.com\/home\/?s={search_term_string}"},"query-input":"required name=search_term_string"}],"inLanguage":"vi"}]}},"jetpack_sharing_enabled":true,"_links":{"self":[{"href":"https:\/\/www.saigonstereo.com\/home\/wp-json\/wp\/v2\/product\/36226","targetHints":{"allow":["GET"]}}],"collection":[{"href":"https:\/\/www.saigonstereo.com\/home\/wp-json\/wp\/v2\/product"}],"about":[{"href":"https:\/\/www.saigonstereo.com\/home\/wp-json\/wp\/v2\/types\/product"}],"replies":[{"embeddable":true,"href":"https:\/\/www.saigonstereo.com\/home\/wp-json\/wp\/v2\/comments?post=36226"}],"wp:featuredmedia":[{"embeddable":true,"href":"https:\/\/www.saigonstereo.com\/home\/wp-json\/wp\/v2\/media\/36227"}],"wp:attachment":[{"href":"https:\/\/www.saigonstereo.com\/home\/wp-json\/wp\/v2\/media?parent=36226"}],"wp:term":[{"taxonomy":"product_cat","embeddable":true,"href":"https:\/\/www.saigonstereo.com\/home\/wp-json\/wp\/v2\/product_cat?post=36226"},{"taxonomy":"product_tag","embeddable":true,"href":"https:\/\/www.saigonstereo.com\/home\/wp-json\/wp\/v2\/product_tag?post=36226"}],"curies":[{"name":"wp","href":"https:\/\/api.w.org\/{rel}","templated":true}]}}