{"id":36228,"date":"2015-07-03T10:37:24","date_gmt":"2015-07-03T03:37:24","guid":{"rendered":"http:\/\/www.saigonstereo.com\/home\/?post_type=product&#038;p=36228"},"modified":"2016-07-01T15:02:51","modified_gmt":"2016-07-01T08:02:51","slug":"loa-acapella-harlekin-mk2","status":"publish","type":"product","link":"https:\/\/www.saigonstereo.com\/home\/san-pham\/loa-acapella-harlekin-mk2\/","title":{"rendered":"Loa Acapella Harlekin &#8211; MK2"},"content":{"rendered":"<p>Th\u00f4ng s\u1ed1 k\u1ef9 thu\u1eadt:<\/p>\n<p>\u0110\u1ed9 nh\u1ea1y: 90 dB \/ W \/ m<br \/>\nTr\u1edf kh\u00e1ng: 8 Ohm<br \/>\nC\u00f4ng su\u1ea5t: 100 W &#8211; 300 W \/ 10 ms<br \/>\nK\u00edch th\u01b0\u1edbc C x R x S: 1130 x 300 x 430 mm<br \/>\nKh\u1ed1i l\u01b0\u1ee3ng: x\u1ea5p x\u1ec9 55 kg<br \/>\nC\u00f4ng su\u1ea5t ampli khuy\u00ean d\u00f9ng: tr\u00ean 20 W<\/p>\n","protected":false},"excerpt":{"rendered":"<p>Acapella Harlekin l\u00e0 m\u1ed9t b\u1ed9 loa 2 \u0111\u01b0\u1eddng ti\u1ebfng ki\u1ec3u th\u00f9ng k\u00edn. Loa trung t\u00e9p \u0111\u01b0\u1ee3c \u0111\u1eb7t trong m\u1ed9t h\u1ed9p ri\u00eang c\u00f3 m\u1eb7t tr\u01b0\u1edbc r\u1ea5t nh\u1ecf. M\u1ecdi ng\u01b0\u1eddi y\u00eau \u00e2m nh\u1ea1c s\u1ebd th\u1ef1c s\u1ef1 \u0111\u1eafm ch\u00ecm trong nh\u1eefng t\u01b0 t\u01b0\u1edfng l\u1edbn c\u1ee7a c\u00e1c nh\u00e0 so\u1ea1n nh\u1ea1c y\u00eau th\u00edch khi nghe qua b\u1ed9 loa n\u00e0y. M\u1ed9t \u0111\u1eb7c t\u00ednh v\u01b0\u1ee3t tr\u1ed9i n\u1eefa c\u1ee7a Acapella Harlekin l\u00e0 b\u1ed9 d\u1eabn \u00e2m hai h\u01b0\u1edbng \u0111\u1ed9c l\u1eadp \u0111\u01b0\u1ee3c t\u00edch h\u1ee3p b\u00ean trong loa n\u00ean c\u00e1c \u1ea3nh h\u01b0\u1edfng c\u1ee7a ph\u1ea3n l\u1ef1c \u0111\u1ec1u \u0111\u01b0\u1ee3c lo\u1ea1i tr\u1eeb. B\u1ed9 loa n\u00e0y \u0111\u01b0\u1ee3c thi\u1ebft k\u1ebf \u0111\u1ec3 tr\u00ecnh di\u1ec5n ch\u00ednh x\u00e1c v\u00e0 \u0111\u00e1p \u1ee9ng nhanh. Do v\u1eady b\u1ed9 loa c\u00f3 th\u1ec3 truy\u1ec1n t\u1ea3i \u0111\u01b0\u1ee3c m\u1ed9t \u00e2m thanh c\u1ef1c k\u1ef3 s\u1ed1ng \u0111\u1ed9ng v\u00e0 m\u1ea1nh m\u1ebd ngay c\u1ea3 khi ph\u1ed1i h\u1ee3p v\u1edbi ampli \u0111\u00e8n v\u1edbi c\u00f4ng su\u1ea5t nh\u1ecf.<\/p>\n","protected":false},"featured_media":36229,"comment_status":"open","ping_status":"closed","template":"","meta":{"jetpack_post_was_ever_published":false,"jetpack_publicize_message":"","jetpack_is_tweetstorm":false,"jetpack_publicize_feature_enabled":true,"jetpack_social_post_already_shared":true,"jetpack_social_options":[]},"product_cat":[676],"product_tag":[677],"class_list":["post-36228","product","type-product","status-publish","has-post-thumbnail","hentry","product_cat-acapella","product_tag-acapella","description-off"],"jetpack_publicize_connections":[],"yoast_head":"<!-- This site is optimized with the Yoast SEO plugin v20.4 - https:\/\/yoast.com\/wordpress\/plugins\/seo\/ -->\n<title>Loa Acapella Harlekin - MK2 - SaigonStereo<\/title>\n<meta name=\"robots\" content=\"index, follow, max-snippet:-1, max-image-preview:large, max-video-preview:-1\" \/>\n<link rel=\"canonical\" href=\"https:\/\/www.saigonstereo.com\/home\/san-pham\/loa-acapella-harlekin-mk2\/\" \/>\n<meta property=\"og:locale\" content=\"vi_VN\" \/>\n<meta property=\"og:type\" content=\"article\" \/>\n<meta property=\"og:title\" content=\"Loa Acapella Harlekin - MK2 - SaigonStereo\" \/>\n<meta property=\"og:description\" content=\"Acapella Harlekin l\u00e0 m\u1ed9t b\u1ed9 loa 2 \u0111\u01b0\u1eddng ti\u1ebfng ki\u1ec3u th\u00f9ng k\u00edn. Loa trung t\u00e9p \u0111\u01b0\u1ee3c \u0111\u1eb7t trong m\u1ed9t h\u1ed9p ri\u00eang c\u00f3 m\u1eb7t tr\u01b0\u1edbc r\u1ea5t nh\u1ecf. M\u1ecdi ng\u01b0\u1eddi y\u00eau \u00e2m nh\u1ea1c s\u1ebd th\u1ef1c s\u1ef1 \u0111\u1eafm ch\u00ecm trong nh\u1eefng t\u01b0 t\u01b0\u1edfng l\u1edbn c\u1ee7a c\u00e1c nh\u00e0 so\u1ea1n nh\u1ea1c y\u00eau th\u00edch khi nghe qua b\u1ed9 loa n\u00e0y. M\u1ed9t \u0111\u1eb7c t\u00ednh v\u01b0\u1ee3t tr\u1ed9i n\u1eefa c\u1ee7a Acapella Harlekin l\u00e0 b\u1ed9 d\u1eabn \u00e2m hai h\u01b0\u1edbng \u0111\u1ed9c l\u1eadp \u0111\u01b0\u1ee3c t\u00edch h\u1ee3p b\u00ean trong loa n\u00ean c\u00e1c \u1ea3nh h\u01b0\u1edfng c\u1ee7a ph\u1ea3n l\u1ef1c \u0111\u1ec1u \u0111\u01b0\u1ee3c lo\u1ea1i tr\u1eeb. B\u1ed9 loa n\u00e0y \u0111\u01b0\u1ee3c thi\u1ebft k\u1ebf \u0111\u1ec3 tr\u00ecnh di\u1ec5n ch\u00ednh x\u00e1c v\u00e0 \u0111\u00e1p \u1ee9ng nhanh. Do v\u1eady b\u1ed9 loa c\u00f3 th\u1ec3 truy\u1ec1n t\u1ea3i \u0111\u01b0\u1ee3c m\u1ed9t \u00e2m thanh c\u1ef1c k\u1ef3 s\u1ed1ng \u0111\u1ed9ng v\u00e0 m\u1ea1nh m\u1ebd ngay c\u1ea3 khi ph\u1ed1i h\u1ee3p v\u1edbi ampli \u0111\u00e8n v\u1edbi c\u00f4ng su\u1ea5t nh\u1ecf.\" \/>\n<meta property=\"og:url\" content=\"https:\/\/www.saigonstereo.com\/home\/san-pham\/loa-acapella-harlekin-mk2\/\" \/>\n<meta property=\"og:site_name\" content=\"SaigonStereo\" \/>\n<meta property=\"article:modified_time\" content=\"2016-07-01T08:02:51+00:00\" \/>\n<meta property=\"og:image\" content=\"https:\/\/www.saigonstereo.com\/home\/wp-content\/uploads\/2015\/07\/Harlekin.jpg\" \/>\n\t<meta property=\"og:image:width\" content=\"640\" \/>\n\t<meta property=\"og:image:height\" content=\"640\" \/>\n\t<meta property=\"og:image:type\" content=\"image\/jpeg\" \/>\n<meta name=\"twitter:card\" content=\"summary_large_image\" \/>\n<script type=\"application\/ld+json\" class=\"yoast-schema-graph\">{\"@context\":\"https:\/\/schema.org\",\"@graph\":[{\"@type\":\"WebPage\",\"@id\":\"https:\/\/www.saigonstereo.com\/home\/san-pham\/loa-acapella-harlekin-mk2\/\",\"url\":\"https:\/\/www.saigonstereo.com\/home\/san-pham\/loa-acapella-harlekin-mk2\/\",\"name\":\"Loa Acapella Harlekin - MK2 - SaigonStereo\",\"isPartOf\":{\"@id\":\"https:\/\/www.saigonstereo.com\/home\/#website\"},\"datePublished\":\"2015-07-03T03:37:24+00:00\",\"dateModified\":\"2016-07-01T08:02:51+00:00\",\"breadcrumb\":{\"@id\":\"https:\/\/www.saigonstereo.com\/home\/san-pham\/loa-acapella-harlekin-mk2\/#breadcrumb\"},\"inLanguage\":\"vi\",\"potentialAction\":[{\"@type\":\"ReadAction\",\"target\":[\"https:\/\/www.saigonstereo.com\/home\/san-pham\/loa-acapella-harlekin-mk2\/\"]}]},{\"@type\":\"BreadcrumbList\",\"@id\":\"https:\/\/www.saigonstereo.com\/home\/san-pham\/loa-acapella-harlekin-mk2\/#breadcrumb\",\"itemListElement\":[{\"@type\":\"ListItem\",\"position\":1,\"name\":\"Home\",\"item\":\"https:\/\/www.saigonstereo.com\/home\/\"},{\"@type\":\"ListItem\",\"position\":2,\"name\":\"Products\",\"item\":\"https:\/\/www.saigonstereo.com\/home\/shop\/\"},{\"@type\":\"ListItem\",\"position\":3,\"name\":\"Loa Acapella Harlekin &#8211; MK2\"}]},{\"@type\":\"WebSite\",\"@id\":\"https:\/\/www.saigonstereo.com\/home\/#website\",\"url\":\"https:\/\/www.saigonstereo.com\/home\/\",\"name\":\"SaigonStereo\",\"description\":\"Nh\u00e0 ph\u00e2n ph\u1ed1i thi\u1ebft b\u1ecb \u00e2m thanh cao c\u1ea5p\",\"potentialAction\":[{\"@type\":\"SearchAction\",\"target\":{\"@type\":\"EntryPoint\",\"urlTemplate\":\"https:\/\/www.saigonstereo.com\/home\/?s={search_term_string}\"},\"query-input\":\"required name=search_term_string\"}],\"inLanguage\":\"vi\"}]}<\/script>\n<!-- \/ Yoast SEO plugin. -->","yoast_head_json":{"title":"Loa Acapella Harlekin - MK2 - SaigonStereo","robots":{"index":"index","follow":"follow","max-snippet":"max-snippet:-1","max-image-preview":"max-image-preview:large","max-video-preview":"max-video-preview:-1"},"canonical":"https:\/\/www.saigonstereo.com\/home\/san-pham\/loa-acapella-harlekin-mk2\/","og_locale":"vi_VN","og_type":"article","og_title":"Loa Acapella Harlekin - MK2 - SaigonStereo","og_description":"Acapella Harlekin l\u00e0 m\u1ed9t b\u1ed9 loa 2 \u0111\u01b0\u1eddng ti\u1ebfng ki\u1ec3u th\u00f9ng k\u00edn. Loa trung t\u00e9p \u0111\u01b0\u1ee3c \u0111\u1eb7t trong m\u1ed9t h\u1ed9p ri\u00eang c\u00f3 m\u1eb7t tr\u01b0\u1edbc r\u1ea5t nh\u1ecf. M\u1ecdi ng\u01b0\u1eddi y\u00eau \u00e2m nh\u1ea1c s\u1ebd th\u1ef1c s\u1ef1 \u0111\u1eafm ch\u00ecm trong nh\u1eefng t\u01b0 t\u01b0\u1edfng l\u1edbn c\u1ee7a c\u00e1c nh\u00e0 so\u1ea1n nh\u1ea1c y\u00eau th\u00edch khi nghe qua b\u1ed9 loa n\u00e0y. M\u1ed9t \u0111\u1eb7c t\u00ednh v\u01b0\u1ee3t tr\u1ed9i n\u1eefa c\u1ee7a Acapella Harlekin l\u00e0 b\u1ed9 d\u1eabn \u00e2m hai h\u01b0\u1edbng \u0111\u1ed9c l\u1eadp \u0111\u01b0\u1ee3c t\u00edch h\u1ee3p b\u00ean trong loa n\u00ean c\u00e1c \u1ea3nh h\u01b0\u1edfng c\u1ee7a ph\u1ea3n l\u1ef1c \u0111\u1ec1u \u0111\u01b0\u1ee3c lo\u1ea1i tr\u1eeb. B\u1ed9 loa n\u00e0y \u0111\u01b0\u1ee3c thi\u1ebft k\u1ebf \u0111\u1ec3 tr\u00ecnh di\u1ec5n ch\u00ednh x\u00e1c v\u00e0 \u0111\u00e1p \u1ee9ng nhanh. Do v\u1eady b\u1ed9 loa c\u00f3 th\u1ec3 truy\u1ec1n t\u1ea3i \u0111\u01b0\u1ee3c m\u1ed9t \u00e2m thanh c\u1ef1c k\u1ef3 s\u1ed1ng \u0111\u1ed9ng v\u00e0 m\u1ea1nh m\u1ebd ngay c\u1ea3 khi ph\u1ed1i h\u1ee3p v\u1edbi ampli \u0111\u00e8n v\u1edbi c\u00f4ng su\u1ea5t nh\u1ecf.","og_url":"https:\/\/www.saigonstereo.com\/home\/san-pham\/loa-acapella-harlekin-mk2\/","og_site_name":"SaigonStereo","article_modified_time":"2016-07-01T08:02:51+00:00","og_image":[{"width":640,"height":640,"url":"https:\/\/www.saigonstereo.com\/home\/wp-content\/uploads\/2015\/07\/Harlekin.jpg","type":"image\/jpeg"}],"twitter_card":"summary_large_image","schema":{"@context":"https:\/\/schema.org","@graph":[{"@type":"WebPage","@id":"https:\/\/www.saigonstereo.com\/home\/san-pham\/loa-acapella-harlekin-mk2\/","url":"https:\/\/www.saigonstereo.com\/home\/san-pham\/loa-acapella-harlekin-mk2\/","name":"Loa Acapella Harlekin - MK2 - SaigonStereo","isPartOf":{"@id":"https:\/\/www.saigonstereo.com\/home\/#website"},"datePublished":"2015-07-03T03:37:24+00:00","dateModified":"2016-07-01T08:02:51+00:00","breadcrumb":{"@id":"https:\/\/www.saigonstereo.com\/home\/san-pham\/loa-acapella-harlekin-mk2\/#breadcrumb"},"inLanguage":"vi","potentialAction":[{"@type":"ReadAction","target":["https:\/\/www.saigonstereo.com\/home\/san-pham\/loa-acapella-harlekin-mk2\/"]}]},{"@type":"BreadcrumbList","@id":"https:\/\/www.saigonstereo.com\/home\/san-pham\/loa-acapella-harlekin-mk2\/#breadcrumb","itemListElement":[{"@type":"ListItem","position":1,"name":"Home","item":"https:\/\/www.saigonstereo.com\/home\/"},{"@type":"ListItem","position":2,"name":"Products","item":"https:\/\/www.saigonstereo.com\/home\/shop\/"},{"@type":"ListItem","position":3,"name":"Loa Acapella Harlekin &#8211; MK2"}]},{"@type":"WebSite","@id":"https:\/\/www.saigonstereo.com\/home\/#website","url":"https:\/\/www.saigonstereo.com\/home\/","name":"SaigonStereo","description":"Nh\u00e0 ph\u00e2n ph\u1ed1i thi\u1ebft b\u1ecb \u00e2m thanh cao c\u1ea5p","potentialAction":[{"@type":"SearchAction","target":{"@type":"EntryPoint","urlTemplate":"https:\/\/www.saigonstereo.com\/home\/?s={search_term_string}"},"query-input":"required name=search_term_string"}],"inLanguage":"vi"}]}},"jetpack_sharing_enabled":true,"_links":{"self":[{"href":"https:\/\/www.saigonstereo.com\/home\/wp-json\/wp\/v2\/product\/36228","targetHints":{"allow":["GET"]}}],"collection":[{"href":"https:\/\/www.saigonstereo.com\/home\/wp-json\/wp\/v2\/product"}],"about":[{"href":"https:\/\/www.saigonstereo.com\/home\/wp-json\/wp\/v2\/types\/product"}],"replies":[{"embeddable":true,"href":"https:\/\/www.saigonstereo.com\/home\/wp-json\/wp\/v2\/comments?post=36228"}],"wp:featuredmedia":[{"embeddable":true,"href":"https:\/\/www.saigonstereo.com\/home\/wp-json\/wp\/v2\/media\/36229"}],"wp:attachment":[{"href":"https:\/\/www.saigonstereo.com\/home\/wp-json\/wp\/v2\/media?parent=36228"}],"wp:term":[{"taxonomy":"product_cat","embeddable":true,"href":"https:\/\/www.saigonstereo.com\/home\/wp-json\/wp\/v2\/product_cat?post=36228"},{"taxonomy":"product_tag","embeddable":true,"href":"https:\/\/www.saigonstereo.com\/home\/wp-json\/wp\/v2\/product_tag?post=36228"}],"curies":[{"name":"wp","href":"https:\/\/api.w.org\/{rel}","templated":true}]}}