{"id":36326,"date":"2015-07-13T16:00:49","date_gmt":"2015-07-13T09:00:49","guid":{"rendered":"http:\/\/www.saigonstereo.com\/home\/?post_type=product&#038;p=36326"},"modified":"2015-09-25T15:28:03","modified_gmt":"2015-09-25T08:28:03","slug":"ampli-cong-suat-ayre-acoustics-vx-5-twenty","status":"publish","type":"product","link":"https:\/\/www.saigonstereo.com\/home\/san-pham\/ampli-cong-suat-ayre-acoustics-vx-5-twenty\/","title":{"rendered":"Ampli c\u00f4ng su\u1ea5t Ayre Acoustics VX-5 Twenty"},"content":{"rendered":"<p>Ayre VX-5 ri\u00eang bi\u1ec7t, ho\u00e0n to\u00e0n c\u00e2n b\u1eb1ng, k\u1ef7 thu\u1eadt kh\u00f4ng h\u1ed3i ti\u1ebfp \u00e2m khu\u1ebfch \u0111\u1ea1i c\u00f3 m\u1ea1ch Equilock\u00a0 duy nh\u1ea5t v\u00e0 giai \u0111o\u1ea1n \u0111\u1ea7u ra kim c\u01b0\u01a1ng s\u1ebd \u0111em l\u1ea1i cho s\u1ea3n ph\u1ea9m s\u1ee9c m\u1ea1nh v\u00e0 ki\u1ec3m so\u00e1t \u0111\u1ed1i v\u1edbi nh\u1eefng \u0111o\u1ea1n nh\u1ea1c kh\u00f3 t\u00ednh nh\u1ea5t. M\u1ed7i bit nh\u1ea1c c\u1ee7a VX-5 l\u00e0 m\u1ed9t ki\u1ec7t t\u00e1c \u00e2m nh\u1ea1c tinh t\u1ebf v\u00e0 trang tr\u1ecdng m\u00e0 b\u1ea1n \u0111\u00e3 mong \u0111\u1ee3i t\u1eeb m\u1ed9t s\u1ea3n ph\u1ea9m Ayre. V\u1edbi vi\u1ec7c b\u1ed5 sung \u0111\u1ea7u ra kim c\u01b0\u01a1ng khu\u1ebfch \u0111\u1ea1i m\u1edbi n\u00e0y b\u1ea1n s\u1ebd th\u1ea5y t\u00e2m h\u1ed3n m\u00ecnh nh\u01b0 l\u01a1 l\u1eefng tr\u00ean t\u1eebng n\u1ed1t nh\u1ea1c.<br \/>\nL\u00e0m ra m\u1ed9t n\u1ec1n t\u1ea3ng \u00e2m thanh VX-5 v\u1edbi h\u1ec7 th\u1ed1ng \u00e2m nh\u1ea1c tuy\u1ec7t v\u1eddi v\u00e0 x\u00e1c \u0111\u1ecbnh l\u1ea1i s\u1ef1 mong \u0111\u1ee3i c\u1ee7a b\u1ea1n v\u1ec1 nh\u1eefng g\u00ec m\u1ed9t b\u1ed9 khu\u1ebfch \u0111\u1ea1i n\u00ean l\u00e0m.<\/p>\n<div id=\"features\"><strong>\u0110\u1eb7c t\u00ednh<\/strong><\/div>\n<div id=\"featurestxt\">\n<ul>\n<li>Ayre\u2019s new Diamond output stage<\/li>\n<li>Ayre\u2019s exclusive Equilock circuit<\/li>\n<li>Linear analog power supply<\/li>\n<li><img decoding=\"async\" class=\"redarrow2\" src=\"https:\/\/ayre.com\/images\/redarrowrt_sm.png\" alt=\"\" \/><a class=\"dislnk2\" href=\"https:\/\/ayre.com\/features.htm#tech2\">zero-feedback<\/a>, <img decoding=\"async\" class=\"redarrow2\" src=\"https:\/\/ayre.com\/images\/redarrowrt_sm.png\" alt=\"\" \/><a class=\"dislnk2\" href=\"https:\/\/ayre.com\/features.htm#tech1\">fully-balanced<\/a> discrete circuitry<\/li>\n<li>High-speed circuit board material<\/li>\n<li>Custom developed audio-grade resistors<\/li>\n<li>Ayre Conditioner power line RFI filter<\/li>\n<li>AyreLink communication system<\/li>\n<\/ul>\n<div id=\"specifications\"><strong>Th\u00f4ng s\u1ed1 k\u0129 thu\u1eadt<\/strong><\/div>\n<div><\/div>\n<div id=\"specstxt\">\n<p><strong>Power Output<\/strong><br \/>\n175 watts per channel continuous into 8 ohms<br \/>\n350 watts per channel continuous into 4 ohms<\/p>\n<p><strong>Gain<\/strong><br \/>\n26 dB<\/p>\n<p><strong>Input Impedance<\/strong><br \/>\n1 M\u03a9 unbalanced inputs<br \/>\n2 M\u03a9 balanced inputs (1 M\u03a9 per phase)<\/p>\n<p><strong>Frequency Response<\/strong><br \/>\nDC &#8211; 250 kHz<\/p>\n<p><strong>Power Consumption<\/strong><br \/>\n35 watts in low-current consumption mode<br \/>\n325 watts in operating mode, no signal<\/p>\n<p><strong>Dimensions<\/strong><br \/>\n17.25&#8243; W x 18.75&#8243; D x 4.875&#8243; H<br \/>\n(44cm x 48cm x 12cm)<\/p>\n<p><strong>Weight<\/strong><br \/>\n52 pounds (24 kg)<\/p>\n<\/div>\n<\/div>\n","protected":false},"excerpt":{"rendered":"<p>\u0110\u01b0\u1ee3c thi\u1ebft k\u1ebf v\u00e0 l\u1eafp r\u00e1p th\u1ee7 c\u00f4ng \u1edf Boulder, Colorado \u2013 Series 5 tr\u01b0\u1eddng t\u1ed3n tr\u01b0\u1edbc c\u00e1c th\u00e1ch th\u1ee9c th\u1eddi gian nh\u01b0 l\u00e0 m\u1ed9t thi\u1ebft b\u1ecb c\u1ef1c k\u00ec \u0111\u00e1ng tin c\u1eady c\u00f3 ch\u1ea5t l\u01b0\u1ee3ng \u00e2m thanh tuy\u1ec7t h\u1ea3o, \u0111\u01b0\u1ee3c c\u00e1c nh\u00e0 review tr\u00ean to\u00e0n th\u1ebf gi\u1edbi c\u00f4ng nh\u1eadn. Tri\u1ebft l\u00ed c\u1ee7a Ayre Acoustics \u01b0u ti\u00ean ch\u00fa tr\u1ecdng vi\u1ec7c n\u00e2ng c\u1ea5p s\u1ea3n ph\u1ea9m n\u00ean m\u1ed7i thi\u1ebft b\u1ecb c\u1ee7a Series 5 \u0111\u1ec1u \u0111\u01b0\u1ee3c n\u00e2ng c\u1ea5p li\u00ean t\u1ee5c nh\u1eb1m ph\u1ea3n \u00e1nh nh\u1eefng c\u1ea3i ti\u1ebfn k\u1ef9 thu\u1eadt quan tr\u1ecdng h\u1ecd \u0111\u00e3 kh\u00e1m ph\u00e1 ra trong qu\u00e1 tr\u00ecnh nghi\u00ean c\u1ee9u v\u00e0 ph\u00e1t tri\u1ec3n. M\u1ed7i s\u1ea3n ph\u1ea9m trong Series 5 n\u00e0y \u0111\u01b0\u1ee3c thi\u1ebft k\u1ebf d\u00e0nh ri\u00eang cho cu\u1ed9c s\u1ed1ng t\u1eadn h\u01b0\u1edfng \u00e2m nh\u1ea1c.<\/p>\n<p>&#8212;<\/p>\n<p>\u201cAll told, Ayre&#8217;s new VX-5 is as perfect a power amp as i&#8217;ve seen lately for the audiophile who wants high performance and high value.\u201d<\/p>\n<p><em>\u2013 Doug Schneider, soundstage!<\/em><\/p>\n","protected":false},"featured_media":36327,"comment_status":"open","ping_status":"closed","template":"","meta":{"jetpack_post_was_ever_published":false,"jetpack_publicize_message":"","jetpack_is_tweetstorm":false,"jetpack_publicize_feature_enabled":true,"jetpack_social_post_already_shared":true,"jetpack_social_options":[]},"product_cat":[46,99],"product_tag":[714],"class_list":["post-36326","product","type-product","status-publish","has-post-thumbnail","hentry","product_cat-pre-amplifier","product_cat-ayre-acoustics","product_tag-ayre-acoustics","description-off"],"jetpack_publicize_connections":[],"yoast_head":"<!-- This site is optimized with the Yoast SEO plugin v20.4 - https:\/\/yoast.com\/wordpress\/plugins\/seo\/ -->\n<title>Ampli c\u00f4ng su\u1ea5t Ayre Acoustics VX-5 Twenty - SaigonStereo<\/title>\n<meta name=\"robots\" content=\"index, follow, max-snippet:-1, max-image-preview:large, max-video-preview:-1\" \/>\n<link rel=\"canonical\" href=\"https:\/\/www.saigonstereo.com\/home\/san-pham\/ampli-cong-suat-ayre-acoustics-vx-5-twenty\/\" \/>\n<meta property=\"og:locale\" content=\"vi_VN\" \/>\n<meta property=\"og:type\" content=\"article\" \/>\n<meta property=\"og:title\" content=\"Ampli c\u00f4ng su\u1ea5t Ayre Acoustics VX-5 Twenty - SaigonStereo\" \/>\n<meta property=\"og:description\" content=\"\u0110\u01b0\u1ee3c thi\u1ebft k\u1ebf v\u00e0 l\u1eafp r\u00e1p th\u1ee7 c\u00f4ng \u1edf Boulder, Colorado \u2013 Series 5 tr\u01b0\u1eddng t\u1ed3n tr\u01b0\u1edbc c\u00e1c th\u00e1ch th\u1ee9c th\u1eddi gian nh\u01b0 l\u00e0 m\u1ed9t thi\u1ebft b\u1ecb c\u1ef1c k\u00ec \u0111\u00e1ng tin c\u1eady c\u00f3 ch\u1ea5t l\u01b0\u1ee3ng \u00e2m thanh tuy\u1ec7t h\u1ea3o, \u0111\u01b0\u1ee3c c\u00e1c nh\u00e0 review tr\u00ean to\u00e0n th\u1ebf gi\u1edbi c\u00f4ng nh\u1eadn. Tri\u1ebft l\u00ed c\u1ee7a Ayre Acoustics \u01b0u ti\u00ean ch\u00fa tr\u1ecdng vi\u1ec7c n\u00e2ng c\u1ea5p s\u1ea3n ph\u1ea9m n\u00ean m\u1ed7i thi\u1ebft b\u1ecb c\u1ee7a Series 5 \u0111\u1ec1u \u0111\u01b0\u1ee3c n\u00e2ng c\u1ea5p li\u00ean t\u1ee5c nh\u1eb1m ph\u1ea3n \u00e1nh nh\u1eefng c\u1ea3i ti\u1ebfn k\u1ef9 thu\u1eadt quan tr\u1ecdng h\u1ecd \u0111\u00e3 kh\u00e1m ph\u00e1 ra trong qu\u00e1 tr\u00ecnh nghi\u00ean c\u1ee9u v\u00e0 ph\u00e1t tri\u1ec3n. M\u1ed7i s\u1ea3n ph\u1ea9m trong Series 5 n\u00e0y \u0111\u01b0\u1ee3c thi\u1ebft k\u1ebf d\u00e0nh ri\u00eang cho cu\u1ed9c s\u1ed1ng t\u1eadn h\u01b0\u1edfng \u00e2m nh\u1ea1c.  ---  \u201cAll told, Ayre&#039;s new VX-5 is as perfect a power amp as i&#039;ve seen lately for the audiophile who wants high performance and high value.\u201d  \u2013 Doug Schneider, soundstage!\" \/>\n<meta property=\"og:url\" content=\"https:\/\/www.saigonstereo.com\/home\/san-pham\/ampli-cong-suat-ayre-acoustics-vx-5-twenty\/\" \/>\n<meta property=\"og:site_name\" content=\"SaigonStereo\" \/>\n<meta property=\"article:modified_time\" content=\"2015-09-25T08:28:03+00:00\" \/>\n<meta property=\"og:image\" content=\"https:\/\/www.saigonstereo.com\/home\/wp-content\/uploads\/2015\/07\/Ayre_VX5_20.jpg\" \/>\n\t<meta property=\"og:image:width\" content=\"1500\" \/>\n\t<meta property=\"og:image:height\" content=\"1001\" \/>\n\t<meta property=\"og:image:type\" content=\"image\/jpeg\" \/>\n<meta name=\"twitter:card\" content=\"summary_large_image\" \/>\n<meta name=\"twitter:label1\" content=\"\u01af\u1edbc t\u00ednh th\u1eddi gian \u0111\u1ecdc\" \/>\n\t<meta name=\"twitter:data1\" content=\"2 ph\u00fat\" \/>\n<script type=\"application\/ld+json\" class=\"yoast-schema-graph\">{\"@context\":\"https:\/\/schema.org\",\"@graph\":[{\"@type\":\"WebPage\",\"@id\":\"https:\/\/www.saigonstereo.com\/home\/san-pham\/ampli-cong-suat-ayre-acoustics-vx-5-twenty\/\",\"url\":\"https:\/\/www.saigonstereo.com\/home\/san-pham\/ampli-cong-suat-ayre-acoustics-vx-5-twenty\/\",\"name\":\"Ampli c\u00f4ng su\u1ea5t Ayre Acoustics VX-5 Twenty - SaigonStereo\",\"isPartOf\":{\"@id\":\"https:\/\/www.saigonstereo.com\/home\/#website\"},\"datePublished\":\"2015-07-13T09:00:49+00:00\",\"dateModified\":\"2015-09-25T08:28:03+00:00\",\"breadcrumb\":{\"@id\":\"https:\/\/www.saigonstereo.com\/home\/san-pham\/ampli-cong-suat-ayre-acoustics-vx-5-twenty\/#breadcrumb\"},\"inLanguage\":\"vi\",\"potentialAction\":[{\"@type\":\"ReadAction\",\"target\":[\"https:\/\/www.saigonstereo.com\/home\/san-pham\/ampli-cong-suat-ayre-acoustics-vx-5-twenty\/\"]}]},{\"@type\":\"BreadcrumbList\",\"@id\":\"https:\/\/www.saigonstereo.com\/home\/san-pham\/ampli-cong-suat-ayre-acoustics-vx-5-twenty\/#breadcrumb\",\"itemListElement\":[{\"@type\":\"ListItem\",\"position\":1,\"name\":\"Home\",\"item\":\"https:\/\/www.saigonstereo.com\/home\/\"},{\"@type\":\"ListItem\",\"position\":2,\"name\":\"Products\",\"item\":\"https:\/\/www.saigonstereo.com\/home\/shop\/\"},{\"@type\":\"ListItem\",\"position\":3,\"name\":\"Ampli c\u00f4ng su\u1ea5t Ayre Acoustics VX-5 Twenty\"}]},{\"@type\":\"WebSite\",\"@id\":\"https:\/\/www.saigonstereo.com\/home\/#website\",\"url\":\"https:\/\/www.saigonstereo.com\/home\/\",\"name\":\"SaigonStereo\",\"description\":\"Nh\u00e0 ph\u00e2n ph\u1ed1i thi\u1ebft b\u1ecb \u00e2m thanh cao c\u1ea5p\",\"potentialAction\":[{\"@type\":\"SearchAction\",\"target\":{\"@type\":\"EntryPoint\",\"urlTemplate\":\"https:\/\/www.saigonstereo.com\/home\/?s={search_term_string}\"},\"query-input\":\"required name=search_term_string\"}],\"inLanguage\":\"vi\"}]}<\/script>\n<!-- \/ Yoast SEO plugin. -->","yoast_head_json":{"title":"Ampli c\u00f4ng su\u1ea5t Ayre Acoustics VX-5 Twenty - SaigonStereo","robots":{"index":"index","follow":"follow","max-snippet":"max-snippet:-1","max-image-preview":"max-image-preview:large","max-video-preview":"max-video-preview:-1"},"canonical":"https:\/\/www.saigonstereo.com\/home\/san-pham\/ampli-cong-suat-ayre-acoustics-vx-5-twenty\/","og_locale":"vi_VN","og_type":"article","og_title":"Ampli c\u00f4ng su\u1ea5t Ayre Acoustics VX-5 Twenty - SaigonStereo","og_description":"\u0110\u01b0\u1ee3c thi\u1ebft k\u1ebf v\u00e0 l\u1eafp r\u00e1p th\u1ee7 c\u00f4ng \u1edf Boulder, Colorado \u2013 Series 5 tr\u01b0\u1eddng t\u1ed3n tr\u01b0\u1edbc c\u00e1c th\u00e1ch th\u1ee9c th\u1eddi gian nh\u01b0 l\u00e0 m\u1ed9t thi\u1ebft b\u1ecb c\u1ef1c k\u00ec \u0111\u00e1ng tin c\u1eady c\u00f3 ch\u1ea5t l\u01b0\u1ee3ng \u00e2m thanh tuy\u1ec7t h\u1ea3o, \u0111\u01b0\u1ee3c c\u00e1c nh\u00e0 review tr\u00ean to\u00e0n th\u1ebf gi\u1edbi c\u00f4ng nh\u1eadn. Tri\u1ebft l\u00ed c\u1ee7a Ayre Acoustics \u01b0u ti\u00ean ch\u00fa tr\u1ecdng vi\u1ec7c n\u00e2ng c\u1ea5p s\u1ea3n ph\u1ea9m n\u00ean m\u1ed7i thi\u1ebft b\u1ecb c\u1ee7a Series 5 \u0111\u1ec1u \u0111\u01b0\u1ee3c n\u00e2ng c\u1ea5p li\u00ean t\u1ee5c nh\u1eb1m ph\u1ea3n \u00e1nh nh\u1eefng c\u1ea3i ti\u1ebfn k\u1ef9 thu\u1eadt quan tr\u1ecdng h\u1ecd \u0111\u00e3 kh\u00e1m ph\u00e1 ra trong qu\u00e1 tr\u00ecnh nghi\u00ean c\u1ee9u v\u00e0 ph\u00e1t tri\u1ec3n. M\u1ed7i s\u1ea3n ph\u1ea9m trong Series 5 n\u00e0y \u0111\u01b0\u1ee3c thi\u1ebft k\u1ebf d\u00e0nh ri\u00eang cho cu\u1ed9c s\u1ed1ng t\u1eadn h\u01b0\u1edfng \u00e2m nh\u1ea1c.  ---  \u201cAll told, Ayre's new VX-5 is as perfect a power amp as i've seen lately for the audiophile who wants high performance and high value.\u201d  \u2013 Doug Schneider, soundstage!","og_url":"https:\/\/www.saigonstereo.com\/home\/san-pham\/ampli-cong-suat-ayre-acoustics-vx-5-twenty\/","og_site_name":"SaigonStereo","article_modified_time":"2015-09-25T08:28:03+00:00","og_image":[{"width":1500,"height":1001,"url":"https:\/\/www.saigonstereo.com\/home\/wp-content\/uploads\/2015\/07\/Ayre_VX5_20.jpg","type":"image\/jpeg"}],"twitter_card":"summary_large_image","twitter_misc":{"\u01af\u1edbc t\u00ednh th\u1eddi gian \u0111\u1ecdc":"2 ph\u00fat"},"schema":{"@context":"https:\/\/schema.org","@graph":[{"@type":"WebPage","@id":"https:\/\/www.saigonstereo.com\/home\/san-pham\/ampli-cong-suat-ayre-acoustics-vx-5-twenty\/","url":"https:\/\/www.saigonstereo.com\/home\/san-pham\/ampli-cong-suat-ayre-acoustics-vx-5-twenty\/","name":"Ampli c\u00f4ng su\u1ea5t Ayre Acoustics VX-5 Twenty - SaigonStereo","isPartOf":{"@id":"https:\/\/www.saigonstereo.com\/home\/#website"},"datePublished":"2015-07-13T09:00:49+00:00","dateModified":"2015-09-25T08:28:03+00:00","breadcrumb":{"@id":"https:\/\/www.saigonstereo.com\/home\/san-pham\/ampli-cong-suat-ayre-acoustics-vx-5-twenty\/#breadcrumb"},"inLanguage":"vi","potentialAction":[{"@type":"ReadAction","target":["https:\/\/www.saigonstereo.com\/home\/san-pham\/ampli-cong-suat-ayre-acoustics-vx-5-twenty\/"]}]},{"@type":"BreadcrumbList","@id":"https:\/\/www.saigonstereo.com\/home\/san-pham\/ampli-cong-suat-ayre-acoustics-vx-5-twenty\/#breadcrumb","itemListElement":[{"@type":"ListItem","position":1,"name":"Home","item":"https:\/\/www.saigonstereo.com\/home\/"},{"@type":"ListItem","position":2,"name":"Products","item":"https:\/\/www.saigonstereo.com\/home\/shop\/"},{"@type":"ListItem","position":3,"name":"Ampli c\u00f4ng su\u1ea5t Ayre Acoustics VX-5 Twenty"}]},{"@type":"WebSite","@id":"https:\/\/www.saigonstereo.com\/home\/#website","url":"https:\/\/www.saigonstereo.com\/home\/","name":"SaigonStereo","description":"Nh\u00e0 ph\u00e2n ph\u1ed1i thi\u1ebft b\u1ecb \u00e2m thanh cao c\u1ea5p","potentialAction":[{"@type":"SearchAction","target":{"@type":"EntryPoint","urlTemplate":"https:\/\/www.saigonstereo.com\/home\/?s={search_term_string}"},"query-input":"required name=search_term_string"}],"inLanguage":"vi"}]}},"jetpack_sharing_enabled":true,"_links":{"self":[{"href":"https:\/\/www.saigonstereo.com\/home\/wp-json\/wp\/v2\/product\/36326","targetHints":{"allow":["GET"]}}],"collection":[{"href":"https:\/\/www.saigonstereo.com\/home\/wp-json\/wp\/v2\/product"}],"about":[{"href":"https:\/\/www.saigonstereo.com\/home\/wp-json\/wp\/v2\/types\/product"}],"replies":[{"embeddable":true,"href":"https:\/\/www.saigonstereo.com\/home\/wp-json\/wp\/v2\/comments?post=36326"}],"wp:featuredmedia":[{"embeddable":true,"href":"https:\/\/www.saigonstereo.com\/home\/wp-json\/wp\/v2\/media\/36327"}],"wp:attachment":[{"href":"https:\/\/www.saigonstereo.com\/home\/wp-json\/wp\/v2\/media?parent=36326"}],"wp:term":[{"taxonomy":"product_cat","embeddable":true,"href":"https:\/\/www.saigonstereo.com\/home\/wp-json\/wp\/v2\/product_cat?post=36326"},{"taxonomy":"product_tag","embeddable":true,"href":"https:\/\/www.saigonstereo.com\/home\/wp-json\/wp\/v2\/product_tag?post=36326"}],"curies":[{"name":"wp","href":"https:\/\/api.w.org\/{rel}","templated":true}]}}