{"id":36333,"date":"2015-07-13T17:35:52","date_gmt":"2015-07-13T10:35:52","guid":{"rendered":"http:\/\/www.saigonstereo.com\/home\/?post_type=product&#038;p=36333"},"modified":"2015-09-25T15:26:46","modified_gmt":"2015-09-25T08:26:46","slug":"ampli-cong-suat-ayre-acoustics-v-5xe","status":"publish","type":"product","link":"https:\/\/www.saigonstereo.com\/home\/san-pham\/ampli-cong-suat-ayre-acoustics-v-5xe\/","title":{"rendered":"Ampli c\u00f4ng su\u1ea5t Ayre Acoustics V-5xe"},"content":{"rendered":"<p>C\u00e1c b\u1ed9 khu\u1ebfch \u0111\u1ea1i c\u00f4ng su\u1ea5t Ayre V-5xe mang ti\u1ebfng n\u00f3i \u0111\u1ebfn nh\u1ecbp tim \u00e2m nh\u1ea1c b\u1ea1n. D\u1ef1 tr\u1eef s\u1ee9c m\u1ea1nh c\u1ef1c l\u1edbn, s\u1ea3n ph\u1ea9m s\u1ebd t\u1ea1o ra c\u00e1c ngu\u1ed3n \u00e2m thanh \u0111\u1ed9c \u0111\u00e1o, trong khi k\u1ef7 thu\u1eadt kh\u00f4ng h\u1ed3i ti\u1ebfp \u00e2m l\u1ea1i t\u1ea1o ra th\u00f4ng tin ho\u00e0n h\u1ea3o nguy\u00ean v\u1eb9n c\u00f9ng th\u1eddi gian. \u0110\u01b0\u1ee3c \u0111i\u1ec1u ch\u1ec9nh c\u00e2n \u0111\u1ed1i t\u1eeb \u0111\u1ea7u v\u00e0o \u0111\u1ebfn \u0111\u1ea7u ra, c\u00e1c V-5xe chi\u1ebfu s\u00e1ng ph\u00f2ng quay v\u1edbi \u0111\u1ed9 ch\u00ednh x\u00e1c r\u1ea5t cao. M\u1ed7i \u201cnh\u1ea1c s\u0129\u201d n\u00e0y s\u1ebd \u0111\u01b0\u1ee3c v\u1eadn chuy\u1ec3n \u0111\u1ebfn ph\u00f2ng nghe c\u1ee7a b\u1ea1n v\u1edbi tr\u00e0n \u0111\u1ea7y s\u1ee9c s\u1ed1ng v\u00e0 kh\u00f4ng c\u00f3 \u0111\u1ed1i th\u1ee7 n\u00e0o s\u00e1nh k\u1ecbp. M\u01b0\u1eddi s\u00e1u \u0111\u1ea7u ra ch\u1ea5t l\u01b0\u1ee3ng cao \u1edf m\u1ed7i k\u00eanh \u0111\u1ea3m b\u1ea3o \u0111\u1ed1i v\u1edbi b\u1ea5t k\u1ef3 t\u1ea3i loa n\u00e0o s\u1ebd \u0111\u1ec1u cho ra \u00e2m thanh tuy\u1ec7t \u0111\u1ed1i. Ayre V-5xe mang nh\u1eefng tinh hoa c\u1ee7a \u00e2m nh\u1ea1c \u0111\u1ebfn th\u1ebf gi\u1edbi c\u1ee7a b\u1ea1n.<\/p>\n<div id=\"features\"><strong>\u0110\u1eb7c t\u00ednh<\/strong><\/div>\n<div id=\"featurestxt\">\n<ul>\n<li><img decoding=\"async\" class=\"redarrow2\" src=\"https:\/\/ayre.com\/images\/redarrowrt_sm.png\" alt=\"\" \/><a class=\"dislnk2\" href=\"https:\/\/ayre.com\/features.htm#tech2\">zero-feedback<\/a>, <img decoding=\"async\" class=\"redarrow2\" src=\"https:\/\/ayre.com\/images\/redarrowrt_sm.png\" alt=\"\" \/><a class=\"dislnk2\" href=\"https:\/\/ayre.com\/features.htm#tech1\">fully-balanced<\/a> discrete circuitry<\/li>\n<li>16 high-current output devices per channel \/ FET input stage<\/li>\n<li>Ayre Conditioner (patent pending) power line RFI filter<\/li>\n<li>Sophisticated DC protection circuit<\/li>\n<li>Remote \u201ctrigger\u201d operation<\/li>\n<\/ul>\n<div id=\"specifications\"><strong>Th\u00f4ng s\u1ed1 k\u0129 thu\u1eadt<\/strong><\/div>\n<div><\/div>\n<div id=\"specstxt\">\n<p><strong>Power Output<\/strong><br \/>\n150 watts per channel continuous into 8 ohms<br \/>\n300 watts per channel continuous into 4 ohms<\/p>\n<p><strong>Gain<\/strong><br \/>\n26 dB<\/p>\n<p><strong>Input Impedance<\/strong><br \/>\n100 kohm (per phase)<\/p>\n<p><strong>Frequency Response<\/strong><br \/>\nDC &#8211; 200 kHz<\/p>\n<p><strong>Power Consumption<\/strong><br \/>\n10 watts in standby mode<br \/>\n100 watts in operating mode, no signal<\/p>\n<p><strong>Dimensions<\/strong><br \/>\n17.5&#8243; W x 16&#8243; D x 7.75&#8243; H<br \/>\n(45.7cm x 41cm x 18cm)<\/p>\n<p><strong>Weight<\/strong><br \/>\n55 pounds (25 kg)<\/p>\n<\/div>\n<\/div>\n","protected":false},"excerpt":{"rendered":"<p>\u0110\u01b0\u1ee3c thi\u1ebft k\u1ebf v\u00e0 l\u1eafp r\u00e1p th\u1ee7 c\u00f4ng \u1edf Boulder, Colorado \u2013 Series 5 tr\u01b0\u1eddng t\u1ed3n tr\u01b0\u1edbc c\u00e1c th\u00e1ch th\u1ee9c th\u1eddi gian nh\u01b0 l\u00e0 m\u1ed9t thi\u1ebft b\u1ecb c\u1ef1c k\u00ec \u0111\u00e1ng tin c\u1eady c\u00f3 ch\u1ea5t l\u01b0\u1ee3ng \u00e2m thanh tuy\u1ec7t h\u1ea3o, \u0111\u01b0\u1ee3c c\u00e1c nh\u00e0 review tr\u00ean to\u00e0n th\u1ebf gi\u1edbi c\u00f4ng nh\u1eadn. Tri\u1ebft l\u00ed c\u1ee7a Ayre Acoustics \u01b0u ti\u00ean ch\u00fa tr\u1ecdng vi\u1ec7c n\u00e2ng c\u1ea5p s\u1ea3n ph\u1ea9m n\u00ean m\u1ed7i thi\u1ebft b\u1ecb c\u1ee7a Series 5 \u0111\u1ec1u \u0111\u01b0\u1ee3c n\u00e2ng c\u1ea5p li\u00ean t\u1ee5c nh\u1eb1m ph\u1ea3n \u00e1nh nh\u1eefng c\u1ea3i ti\u1ebfn k\u1ef9 thu\u1eadt quan tr\u1ecdng h\u1ecd \u0111\u00e3 kh\u00e1m ph\u00e1 ra trong qu\u00e1 tr\u00ecnh nghi\u00ean c\u1ee9u v\u00e0 ph\u00e1t tri\u1ec3n. M\u1ed7i s\u1ea3n ph\u1ea9m trong Series 5 n\u00e0y \u0111\u01b0\u1ee3c thi\u1ebft k\u1ebf d\u00e0nh ri\u00eang cho cu\u1ed9c s\u1ed1ng t\u1eadn h\u01b0\u1edfng \u00e2m nh\u1ea1c.<\/p>\n<p>&#8212;<\/p>\n<p>\u201cGood? You have no idea\u2014but then finding out is an adventure you owe yourself.\u201d<\/p>\n<p><em>\u2013 Wes Phillips, SoundStage.com<\/em><\/p>\n","protected":false},"featured_media":36338,"comment_status":"open","ping_status":"closed","template":"","meta":{"jetpack_post_was_ever_published":false,"jetpack_publicize_message":"","jetpack_is_tweetstorm":false,"jetpack_publicize_feature_enabled":true,"jetpack_social_post_already_shared":true,"jetpack_social_options":[]},"product_cat":[46,99],"product_tag":[714],"class_list":["post-36333","product","type-product","status-publish","has-post-thumbnail","hentry","product_cat-pre-amplifier","product_cat-ayre-acoustics","product_tag-ayre-acoustics","description-off"],"jetpack_publicize_connections":[],"yoast_head":"<!-- This site is optimized with the Yoast SEO plugin v20.4 - https:\/\/yoast.com\/wordpress\/plugins\/seo\/ -->\n<title>Ampli c\u00f4ng su\u1ea5t Ayre Acoustics V-5xe - SaigonStereo<\/title>\n<meta name=\"robots\" content=\"index, follow, max-snippet:-1, max-image-preview:large, max-video-preview:-1\" \/>\n<link rel=\"canonical\" href=\"https:\/\/www.saigonstereo.com\/home\/san-pham\/ampli-cong-suat-ayre-acoustics-v-5xe\/\" \/>\n<meta property=\"og:locale\" content=\"vi_VN\" \/>\n<meta property=\"og:type\" content=\"article\" \/>\n<meta property=\"og:title\" content=\"Ampli c\u00f4ng su\u1ea5t Ayre Acoustics V-5xe - SaigonStereo\" \/>\n<meta property=\"og:description\" content=\"\u0110\u01b0\u1ee3c thi\u1ebft k\u1ebf v\u00e0 l\u1eafp r\u00e1p th\u1ee7 c\u00f4ng \u1edf Boulder, Colorado \u2013 Series 5 tr\u01b0\u1eddng t\u1ed3n tr\u01b0\u1edbc c\u00e1c th\u00e1ch th\u1ee9c th\u1eddi gian nh\u01b0 l\u00e0 m\u1ed9t thi\u1ebft b\u1ecb c\u1ef1c k\u00ec \u0111\u00e1ng tin c\u1eady c\u00f3 ch\u1ea5t l\u01b0\u1ee3ng \u00e2m thanh tuy\u1ec7t h\u1ea3o, \u0111\u01b0\u1ee3c c\u00e1c nh\u00e0 review tr\u00ean to\u00e0n th\u1ebf gi\u1edbi c\u00f4ng nh\u1eadn. Tri\u1ebft l\u00ed c\u1ee7a Ayre Acoustics \u01b0u ti\u00ean ch\u00fa tr\u1ecdng vi\u1ec7c n\u00e2ng c\u1ea5p s\u1ea3n ph\u1ea9m n\u00ean m\u1ed7i thi\u1ebft b\u1ecb c\u1ee7a Series 5 \u0111\u1ec1u \u0111\u01b0\u1ee3c n\u00e2ng c\u1ea5p li\u00ean t\u1ee5c nh\u1eb1m ph\u1ea3n \u00e1nh nh\u1eefng c\u1ea3i ti\u1ebfn k\u1ef9 thu\u1eadt quan tr\u1ecdng h\u1ecd \u0111\u00e3 kh\u00e1m ph\u00e1 ra trong qu\u00e1 tr\u00ecnh nghi\u00ean c\u1ee9u v\u00e0 ph\u00e1t tri\u1ec3n. M\u1ed7i s\u1ea3n ph\u1ea9m trong Series 5 n\u00e0y \u0111\u01b0\u1ee3c thi\u1ebft k\u1ebf d\u00e0nh ri\u00eang cho cu\u1ed9c s\u1ed1ng t\u1eadn h\u01b0\u1edfng \u00e2m nh\u1ea1c.  ---  \u201cGood? You have no idea\u2014but then finding out is an adventure you owe yourself.\u201d  \u2013 Wes Phillips, SoundStage.com\" \/>\n<meta property=\"og:url\" content=\"https:\/\/www.saigonstereo.com\/home\/san-pham\/ampli-cong-suat-ayre-acoustics-v-5xe\/\" \/>\n<meta property=\"og:site_name\" content=\"SaigonStereo\" \/>\n<meta property=\"article:modified_time\" content=\"2015-09-25T08:26:46+00:00\" \/>\n<meta property=\"og:image\" content=\"https:\/\/www.saigonstereo.com\/home\/wp-content\/uploads\/2015\/07\/Ayre_V-5xe.jpg\" \/>\n\t<meta property=\"og:image:width\" content=\"1000\" \/>\n\t<meta property=\"og:image:height\" content=\"705\" \/>\n\t<meta property=\"og:image:type\" content=\"image\/jpeg\" \/>\n<meta name=\"twitter:card\" content=\"summary_large_image\" \/>\n<meta name=\"twitter:label1\" content=\"\u01af\u1edbc t\u00ednh th\u1eddi gian \u0111\u1ecdc\" \/>\n\t<meta name=\"twitter:data1\" content=\"2 ph\u00fat\" \/>\n<script type=\"application\/ld+json\" class=\"yoast-schema-graph\">{\"@context\":\"https:\/\/schema.org\",\"@graph\":[{\"@type\":\"WebPage\",\"@id\":\"https:\/\/www.saigonstereo.com\/home\/san-pham\/ampli-cong-suat-ayre-acoustics-v-5xe\/\",\"url\":\"https:\/\/www.saigonstereo.com\/home\/san-pham\/ampli-cong-suat-ayre-acoustics-v-5xe\/\",\"name\":\"Ampli c\u00f4ng su\u1ea5t Ayre Acoustics V-5xe - SaigonStereo\",\"isPartOf\":{\"@id\":\"https:\/\/www.saigonstereo.com\/home\/#website\"},\"datePublished\":\"2015-07-13T10:35:52+00:00\",\"dateModified\":\"2015-09-25T08:26:46+00:00\",\"breadcrumb\":{\"@id\":\"https:\/\/www.saigonstereo.com\/home\/san-pham\/ampli-cong-suat-ayre-acoustics-v-5xe\/#breadcrumb\"},\"inLanguage\":\"vi\",\"potentialAction\":[{\"@type\":\"ReadAction\",\"target\":[\"https:\/\/www.saigonstereo.com\/home\/san-pham\/ampli-cong-suat-ayre-acoustics-v-5xe\/\"]}]},{\"@type\":\"BreadcrumbList\",\"@id\":\"https:\/\/www.saigonstereo.com\/home\/san-pham\/ampli-cong-suat-ayre-acoustics-v-5xe\/#breadcrumb\",\"itemListElement\":[{\"@type\":\"ListItem\",\"position\":1,\"name\":\"Home\",\"item\":\"https:\/\/www.saigonstereo.com\/home\/\"},{\"@type\":\"ListItem\",\"position\":2,\"name\":\"Products\",\"item\":\"https:\/\/www.saigonstereo.com\/home\/shop\/\"},{\"@type\":\"ListItem\",\"position\":3,\"name\":\"Ampli c\u00f4ng su\u1ea5t Ayre Acoustics V-5xe\"}]},{\"@type\":\"WebSite\",\"@id\":\"https:\/\/www.saigonstereo.com\/home\/#website\",\"url\":\"https:\/\/www.saigonstereo.com\/home\/\",\"name\":\"SaigonStereo\",\"description\":\"Nh\u00e0 ph\u00e2n ph\u1ed1i thi\u1ebft b\u1ecb \u00e2m thanh cao c\u1ea5p\",\"potentialAction\":[{\"@type\":\"SearchAction\",\"target\":{\"@type\":\"EntryPoint\",\"urlTemplate\":\"https:\/\/www.saigonstereo.com\/home\/?s={search_term_string}\"},\"query-input\":\"required name=search_term_string\"}],\"inLanguage\":\"vi\"}]}<\/script>\n<!-- \/ Yoast SEO plugin. -->","yoast_head_json":{"title":"Ampli c\u00f4ng su\u1ea5t Ayre Acoustics V-5xe - SaigonStereo","robots":{"index":"index","follow":"follow","max-snippet":"max-snippet:-1","max-image-preview":"max-image-preview:large","max-video-preview":"max-video-preview:-1"},"canonical":"https:\/\/www.saigonstereo.com\/home\/san-pham\/ampli-cong-suat-ayre-acoustics-v-5xe\/","og_locale":"vi_VN","og_type":"article","og_title":"Ampli c\u00f4ng su\u1ea5t Ayre Acoustics V-5xe - SaigonStereo","og_description":"\u0110\u01b0\u1ee3c thi\u1ebft k\u1ebf v\u00e0 l\u1eafp r\u00e1p th\u1ee7 c\u00f4ng \u1edf Boulder, Colorado \u2013 Series 5 tr\u01b0\u1eddng t\u1ed3n tr\u01b0\u1edbc c\u00e1c th\u00e1ch th\u1ee9c th\u1eddi gian nh\u01b0 l\u00e0 m\u1ed9t thi\u1ebft b\u1ecb c\u1ef1c k\u00ec \u0111\u00e1ng tin c\u1eady c\u00f3 ch\u1ea5t l\u01b0\u1ee3ng \u00e2m thanh tuy\u1ec7t h\u1ea3o, \u0111\u01b0\u1ee3c c\u00e1c nh\u00e0 review tr\u00ean to\u00e0n th\u1ebf gi\u1edbi c\u00f4ng nh\u1eadn. Tri\u1ebft l\u00ed c\u1ee7a Ayre Acoustics \u01b0u ti\u00ean ch\u00fa tr\u1ecdng vi\u1ec7c n\u00e2ng c\u1ea5p s\u1ea3n ph\u1ea9m n\u00ean m\u1ed7i thi\u1ebft b\u1ecb c\u1ee7a Series 5 \u0111\u1ec1u \u0111\u01b0\u1ee3c n\u00e2ng c\u1ea5p li\u00ean t\u1ee5c nh\u1eb1m ph\u1ea3n \u00e1nh nh\u1eefng c\u1ea3i ti\u1ebfn k\u1ef9 thu\u1eadt quan tr\u1ecdng h\u1ecd \u0111\u00e3 kh\u00e1m ph\u00e1 ra trong qu\u00e1 tr\u00ecnh nghi\u00ean c\u1ee9u v\u00e0 ph\u00e1t tri\u1ec3n. M\u1ed7i s\u1ea3n ph\u1ea9m trong Series 5 n\u00e0y \u0111\u01b0\u1ee3c thi\u1ebft k\u1ebf d\u00e0nh ri\u00eang cho cu\u1ed9c s\u1ed1ng t\u1eadn h\u01b0\u1edfng \u00e2m nh\u1ea1c.  ---  \u201cGood? You have no idea\u2014but then finding out is an adventure you owe yourself.\u201d  \u2013 Wes Phillips, SoundStage.com","og_url":"https:\/\/www.saigonstereo.com\/home\/san-pham\/ampli-cong-suat-ayre-acoustics-v-5xe\/","og_site_name":"SaigonStereo","article_modified_time":"2015-09-25T08:26:46+00:00","og_image":[{"width":1000,"height":705,"url":"https:\/\/www.saigonstereo.com\/home\/wp-content\/uploads\/2015\/07\/Ayre_V-5xe.jpg","type":"image\/jpeg"}],"twitter_card":"summary_large_image","twitter_misc":{"\u01af\u1edbc t\u00ednh th\u1eddi gian \u0111\u1ecdc":"2 ph\u00fat"},"schema":{"@context":"https:\/\/schema.org","@graph":[{"@type":"WebPage","@id":"https:\/\/www.saigonstereo.com\/home\/san-pham\/ampli-cong-suat-ayre-acoustics-v-5xe\/","url":"https:\/\/www.saigonstereo.com\/home\/san-pham\/ampli-cong-suat-ayre-acoustics-v-5xe\/","name":"Ampli c\u00f4ng su\u1ea5t Ayre Acoustics V-5xe - SaigonStereo","isPartOf":{"@id":"https:\/\/www.saigonstereo.com\/home\/#website"},"datePublished":"2015-07-13T10:35:52+00:00","dateModified":"2015-09-25T08:26:46+00:00","breadcrumb":{"@id":"https:\/\/www.saigonstereo.com\/home\/san-pham\/ampli-cong-suat-ayre-acoustics-v-5xe\/#breadcrumb"},"inLanguage":"vi","potentialAction":[{"@type":"ReadAction","target":["https:\/\/www.saigonstereo.com\/home\/san-pham\/ampli-cong-suat-ayre-acoustics-v-5xe\/"]}]},{"@type":"BreadcrumbList","@id":"https:\/\/www.saigonstereo.com\/home\/san-pham\/ampli-cong-suat-ayre-acoustics-v-5xe\/#breadcrumb","itemListElement":[{"@type":"ListItem","position":1,"name":"Home","item":"https:\/\/www.saigonstereo.com\/home\/"},{"@type":"ListItem","position":2,"name":"Products","item":"https:\/\/www.saigonstereo.com\/home\/shop\/"},{"@type":"ListItem","position":3,"name":"Ampli c\u00f4ng su\u1ea5t Ayre Acoustics V-5xe"}]},{"@type":"WebSite","@id":"https:\/\/www.saigonstereo.com\/home\/#website","url":"https:\/\/www.saigonstereo.com\/home\/","name":"SaigonStereo","description":"Nh\u00e0 ph\u00e2n ph\u1ed1i thi\u1ebft b\u1ecb \u00e2m thanh cao c\u1ea5p","potentialAction":[{"@type":"SearchAction","target":{"@type":"EntryPoint","urlTemplate":"https:\/\/www.saigonstereo.com\/home\/?s={search_term_string}"},"query-input":"required name=search_term_string"}],"inLanguage":"vi"}]}},"jetpack_sharing_enabled":true,"_links":{"self":[{"href":"https:\/\/www.saigonstereo.com\/home\/wp-json\/wp\/v2\/product\/36333","targetHints":{"allow":["GET"]}}],"collection":[{"href":"https:\/\/www.saigonstereo.com\/home\/wp-json\/wp\/v2\/product"}],"about":[{"href":"https:\/\/www.saigonstereo.com\/home\/wp-json\/wp\/v2\/types\/product"}],"replies":[{"embeddable":true,"href":"https:\/\/www.saigonstereo.com\/home\/wp-json\/wp\/v2\/comments?post=36333"}],"wp:featuredmedia":[{"embeddable":true,"href":"https:\/\/www.saigonstereo.com\/home\/wp-json\/wp\/v2\/media\/36338"}],"wp:attachment":[{"href":"https:\/\/www.saigonstereo.com\/home\/wp-json\/wp\/v2\/media?parent=36333"}],"wp:term":[{"taxonomy":"product_cat","embeddable":true,"href":"https:\/\/www.saigonstereo.com\/home\/wp-json\/wp\/v2\/product_cat?post=36333"},{"taxonomy":"product_tag","embeddable":true,"href":"https:\/\/www.saigonstereo.com\/home\/wp-json\/wp\/v2\/product_tag?post=36333"}],"curies":[{"name":"wp","href":"https:\/\/api.w.org\/{rel}","templated":true}]}}