{"id":36386,"date":"2015-07-15T10:46:11","date_gmt":"2015-07-15T03:46:11","guid":{"rendered":"http:\/\/www.saigonstereo.com\/home\/?post_type=product&#038;p=36386"},"modified":"2015-07-22T15:33:41","modified_gmt":"2015-07-22T08:33:41","slug":"mono-amplifier-ayre-acoustics-mx-r-twenty","status":"publish","type":"product","link":"https:\/\/www.saigonstereo.com\/home\/san-pham\/mono-amplifier-ayre-acoustics-mx-r-twenty\/","title":{"rendered":"Mono Amplifier Ayre Acoustics MX-R Twenty"},"content":{"rendered":"<p>The Ayre MX-R Twenty mono amplifier is a revolutionary redesign of Ayre&#8217;s highest level product. Exploring every detail in the audio path from circuit trace length to part orientation, including processes which many would consider fanatical, pushes this amplifier to the brink of perfection. The dual-transformer linear power supply using our AyreLock circuitry effortlessly drives the most demanding loudspeakers. Their\u00a0exclusive EquiLock technology enhances the zero-feedback, fully balanced circuitry for an unprecedented level of clarity and resolution. Their\u00a0Double Diamond output stage offers power and control that will change the way you listen to music.<\/p>\n<p><strong>T\u00ednh n\u0103ng<\/strong><\/p>\n<div id=\"featurestxt\">\n<ul>\n<li>zero-feedback, fully-balanced\u00a0discrete circuitry<\/li>\n<li>Ayre Double Diamond output stage<\/li>\n<li>Linear analog <b>AyreLock<\/b> power supply<\/li>\n<li>Ayre\u2019s exclusive Equilock circuit<\/li>\n<li>Ultra-low loss circuit board material<\/li>\n<li>Custom developed audio-grade resistors<\/li>\n<li>Proprietary polystyrene capacitors<\/li>\n<li>Ayre Conditioner power line RFI filter<\/li>\n<li>AyreLink communication system<\/li>\n<\/ul>\n<div id=\"specifications\"><strong>Th\u00f4ng s\u1ed1 k\u0129 thu\u1eadt<\/strong><\/div>\n<div><\/div>\n<div id=\"specstxt\">\n<p><strong>Power Output<\/strong><br \/>\n300 watts per channel continuous into 8 ohms<br \/>\n600 watts per channel continuous into 4 ohms<\/p>\n<p><strong>Gain<\/strong><br \/>\n26 dB<\/p>\n<p><strong>Input Impedance<\/strong><br \/>\n2 Mohm balanced (1 Mohm per phase)<\/p>\n<p><strong>Frequency Response<\/strong><br \/>\nDC &#8211; 250 kHz<\/p>\n<p><strong>Power Consumption<\/strong><br \/>\n45 watts in standby mode<br \/>\n120 watts in operating mode, no signal<\/p>\n<p><strong>Dimensions<\/strong><br \/>\n11&#8243; W x 18.75&#8243; D x 3.75&#8243; H<br \/>\n(28cm x 48cm x 9.5cm)<\/p>\n<p><strong>Weight<\/strong><br \/>\n52 pounds 23 kg<\/p>\n<\/div>\n<\/div>\n","protected":false},"excerpt":{"rendered":"<p>C\u00e1c s\u1ea3n ph\u1ea9m d\u00f2ng R l\u00e0 th\u00e0nh qu\u1ea3 c\u1ee7a nghi\u00ean c\u1ee9u v\u00e0 ph\u00e1t tri\u1ec3n ti\u00ean ti\u1ebfn c\u1ee7a Ayre. \u0110\u01b0\u1ee3c thi\u1ebft k\u1ebf \u0111\u1ec3 \u0111\u1ea1t hi\u1ec7u su\u1ea5t cao, c\u00e1c s\u1ea3n ph\u1ea9m n\u00e0y \u0111\u01b0\u1ee3c l\u00e0m th\u1ee7 c\u00f4ng t\u1eeb c\u00e1c v\u1eadt li\u1ec7u s\u1eb5n c\u00f3 cao c\u1ea5p nh\u1ea5t \u0111\u1ec3 t\u00e1i t\u1ea1o\u00a0\u00e2m nh\u1ea1c v\u01b0\u1ee3t tr\u1ed9i. T\u1eeb khung m\u00e1y \u0111\u01b0\u1ee3c\u00a0gia c\u00f4ng thanh l\u1ecbch \u0111\u1ebfn nh\u1eefng thu\u1ed9c t\u00ednh k\u1ef9 thu\u1eadt \u0111\u00e1ng kinh ng\u1ea1c, c\u00e1c s\u1ea3n ph\u1ea9m d\u00f2ng R n\u00e0y s\u1ebd l\u00e0m b\u1ea1n th\u1ecfa th\u00edch v\u00e0 say m\u00ea b\u1ea1n \u0111\u1ebfn t\u1eebng chi ti\u1ebft.<\/p>\n<p>&#8212;<\/p>\n<p>\u201cThe sound was open and driving and rhythmic and dynamic\u2014very dynamic. It was\u2026 it was\u2026 you had to be there. I&#8217;m sure glad I was.\u201d<\/p>\n<p><em>\u2013 Wes Phillips, Stereophile Blog<\/em><\/p>\n","protected":false},"featured_media":36392,"comment_status":"open","ping_status":"closed","template":"","meta":{"jetpack_post_was_ever_published":false,"jetpack_publicize_message":"","jetpack_is_tweetstorm":false,"jetpack_publicize_feature_enabled":true,"jetpack_social_post_already_shared":true,"jetpack_social_options":[]},"product_cat":[46,99],"product_tag":[714],"class_list":["post-36386","product","type-product","status-publish","has-post-thumbnail","hentry","product_cat-pre-amplifier","product_cat-ayre-acoustics","product_tag-ayre-acoustics","description-off"],"jetpack_publicize_connections":[],"yoast_head":"<!-- This site is optimized with the Yoast SEO plugin v20.4 - https:\/\/yoast.com\/wordpress\/plugins\/seo\/ -->\n<title>Mono Amplifier Ayre Acoustics MX-R Twenty - SaigonStereo<\/title>\n<meta name=\"robots\" content=\"index, follow, max-snippet:-1, max-image-preview:large, max-video-preview:-1\" \/>\n<link rel=\"canonical\" href=\"https:\/\/www.saigonstereo.com\/home\/san-pham\/mono-amplifier-ayre-acoustics-mx-r-twenty\/\" \/>\n<meta property=\"og:locale\" content=\"vi_VN\" \/>\n<meta property=\"og:type\" content=\"article\" \/>\n<meta property=\"og:title\" content=\"Mono Amplifier Ayre Acoustics MX-R Twenty - SaigonStereo\" \/>\n<meta property=\"og:description\" content=\"C\u00e1c s\u1ea3n ph\u1ea9m d\u00f2ng R l\u00e0 th\u00e0nh qu\u1ea3 c\u1ee7a nghi\u00ean c\u1ee9u v\u00e0 ph\u00e1t tri\u1ec3n ti\u00ean ti\u1ebfn c\u1ee7a Ayre. \u0110\u01b0\u1ee3c thi\u1ebft k\u1ebf \u0111\u1ec3 \u0111\u1ea1t hi\u1ec7u su\u1ea5t cao, c\u00e1c s\u1ea3n ph\u1ea9m n\u00e0y \u0111\u01b0\u1ee3c l\u00e0m th\u1ee7 c\u00f4ng t\u1eeb c\u00e1c v\u1eadt li\u1ec7u s\u1eb5n c\u00f3 cao c\u1ea5p nh\u1ea5t \u0111\u1ec3 t\u00e1i t\u1ea1o\u00a0\u00e2m nh\u1ea1c v\u01b0\u1ee3t tr\u1ed9i. T\u1eeb khung m\u00e1y \u0111\u01b0\u1ee3c\u00a0gia c\u00f4ng thanh l\u1ecbch \u0111\u1ebfn nh\u1eefng thu\u1ed9c t\u00ednh k\u1ef9 thu\u1eadt \u0111\u00e1ng kinh ng\u1ea1c, c\u00e1c s\u1ea3n ph\u1ea9m d\u00f2ng R n\u00e0y s\u1ebd l\u00e0m b\u1ea1n th\u1ecfa th\u00edch v\u00e0 say m\u00ea b\u1ea1n \u0111\u1ebfn t\u1eebng chi ti\u1ebft.  ---  \u201cThe sound was open and driving and rhythmic and dynamic\u2014very dynamic. It was\u2026 it was\u2026 you had to be there. I&#039;m sure glad I was.\u201d  \u2013 Wes Phillips, Stereophile Blog\" \/>\n<meta property=\"og:url\" content=\"https:\/\/www.saigonstereo.com\/home\/san-pham\/mono-amplifier-ayre-acoustics-mx-r-twenty\/\" \/>\n<meta property=\"og:site_name\" content=\"SaigonStereo\" \/>\n<meta property=\"article:modified_time\" content=\"2015-07-22T08:33:41+00:00\" \/>\n<meta property=\"og:image\" content=\"https:\/\/www.saigonstereo.com\/home\/wp-content\/uploads\/2015\/07\/Ayre_MXR_20.jpg\" \/>\n\t<meta property=\"og:image:width\" content=\"2000\" \/>\n\t<meta property=\"og:image:height\" content=\"1517\" \/>\n\t<meta property=\"og:image:type\" content=\"image\/jpeg\" \/>\n<meta name=\"twitter:card\" content=\"summary_large_image\" \/>\n<meta name=\"twitter:label1\" content=\"\u01af\u1edbc t\u00ednh th\u1eddi gian \u0111\u1ecdc\" \/>\n\t<meta name=\"twitter:data1\" content=\"1 ph\u00fat\" \/>\n<script type=\"application\/ld+json\" class=\"yoast-schema-graph\">{\"@context\":\"https:\/\/schema.org\",\"@graph\":[{\"@type\":\"WebPage\",\"@id\":\"https:\/\/www.saigonstereo.com\/home\/san-pham\/mono-amplifier-ayre-acoustics-mx-r-twenty\/\",\"url\":\"https:\/\/www.saigonstereo.com\/home\/san-pham\/mono-amplifier-ayre-acoustics-mx-r-twenty\/\",\"name\":\"Mono Amplifier Ayre Acoustics MX-R Twenty - SaigonStereo\",\"isPartOf\":{\"@id\":\"https:\/\/www.saigonstereo.com\/home\/#website\"},\"datePublished\":\"2015-07-15T03:46:11+00:00\",\"dateModified\":\"2015-07-22T08:33:41+00:00\",\"breadcrumb\":{\"@id\":\"https:\/\/www.saigonstereo.com\/home\/san-pham\/mono-amplifier-ayre-acoustics-mx-r-twenty\/#breadcrumb\"},\"inLanguage\":\"vi\",\"potentialAction\":[{\"@type\":\"ReadAction\",\"target\":[\"https:\/\/www.saigonstereo.com\/home\/san-pham\/mono-amplifier-ayre-acoustics-mx-r-twenty\/\"]}]},{\"@type\":\"BreadcrumbList\",\"@id\":\"https:\/\/www.saigonstereo.com\/home\/san-pham\/mono-amplifier-ayre-acoustics-mx-r-twenty\/#breadcrumb\",\"itemListElement\":[{\"@type\":\"ListItem\",\"position\":1,\"name\":\"Home\",\"item\":\"https:\/\/www.saigonstereo.com\/home\/\"},{\"@type\":\"ListItem\",\"position\":2,\"name\":\"Products\",\"item\":\"https:\/\/www.saigonstereo.com\/home\/shop\/\"},{\"@type\":\"ListItem\",\"position\":3,\"name\":\"Mono Amplifier Ayre Acoustics MX-R Twenty\"}]},{\"@type\":\"WebSite\",\"@id\":\"https:\/\/www.saigonstereo.com\/home\/#website\",\"url\":\"https:\/\/www.saigonstereo.com\/home\/\",\"name\":\"SaigonStereo\",\"description\":\"Nh\u00e0 ph\u00e2n ph\u1ed1i thi\u1ebft b\u1ecb \u00e2m thanh cao c\u1ea5p\",\"potentialAction\":[{\"@type\":\"SearchAction\",\"target\":{\"@type\":\"EntryPoint\",\"urlTemplate\":\"https:\/\/www.saigonstereo.com\/home\/?s={search_term_string}\"},\"query-input\":\"required name=search_term_string\"}],\"inLanguage\":\"vi\"}]}<\/script>\n<!-- \/ Yoast SEO plugin. -->","yoast_head_json":{"title":"Mono Amplifier Ayre Acoustics MX-R Twenty - SaigonStereo","robots":{"index":"index","follow":"follow","max-snippet":"max-snippet:-1","max-image-preview":"max-image-preview:large","max-video-preview":"max-video-preview:-1"},"canonical":"https:\/\/www.saigonstereo.com\/home\/san-pham\/mono-amplifier-ayre-acoustics-mx-r-twenty\/","og_locale":"vi_VN","og_type":"article","og_title":"Mono Amplifier Ayre Acoustics MX-R Twenty - SaigonStereo","og_description":"C\u00e1c s\u1ea3n ph\u1ea9m d\u00f2ng R l\u00e0 th\u00e0nh qu\u1ea3 c\u1ee7a nghi\u00ean c\u1ee9u v\u00e0 ph\u00e1t tri\u1ec3n ti\u00ean ti\u1ebfn c\u1ee7a Ayre. \u0110\u01b0\u1ee3c thi\u1ebft k\u1ebf \u0111\u1ec3 \u0111\u1ea1t hi\u1ec7u su\u1ea5t cao, c\u00e1c s\u1ea3n ph\u1ea9m n\u00e0y \u0111\u01b0\u1ee3c l\u00e0m th\u1ee7 c\u00f4ng t\u1eeb c\u00e1c v\u1eadt li\u1ec7u s\u1eb5n c\u00f3 cao c\u1ea5p nh\u1ea5t \u0111\u1ec3 t\u00e1i t\u1ea1o\u00a0\u00e2m nh\u1ea1c v\u01b0\u1ee3t tr\u1ed9i. T\u1eeb khung m\u00e1y \u0111\u01b0\u1ee3c\u00a0gia c\u00f4ng thanh l\u1ecbch \u0111\u1ebfn nh\u1eefng thu\u1ed9c t\u00ednh k\u1ef9 thu\u1eadt \u0111\u00e1ng kinh ng\u1ea1c, c\u00e1c s\u1ea3n ph\u1ea9m d\u00f2ng R n\u00e0y s\u1ebd l\u00e0m b\u1ea1n th\u1ecfa th\u00edch v\u00e0 say m\u00ea b\u1ea1n \u0111\u1ebfn t\u1eebng chi ti\u1ebft.  ---  \u201cThe sound was open and driving and rhythmic and dynamic\u2014very dynamic. It was\u2026 it was\u2026 you had to be there. I'm sure glad I was.\u201d  \u2013 Wes Phillips, Stereophile Blog","og_url":"https:\/\/www.saigonstereo.com\/home\/san-pham\/mono-amplifier-ayre-acoustics-mx-r-twenty\/","og_site_name":"SaigonStereo","article_modified_time":"2015-07-22T08:33:41+00:00","og_image":[{"width":2000,"height":1517,"url":"https:\/\/www.saigonstereo.com\/home\/wp-content\/uploads\/2015\/07\/Ayre_MXR_20.jpg","type":"image\/jpeg"}],"twitter_card":"summary_large_image","twitter_misc":{"\u01af\u1edbc t\u00ednh th\u1eddi gian \u0111\u1ecdc":"1 ph\u00fat"},"schema":{"@context":"https:\/\/schema.org","@graph":[{"@type":"WebPage","@id":"https:\/\/www.saigonstereo.com\/home\/san-pham\/mono-amplifier-ayre-acoustics-mx-r-twenty\/","url":"https:\/\/www.saigonstereo.com\/home\/san-pham\/mono-amplifier-ayre-acoustics-mx-r-twenty\/","name":"Mono Amplifier Ayre Acoustics MX-R Twenty - SaigonStereo","isPartOf":{"@id":"https:\/\/www.saigonstereo.com\/home\/#website"},"datePublished":"2015-07-15T03:46:11+00:00","dateModified":"2015-07-22T08:33:41+00:00","breadcrumb":{"@id":"https:\/\/www.saigonstereo.com\/home\/san-pham\/mono-amplifier-ayre-acoustics-mx-r-twenty\/#breadcrumb"},"inLanguage":"vi","potentialAction":[{"@type":"ReadAction","target":["https:\/\/www.saigonstereo.com\/home\/san-pham\/mono-amplifier-ayre-acoustics-mx-r-twenty\/"]}]},{"@type":"BreadcrumbList","@id":"https:\/\/www.saigonstereo.com\/home\/san-pham\/mono-amplifier-ayre-acoustics-mx-r-twenty\/#breadcrumb","itemListElement":[{"@type":"ListItem","position":1,"name":"Home","item":"https:\/\/www.saigonstereo.com\/home\/"},{"@type":"ListItem","position":2,"name":"Products","item":"https:\/\/www.saigonstereo.com\/home\/shop\/"},{"@type":"ListItem","position":3,"name":"Mono Amplifier Ayre Acoustics MX-R Twenty"}]},{"@type":"WebSite","@id":"https:\/\/www.saigonstereo.com\/home\/#website","url":"https:\/\/www.saigonstereo.com\/home\/","name":"SaigonStereo","description":"Nh\u00e0 ph\u00e2n ph\u1ed1i thi\u1ebft b\u1ecb \u00e2m thanh cao c\u1ea5p","potentialAction":[{"@type":"SearchAction","target":{"@type":"EntryPoint","urlTemplate":"https:\/\/www.saigonstereo.com\/home\/?s={search_term_string}"},"query-input":"required name=search_term_string"}],"inLanguage":"vi"}]}},"jetpack_sharing_enabled":true,"_links":{"self":[{"href":"https:\/\/www.saigonstereo.com\/home\/wp-json\/wp\/v2\/product\/36386","targetHints":{"allow":["GET"]}}],"collection":[{"href":"https:\/\/www.saigonstereo.com\/home\/wp-json\/wp\/v2\/product"}],"about":[{"href":"https:\/\/www.saigonstereo.com\/home\/wp-json\/wp\/v2\/types\/product"}],"replies":[{"embeddable":true,"href":"https:\/\/www.saigonstereo.com\/home\/wp-json\/wp\/v2\/comments?post=36386"}],"wp:featuredmedia":[{"embeddable":true,"href":"https:\/\/www.saigonstereo.com\/home\/wp-json\/wp\/v2\/media\/36392"}],"wp:attachment":[{"href":"https:\/\/www.saigonstereo.com\/home\/wp-json\/wp\/v2\/media?parent=36386"}],"wp:term":[{"taxonomy":"product_cat","embeddable":true,"href":"https:\/\/www.saigonstereo.com\/home\/wp-json\/wp\/v2\/product_cat?post=36386"},{"taxonomy":"product_tag","embeddable":true,"href":"https:\/\/www.saigonstereo.com\/home\/wp-json\/wp\/v2\/product_tag?post=36386"}],"curies":[{"name":"wp","href":"https:\/\/api.w.org\/{rel}","templated":true}]}}