{"id":36710,"date":"2015-07-23T11:04:46","date_gmt":"2015-07-23T04:04:46","guid":{"rendered":"http:\/\/www.saigonstereo.com\/home\/?post_type=product&#038;p=36710"},"modified":"2018-05-17T16:49:58","modified_gmt":"2018-05-17T09:49:58","slug":"loa-vienna-liszt","status":"publish","type":"product","link":"https:\/\/www.saigonstereo.com\/home\/san-pham\/loa-vienna-liszt\/","title":{"rendered":"Loa Vienna Liszt"},"content":{"rendered":"<p>C\u00f4ng ngh\u1ec7 v\u1eadt li\u1ec7u v\u00e0 thi\u1ebft k\u1ebf khung x\u01b0\u01a1ng \u0111\u1eb7t bi\u1ec7t n\u00e0y mang \u0111\u1ebfn \u0111\u1ed9 c\u1ee9ng tuy\u1ec7t v\u1eddi cho m\u00e0ng loa v\u1edbi tr\u1ecdng l\u01b0\u1ee3ng si\u00eau nh\u1eb9, nh\u1edd \u0111\u00f3 n\u00f3 c\u00f3 kh\u1ea3 n\u0103ng chuy\u1ec3n \u0111\u1ed9ng c\u1ef1c nhanh d\u01b0\u1edbi \u00e1p l\u1ef1c l\u1edbn m\u00e0 kh\u00f4ng h\u1ec1 bi\u1ebfn d\u1ea1ng, mang \u0111\u1ebfn kh\u1ea3 n\u0103ng tr\u00ecnh di\u1ec5n \u00e2m thanh ch\u00ednh x\u00e1c v\u00e0 \u0111\u1ed9 chi ti\u1ebft cao. B\u00ean c\u1ea1nh \u0111\u00f3, Vienna Acoustics c\u00f2n trang b\u1ecb cho th\u1ebf h\u1ec7 c\u1ee7 loa n\u00e0y nam ch\u00e2m Neodymium l\u1ef1c t\u1eeb c\u1ef1c m\u1ea1nh bao quanh cu\u1ed9n \u00e2m voice coil ch\u1ec9 50mm.<\/p>\n<p>Ch\u00ednh gi\u1eefa c\u1ee7 loa trung m\u00e0ng ph\u1eb3ng n\u00e0y c\u0169ng l\u00e0 m\u1ed9t thi\u1ebft k\u1ebf \u0111\u1ed9c quy\u1ec1n kh\u00e1c c\u1ee7a Vienna Acoustics: Loa treble n\u00f3n m\u00e0n l\u1ee5a d\u1ec7t tay s\u1eed d\u1ee5ng nam ch\u00e2m neodymium. V\u1edbi h\u01a1n 2 n\u0103m ph\u00e1t tri\u1ec3n v\u00e0 c\u1ea3i ti\u1ebfn t\u1eeb phi\u00ean b\u1ea3n \u0111\u1ea7u ti\u00ean, Vienna Acoustics t\u1ef1 h\u00e0o \u0111\u00e2y l\u00e0 nh\u1eefng c\u1ee7 loa c\u00f3 kh\u1ea3 n\u0103ng \u0111\u00e1p \u1ee9ng t\u1ed1t nh\u1ea5t hi\u1ec7n nay. B\u1eaft \u0111\u1ea7u t\u1eeb nh\u1eefng chi\u1ebfc loa treble \u0111\u01b0\u1ee3c \u1ee9ng d\u1ee5ng tr\u00ean d\u00f2ng s\u1ea3n ph\u1ea9m Concert Grand Series\u2122, Vienna Acoustic \u0111\u00e3 t\u00edch c\u1ef1c h\u1ee3p t\u00e1c v\u1edbi ScanSpeak \u0111\u1ec3 t\u1ea1o ra nh\u1eefng c\u1ee7 loa t\u1ed1t h\u01a1n b\u1eb1ng c\u00e1ch s\u1eed d\u1ee5ng nam ch\u00e2m nh\u00e2n t\u1ea1o Neodymium l\u00e0m t\u1eeb \u0111\u1ea5t hi\u1ebfm v\u1edbi k\u00edch th\u01b0\u1edbc r\u1ea5t nh\u1ecf nh\u01b0ng c\u00f3 l\u1ef1c t\u1eeb c\u1ef1c m\u1ea1nh \u0111\u1ed3ng th\u1eddi v\u1eabn gi\u1eef nguy\u00ean c\u1ea5u tr\u00fac ch\u1ed1ng xung \u0111\u1ed9t, n\u00e9n d\u00f2ng kh\u00ed b\u00ean d\u01b0\u1edbi m\u00e0ng loa. K\u1ebft qu\u1ea3 l\u00e0 m\u1ed9t th\u1ebf h\u1ec7 loa treble m\u1edbi m\u1ea1nh m\u1ebd h\u01a1n v\u1edbi kh\u1ea3 n\u0103ng k\u1ebft h\u1ee3p ho\u00e0n h\u1ea3o v\u00e0 li\u1ec1n l\u1ea1c c\u00f9ng c\u1ee7 loa trung m\u00e0ng ph\u1eb3ng ti\u00ean ti\u1ebfn c\u1ee7a Vienna Acoustics \u0111\u00e3 ra \u0111\u1eddi.<\/p>\n<p><a class=\"dt-pswp-item\" href=\"http:\/\/www.saigonstereo.com\/home\/wp-content\/uploads\/2015\/07\/Liszt_1_Rosewood_4_1.jpg\" data-dt-img-description=\"\" data-large_image_width=\"1000\" data-large_image_height=\"1359\"><img loading=\"lazy\" decoding=\"async\" class=\"aligncenter size-medium wp-image-36711\" src=\"http:\/\/www.saigonstereo.com\/home\/wp-content\/uploads\/2015\/07\/Liszt_1_Rosewood_4_1-471x640.jpg\" alt=\"\" width=\"471\" height=\"640\" \/><\/a><\/p>\n<p>Kh\u00f4ng nh\u1eefng th\u1ebf, t\u1ea5t c\u1ea3 c\u00e1c c\u1ee7 loa con \u0111\u1ec1u \u0111\u01b0\u1ee3c ch\u00ednh \u0111\u1ed9i ng\u0169 Vienna Acoustics nghi\u00ean c\u1ee9u v\u00e0 ph\u00e1t tri\u1ec3n \u0111\u1ed9c l\u1eadp. Sau khi ho\u00e0n thi\u1ec7n, c\u00e1c thi\u1ebft k\u1ebf s\u1ebd \u0111\u01b0\u1ee3c chuy\u1ec3n sang gia c\u00f4ng b\u1edfi c\u00e1c k\u1ef9 s\u01b0 kh\u00e9o l\u00e9o gi\u00e0u kinh nghi\u1ec7m c\u1ee7a h\u00e3ng s\u1ea3n xu\u1ea5t \u0111\u1ebfn t\u1eeb \u0110an M\u1ea1ch &#8211; ScanSpeak.<\/p>\n<p>D\u1ea3i tr\u1ea7m \u0111\u01b0\u1ee3c ph\u1ee5 tr\u00e1ch b\u1edfi 3 c\u1ee7 loa 7 inch m\u00e0ng nh\u1ec7n X3P \u0111\u01b0\u1ee3c b\u1ed1 tr\u00ed trong 2 khoang ch\u1ee9a ri\u00eang bi\u1ec7t mang \u0111\u1ebfn \u00e2m bass nhanh, m\u1ea1nh m\u1ebd nh\u01b0ng v\u1eabn gi\u1eef \u0111\u01b0\u1ee3c \u0111\u1ed9 m\u1ec1m m\u1ea1i.<\/p>\n<p>C\u0169ng nh\u01b0 t\u1ea5t c\u1ea3 c\u00e1c thi\u1ebft k\u1ebf loa kh\u00e1c, Liszt v\u1eabn tu\u00e2n th\u1ee7 c\u00e1c quy chu\u1ea9n kh\u1eafc khe c\u1ee7a Vienna Acoustic v\u1ec1 s\u1eed d\u1ee5ng linh ki\u1ec7n c\u0169ng nh\u01b0 ho\u00e0n thi\u1ec7n s\u1ea3n ph\u1ea9m: S\u1eed d\u1ee5ng c\u1ecdc loa d\u1ea1ng c\u1ea7u \u0111\u01a1n (single-wire), dung sai li\u00ean ki\u1ec7n t\u1ed1i \u0111a 1%, \u0111\u1ed9 sai l\u00each v\u1edbi loa tham chi\u1ebfu t\u1ed1i \u0111a 0.3dB. Ph\u00e2n t\u1ea7n \u0111\u01b0\u1ee3c s\u1eafp \u0111\u1eb7t linh ki\u1ec7n m\u1ed9t c\u00e1ch t\u1ed1i \u01b0u, ho\u00e0n to\u00e0n kh\u00f4ng c\u00f3 c\u1ea3m kh\u00e1ng, mang \u0111\u1ebfn ch\u1ea5t \u00e2m t\u1ef1 nhi\u00ean nh\u1ea5t.<\/p>\n<p><strong>Th\u00f4ng s\u1ed1 k\u1ef9 thu\u1eadt: <\/strong><\/p>\n<ul>\n<li>Tr\u1edf kh\u00e1ng danh \u0111\u1ecbnh: 4 Ohms<\/li>\n<li>D\u1ea3i t\u1ea7n \u0111\u00e1p \u1ee9ng: 26 Hz &#8211; 25 kHz<\/li>\n<li>\u0110\u1ed9 nh\u1ea1y: 91 dB<\/li>\n<li>C\u00f4ng su\u1ea5t ampli \u0111\u1ec1 ngh\u1ecb: 50 &#8211; 400 Watts<\/li>\n<li>C\u1ee7 loa s\u1eed d\u1ee5ng:<\/li>\n<\/ul>\n<p>+ Tweeter: 1.2\u201d S\u1ea3n xu\u1ea5t tay, Hand Coated Neodymium Center Vented Silk Dome.<\/p>\n<p>+ Midrange (1) 6\u201d Flat-Spider-Cone\u2122, High-Power Neodymium Motor<\/p>\n<p>+ Woofers: 3 x 7\u201d X3P Spider-Cone\u2122<\/p>\n<ul>\n<li>Thi\u1ebft k\u1ebf th\u00f9ng: Ph\u1ea3n x\u1ea1 bass<\/li>\n<li>T\u00ednh n\u0103ng bass: Xung l\u1ef1c t\u1ed1i \u01b0u QB 3 (Quasi-Butterworth)<\/li>\n<li>Thi\u1ebft k\u1ebf ph\u00e2n t\u1ea7n: 3 \u0111\u01b0\u1eddng ti\u1ebfng. 6dB v\u00e0 12dB Bessel<\/li>\n<li>Linh ki\u1ec7n ph\u00e2n t\u1ea7n:<\/li>\n<\/ul>\n<p>+ T\u1ee5 MKP Capacitor (Dung sai 1%)<\/p>\n<p>+ Cu\u1ed9n l\u1ecdc l\u00f5i kh\u00ed (Dung sai 0.7%)<\/p>\n<p>+ \u0110i\u1ec7n tr\u1edf m\u00e0ng kim lo\u1ea1i (Dung sai 1%)<\/p>\n<p>+ Kh\u00f4ng c\u00f3 c\u1ea3m kh\u00e1ng.<\/p>\n<ul>\n<li>Tr\u1ecdng l\u01b0\u1ee3ng: 198 lbs \/ 88 kg \/ \u0111\u00f4i<\/li>\n<li>K\u00edch th\u01b0\u1edbc (W x H x D): 267 x 1250 x 435 mm bao g\u1ed3m ch\u00e2n \u0111\u1ebf<\/li>\n<li>M\u00e0u s\u1eafc: Cherry, Premium Rosewood, Piano Black v\u00e0 Piano White<\/li>\n<\/ul>\n","protected":false},"excerpt":{"rendered":"<p>Liszt l\u00e0 k\u1ebft qu\u1ea3 c\u1ee7a nhi\u1ec1u n\u0103m nghi\u00ean c\u1ee9u v\u00e0 ph\u00e1t tri\u1ec3n d\u1ef1a tr\u00ean n\u1ec1n t\u1ea3ng d\u1ef1 \u00e1n loa m\u00e0ng ph\u1eb3ng Flat-Spider-Cone\u2122 \u0111\u00e3 \u0111\u01b0\u1ee3c c\u1ea5p b\u1eb1ng s\u00e1ng ch\u1ebf \u0111\u1ed9c quy\u1ec1n c\u1ee7a Vienna Acoustics. \u0110\u00e2y l\u00e0 th\u1ebf h\u1ec7 c\u1ee7 loa ti\u00ean ti\u1ebfn nh\u1ea5t \u0111\u01b0\u1ee3c \u1ee9ng d\u1ee5ng tr\u00ean nh\u1eefng m\u1eabu loa cao c\u1ea5p nh\u1ea5t c\u1ee7a h\u00e3ng nh\u01b0 The Music c\u0169ng nh\u01b0 c\u00e1c s\u1ea3n ph\u1ea9m thu\u1ed9c d\u00f2ng Klimt Series\u2122.<\/p>\n<p>C\u00f4ng ngh\u1ec7 c\u1ed1t l\u00f5i c\u1ee7a thi\u1ebft k\u1ebf n\u00e0y ch\u00ednh l\u00e0 c\u1ee7 loa trung midrange ho\u00e0n to\u00e0n m\u1edbi. \u1ede \u0111\u00f4i loa Liszt, Vienna Acoustics s\u1eed d\u1ee5ng loa m\u00e0ng ph\u1eb3ng \u0111\u01b0\u1eddng k\u00ednh \u0111\u1ebfn 15cm \u0111\u01b0\u1ee3c gia c\u01b0\u1eddng b\u1eb1ng h\u1ec7 th\u1ed1ng 12 khung x\u01b0\u01a1ng c\u1ef1c m\u1ecfng v\u1edbi \u0111\u1ed9 d\u00e0y v\u1ecfn v\u1eb9n 16mm b\u1eb1ng ch\u1ea5t li\u1ec7u X3P polymer \u0111\u1ed9c quy\u1ec1n k\u1ebft h\u1ee3p c\u00f9ng s\u1ee3i th\u1ee7y tinh.<\/p>\n","protected":false},"featured_media":40161,"comment_status":"open","ping_status":"closed","template":"","meta":{"jetpack_post_was_ever_published":false,"jetpack_publicize_message":"","jetpack_is_tweetstorm":false,"jetpack_publicize_feature_enabled":true,"jetpack_social_post_already_shared":true,"jetpack_social_options":[]},"product_cat":[32,748,752],"product_tag":[754,751],"class_list":["post-36710","product","type-product","status-publish","has-post-thumbnail","hentry","product_cat-loa","product_cat-vienna-acoustics","product_cat-dong-imperial","product_tag-loa-cot","product_tag-vienna-acoustics","description-off"],"jetpack_publicize_connections":[],"yoast_head":"<!-- This site is optimized with the Yoast SEO plugin v20.4 - https:\/\/yoast.com\/wordpress\/plugins\/seo\/ -->\n<title>Loa Vienna Acoustic Liszt - Imperial Series<\/title>\n<meta name=\"description\" content=\"Liszt l\u00e0 k\u1ebft qu\u1ea3 c\u1ee7a nhi\u1ec1u n\u0103m nghi\u00ean c\u1ee9u v\u00e0 ph\u00e1t tri\u1ec3n d\u1ef1a tr\u00ean n\u1ec1n t\u1ea3ng d\u1ef1 \u00e1n loa m\u00e0ng ph\u1eb3ng Flat-Spider-Cone\u2122 \u0111\u00e3 \u0111\u01b0\u1ee3c c\u1ea5p b\u1eb1ng s\u00e1ng ch\u1ebf c\u1ee7a Vienna...\" \/>\n<meta name=\"robots\" content=\"index, follow, max-snippet:-1, max-image-preview:large, max-video-preview:-1\" \/>\n<link rel=\"canonical\" href=\"https:\/\/www.saigonstereo.com\/home\/san-pham\/loa-vienna-liszt\/\" \/>\n<meta property=\"og:locale\" content=\"vi_VN\" \/>\n<meta property=\"og:type\" content=\"article\" \/>\n<meta property=\"og:title\" content=\"Loa Vienna Acoustic Liszt - Imperial Series\" \/>\n<meta property=\"og:description\" content=\"Liszt l\u00e0 k\u1ebft qu\u1ea3 c\u1ee7a nhi\u1ec1u n\u0103m nghi\u00ean c\u1ee9u v\u00e0 ph\u00e1t tri\u1ec3n d\u1ef1a tr\u00ean n\u1ec1n t\u1ea3ng d\u1ef1 \u00e1n loa m\u00e0ng ph\u1eb3ng Flat-Spider-Cone\u2122 \u0111\u00e3 \u0111\u01b0\u1ee3c c\u1ea5p b\u1eb1ng s\u00e1ng ch\u1ebf c\u1ee7a Vienna...\" \/>\n<meta property=\"og:url\" content=\"https:\/\/www.saigonstereo.com\/home\/san-pham\/loa-vienna-liszt\/\" \/>\n<meta property=\"og:site_name\" content=\"SaigonStereo\" \/>\n<meta property=\"article:modified_time\" content=\"2018-05-17T09:49:58+00:00\" \/>\n<meta property=\"og:image\" content=\"https:\/\/www.saigonstereo.com\/home\/wp-content\/uploads\/2015\/07\/SaigonStereo-640x640-viennaacoustics-liszt.png\" \/>\n\t<meta property=\"og:image:width\" content=\"640\" \/>\n\t<meta property=\"og:image:height\" content=\"640\" \/>\n\t<meta property=\"og:image:type\" content=\"image\/png\" \/>\n<meta name=\"twitter:card\" content=\"summary_large_image\" \/>\n<meta name=\"twitter:label1\" content=\"\u01af\u1edbc t\u00ednh th\u1eddi gian \u0111\u1ecdc\" \/>\n\t<meta name=\"twitter:data1\" content=\"4 ph\u00fat\" \/>\n<script type=\"application\/ld+json\" class=\"yoast-schema-graph\">{\"@context\":\"https:\/\/schema.org\",\"@graph\":[{\"@type\":\"WebPage\",\"@id\":\"https:\/\/www.saigonstereo.com\/home\/san-pham\/loa-vienna-liszt\/\",\"url\":\"https:\/\/www.saigonstereo.com\/home\/san-pham\/loa-vienna-liszt\/\",\"name\":\"Loa Vienna Acoustic Liszt - Imperial Series\",\"isPartOf\":{\"@id\":\"https:\/\/www.saigonstereo.com\/home\/#website\"},\"datePublished\":\"2015-07-23T04:04:46+00:00\",\"dateModified\":\"2018-05-17T09:49:58+00:00\",\"description\":\"Liszt l\u00e0 k\u1ebft qu\u1ea3 c\u1ee7a nhi\u1ec1u n\u0103m nghi\u00ean c\u1ee9u v\u00e0 ph\u00e1t tri\u1ec3n d\u1ef1a tr\u00ean n\u1ec1n t\u1ea3ng d\u1ef1 \u00e1n loa m\u00e0ng ph\u1eb3ng Flat-Spider-Cone\u2122 \u0111\u00e3 \u0111\u01b0\u1ee3c c\u1ea5p b\u1eb1ng s\u00e1ng ch\u1ebf c\u1ee7a Vienna...\",\"breadcrumb\":{\"@id\":\"https:\/\/www.saigonstereo.com\/home\/san-pham\/loa-vienna-liszt\/#breadcrumb\"},\"inLanguage\":\"vi\",\"potentialAction\":[{\"@type\":\"ReadAction\",\"target\":[\"https:\/\/www.saigonstereo.com\/home\/san-pham\/loa-vienna-liszt\/\"]}]},{\"@type\":\"BreadcrumbList\",\"@id\":\"https:\/\/www.saigonstereo.com\/home\/san-pham\/loa-vienna-liszt\/#breadcrumb\",\"itemListElement\":[{\"@type\":\"ListItem\",\"position\":1,\"name\":\"Home\",\"item\":\"https:\/\/www.saigonstereo.com\/home\/\"},{\"@type\":\"ListItem\",\"position\":2,\"name\":\"Products\",\"item\":\"https:\/\/www.saigonstereo.com\/home\/shop\/\"},{\"@type\":\"ListItem\",\"position\":3,\"name\":\"Loa Vienna Liszt\"}]},{\"@type\":\"WebSite\",\"@id\":\"https:\/\/www.saigonstereo.com\/home\/#website\",\"url\":\"https:\/\/www.saigonstereo.com\/home\/\",\"name\":\"SaigonStereo\",\"description\":\"Nh\u00e0 ph\u00e2n ph\u1ed1i thi\u1ebft b\u1ecb \u00e2m thanh cao c\u1ea5p\",\"potentialAction\":[{\"@type\":\"SearchAction\",\"target\":{\"@type\":\"EntryPoint\",\"urlTemplate\":\"https:\/\/www.saigonstereo.com\/home\/?s={search_term_string}\"},\"query-input\":\"required name=search_term_string\"}],\"inLanguage\":\"vi\"}]}<\/script>\n<!-- \/ Yoast SEO plugin. -->","yoast_head_json":{"title":"Loa Vienna Acoustic Liszt - Imperial Series","description":"Liszt l\u00e0 k\u1ebft qu\u1ea3 c\u1ee7a nhi\u1ec1u n\u0103m nghi\u00ean c\u1ee9u v\u00e0 ph\u00e1t tri\u1ec3n d\u1ef1a tr\u00ean n\u1ec1n t\u1ea3ng d\u1ef1 \u00e1n loa m\u00e0ng ph\u1eb3ng Flat-Spider-Cone\u2122 \u0111\u00e3 \u0111\u01b0\u1ee3c c\u1ea5p b\u1eb1ng s\u00e1ng ch\u1ebf c\u1ee7a Vienna...","robots":{"index":"index","follow":"follow","max-snippet":"max-snippet:-1","max-image-preview":"max-image-preview:large","max-video-preview":"max-video-preview:-1"},"canonical":"https:\/\/www.saigonstereo.com\/home\/san-pham\/loa-vienna-liszt\/","og_locale":"vi_VN","og_type":"article","og_title":"Loa Vienna Acoustic Liszt - Imperial Series","og_description":"Liszt l\u00e0 k\u1ebft qu\u1ea3 c\u1ee7a nhi\u1ec1u n\u0103m nghi\u00ean c\u1ee9u v\u00e0 ph\u00e1t tri\u1ec3n d\u1ef1a tr\u00ean n\u1ec1n t\u1ea3ng d\u1ef1 \u00e1n loa m\u00e0ng ph\u1eb3ng Flat-Spider-Cone\u2122 \u0111\u00e3 \u0111\u01b0\u1ee3c c\u1ea5p b\u1eb1ng s\u00e1ng ch\u1ebf c\u1ee7a Vienna...","og_url":"https:\/\/www.saigonstereo.com\/home\/san-pham\/loa-vienna-liszt\/","og_site_name":"SaigonStereo","article_modified_time":"2018-05-17T09:49:58+00:00","og_image":[{"width":640,"height":640,"url":"https:\/\/www.saigonstereo.com\/home\/wp-content\/uploads\/2015\/07\/SaigonStereo-640x640-viennaacoustics-liszt.png","type":"image\/png"}],"twitter_card":"summary_large_image","twitter_misc":{"\u01af\u1edbc t\u00ednh th\u1eddi gian \u0111\u1ecdc":"4 ph\u00fat"},"schema":{"@context":"https:\/\/schema.org","@graph":[{"@type":"WebPage","@id":"https:\/\/www.saigonstereo.com\/home\/san-pham\/loa-vienna-liszt\/","url":"https:\/\/www.saigonstereo.com\/home\/san-pham\/loa-vienna-liszt\/","name":"Loa Vienna Acoustic Liszt - Imperial Series","isPartOf":{"@id":"https:\/\/www.saigonstereo.com\/home\/#website"},"datePublished":"2015-07-23T04:04:46+00:00","dateModified":"2018-05-17T09:49:58+00:00","description":"Liszt l\u00e0 k\u1ebft qu\u1ea3 c\u1ee7a nhi\u1ec1u n\u0103m nghi\u00ean c\u1ee9u v\u00e0 ph\u00e1t tri\u1ec3n d\u1ef1a tr\u00ean n\u1ec1n t\u1ea3ng d\u1ef1 \u00e1n loa m\u00e0ng ph\u1eb3ng Flat-Spider-Cone\u2122 \u0111\u00e3 \u0111\u01b0\u1ee3c c\u1ea5p b\u1eb1ng s\u00e1ng ch\u1ebf c\u1ee7a Vienna...","breadcrumb":{"@id":"https:\/\/www.saigonstereo.com\/home\/san-pham\/loa-vienna-liszt\/#breadcrumb"},"inLanguage":"vi","potentialAction":[{"@type":"ReadAction","target":["https:\/\/www.saigonstereo.com\/home\/san-pham\/loa-vienna-liszt\/"]}]},{"@type":"BreadcrumbList","@id":"https:\/\/www.saigonstereo.com\/home\/san-pham\/loa-vienna-liszt\/#breadcrumb","itemListElement":[{"@type":"ListItem","position":1,"name":"Home","item":"https:\/\/www.saigonstereo.com\/home\/"},{"@type":"ListItem","position":2,"name":"Products","item":"https:\/\/www.saigonstereo.com\/home\/shop\/"},{"@type":"ListItem","position":3,"name":"Loa Vienna Liszt"}]},{"@type":"WebSite","@id":"https:\/\/www.saigonstereo.com\/home\/#website","url":"https:\/\/www.saigonstereo.com\/home\/","name":"SaigonStereo","description":"Nh\u00e0 ph\u00e2n ph\u1ed1i thi\u1ebft b\u1ecb \u00e2m thanh cao c\u1ea5p","potentialAction":[{"@type":"SearchAction","target":{"@type":"EntryPoint","urlTemplate":"https:\/\/www.saigonstereo.com\/home\/?s={search_term_string}"},"query-input":"required name=search_term_string"}],"inLanguage":"vi"}]}},"jetpack_sharing_enabled":true,"_links":{"self":[{"href":"https:\/\/www.saigonstereo.com\/home\/wp-json\/wp\/v2\/product\/36710","targetHints":{"allow":["GET"]}}],"collection":[{"href":"https:\/\/www.saigonstereo.com\/home\/wp-json\/wp\/v2\/product"}],"about":[{"href":"https:\/\/www.saigonstereo.com\/home\/wp-json\/wp\/v2\/types\/product"}],"replies":[{"embeddable":true,"href":"https:\/\/www.saigonstereo.com\/home\/wp-json\/wp\/v2\/comments?post=36710"}],"wp:featuredmedia":[{"embeddable":true,"href":"https:\/\/www.saigonstereo.com\/home\/wp-json\/wp\/v2\/media\/40161"}],"wp:attachment":[{"href":"https:\/\/www.saigonstereo.com\/home\/wp-json\/wp\/v2\/media?parent=36710"}],"wp:term":[{"taxonomy":"product_cat","embeddable":true,"href":"https:\/\/www.saigonstereo.com\/home\/wp-json\/wp\/v2\/product_cat?post=36710"},{"taxonomy":"product_tag","embeddable":true,"href":"https:\/\/www.saigonstereo.com\/home\/wp-json\/wp\/v2\/product_tag?post=36710"}],"curies":[{"name":"wp","href":"https:\/\/api.w.org\/{rel}","templated":true}]}}