{"id":37061,"date":"2015-08-20T11:43:40","date_gmt":"2015-08-20T04:43:40","guid":{"rendered":"http:\/\/www.saigonstereo.com\/home\/san-pham\/dia-cd-accustic-arts-uncompressed-world-vol-4\/"},"modified":"2019-10-02T12:25:07","modified_gmt":"2019-10-02T05:25:07","slug":"dia-cd-accustic-arts-uncompressed-world-vol-4","status":"publish","type":"product","link":"https:\/\/www.saigonstereo.com\/home\/san-pham\/dia-cd-accustic-arts-uncompressed-world-vol-4\/","title":{"rendered":"\u0110\u0129a CD Accustic Arts: Uncompressed World &#8211; Vol.4 &#8211; H\u1ebft h\u00e0ng"},"content":{"rendered":"<p>Tr\u01b0\u1edbc h\u1ebft, m\u1ed9t album t\u1ed5ng h\u1ee3p ho\u00e0n ch\u1ec9nh ch\u1ec9 d\u00e0nh ri\u00eang cho m\u1ed9t nh\u1ea1c c\u1ee5 duy nh\u1ea5t? Li\u1ec7u m\u1ed9t album nh\u01b0 v\u1eady c\u00f3 \u0111\u00e1ng th\u1ef1c hi\u1ec7n? \u0110\u00e2y l\u00e0 nh\u1eefng suy ngh\u0129 ban \u0111\u1ea7u c\u1ee7a h\u00e3ng v\u00e0o \u0111\u1ea7u n\u0103m 2012 khi h\u1ecd b\u1eaft \u0111\u1ea7u l\u00e0m vi\u1ec7c v\u1edbi album \u201cUncompressed World Vol. IV\u201d.<\/p>\n<p>V\u00e0 ti\u1ebfp theo l\u00e0: Ch\u00fang ta n\u00ean ch\u1ecdn nh\u1ea1c c\u1ee5 n\u00e0o? V\u00e2ng, \u1edf \u0111\u00e2y ch\u00fang t\u00f4i \u0111\u00e3 th\u1ed1ng nh\u1ea5t kh\u00e1 nhanh: piano. Trong th\u1ef1c t\u1ebf, m\u1ed9t album t\u1ed5ng h\u1ee3p ch\u1ec9 d\u00e0nh ri\u00eang cho piano ho\u00e0n to\u00e0n kh\u00f4ng h\u1ec1 \u0111\u01a1n \u0111i\u1ec7u, m\u00e0 th\u1ef1c s\u1ef1 kh\u00e1 cu\u1ed1n h\u00fat. S\u1edf d\u0129 c\u00f3 \u0111i\u1ec1u n\u00e0y l\u00e0 do kh\u00f4ng bao gi\u1edd t\u1ed3n t\u1ea1i c\u00f3 hai c\u00e2y \u0111\u00e0n piano ti\u1ebfng gi\u1ed1ng h\u1ec7t nhau, cho d\u00f9 \u0111\u00f3 l\u00e0 Steinway, Grotrian-Steinweg, B\u00f6sendorfer hay Yamaha. M\u1ed7i nh\u00e0 s\u1ea3n xu\u1ea5t \u0111\u00e0n piano c\u00f3 tri\u1ebft l\u00fd ri\u00eang c\u1ee7a m\u00ecnh. S\u1ef1 kh\u00e1c bi\u1ec7t h\u01a1n n\u1eefa l\u00e0 nh\u1eefng c\u00e1ch hi\u1ec3u kh\u00e1c nhau c\u1ee7a ng\u01b0\u1eddi ch\u01a1i v\u00e0 c\u00f4ng ngh\u1ec7 ghi \u00e2m \u0111\u01b0\u1ee3c s\u1eed d\u1ee5ng b\u1edfi k\u1ef9 s\u01b0 thu \u00e2m.<\/p>\n<p>Trong m\u1ecdi tr\u01b0\u1eddng h\u1ee3p, c\u00e1c chuy\u00ean gia m\u00f4 t\u1ea3 vi\u1ec7c thu \u00e2m m\u1ed9t c\u00e2y \u0111\u00e0n piano l\u00e0 k\u1ef7 thu\u1eadt ph\u1ee9c t\u1ea1p v\u00e0 kh\u00f3 kh\u0103n nh\u1ea5t \u0111\u1ed1i v\u1edbi m\u1ecdi ph\u00f2ng thu. V\u1ea5n \u0111\u1ec1 c\u1ed1t l\u00f5i \u1edf \u0111\u00e2y l\u00e0 m\u1ed9t c\u00e2y \u0111\u1ea1i d\u01b0\u01a1ng c\u1ea7m c\u00f3 d\u1ea3i t\u1ea7n r\u1ea5t r\u1ed9ng (v\u1edbi t\u1ea7n s\u1ed1 c\u1ed9ng h\u01b0\u1edfng c\u1ee7a c\u00e1c d\u1ea3i trong ph\u1ea1m vi t\u1eeb 27,5 \u0111\u1ebfn 4200 Hz v\u00e0 v\u1edbi s\u00f3ng h\u00e0i l\u00ean \u0111\u1ebfn 12 kHz) v\u00e0 c\u0169ng l\u00e0 d\u1ea3i \u0111\u1ed9ng r\u1ea5t r\u1ed9ng.<\/p>\n<p>M\u1ed9t \u0111i\u1ec3m quy\u1ebft \u0111\u1ecbnh kh\u00e1c l\u00e0 kh\u00f4ng gian: li\u1ec7u nh\u1ea1c c\u1ee5 c\u00f3 n\u1eb1m m\u1ed9t m\u00ecnh l\u1ebb loi trong ph\u00f2ng h\u00f2a nh\u1ea1c l\u1edbn hay l\u1ea5p \u0111\u1ea7y kh\u00f4ng gian c\u1ee7a m\u1ed9t ph\u00f2ng thu nh\u1ecf. C\u00e1c micro \u0111\u01b0\u1ee3c \u0111\u1eb7t \u1edf \u0111\u00e2u trong qu\u00e1 tr\u00ecnh ghi \u00e2m? C\u00e1c b\u1ea3n ghi c\u1ed5 \u0111i\u1ec3n \u0111\u1eb7c bi\u1ec7t \u0111\u1eb7t c\u00e1c micr\u00f4 c\u00e1ch xa nh\u1ea1c c\u1ee5 m\u1ed9t kho\u1ea3ng c\u00e1ch l\u1edbn. K\u1ebft qu\u1ea3 l\u00e0 ti\u1ebfng thu \u0111\u01b0\u1ee3c l\u00e0 gi\u00e1n ti\u1ebfp, v\u1edbi r\u1ea5t nhi\u1ec1u \u1ea3nh h\u01b0\u1edfng c\u1ee7a kh\u00f4ng gian. Sau n\u00e0y, ng\u01b0\u1eddi ta \u0111\u1eb7t micro r\u1ea5t g\u1ea7n v\u1edbi ngu\u1ed3n ph\u00e1t ra \u00e2m thanh; K\u1ebft qu\u1ea3 l\u00e0 m\u1ed9t \u00e2m thanh g\u1ea7n g\u1ee7i h\u01a1n bao g\u1ed3m t\u1ea5t c\u1ea3 c\u00e1c ti\u1ebfng \u1ed3n xung quanh. B\u00faa v\u00e0 b\u00e0n \u0111\u1ea1p r\u00f5 r\u00e0ng c\u00f3 th\u1ec3 nghe \u0111\u01b0\u1ee3c.<\/p>\n<p>V\u00e0 b\u1ea1n c\u00f3 th\u1ec3 th\u1ea5y kh\u00f3 tin, nh\u01b0ng ti\u1ebfng piano \u201c\u0111\u00f3ng h\u1ed9p\u201d c\u0169ng g\u00f3p m\u1eb7t trong \u0111\u0129a t\u1ed5ng h\u1ee3p c\u1ee7a ch\u00fang t\u00f4i. L\u1ea5y nguy\u00ean m\u1eabu \u00e2m thanh, ph\u00e1t l\u1ea1i tr\u00ean th\u01b0 vi\u1ec7n midi v\u00e0 ch\u1ec9nh s\u1eeda l\u1ea1i tr\u00ean m\u00e1y t\u00ednh; \u0111\u00f3 l\u00e0 \u0111\u1ecbnh ngh\u0129a c\u1ee7a ch\u00fang t\u00f4i v\u1ec1 ti\u1ebfng piano \u201c\u0111\u00f3ng h\u1ed9p\u201d.<\/p>\n<p>Khuy\u1ebfn ngh\u1ecb c\u1ee7a ch\u00fang t\u00f4i: \u0110\u1eebng \u0111\u1ecdc cu\u1ed1n s\u00e1ch nh\u1ecf (booklet) \u0111\u00ednh k\u00e8m trong v\u1ecf h\u1ed9p, tr\u01b0\u1edbc h\u1ebft h\u00e3y l\u1eafng nghe CD m\u1ed9t c\u00e1ch c\u1ea9n th\u1eadn. H\u00e3y th\u1eed t\u00ecm xem b\u1ea3n nh\u1ea1c n\u00e0o kh\u00f4ng \u0111\u01b0\u1ee3c ch\u01a1i v\u1edbi m\u1ed9t c\u00e2y \u0111\u00e0n piano th\u1ef1c th\u1ee5 m\u00e0 l\u00e0 ti\u1ebfng \u201cpiano \u0111\u00f3ng h\u1ed9p\u201d nh\u01b0 \u0111\u00e3 n\u00eau?. Ch\u00fang t\u00f4i ch\u00fac b\u1ea1n c\u00f3 nhi\u1ec1u ni\u1ec1m vui trong qu\u00e1 tr\u00ecnh t\u00ecm ki\u1ebfm v\u00e0 tr\u1ea3i nghi\u1ec7m th\u1ebf gi\u1edbi \u00e2m thanh qua album album \u201cUncompressed World Vol. IV\u201d.<\/p>\n<p><strong>Danh s\u00e1ch b\u00e0i h\u00e1t album &#8220;Uncompressed World &#8211; Vol.4&#8221;:<\/strong><\/p>\n<div class=\"uncode_text_column\">\n<ol>\n<li>Matthias Frey \u2013 Smile<\/li>\n<li>Martin Tingvall \u2013 Debbie And The Dogs<\/li>\n<li>Omar Sosa \u2013 Esperanza<\/li>\n<li>Andreas Loh \u2013 Numinosa<\/li>\n<li>Mathias Claus \u2013 Gru\u00df an F.<\/li>\n<li>Martin Vatter \u2013 Walchensee, Mondnacht<\/li>\n<li>Michael Fiedler \u2013 Gedanken<\/li>\n<li>Jesus Chucho Vald\u00e9s \u2013 Adiva<\/li>\n<li>Joerg Reiter \u2013 Sweet Delight<\/li>\n<li>Lutz Gerlach &amp; Ulrike Mai \u2013 4 rain<\/li>\n<li>Kevin Malpass \u2013 Reflection<\/li>\n<li>Wolfgang Dauner \u2013 Wendekreis des Steinbocks<\/li>\n<li>Jin Ju \u2013 Sonata D958-Menuetto<\/li>\n<li>Caroline Fischer \u2013 Valse impromptu<\/li>\n<li>Claudius Tanski \u2013 Auf Fl\u00fcgeln des Gesanges<\/li>\n<li>Lev Vinocour \u2013 The Seasons op. 37<\/li>\n<li>Elisabeth Leonskaja \u2013 Fr\u00fchlingslied op. 62, 6<\/li>\n<li>Kirk Monteux \u2013 Eternal Desert (La Calima Edit)<\/li>\n<\/ol>\n<p>Xem th\u00eam c\u00e1c s\u1ea3n ph\u1ea9m thanh l\u00fd &amp; gi\u1ea3m gi\u00e1 kh\u00e1c c\u1ee7a SaigonStereo t\u1ea1i \u0111\u00e2y: <a href=\"https:\/\/www.saigonstereo.com\/home\/muc-san-pham\/hang-thanh-ly\/?fbclid=IwAR3LZf-sJK62KaZM3rX_BQ5O1v7C9GD68rxh73xSrlkUDqoM3oSKc-_g9AA\" target=\"_blank\" rel=\"noopener nofollow noreferrer\" data-ft=\"{&quot;tn&quot;:&quot;-U&quot;}\" data-lynx-mode=\"async\" data-lynx-uri=\"https:\/\/l.facebook.com\/l.php?u=https%3A%2F%2Fwww.saigonstereo.com%2Fhome%2Fmuc-san-pham%2Fhang-thanh-ly%2F%3Ffbclid%3DIwAR3LZf-sJK62KaZM3rX_BQ5O1v7C9GD68rxh73xSrlkUDqoM3oSKc-_g9AA&amp;h=AT2DYYDNNGvR7H4M7Ch1nIuPw9M7tsU89-yOd3YTPAI9pbJG7hN5UDFTPmwslPU4BXxBUJjuUXvmQt6UfBDwxu-w1OyCKDKWibcRmMGJSqbus3hi_J5BFd506K5ieDPDcbVnX1wlh2VcpFIID6I05KaEQb1df0aZrzb50vJzNR6FX_htrS29XPi4ZUMv9TsVFboDhceViAEiFfD7QtOihO5lbyFf_RCQGjU5BP2oK5JTdG2Dl73QClFHcAG4jW6NBTX7UD-yKUrRR-vQZJZcDy2Ze_NjhmPmsYtcwhQsedYIusqCawu65IrJ52bSrEezo4USq5z8XciLlEUJksLr_JJX2UcPxlhdXzWSrpapf02v718wp5kD9b5kDlN3t0x-gzuVR1yNElRU9eiNozQaBcp8vzvyKUhhKjdbppRzH8SMH0Y8XsyoNxAs8xArsSve-gSZHHuFZGkdoNkPDR2vOcqrIBJwi-ymGSENYg7KnZcNyCaSlxiO12dsv6hXsEwYlmLt9XtsIuBUxHWoJXtGJJcIF8VcdaguxdLQVgEFNAGVHqMmnHkyvWawz0mXZc8q9SldhUo9f1tmXyL_ZLyLQOsj-X2WmRhC-hSVeCz4X0jmYVebQ_xr7lp4oTDjVh38XvufSJF7OVKN592anfOpv43DumAntGqQzfxAN_dV3FaMhDqVl1TLNmZdCm-_MaY-Xz13s_roIY9EH1IoPui2G7ecaw41VO_42_GfY0aHN1SGvrR347Cp_qau2EAyMseRCtb9YTyCVbVauHC0f9C7tqOaCczSjarN12Gotg\">https:\/\/www.saigonstereo.com\/ho\u2026\/muc-san-pham\/hang-thanh-ly\/<\/a><\/p>\n<p>=================================<br \/>\n<span class=\"_5mfr\"><span class=\"_6qdm\">\ud83c\udf10<\/span><\/span> Website: <a href=\"http:\/\/www.SaigonStereo.com\/?fbclid=IwAR2d684G06xSLiDVGVZWYzPWubcEwryOA1cVCQSY1P_ZXWYoTwpPTmJKb9g\" target=\"_blank\" rel=\"noopener nofollow noreferrer\" data-ft=\"{&quot;tn&quot;:&quot;-U&quot;}\" data-lynx-mode=\"async\" data-lynx-uri=\"https:\/\/l.facebook.com\/l.php?u=http%3A%2F%2Fwww.SaigonStereo.com%2F%3Ffbclid%3DIwAR2d684G06xSLiDVGVZWYzPWubcEwryOA1cVCQSY1P_ZXWYoTwpPTmJKb9g&amp;h=AT0gH9qnr5ncy33qkmzUw28e5kbETUGed_9UtcNV4KWNFtEIBer9-sIV7Qit08xIv4Rs2Ab1T9mH_tQOGX75kqO3K5AhAJDdHrjW1rtsx8ZxuWbRgbuPMC2RTzmDe9TXfYnidynR9gUCOfP9-pYWbkCgx7c13OqM6uzagjGP7pQVNPTE3HcaSf9UTUZ2z-2ig-q4JDVD7Mkmfx57BofYpvEfK2U95ji63m9otLxbuvSdLDKDP9X5quEyBo96y5whf7xek8Sn-xfRtlvh1T5TSHr8l0asltsenTbdjQvDJZRl-zlpsem_jDzgCNa1a8mmwD05LfFhSFh2DuaRDH4f3cYpo4erK42Tz4aobR6ln0Y-nTQdGxW8duxeDpfP_McycaluXRB4P2V9esKUeZeWnJyzxd_2YEICiIYj9dAvEnoT9Fo6a97CHJDPGokLjuECXrtjgyMYOkx46bPhbrYu8T13IN1GG4GCZmXYIc0xyAseDFFcXEaGFvThxCJdFkv0vKmZz_PUPfr-D8iBMSDC9HkF6s4bHKeNM1aNOU49TOlMALFiXjGfeJDWHS5iQu1_F1oyezWjohlakaQ2gS3UVoFTfGh-h6hoHcNgmosTRh_gWINiLDYDV8kxE0lDEcrwZVSS1ydWCZR69tm1JRI9Wb7SxspCaliZNLZyTXwXKp4oNP-9yJBfABjgsw7bymvqv8WRtXIc-NXwmWiwWDCwupPUpv-rdYWb8etKzvtihwNfbSMDNTuzpAXWGnVM4y7jJJCLnGrop-WVln_LN8C-AzXz43ayzfcxA5ibsQ\">www.SaigonStereo.com<\/a><br \/>\n<span class=\"_5mfr\"><span class=\"_6qdm\">\ud83d\uded2<\/span><\/span> 14E45 Th\u1ea3o \u0110i\u1ec1n, P. Th\u1ea3o \u0110i\u1ec1n, Q.2, Tp.HCM<br \/>\n<span class=\"_5mfr\"><span class=\"_6qdm\">\ud83d\udcde<\/span><\/span> Hotline (iMessage\/Zalo\/Viber): 0985.233.014 (Mr. Nguy\u00ean)<\/p>\n<\/div>\n","protected":false},"excerpt":{"rendered":"<p>B\u00ed \u1ea9n trong album album \u201cUncompressed World Vol. IV\u201d!<\/p>\n<p>\u0110\u1eebng nghe nh\u1ea1c kh\u00f4ng c\u00f3 ch\u1ee7 \u0111\u00edch, h\u00e3y c\u00f9ng tr\u1ea3i nghi\u1ec7m m\u1ed9t c\u00e2u chuy\u1ec7n r\u1ea5t th\u00fa v\u1ecb \u1ea9n ch\u1ee9a trong album \u201cUncompressed World Vol. IV\u201d c\u1ee7a Accustic Arts.<\/p>\n","protected":false},"featured_media":41173,"comment_status":"open","ping_status":"closed","template":"","meta":{"jetpack_post_was_ever_published":false,"jetpack_publicize_message":"","jetpack_is_tweetstorm":false,"jetpack_publicize_feature_enabled":true,"jetpack_social_post_already_shared":true,"jetpack_social_options":[]},"product_cat":[842],"product_tag":[827,845],"class_list":["post-37061","product","type-product","status-publish","has-post-thumbnail","hentry","product_cat-dia-nhac","product_tag-accustic-arts","product_tag-dia-cd","description-off"],"jetpack_publicize_connections":[],"yoast_head":"<!-- This site is optimized with the Yoast SEO plugin v20.4 - https:\/\/yoast.com\/wordpress\/plugins\/seo\/ -->\n<title>\u0110\u0129a CD Accustic Arts: Uncompressed World - Vol.4<\/title>\n<meta name=\"description\" content=\"V\u1edbi Uncompressed World Vol.4, ch\u00fang t\u00f4i \u0111\u1ec3 ngh\u1ecb c\u00e1c b\u1ea1n h\u00e3y nghe k\u1ef9 t\u1eebng b\u00e0i m\u1ed9t (\u0111\u1eebng xem qua b\u00eca) v\u00e0 c\u1ed1 g\u1eafng t\u00ecm th\u1ea5y b\u00e0i kh\u00f4ng \u0111\u01b0\u1ee3c ch\u01a1i b\u1eb1ng piano th\u1eadt\" \/>\n<meta name=\"robots\" content=\"index, follow, max-snippet:-1, max-image-preview:large, max-video-preview:-1\" \/>\n<link rel=\"canonical\" href=\"https:\/\/www.saigonstereo.com\/home\/san-pham\/dia-cd-accustic-arts-uncompressed-world-vol-4\/\" \/>\n<meta property=\"og:locale\" content=\"vi_VN\" \/>\n<meta property=\"og:type\" content=\"article\" \/>\n<meta property=\"og:title\" content=\"\u0110\u0129a CD Accustic Arts: Uncompressed World - Vol.4\" \/>\n<meta property=\"og:description\" content=\"V\u1edbi Uncompressed World Vol.4, ch\u00fang t\u00f4i \u0111\u1ec3 ngh\u1ecb c\u00e1c b\u1ea1n h\u00e3y nghe k\u1ef9 t\u1eebng b\u00e0i m\u1ed9t (\u0111\u1eebng xem qua b\u00eca) v\u00e0 c\u1ed1 g\u1eafng t\u00ecm th\u1ea5y b\u00e0i kh\u00f4ng \u0111\u01b0\u1ee3c ch\u01a1i b\u1eb1ng piano th\u1eadt\" \/>\n<meta property=\"og:url\" content=\"https:\/\/www.saigonstereo.com\/home\/san-pham\/dia-cd-accustic-arts-uncompressed-world-vol-4\/\" \/>\n<meta property=\"og:site_name\" content=\"SaigonStereo\" \/>\n<meta property=\"article:modified_time\" content=\"2019-10-02T05:25:07+00:00\" \/>\n<meta property=\"og:image\" content=\"https:\/\/www.saigonstereo.com\/home\/wp-content\/uploads\/2015\/08\/SaigonStereo-640x640-artscd-v4.png\" \/>\n\t<meta property=\"og:image:width\" content=\"640\" \/>\n\t<meta property=\"og:image:height\" content=\"640\" \/>\n\t<meta property=\"og:image:type\" content=\"image\/png\" \/>\n<meta name=\"twitter:card\" content=\"summary_large_image\" \/>\n<meta name=\"twitter:label1\" content=\"\u01af\u1edbc t\u00ednh th\u1eddi gian \u0111\u1ecdc\" \/>\n\t<meta name=\"twitter:data1\" content=\"4 ph\u00fat\" \/>\n<script type=\"application\/ld+json\" class=\"yoast-schema-graph\">{\"@context\":\"https:\/\/schema.org\",\"@graph\":[{\"@type\":\"WebPage\",\"@id\":\"https:\/\/www.saigonstereo.com\/home\/san-pham\/dia-cd-accustic-arts-uncompressed-world-vol-4\/\",\"url\":\"https:\/\/www.saigonstereo.com\/home\/san-pham\/dia-cd-accustic-arts-uncompressed-world-vol-4\/\",\"name\":\"\u0110\u0129a CD Accustic Arts: Uncompressed World - Vol.4\",\"isPartOf\":{\"@id\":\"https:\/\/www.saigonstereo.com\/home\/#website\"},\"datePublished\":\"2015-08-20T04:43:40+00:00\",\"dateModified\":\"2019-10-02T05:25:07+00:00\",\"description\":\"V\u1edbi Uncompressed World Vol.4, ch\u00fang t\u00f4i \u0111\u1ec3 ngh\u1ecb c\u00e1c b\u1ea1n h\u00e3y nghe k\u1ef9 t\u1eebng b\u00e0i m\u1ed9t (\u0111\u1eebng xem qua b\u00eca) v\u00e0 c\u1ed1 g\u1eafng t\u00ecm th\u1ea5y b\u00e0i kh\u00f4ng \u0111\u01b0\u1ee3c ch\u01a1i b\u1eb1ng piano th\u1eadt\",\"breadcrumb\":{\"@id\":\"https:\/\/www.saigonstereo.com\/home\/san-pham\/dia-cd-accustic-arts-uncompressed-world-vol-4\/#breadcrumb\"},\"inLanguage\":\"vi\",\"potentialAction\":[{\"@type\":\"ReadAction\",\"target\":[\"https:\/\/www.saigonstereo.com\/home\/san-pham\/dia-cd-accustic-arts-uncompressed-world-vol-4\/\"]}]},{\"@type\":\"BreadcrumbList\",\"@id\":\"https:\/\/www.saigonstereo.com\/home\/san-pham\/dia-cd-accustic-arts-uncompressed-world-vol-4\/#breadcrumb\",\"itemListElement\":[{\"@type\":\"ListItem\",\"position\":1,\"name\":\"Home\",\"item\":\"https:\/\/www.saigonstereo.com\/home\/\"},{\"@type\":\"ListItem\",\"position\":2,\"name\":\"Products\",\"item\":\"https:\/\/www.saigonstereo.com\/home\/shop\/\"},{\"@type\":\"ListItem\",\"position\":3,\"name\":\"\u0110\u0129a CD Accustic Arts: Uncompressed World &#8211; Vol.4 &#8211; H\u1ebft h\u00e0ng\"}]},{\"@type\":\"WebSite\",\"@id\":\"https:\/\/www.saigonstereo.com\/home\/#website\",\"url\":\"https:\/\/www.saigonstereo.com\/home\/\",\"name\":\"SaigonStereo\",\"description\":\"Nh\u00e0 ph\u00e2n ph\u1ed1i thi\u1ebft b\u1ecb \u00e2m thanh cao c\u1ea5p\",\"potentialAction\":[{\"@type\":\"SearchAction\",\"target\":{\"@type\":\"EntryPoint\",\"urlTemplate\":\"https:\/\/www.saigonstereo.com\/home\/?s={search_term_string}\"},\"query-input\":\"required name=search_term_string\"}],\"inLanguage\":\"vi\"}]}<\/script>\n<!-- \/ Yoast SEO plugin. -->","yoast_head_json":{"title":"\u0110\u0129a CD Accustic Arts: Uncompressed World - Vol.4","description":"V\u1edbi Uncompressed World Vol.4, ch\u00fang t\u00f4i \u0111\u1ec3 ngh\u1ecb c\u00e1c b\u1ea1n h\u00e3y nghe k\u1ef9 t\u1eebng b\u00e0i m\u1ed9t (\u0111\u1eebng xem qua b\u00eca) v\u00e0 c\u1ed1 g\u1eafng t\u00ecm th\u1ea5y b\u00e0i kh\u00f4ng \u0111\u01b0\u1ee3c ch\u01a1i b\u1eb1ng piano th\u1eadt","robots":{"index":"index","follow":"follow","max-snippet":"max-snippet:-1","max-image-preview":"max-image-preview:large","max-video-preview":"max-video-preview:-1"},"canonical":"https:\/\/www.saigonstereo.com\/home\/san-pham\/dia-cd-accustic-arts-uncompressed-world-vol-4\/","og_locale":"vi_VN","og_type":"article","og_title":"\u0110\u0129a CD Accustic Arts: Uncompressed World - Vol.4","og_description":"V\u1edbi Uncompressed World Vol.4, ch\u00fang t\u00f4i \u0111\u1ec3 ngh\u1ecb c\u00e1c b\u1ea1n h\u00e3y nghe k\u1ef9 t\u1eebng b\u00e0i m\u1ed9t (\u0111\u1eebng xem qua b\u00eca) v\u00e0 c\u1ed1 g\u1eafng t\u00ecm th\u1ea5y b\u00e0i kh\u00f4ng \u0111\u01b0\u1ee3c ch\u01a1i b\u1eb1ng piano th\u1eadt","og_url":"https:\/\/www.saigonstereo.com\/home\/san-pham\/dia-cd-accustic-arts-uncompressed-world-vol-4\/","og_site_name":"SaigonStereo","article_modified_time":"2019-10-02T05:25:07+00:00","og_image":[{"width":640,"height":640,"url":"https:\/\/www.saigonstereo.com\/home\/wp-content\/uploads\/2015\/08\/SaigonStereo-640x640-artscd-v4.png","type":"image\/png"}],"twitter_card":"summary_large_image","twitter_misc":{"\u01af\u1edbc t\u00ednh th\u1eddi gian \u0111\u1ecdc":"4 ph\u00fat"},"schema":{"@context":"https:\/\/schema.org","@graph":[{"@type":"WebPage","@id":"https:\/\/www.saigonstereo.com\/home\/san-pham\/dia-cd-accustic-arts-uncompressed-world-vol-4\/","url":"https:\/\/www.saigonstereo.com\/home\/san-pham\/dia-cd-accustic-arts-uncompressed-world-vol-4\/","name":"\u0110\u0129a CD Accustic Arts: Uncompressed World - Vol.4","isPartOf":{"@id":"https:\/\/www.saigonstereo.com\/home\/#website"},"datePublished":"2015-08-20T04:43:40+00:00","dateModified":"2019-10-02T05:25:07+00:00","description":"V\u1edbi Uncompressed World Vol.4, ch\u00fang t\u00f4i \u0111\u1ec3 ngh\u1ecb c\u00e1c b\u1ea1n h\u00e3y nghe k\u1ef9 t\u1eebng b\u00e0i m\u1ed9t (\u0111\u1eebng xem qua b\u00eca) v\u00e0 c\u1ed1 g\u1eafng t\u00ecm th\u1ea5y b\u00e0i kh\u00f4ng \u0111\u01b0\u1ee3c ch\u01a1i b\u1eb1ng piano th\u1eadt","breadcrumb":{"@id":"https:\/\/www.saigonstereo.com\/home\/san-pham\/dia-cd-accustic-arts-uncompressed-world-vol-4\/#breadcrumb"},"inLanguage":"vi","potentialAction":[{"@type":"ReadAction","target":["https:\/\/www.saigonstereo.com\/home\/san-pham\/dia-cd-accustic-arts-uncompressed-world-vol-4\/"]}]},{"@type":"BreadcrumbList","@id":"https:\/\/www.saigonstereo.com\/home\/san-pham\/dia-cd-accustic-arts-uncompressed-world-vol-4\/#breadcrumb","itemListElement":[{"@type":"ListItem","position":1,"name":"Home","item":"https:\/\/www.saigonstereo.com\/home\/"},{"@type":"ListItem","position":2,"name":"Products","item":"https:\/\/www.saigonstereo.com\/home\/shop\/"},{"@type":"ListItem","position":3,"name":"\u0110\u0129a CD Accustic Arts: Uncompressed World &#8211; Vol.4 &#8211; H\u1ebft h\u00e0ng"}]},{"@type":"WebSite","@id":"https:\/\/www.saigonstereo.com\/home\/#website","url":"https:\/\/www.saigonstereo.com\/home\/","name":"SaigonStereo","description":"Nh\u00e0 ph\u00e2n ph\u1ed1i thi\u1ebft b\u1ecb \u00e2m thanh cao c\u1ea5p","potentialAction":[{"@type":"SearchAction","target":{"@type":"EntryPoint","urlTemplate":"https:\/\/www.saigonstereo.com\/home\/?s={search_term_string}"},"query-input":"required name=search_term_string"}],"inLanguage":"vi"}]}},"jetpack_sharing_enabled":true,"_links":{"self":[{"href":"https:\/\/www.saigonstereo.com\/home\/wp-json\/wp\/v2\/product\/37061","targetHints":{"allow":["GET"]}}],"collection":[{"href":"https:\/\/www.saigonstereo.com\/home\/wp-json\/wp\/v2\/product"}],"about":[{"href":"https:\/\/www.saigonstereo.com\/home\/wp-json\/wp\/v2\/types\/product"}],"replies":[{"embeddable":true,"href":"https:\/\/www.saigonstereo.com\/home\/wp-json\/wp\/v2\/comments?post=37061"}],"wp:featuredmedia":[{"embeddable":true,"href":"https:\/\/www.saigonstereo.com\/home\/wp-json\/wp\/v2\/media\/41173"}],"wp:attachment":[{"href":"https:\/\/www.saigonstereo.com\/home\/wp-json\/wp\/v2\/media?parent=37061"}],"wp:term":[{"taxonomy":"product_cat","embeddable":true,"href":"https:\/\/www.saigonstereo.com\/home\/wp-json\/wp\/v2\/product_cat?post=37061"},{"taxonomy":"product_tag","embeddable":true,"href":"https:\/\/www.saigonstereo.com\/home\/wp-json\/wp\/v2\/product_tag?post=37061"}],"curies":[{"name":"wp","href":"https:\/\/api.w.org\/{rel}","templated":true}]}}