{"id":37078,"date":"2015-08-20T15:01:04","date_gmt":"2015-08-20T08:01:04","guid":{"rendered":"http:\/\/www.saigonstereo.com\/home\/?post_type=product&#038;p=37078"},"modified":"2018-03-28T14:00:39","modified_gmt":"2018-03-28T07:00:39","slug":"mam-than-thorens-td-350","status":"publish","type":"product","link":"https:\/\/www.saigonstereo.com\/home\/san-pham\/mam-than-thorens-td-350\/","title":{"rendered":"M\u00e2m than Thorens TD 350"},"content":{"rendered":"<p><strong>Th\u00f4ng s\u1ed1 k\u1ef9 thu\u1eadt Thorens TD-350:<\/strong><\/p>\n<ul>\n<li>Operation: manually<\/li>\n<li>Drive System: exterior square drive belt<\/li>\n<li>Motor: electronically controlled AC synchronous motor<\/li>\n<li>Speeds: 33-1\/3, 45 rpm<\/li>\n<li>Speed Select: electronically<\/li>\n<li>Platter: 12\u201d \/ 4.2 kg (aluminium)<\/li>\n<li>Tonearm: THORENS TP 92 SME M2-9 (optional) other tonearms upon request<\/li>\n<li>Pick-up Cartridge \u2013<\/li>\n<li>Anti-skating (Bias): magnetic (TP 92)<\/li>\n<li>Automatic Shut-off \u2013<\/li>\n<li>Cable Capacitance: 20 pF<\/li>\n<li>Power Supply: external mains adaptor (115-230 V \/ 50-60 Hz depending on type)<\/li>\n<li>Dimensions: 440 x 160 x 345 mm (W x H x D)<\/li>\n<li>Weight: 10.0 kg<\/li>\n<li>Finish: wooden plinth with black ash, red ash or maple veneer (real wood)<\/li>\n<li>Scope of Delivery: mains adapter w. power cord, dust cover (acrylic), RCA interconnects, bubble level, tonearm scale, operating instructions<\/li>\n<\/ul>\n","protected":false},"excerpt":{"rendered":"<p>So v\u1edbi c\u00e1c model hi\u1ec7n t\u1ea1i, \u0111\u00e2y \u0111\u01b0\u1ee3c xem l\u00e0 model &#8220;nh\u00ec b\u1ea3ng&#8221; v\u1edbi c\u1ea5u h\u00ecnh v\u00e0 thi\u1ebft k\u1ebf su\u00fdt so\u00e1t m\u1eabu m\u00e2m \u0111\u1ea7u b\u1ea3ng Thorens TD-550.<\/p>\n<p>V\u1edbi tri\u1ebft l\u00fd thi\u1ebft k\u1ebf t\u01b0\u01a1ng t\u1ef1, m\u00e2m TD-350 c\u0169ng \u0111\u01b0\u1ee3c \u1ee9ng d\u1ee5ng h\u1ec7 th\u1ed1ng gi\u1ea3m x\u00f3c \u0111\u00f4i \u0111\u1ed9c l\u1eadp IDD (Independent Double Damping) cho v\u1ecf m\u00e1y ph\u1ee5 (sub-chassis) \u0111\u01b0\u1ee3c treo l\u01a1 l\u1eedng gi\u1eefa b\u1ec7 m\u00e1y ch\u00ednh nh\u1eb1m c\u00e1ch ly t\u1ea5t c\u1ea3 c\u00e1c rung ch\u1ea5n theo c\u1ea3 ph\u01b0\u01a1ng ngang l\u1eabn ph\u01b0\u01a1ng th\u1eb3ng \u0111\u1ee9ng \u0111\u1ed9c l\u1eadp v\u1edbi nhau. C\u00f3 th\u1ec3 h\u00ecnh dung c\u00e1ch thi\u1ebft k\u1ebf n\u00e0y nh\u01b0 c\u00e1c con quay h\u1ed3i chuy\u1ec3n lu\u00f4n lu\u00f4n b\u1ea3o to\u00e0n v\u1ecb tr\u00ed t\u01b0\u01a1ng \u0111\u1ed1i c\u1ee7a m\u00ecnh tr\u01b0\u1edbc m\u1ecdi ngo\u1ea1i l\u1ef1c t\u00e1c \u0111\u1ed9ng.<\/p>\n<p>\u0110\u1eb7c bi\u1ec7t, m\u00e2m TD-350 \u0111\u00e3 \u0111\u01b0\u1ee3c trang b\u1ecb s\u1eb5n tay c\u1ea7n Thorens TP-92 v\u1edbi m\u1ed9t m\u1ee9c gi\u00e1, d\u1ec5 ch\u1ecbu h\u01a1n r\u1ea5t nhi\u1ec1u so v\u1edbi m\u1eabu m\u00e2m \u0111\u1ea7u b\u1ea3ng TD-550.<\/p>\n","protected":false},"featured_media":40027,"comment_status":"open","ping_status":"closed","template":"","meta":{"jetpack_post_was_ever_published":false,"jetpack_publicize_message":"","jetpack_is_tweetstorm":false,"jetpack_publicize_feature_enabled":true,"jetpack_social_post_already_shared":true,"jetpack_social_options":[]},"product_cat":[832],"product_tag":[841,833],"class_list":["post-37078","product","type-product","status-publish","has-post-thumbnail","hentry","product_cat-thorens","product_tag-mam-dia-than","product_tag-thorens","description-off"],"jetpack_publicize_connections":[],"yoast_head":"<!-- This site is optimized with the Yoast SEO plugin v20.4 - https:\/\/yoast.com\/wordpress\/plugins\/seo\/ -->\n<title>M\u00e2m than Thorens TD 350<\/title>\n<meta name=\"description\" content=\"M\u00e2m than TD-350 c\u0169ng \u0111\u01b0\u1ee3c \u1ee9ng d\u1ee5ng h\u1ec7 th\u1ed1ng gi\u1ea3m x\u00f3c \u0111\u00f4i \u0111\u1ed9c l\u1eadp IDD cho v\u1ecf m\u00e1y ph\u1ee5 (sub-chassis) \u0111\u01b0\u1ee3c treo l\u01a1 l\u1eedng gi\u1eefa b\u1ec7 m\u00e1y ch\u00ednh\" \/>\n<meta name=\"robots\" content=\"index, follow, max-snippet:-1, max-image-preview:large, max-video-preview:-1\" \/>\n<link rel=\"canonical\" href=\"https:\/\/www.saigonstereo.com\/home\/san-pham\/mam-than-thorens-td-350\/\" \/>\n<meta property=\"og:locale\" content=\"vi_VN\" \/>\n<meta property=\"og:type\" content=\"article\" \/>\n<meta property=\"og:title\" content=\"M\u00e2m than Thorens TD 350\" \/>\n<meta property=\"og:description\" content=\"M\u00e2m than TD-350 c\u0169ng \u0111\u01b0\u1ee3c \u1ee9ng d\u1ee5ng h\u1ec7 th\u1ed1ng gi\u1ea3m x\u00f3c \u0111\u00f4i \u0111\u1ed9c l\u1eadp IDD cho v\u1ecf m\u00e1y ph\u1ee5 (sub-chassis) \u0111\u01b0\u1ee3c treo l\u01a1 l\u1eedng gi\u1eefa b\u1ec7 m\u00e1y ch\u00ednh\" \/>\n<meta property=\"og:url\" content=\"https:\/\/www.saigonstereo.com\/home\/san-pham\/mam-than-thorens-td-350\/\" \/>\n<meta property=\"og:site_name\" content=\"SaigonStereo\" \/>\n<meta property=\"article:modified_time\" content=\"2018-03-28T07:00:39+00:00\" \/>\n<meta property=\"og:image\" content=\"https:\/\/www.saigonstereo.com\/home\/wp-content\/uploads\/2015\/08\/SaigonStereo-640x640-Thorens-TD350.png\" \/>\n\t<meta property=\"og:image:width\" content=\"640\" \/>\n\t<meta property=\"og:image:height\" content=\"640\" \/>\n\t<meta property=\"og:image:type\" content=\"image\/png\" \/>\n<meta name=\"twitter:card\" content=\"summary_large_image\" \/>\n<meta name=\"twitter:label1\" content=\"\u01af\u1edbc t\u00ednh th\u1eddi gian \u0111\u1ecdc\" \/>\n\t<meta name=\"twitter:data1\" content=\"1 ph\u00fat\" \/>\n<script type=\"application\/ld+json\" class=\"yoast-schema-graph\">{\"@context\":\"https:\/\/schema.org\",\"@graph\":[{\"@type\":\"WebPage\",\"@id\":\"https:\/\/www.saigonstereo.com\/home\/san-pham\/mam-than-thorens-td-350\/\",\"url\":\"https:\/\/www.saigonstereo.com\/home\/san-pham\/mam-than-thorens-td-350\/\",\"name\":\"M\u00e2m than Thorens TD 350\",\"isPartOf\":{\"@id\":\"https:\/\/www.saigonstereo.com\/home\/#website\"},\"datePublished\":\"2015-08-20T08:01:04+00:00\",\"dateModified\":\"2018-03-28T07:00:39+00:00\",\"description\":\"M\u00e2m than TD-350 c\u0169ng \u0111\u01b0\u1ee3c \u1ee9ng d\u1ee5ng h\u1ec7 th\u1ed1ng gi\u1ea3m x\u00f3c \u0111\u00f4i \u0111\u1ed9c l\u1eadp IDD cho v\u1ecf m\u00e1y ph\u1ee5 (sub-chassis) \u0111\u01b0\u1ee3c treo l\u01a1 l\u1eedng gi\u1eefa b\u1ec7 m\u00e1y ch\u00ednh\",\"breadcrumb\":{\"@id\":\"https:\/\/www.saigonstereo.com\/home\/san-pham\/mam-than-thorens-td-350\/#breadcrumb\"},\"inLanguage\":\"vi\",\"potentialAction\":[{\"@type\":\"ReadAction\",\"target\":[\"https:\/\/www.saigonstereo.com\/home\/san-pham\/mam-than-thorens-td-350\/\"]}]},{\"@type\":\"BreadcrumbList\",\"@id\":\"https:\/\/www.saigonstereo.com\/home\/san-pham\/mam-than-thorens-td-350\/#breadcrumb\",\"itemListElement\":[{\"@type\":\"ListItem\",\"position\":1,\"name\":\"Home\",\"item\":\"https:\/\/www.saigonstereo.com\/home\/\"},{\"@type\":\"ListItem\",\"position\":2,\"name\":\"Products\",\"item\":\"https:\/\/www.saigonstereo.com\/home\/shop\/\"},{\"@type\":\"ListItem\",\"position\":3,\"name\":\"M\u00e2m than Thorens TD 350\"}]},{\"@type\":\"WebSite\",\"@id\":\"https:\/\/www.saigonstereo.com\/home\/#website\",\"url\":\"https:\/\/www.saigonstereo.com\/home\/\",\"name\":\"SaigonStereo\",\"description\":\"Nh\u00e0 ph\u00e2n ph\u1ed1i thi\u1ebft b\u1ecb \u00e2m thanh cao c\u1ea5p\",\"potentialAction\":[{\"@type\":\"SearchAction\",\"target\":{\"@type\":\"EntryPoint\",\"urlTemplate\":\"https:\/\/www.saigonstereo.com\/home\/?s={search_term_string}\"},\"query-input\":\"required name=search_term_string\"}],\"inLanguage\":\"vi\"}]}<\/script>\n<!-- \/ Yoast SEO plugin. -->","yoast_head_json":{"title":"M\u00e2m than Thorens TD 350","description":"M\u00e2m than TD-350 c\u0169ng \u0111\u01b0\u1ee3c \u1ee9ng d\u1ee5ng h\u1ec7 th\u1ed1ng gi\u1ea3m x\u00f3c \u0111\u00f4i \u0111\u1ed9c l\u1eadp IDD cho v\u1ecf m\u00e1y ph\u1ee5 (sub-chassis) \u0111\u01b0\u1ee3c treo l\u01a1 l\u1eedng gi\u1eefa b\u1ec7 m\u00e1y ch\u00ednh","robots":{"index":"index","follow":"follow","max-snippet":"max-snippet:-1","max-image-preview":"max-image-preview:large","max-video-preview":"max-video-preview:-1"},"canonical":"https:\/\/www.saigonstereo.com\/home\/san-pham\/mam-than-thorens-td-350\/","og_locale":"vi_VN","og_type":"article","og_title":"M\u00e2m than Thorens TD 350","og_description":"M\u00e2m than TD-350 c\u0169ng \u0111\u01b0\u1ee3c \u1ee9ng d\u1ee5ng h\u1ec7 th\u1ed1ng gi\u1ea3m x\u00f3c \u0111\u00f4i \u0111\u1ed9c l\u1eadp IDD cho v\u1ecf m\u00e1y ph\u1ee5 (sub-chassis) \u0111\u01b0\u1ee3c treo l\u01a1 l\u1eedng gi\u1eefa b\u1ec7 m\u00e1y ch\u00ednh","og_url":"https:\/\/www.saigonstereo.com\/home\/san-pham\/mam-than-thorens-td-350\/","og_site_name":"SaigonStereo","article_modified_time":"2018-03-28T07:00:39+00:00","og_image":[{"width":640,"height":640,"url":"https:\/\/www.saigonstereo.com\/home\/wp-content\/uploads\/2015\/08\/SaigonStereo-640x640-Thorens-TD350.png","type":"image\/png"}],"twitter_card":"summary_large_image","twitter_misc":{"\u01af\u1edbc t\u00ednh th\u1eddi gian \u0111\u1ecdc":"1 ph\u00fat"},"schema":{"@context":"https:\/\/schema.org","@graph":[{"@type":"WebPage","@id":"https:\/\/www.saigonstereo.com\/home\/san-pham\/mam-than-thorens-td-350\/","url":"https:\/\/www.saigonstereo.com\/home\/san-pham\/mam-than-thorens-td-350\/","name":"M\u00e2m than Thorens TD 350","isPartOf":{"@id":"https:\/\/www.saigonstereo.com\/home\/#website"},"datePublished":"2015-08-20T08:01:04+00:00","dateModified":"2018-03-28T07:00:39+00:00","description":"M\u00e2m than TD-350 c\u0169ng \u0111\u01b0\u1ee3c \u1ee9ng d\u1ee5ng h\u1ec7 th\u1ed1ng gi\u1ea3m x\u00f3c \u0111\u00f4i \u0111\u1ed9c l\u1eadp IDD cho v\u1ecf m\u00e1y ph\u1ee5 (sub-chassis) \u0111\u01b0\u1ee3c treo l\u01a1 l\u1eedng gi\u1eefa b\u1ec7 m\u00e1y ch\u00ednh","breadcrumb":{"@id":"https:\/\/www.saigonstereo.com\/home\/san-pham\/mam-than-thorens-td-350\/#breadcrumb"},"inLanguage":"vi","potentialAction":[{"@type":"ReadAction","target":["https:\/\/www.saigonstereo.com\/home\/san-pham\/mam-than-thorens-td-350\/"]}]},{"@type":"BreadcrumbList","@id":"https:\/\/www.saigonstereo.com\/home\/san-pham\/mam-than-thorens-td-350\/#breadcrumb","itemListElement":[{"@type":"ListItem","position":1,"name":"Home","item":"https:\/\/www.saigonstereo.com\/home\/"},{"@type":"ListItem","position":2,"name":"Products","item":"https:\/\/www.saigonstereo.com\/home\/shop\/"},{"@type":"ListItem","position":3,"name":"M\u00e2m than Thorens TD 350"}]},{"@type":"WebSite","@id":"https:\/\/www.saigonstereo.com\/home\/#website","url":"https:\/\/www.saigonstereo.com\/home\/","name":"SaigonStereo","description":"Nh\u00e0 ph\u00e2n ph\u1ed1i thi\u1ebft b\u1ecb \u00e2m thanh cao c\u1ea5p","potentialAction":[{"@type":"SearchAction","target":{"@type":"EntryPoint","urlTemplate":"https:\/\/www.saigonstereo.com\/home\/?s={search_term_string}"},"query-input":"required name=search_term_string"}],"inLanguage":"vi"}]}},"jetpack_sharing_enabled":true,"_links":{"self":[{"href":"https:\/\/www.saigonstereo.com\/home\/wp-json\/wp\/v2\/product\/37078","targetHints":{"allow":["GET"]}}],"collection":[{"href":"https:\/\/www.saigonstereo.com\/home\/wp-json\/wp\/v2\/product"}],"about":[{"href":"https:\/\/www.saigonstereo.com\/home\/wp-json\/wp\/v2\/types\/product"}],"replies":[{"embeddable":true,"href":"https:\/\/www.saigonstereo.com\/home\/wp-json\/wp\/v2\/comments?post=37078"}],"wp:featuredmedia":[{"embeddable":true,"href":"https:\/\/www.saigonstereo.com\/home\/wp-json\/wp\/v2\/media\/40027"}],"wp:attachment":[{"href":"https:\/\/www.saigonstereo.com\/home\/wp-json\/wp\/v2\/media?parent=37078"}],"wp:term":[{"taxonomy":"product_cat","embeddable":true,"href":"https:\/\/www.saigonstereo.com\/home\/wp-json\/wp\/v2\/product_cat?post=37078"},{"taxonomy":"product_tag","embeddable":true,"href":"https:\/\/www.saigonstereo.com\/home\/wp-json\/wp\/v2\/product_tag?post=37078"}],"curies":[{"name":"wp","href":"https:\/\/api.w.org\/{rel}","templated":true}]}}