{"id":37160,"date":"2015-08-21T11:20:56","date_gmt":"2015-08-21T04:20:56","guid":{"rendered":"http:\/\/www.saigonstereo.com\/home\/?post_type=product&#038;p=37160"},"modified":"2018-03-28T17:06:10","modified_gmt":"2018-03-28T10:06:10","slug":"phono-preamplifier-thorens-mm-008-adc","status":"publish","type":"product","link":"https:\/\/www.saigonstereo.com\/home\/san-pham\/phono-preamplifier-thorens-mm-008-adc\/","title":{"rendered":"Phono Preamplifier Thorens MM 008 ADC"},"content":{"rendered":"<p><strong>Th\u00f4ng s\u1ed1 k\u1ef9 thu\u1eadt:<\/strong><\/p>\n<p>Ch\u1ebf \u0111\u1ed9 ho\u1ea1t \u0111\u1ed9ng: MM\/MC (\u0111i\u1ec1u ch\u1ec9nh \u0111\u01b0\u1ee3c)<br \/>\n\u0110\u1ed9 l\u1ee3i (gain) t\u1ea1i 1 kHz: 40 dB (MM)\/60 dB (MC)<br \/>\nTr\u1edf kh\u00e1ng ng\u00f5 v\u00e0o (MM): 47 k\u03a9 + 220 pF fixed<br \/>\nTr\u1edf kh\u00e1ng ng\u00f5 v\u00e0o (MC): 47 k\u03a9 + 1 nF (modifiable with external load plugs)<br \/>\nD\u1ea3i t\u1ea7n \u0111\u00e1p \u1ee9ng (flat): 20 Hz &#8211; 20 kHz \u00b10.3 dB<br \/>\nD\u1ea3i t\u1ea7n \u0111\u00e1p \u1ee9ng (-3 dB): 10 Hz &#8211; 50 kHz<br \/>\nRIAA curve accuracy: \u00b10.3 dB<br \/>\nTHD+N: &lt;0.013% (MM)\/&lt;0.055% (MC)<br \/>\nT\u1ec9 s\u1ed1 nhi\u1ec5u: &gt;86 dB (MM)\/&gt;72 dB (MC)<br \/>\nCrosstalk: \u226740 dB<br \/>\n\u0110\u1ed9 nh\u1ea1y ng\u00f5 v\u00e0o (MM): 3.29 mVrms for -10 dBV output (316 mVrms)<br \/>\n\u0110\u1ed9 nh\u1ea1y ng\u00f5 v\u00e0o (MC): 0.325 mVrms for -10 dBV output (316 mVrms)<br \/>\nMax. output voltage: 482 mVrms at 5 mVrms input (1 kHz)<br \/>\nTr\u1edf kh\u00e1ng ng\u00f5 ra: 47 \u03a9<br \/>\nNg\u00f5 v\u00e0o analog: 3 x RCA (left\/right)<br \/>\nNg\u00f5 ra analog: 1 x RCA (left\/right)<br \/>\n\u0110i\u1ec7n ngu\u1ed5n: 24 V DC<br \/>\nC\u00f4ng su\u1ea5t ti\u00eau th\u1ee5: 3.5 W\/15 mA<br \/>\nTr\u1ecdng l\u01b0\u1ee3ng: 511 g (kh\u00f4ng bao g\u1ed3m adapter)<br \/>\nK\u00edch th\u01b0\u1edbc (W x H x D): 150 x 50 x 117 mm<br \/>\nB\u1ed9 gi\u1ea3i m\u00e3 A\/D: Tenor TE7022L 24Bit Delta Sigma<br \/>\nT\u1ea7n s\u1ed1 l\u1ea5y m\u1eabu: 8, 16, 32, 44.1, 48, 96 kHz<br \/>\nNg\u00f5 ra USB: USB 2.0, t\u01b0\u01a1ng th\u00edch ng\u01b0\u1ee3c USB 1.1<br \/>\nH\u1ec7 \u0111i\u1ec1u h\u00e0nh h\u1ed7 tr\u1ee3: Windows\u00ae 8, Windows\u00ae 7, Vista, XP, Mac OS\u00ae<\/p>\n","protected":false},"excerpt":{"rendered":"<p>B\u1ed9 pre-phono Thorens MM 008 h\u1ed7 tr\u1ee3 kh\u1ea3 n\u0103ng xu\u1ea5t t\u00edn hi\u1ec7u USB.<\/p>\n<p>B\u1ed9 pre-phono t\u01b0\u01a1ng th\u00edch v\u1edbi h\u1ea7u h\u1ebft c\u00e1c kim chu\u1ea9n MM ho\u1eb7c MC \u0111ang c\u00f3 tr\u00ean th\u1ecb tr\u01b0\u1eddng. Ngo\u00e0i ra, v\u1edbi ng\u00f5 USB out \u0111\u1ec3 k\u1ebft n\u1ed1i v\u1edbi m\u00e1y t\u00ednh (Windows \/ Mac), MM 008 cho ph\u00e9p b\u1ea1n c\u00f3 th\u1ec3 s\u1ed1 h\u00f3a th\u01b0 vi\u1ec7n \u0111\u0129a than c\u1ee7a m\u00ecnh, chuy\u1ec3n c\u00e1c b\u1ea3n thu t\u1eeb \u0111\u0129a than sang c\u00e1c \u0111\u1ecbnh d\u1ea1ng file k\u1ef9 thu\u1eadt s\u1ed1 c\u00f3 \u0111\u1ed9 ph\u00e2n gi\u1ea3i cao nh\u01b0: Flac hay Apple lossless chu\u1ea9n 24bit\/96Khz.<\/p>\n<p>\u0110\u1ec3 c\u00f3 \u0111\u01b0\u1ee3c ch\u1ea5t l\u01b0\u1ee3ng ghi t\u1ed1t nh\u1ea5t, vui l\u00f2ng s\u1eed d\u1ee5ng c\u00e1c ph\u1ea7n m\u1ec1m chuy\u00ean d\u1ee5ng cho vi\u1ec7c chuy\u1ec3n \u0111\u1ed5i, chi ti\u1ebft vui l\u00f2ng xem <a href=\"http:\/\/www.saigonstereo.com\/home\/thorens-phan-mem-de-nghi-dung-voi-mm008-adc\/\">t\u1ea1i \u0111\u00e2y<\/a>.<\/p>\n","protected":false},"featured_media":37162,"comment_status":"open","ping_status":"closed","template":"","meta":{"jetpack_post_was_ever_published":false,"jetpack_publicize_message":"","jetpack_is_tweetstorm":false,"jetpack_publicize_feature_enabled":true,"jetpack_social_post_already_shared":true,"jetpack_social_options":[]},"product_cat":[848],"product_tag":[849,817,833],"class_list":["post-37160","product","type-product","status-publish","has-post-thumbnail","hentry","product_cat-thorens-pre-amplifier","product_tag-adc","product_tag-phono-preamplifier","product_tag-thorens","description-off"],"jetpack_publicize_connections":[],"yoast_head":"<!-- This site is optimized with the Yoast SEO plugin v20.4 - https:\/\/yoast.com\/wordpress\/plugins\/seo\/ -->\n<title>Phono Preamplifier Thorens MM 008 ADC<\/title>\n<meta name=\"description\" content=\"Thorens MM 008 ADC t\u01b0\u01a1ng th\u00edch v\u1edbi h\u1ea7u h\u1ebft c\u00e1c kim chu\u1ea9n MM\/MC c\u00f3 tr\u00ean th\u1ecb tr\u01b0\u1eddng. Ng\u00f5 USB out h\u1ed7 tr\u1ee3 xu\u1ea5t t\u00edn hi\u1ec7u USB khi k\u1ebft n\u1ed1i v\u1edbi m\u00e1y t\u00ednh...\" \/>\n<meta name=\"robots\" content=\"index, follow, max-snippet:-1, max-image-preview:large, max-video-preview:-1\" \/>\n<link rel=\"canonical\" href=\"https:\/\/www.saigonstereo.com\/home\/san-pham\/phono-preamplifier-thorens-mm-008-adc\/\" \/>\n<meta property=\"og:locale\" content=\"vi_VN\" \/>\n<meta property=\"og:type\" content=\"article\" \/>\n<meta property=\"og:title\" content=\"Phono Preamplifier Thorens MM 008 ADC\" \/>\n<meta property=\"og:description\" content=\"Thorens MM 008 ADC t\u01b0\u01a1ng th\u00edch v\u1edbi h\u1ea7u h\u1ebft c\u00e1c kim chu\u1ea9n MM\/MC c\u00f3 tr\u00ean th\u1ecb tr\u01b0\u1eddng. Ng\u00f5 USB out h\u1ed7 tr\u1ee3 xu\u1ea5t t\u00edn hi\u1ec7u USB khi k\u1ebft n\u1ed1i v\u1edbi m\u00e1y t\u00ednh...\" \/>\n<meta property=\"og:url\" content=\"https:\/\/www.saigonstereo.com\/home\/san-pham\/phono-preamplifier-thorens-mm-008-adc\/\" \/>\n<meta property=\"og:site_name\" content=\"SaigonStereo\" \/>\n<meta property=\"article:modified_time\" content=\"2018-03-28T10:06:10+00:00\" \/>\n<meta property=\"og:image\" content=\"https:\/\/www.saigonstereo.com\/home\/wp-content\/uploads\/2015\/08\/MM-008_ADC_front_AdobeRGB_jpg72.jpg\" \/>\n\t<meta property=\"og:image:width\" content=\"2500\" \/>\n\t<meta property=\"og:image:height\" content=\"1595\" \/>\n\t<meta property=\"og:image:type\" content=\"image\/jpeg\" \/>\n<meta name=\"twitter:card\" content=\"summary_large_image\" \/>\n<meta name=\"twitter:label1\" content=\"\u01af\u1edbc t\u00ednh th\u1eddi gian \u0111\u1ecdc\" \/>\n\t<meta name=\"twitter:data1\" content=\"1 ph\u00fat\" \/>\n<script type=\"application\/ld+json\" class=\"yoast-schema-graph\">{\"@context\":\"https:\/\/schema.org\",\"@graph\":[{\"@type\":\"WebPage\",\"@id\":\"https:\/\/www.saigonstereo.com\/home\/san-pham\/phono-preamplifier-thorens-mm-008-adc\/\",\"url\":\"https:\/\/www.saigonstereo.com\/home\/san-pham\/phono-preamplifier-thorens-mm-008-adc\/\",\"name\":\"Phono Preamplifier Thorens MM 008 ADC\",\"isPartOf\":{\"@id\":\"https:\/\/www.saigonstereo.com\/home\/#website\"},\"datePublished\":\"2015-08-21T04:20:56+00:00\",\"dateModified\":\"2018-03-28T10:06:10+00:00\",\"description\":\"Thorens MM 008 ADC t\u01b0\u01a1ng th\u00edch v\u1edbi h\u1ea7u h\u1ebft c\u00e1c kim chu\u1ea9n MM\/MC c\u00f3 tr\u00ean th\u1ecb tr\u01b0\u1eddng. Ng\u00f5 USB out h\u1ed7 tr\u1ee3 xu\u1ea5t t\u00edn hi\u1ec7u USB khi k\u1ebft n\u1ed1i v\u1edbi m\u00e1y t\u00ednh...\",\"breadcrumb\":{\"@id\":\"https:\/\/www.saigonstereo.com\/home\/san-pham\/phono-preamplifier-thorens-mm-008-adc\/#breadcrumb\"},\"inLanguage\":\"vi\",\"potentialAction\":[{\"@type\":\"ReadAction\",\"target\":[\"https:\/\/www.saigonstereo.com\/home\/san-pham\/phono-preamplifier-thorens-mm-008-adc\/\"]}]},{\"@type\":\"BreadcrumbList\",\"@id\":\"https:\/\/www.saigonstereo.com\/home\/san-pham\/phono-preamplifier-thorens-mm-008-adc\/#breadcrumb\",\"itemListElement\":[{\"@type\":\"ListItem\",\"position\":1,\"name\":\"Home\",\"item\":\"https:\/\/www.saigonstereo.com\/home\/\"},{\"@type\":\"ListItem\",\"position\":2,\"name\":\"Products\",\"item\":\"https:\/\/www.saigonstereo.com\/home\/shop\/\"},{\"@type\":\"ListItem\",\"position\":3,\"name\":\"Phono Preamplifier Thorens MM 008 ADC\"}]},{\"@type\":\"WebSite\",\"@id\":\"https:\/\/www.saigonstereo.com\/home\/#website\",\"url\":\"https:\/\/www.saigonstereo.com\/home\/\",\"name\":\"SaigonStereo\",\"description\":\"Nh\u00e0 ph\u00e2n ph\u1ed1i thi\u1ebft b\u1ecb \u00e2m thanh cao c\u1ea5p\",\"potentialAction\":[{\"@type\":\"SearchAction\",\"target\":{\"@type\":\"EntryPoint\",\"urlTemplate\":\"https:\/\/www.saigonstereo.com\/home\/?s={search_term_string}\"},\"query-input\":\"required name=search_term_string\"}],\"inLanguage\":\"vi\"}]}<\/script>\n<!-- \/ Yoast SEO plugin. -->","yoast_head_json":{"title":"Phono Preamplifier Thorens MM 008 ADC","description":"Thorens MM 008 ADC t\u01b0\u01a1ng th\u00edch v\u1edbi h\u1ea7u h\u1ebft c\u00e1c kim chu\u1ea9n MM\/MC c\u00f3 tr\u00ean th\u1ecb tr\u01b0\u1eddng. Ng\u00f5 USB out h\u1ed7 tr\u1ee3 xu\u1ea5t t\u00edn hi\u1ec7u USB khi k\u1ebft n\u1ed1i v\u1edbi m\u00e1y t\u00ednh...","robots":{"index":"index","follow":"follow","max-snippet":"max-snippet:-1","max-image-preview":"max-image-preview:large","max-video-preview":"max-video-preview:-1"},"canonical":"https:\/\/www.saigonstereo.com\/home\/san-pham\/phono-preamplifier-thorens-mm-008-adc\/","og_locale":"vi_VN","og_type":"article","og_title":"Phono Preamplifier Thorens MM 008 ADC","og_description":"Thorens MM 008 ADC t\u01b0\u01a1ng th\u00edch v\u1edbi h\u1ea7u h\u1ebft c\u00e1c kim chu\u1ea9n MM\/MC c\u00f3 tr\u00ean th\u1ecb tr\u01b0\u1eddng. Ng\u00f5 USB out h\u1ed7 tr\u1ee3 xu\u1ea5t t\u00edn hi\u1ec7u USB khi k\u1ebft n\u1ed1i v\u1edbi m\u00e1y t\u00ednh...","og_url":"https:\/\/www.saigonstereo.com\/home\/san-pham\/phono-preamplifier-thorens-mm-008-adc\/","og_site_name":"SaigonStereo","article_modified_time":"2018-03-28T10:06:10+00:00","og_image":[{"width":2500,"height":1595,"url":"https:\/\/www.saigonstereo.com\/home\/wp-content\/uploads\/2015\/08\/MM-008_ADC_front_AdobeRGB_jpg72.jpg","type":"image\/jpeg"}],"twitter_card":"summary_large_image","twitter_misc":{"\u01af\u1edbc t\u00ednh th\u1eddi gian \u0111\u1ecdc":"1 ph\u00fat"},"schema":{"@context":"https:\/\/schema.org","@graph":[{"@type":"WebPage","@id":"https:\/\/www.saigonstereo.com\/home\/san-pham\/phono-preamplifier-thorens-mm-008-adc\/","url":"https:\/\/www.saigonstereo.com\/home\/san-pham\/phono-preamplifier-thorens-mm-008-adc\/","name":"Phono Preamplifier Thorens MM 008 ADC","isPartOf":{"@id":"https:\/\/www.saigonstereo.com\/home\/#website"},"datePublished":"2015-08-21T04:20:56+00:00","dateModified":"2018-03-28T10:06:10+00:00","description":"Thorens MM 008 ADC t\u01b0\u01a1ng th\u00edch v\u1edbi h\u1ea7u h\u1ebft c\u00e1c kim chu\u1ea9n MM\/MC c\u00f3 tr\u00ean th\u1ecb tr\u01b0\u1eddng. Ng\u00f5 USB out h\u1ed7 tr\u1ee3 xu\u1ea5t t\u00edn hi\u1ec7u USB khi k\u1ebft n\u1ed1i v\u1edbi m\u00e1y t\u00ednh...","breadcrumb":{"@id":"https:\/\/www.saigonstereo.com\/home\/san-pham\/phono-preamplifier-thorens-mm-008-adc\/#breadcrumb"},"inLanguage":"vi","potentialAction":[{"@type":"ReadAction","target":["https:\/\/www.saigonstereo.com\/home\/san-pham\/phono-preamplifier-thorens-mm-008-adc\/"]}]},{"@type":"BreadcrumbList","@id":"https:\/\/www.saigonstereo.com\/home\/san-pham\/phono-preamplifier-thorens-mm-008-adc\/#breadcrumb","itemListElement":[{"@type":"ListItem","position":1,"name":"Home","item":"https:\/\/www.saigonstereo.com\/home\/"},{"@type":"ListItem","position":2,"name":"Products","item":"https:\/\/www.saigonstereo.com\/home\/shop\/"},{"@type":"ListItem","position":3,"name":"Phono Preamplifier Thorens MM 008 ADC"}]},{"@type":"WebSite","@id":"https:\/\/www.saigonstereo.com\/home\/#website","url":"https:\/\/www.saigonstereo.com\/home\/","name":"SaigonStereo","description":"Nh\u00e0 ph\u00e2n ph\u1ed1i thi\u1ebft b\u1ecb \u00e2m thanh cao c\u1ea5p","potentialAction":[{"@type":"SearchAction","target":{"@type":"EntryPoint","urlTemplate":"https:\/\/www.saigonstereo.com\/home\/?s={search_term_string}"},"query-input":"required name=search_term_string"}],"inLanguage":"vi"}]}},"jetpack_sharing_enabled":true,"_links":{"self":[{"href":"https:\/\/www.saigonstereo.com\/home\/wp-json\/wp\/v2\/product\/37160","targetHints":{"allow":["GET"]}}],"collection":[{"href":"https:\/\/www.saigonstereo.com\/home\/wp-json\/wp\/v2\/product"}],"about":[{"href":"https:\/\/www.saigonstereo.com\/home\/wp-json\/wp\/v2\/types\/product"}],"replies":[{"embeddable":true,"href":"https:\/\/www.saigonstereo.com\/home\/wp-json\/wp\/v2\/comments?post=37160"}],"wp:featuredmedia":[{"embeddable":true,"href":"https:\/\/www.saigonstereo.com\/home\/wp-json\/wp\/v2\/media\/37162"}],"wp:attachment":[{"href":"https:\/\/www.saigonstereo.com\/home\/wp-json\/wp\/v2\/media?parent=37160"}],"wp:term":[{"taxonomy":"product_cat","embeddable":true,"href":"https:\/\/www.saigonstereo.com\/home\/wp-json\/wp\/v2\/product_cat?post=37160"},{"taxonomy":"product_tag","embeddable":true,"href":"https:\/\/www.saigonstereo.com\/home\/wp-json\/wp\/v2\/product_tag?post=37160"}],"curies":[{"name":"wp","href":"https:\/\/api.w.org\/{rel}","templated":true}]}}