{"id":37269,"date":"2015-08-24T09:59:26","date_gmt":"2015-08-24T02:59:26","guid":{"rendered":"http:\/\/www.saigonstereo.com\/home\/?post_type=product&#038;p=37269"},"modified":"2016-01-15T14:26:02","modified_gmt":"2016-01-15T07:26:02","slug":"dau-dia-cd-primare-cd32","status":"publish","type":"product","link":"https:\/\/www.saigonstereo.com\/home\/san-pham\/dau-dia-cd-primare-cd32\/","title":{"rendered":"\u0110\u1ea7u \u0111\u0129a CD Primare CD32"},"content":{"rendered":"<p><strong>Th\u00f4ng s\u1ed1 k\u1ef9 thu\u1eadt \u0111\u1ea7u \u0111\u0129a CD Primare CD32:<\/strong><\/p>\n<ul>\n<li>Mechanism: Asatech 8210.B01-02, Sanyo SF-P101N<\/li>\n<li>D\/A converter: 2x PCM1704, DF1706 (digital filter), 24\/96 kHz<\/li>\n<li>Analogue outputs discrete analogue output stage:<\/li>\n<li>1 pair RCA, 2.1 Vrms;<\/li>\n<li>1 pair XLR, 4.1 Vrms;<\/li>\n<li>Output impedance: RCA 390 &amp;911;; XLR 47 &amp;911;<\/li>\n<li>Digital outputs: 1x SPdif (RCA); 1x AES\/EBU (XLR);<\/li>\n<li>1x optical (TOS-link)<\/li>\n<li>Frequency response: 20Hz \u2013 20 kHz -0.5dB<\/li>\n<li>Signal to Noise: 20Hz \u2013 20kHz unweighted -100dB<\/li>\n<li>THD + N: 20Hz \u2013 20kHz &lt;0.01%<\/li>\n<li>Other inputs: USB interface; IR input 3.5mm;<\/li>\n<li>RS232; Trigger in\/out 3.5mm<\/li>\n<li>Power consumption: Standby 0.5W; Idle 22W; Operation 25W<\/li>\n<li>Dimensions: (wxdxh) 430 x 375 x 106 mm<\/li>\n<li>Weight:\u00a010.5 kg<\/li>\n<li>Colour options: Black or Titanium<\/li>\n<\/ul>\n<p>&nbsp;<\/p>\n<p>&nbsp;<\/p>\n","protected":false},"excerpt":{"rendered":"<p>The CD32 is the successor to and upgrade for the successful and acclaimed balanced CD31 CD player. Every component, from the CD transport to the audio output stage, has been designed to achieve the highest possible audio performance. For the many music lovers with large and growing CD collections, the CD32 will ensure that the silver disc continues to provide easy access to ever greater fidelity. Even so, the CD32 will also unlock the vast store of music available from the Internet, playing and controlling MP3 or WMA files via USB or disc. Whichever source you choose the CD32 will respond with exceptional sound according to the data available.<\/p>\n<table border=\"1\" width=\"150\" cellspacing=\"1\" cellpadding=\"1\">\n<tbody>\n<tr>\n<td><img loading=\"lazy\" decoding=\"async\" src=\"http:\/\/www.primare.net\/assets\/_managed\/editor\/image\/Eisa-site.jpg\" alt=\"\" width=\"100\" height=\"54\" \/><\/td>\n<td><\/td>\n<td><img loading=\"lazy\" decoding=\"async\" src=\"http:\/\/www.primare.net\/assets\/_managed\/editor\/image\/red-dot-site.jpg\" alt=\"\" width=\"100\" height=\"68\" \/><\/td>\n<\/tr>\n<\/tbody>\n<\/table>\n","protected":false},"featured_media":38682,"comment_status":"open","ping_status":"closed","template":"","meta":{"jetpack_post_was_ever_published":false,"jetpack_publicize_message":"","jetpack_is_tweetstorm":false,"jetpack_publicize_feature_enabled":true,"jetpack_social_post_already_shared":true,"jetpack_social_options":[]},"product_cat":[857],"product_tag":[813,829,903],"class_list":["post-37269","product","type-product","status-publish","has-post-thumbnail","hentry","product_cat-primare-cd","product_tag-dau-dia-cd","product_tag-primare","product_tag-series-30","description-off"],"jetpack_publicize_connections":[],"yoast_head":"<!-- This site is optimized with the Yoast SEO plugin v20.4 - https:\/\/yoast.com\/wordpress\/plugins\/seo\/ -->\n<title>\u0110\u1ea7u \u0111\u0129a CD Primare CD32 - SaigonStereo<\/title>\n<meta name=\"robots\" content=\"index, follow, max-snippet:-1, max-image-preview:large, max-video-preview:-1\" \/>\n<link rel=\"canonical\" href=\"https:\/\/www.saigonstereo.com\/home\/san-pham\/dau-dia-cd-primare-cd32\/\" \/>\n<meta property=\"og:locale\" content=\"vi_VN\" \/>\n<meta property=\"og:type\" content=\"article\" \/>\n<meta property=\"og:title\" content=\"\u0110\u1ea7u \u0111\u0129a CD Primare CD32 - SaigonStereo\" \/>\n<meta property=\"og:description\" content=\"The CD32 is the successor to and upgrade for the successful and acclaimed balanced CD31 CD player. Every component, from the CD transport to the audio output stage, has been designed to achieve the highest possible audio performance. For the many music lovers with large and growing CD collections, the CD32 will ensure that the silver disc continues to provide easy access to ever greater fidelity. Even so, the CD32 will also unlock the vast store of music available from the Internet, playing and controlling MP3 or WMA files via USB or disc. Whichever source you choose the CD32 will respond with exceptional sound according to the data available.\" \/>\n<meta property=\"og:url\" content=\"https:\/\/www.saigonstereo.com\/home\/san-pham\/dau-dia-cd-primare-cd32\/\" \/>\n<meta property=\"og:site_name\" content=\"SaigonStereo\" \/>\n<meta property=\"article:modified_time\" content=\"2016-01-15T07:26:02+00:00\" \/>\n<meta property=\"og:image\" content=\"https:\/\/www.saigonstereo.com\/home\/wp-content\/uploads\/2015\/08\/cd32.jpg\" \/>\n\t<meta property=\"og:image:width\" content=\"640\" \/>\n\t<meta property=\"og:image:height\" content=\"640\" \/>\n\t<meta property=\"og:image:type\" content=\"image\/jpeg\" \/>\n<meta name=\"twitter:card\" content=\"summary_large_image\" \/>\n<meta name=\"twitter:label1\" content=\"\u01af\u1edbc t\u00ednh th\u1eddi gian \u0111\u1ecdc\" \/>\n\t<meta name=\"twitter:data1\" content=\"1 ph\u00fat\" \/>\n<script type=\"application\/ld+json\" class=\"yoast-schema-graph\">{\"@context\":\"https:\/\/schema.org\",\"@graph\":[{\"@type\":\"WebPage\",\"@id\":\"https:\/\/www.saigonstereo.com\/home\/san-pham\/dau-dia-cd-primare-cd32\/\",\"url\":\"https:\/\/www.saigonstereo.com\/home\/san-pham\/dau-dia-cd-primare-cd32\/\",\"name\":\"\u0110\u1ea7u \u0111\u0129a CD Primare CD32 - SaigonStereo\",\"isPartOf\":{\"@id\":\"https:\/\/www.saigonstereo.com\/home\/#website\"},\"datePublished\":\"2015-08-24T02:59:26+00:00\",\"dateModified\":\"2016-01-15T07:26:02+00:00\",\"breadcrumb\":{\"@id\":\"https:\/\/www.saigonstereo.com\/home\/san-pham\/dau-dia-cd-primare-cd32\/#breadcrumb\"},\"inLanguage\":\"vi\",\"potentialAction\":[{\"@type\":\"ReadAction\",\"target\":[\"https:\/\/www.saigonstereo.com\/home\/san-pham\/dau-dia-cd-primare-cd32\/\"]}]},{\"@type\":\"BreadcrumbList\",\"@id\":\"https:\/\/www.saigonstereo.com\/home\/san-pham\/dau-dia-cd-primare-cd32\/#breadcrumb\",\"itemListElement\":[{\"@type\":\"ListItem\",\"position\":1,\"name\":\"Home\",\"item\":\"https:\/\/www.saigonstereo.com\/home\/\"},{\"@type\":\"ListItem\",\"position\":2,\"name\":\"Products\",\"item\":\"https:\/\/www.saigonstereo.com\/home\/shop\/\"},{\"@type\":\"ListItem\",\"position\":3,\"name\":\"\u0110\u1ea7u \u0111\u0129a CD Primare CD32\"}]},{\"@type\":\"WebSite\",\"@id\":\"https:\/\/www.saigonstereo.com\/home\/#website\",\"url\":\"https:\/\/www.saigonstereo.com\/home\/\",\"name\":\"SaigonStereo\",\"description\":\"Nh\u00e0 ph\u00e2n ph\u1ed1i thi\u1ebft b\u1ecb \u00e2m thanh cao c\u1ea5p\",\"potentialAction\":[{\"@type\":\"SearchAction\",\"target\":{\"@type\":\"EntryPoint\",\"urlTemplate\":\"https:\/\/www.saigonstereo.com\/home\/?s={search_term_string}\"},\"query-input\":\"required name=search_term_string\"}],\"inLanguage\":\"vi\"}]}<\/script>\n<!-- \/ Yoast SEO plugin. -->","yoast_head_json":{"title":"\u0110\u1ea7u \u0111\u0129a CD Primare CD32 - SaigonStereo","robots":{"index":"index","follow":"follow","max-snippet":"max-snippet:-1","max-image-preview":"max-image-preview:large","max-video-preview":"max-video-preview:-1"},"canonical":"https:\/\/www.saigonstereo.com\/home\/san-pham\/dau-dia-cd-primare-cd32\/","og_locale":"vi_VN","og_type":"article","og_title":"\u0110\u1ea7u \u0111\u0129a CD Primare CD32 - SaigonStereo","og_description":"The CD32 is the successor to and upgrade for the successful and acclaimed balanced CD31 CD player. Every component, from the CD transport to the audio output stage, has been designed to achieve the highest possible audio performance. For the many music lovers with large and growing CD collections, the CD32 will ensure that the silver disc continues to provide easy access to ever greater fidelity. Even so, the CD32 will also unlock the vast store of music available from the Internet, playing and controlling MP3 or WMA files via USB or disc. Whichever source you choose the CD32 will respond with exceptional sound according to the data available.","og_url":"https:\/\/www.saigonstereo.com\/home\/san-pham\/dau-dia-cd-primare-cd32\/","og_site_name":"SaigonStereo","article_modified_time":"2016-01-15T07:26:02+00:00","og_image":[{"width":640,"height":640,"url":"https:\/\/www.saigonstereo.com\/home\/wp-content\/uploads\/2015\/08\/cd32.jpg","type":"image\/jpeg"}],"twitter_card":"summary_large_image","twitter_misc":{"\u01af\u1edbc t\u00ednh th\u1eddi gian \u0111\u1ecdc":"1 ph\u00fat"},"schema":{"@context":"https:\/\/schema.org","@graph":[{"@type":"WebPage","@id":"https:\/\/www.saigonstereo.com\/home\/san-pham\/dau-dia-cd-primare-cd32\/","url":"https:\/\/www.saigonstereo.com\/home\/san-pham\/dau-dia-cd-primare-cd32\/","name":"\u0110\u1ea7u \u0111\u0129a CD Primare CD32 - SaigonStereo","isPartOf":{"@id":"https:\/\/www.saigonstereo.com\/home\/#website"},"datePublished":"2015-08-24T02:59:26+00:00","dateModified":"2016-01-15T07:26:02+00:00","breadcrumb":{"@id":"https:\/\/www.saigonstereo.com\/home\/san-pham\/dau-dia-cd-primare-cd32\/#breadcrumb"},"inLanguage":"vi","potentialAction":[{"@type":"ReadAction","target":["https:\/\/www.saigonstereo.com\/home\/san-pham\/dau-dia-cd-primare-cd32\/"]}]},{"@type":"BreadcrumbList","@id":"https:\/\/www.saigonstereo.com\/home\/san-pham\/dau-dia-cd-primare-cd32\/#breadcrumb","itemListElement":[{"@type":"ListItem","position":1,"name":"Home","item":"https:\/\/www.saigonstereo.com\/home\/"},{"@type":"ListItem","position":2,"name":"Products","item":"https:\/\/www.saigonstereo.com\/home\/shop\/"},{"@type":"ListItem","position":3,"name":"\u0110\u1ea7u \u0111\u0129a CD Primare CD32"}]},{"@type":"WebSite","@id":"https:\/\/www.saigonstereo.com\/home\/#website","url":"https:\/\/www.saigonstereo.com\/home\/","name":"SaigonStereo","description":"Nh\u00e0 ph\u00e2n ph\u1ed1i thi\u1ebft b\u1ecb \u00e2m thanh cao c\u1ea5p","potentialAction":[{"@type":"SearchAction","target":{"@type":"EntryPoint","urlTemplate":"https:\/\/www.saigonstereo.com\/home\/?s={search_term_string}"},"query-input":"required name=search_term_string"}],"inLanguage":"vi"}]}},"jetpack_sharing_enabled":true,"_links":{"self":[{"href":"https:\/\/www.saigonstereo.com\/home\/wp-json\/wp\/v2\/product\/37269","targetHints":{"allow":["GET"]}}],"collection":[{"href":"https:\/\/www.saigonstereo.com\/home\/wp-json\/wp\/v2\/product"}],"about":[{"href":"https:\/\/www.saigonstereo.com\/home\/wp-json\/wp\/v2\/types\/product"}],"replies":[{"embeddable":true,"href":"https:\/\/www.saigonstereo.com\/home\/wp-json\/wp\/v2\/comments?post=37269"}],"wp:featuredmedia":[{"embeddable":true,"href":"https:\/\/www.saigonstereo.com\/home\/wp-json\/wp\/v2\/media\/38682"}],"wp:attachment":[{"href":"https:\/\/www.saigonstereo.com\/home\/wp-json\/wp\/v2\/media?parent=37269"}],"wp:term":[{"taxonomy":"product_cat","embeddable":true,"href":"https:\/\/www.saigonstereo.com\/home\/wp-json\/wp\/v2\/product_cat?post=37269"},{"taxonomy":"product_tag","embeddable":true,"href":"https:\/\/www.saigonstereo.com\/home\/wp-json\/wp\/v2\/product_tag?post=37269"}],"curies":[{"name":"wp","href":"https:\/\/api.w.org\/{rel}","templated":true}]}}