{"id":37292,"date":"2015-08-24T11:09:14","date_gmt":"2015-08-24T04:09:14","guid":{"rendered":"http:\/\/www.saigonstereo.com\/home\/?post_type=product&#038;p=37292"},"modified":"2016-01-15T14:20:49","modified_gmt":"2016-01-15T07:20:49","slug":"dau-dia-universal-primare-bd32-mk2","status":"publish","type":"product","link":"https:\/\/www.saigonstereo.com\/home\/san-pham\/dau-dia-universal-primare-bd32-mk2\/","title":{"rendered":"\u0110\u1ea7u \u0111\u0129a Universal Primare BD32 &#8211; MK2"},"content":{"rendered":"<p><strong>Th\u00f4ng s\u1ed1 k\u1ef9 thu\u1eadt\u00a0Primare BD32 &#8211; MK2:<\/strong><\/p>\n<ul>\n<li>High performance multi-format\/multi-channel player<\/li>\n<li>Blu-ray, DVD, CD, SACD, DVD-A and media Dual simultaneous HDMI 1.4a outputs (3D)<\/li>\n<li>Proprietary Primare audio stage<\/li>\n<li>Multiple custom-engineered power supplies<\/li>\n<li>OLED user interface<\/li>\n<li>CD performance: Freq resp -0.19dB @20k; THD+N 1k 0dBFS (22k LPF) 0.0015%; Noise A-weighted. -138dBV<\/li>\n<li>SACD (DSD) performance: Freq resp -0,17dB @20k; THD+N 1k 0dBFS (22k LPF) 0.0055%; Noise A-weighted. -125dBV<\/li>\n<li>Analogue outputs: 1 pair Stereo XLR and 1 pair RCA both 4,3Vrms 1 multichannel 7.1 RCA input<\/li>\n<li>Digital outputs: 1x SPDIF (RCA); 1x AES\/EBU (XLR); 1x optical (TOS-link)<\/li>\n<li>Inputs: USB, LAN, e-Sata, IR in\/out 3.5mm; RS232; Trigger in\/out 3.5mm<\/li>\n<li>D\/A converter: Crystal DSD DAC CS4398<\/li>\n<li>Output impedance: RCA 100Ohm; XLR 110Ohm<\/li>\n<li>Power consumption: Standby 0.5W, Idle 50W, Operation 60W<\/li>\n<li>Dimensions: 430 x 375 x 106 mm<\/li>\n<li>Weight: 8.5kg<\/li>\n<li>Colour options: Black or Titanium<\/li>\n<\/ul>\n","protected":false},"excerpt":{"rendered":"<p>Equipped with audiophile reserves of clean power distributed across multiple supplies, the BD32 MKII will render spectacular detail and luminous colour from native 4K sources, and transform Blu-ray and DVD at four times the resolution of FullHD 1080p. You\u2019ll love the fluid, naturally vibrant pictures generated by over eight million precisely defined pixels, and the explosive audio dynamics derived from multichannel film sound, CD, SACD, DVD-A discs and DSD files over USB and Windows SMB. Enjoy easy access to similarly enhanced media through wired or Wi-Fi networks (using an external USB dongle supplied), USB or DNLA (Digital Living Network Alliance) devices together with effortless operation via a clear and dimmable OLED display in tandem with our C24 system remote.<\/p>\n<p>Updates are as intuitive. On initial set-up and connected to the internet via its LAN port, the BD32 MKII will automatically download the latest software from the Primare website. Further upgrades are easily completed via the set-up menu. The MKII\u2019s beautifully understated design also offers deceptively wide range of connections for integration with home automation systems and control over additional components like home theatre projectors and screens.<\/p>\n<p>The BD32 MKII will reveal the quality of your audio and video entertainment more vividly than ever before, and supply the reassurance of superior design, material specification and functional simplicity for which Primare is world renowned. For the perfect union of sound and picture in the classic Primare style, introduce the BD32 MK II to the SP33 and A30.7 or the SPA23 and A34.2. All models are available in luxury brushed black or titanium.<\/p>\n","protected":false},"featured_media":38680,"comment_status":"open","ping_status":"closed","template":"","meta":{"jetpack_post_was_ever_published":false,"jetpack_publicize_message":"","jetpack_is_tweetstorm":false,"jetpack_publicize_feature_enabled":true,"jetpack_social_post_already_shared":true,"jetpack_social_options":[]},"product_cat":[857,104],"product_tag":[813,829,903],"class_list":["post-37292","product","type-product","status-publish","has-post-thumbnail","hentry","product_cat-primare-cd","product_cat-primare-thiet-bi-xem-phim","product_tag-dau-dia-cd","product_tag-primare","product_tag-series-30","description-off"],"jetpack_publicize_connections":[],"yoast_head":"<!-- This site is optimized with the Yoast SEO plugin v20.4 - https:\/\/yoast.com\/wordpress\/plugins\/seo\/ -->\n<title>\u0110\u1ea7u \u0111\u0129a Universal Primare BD32 - MK2 - SaigonStereo<\/title>\n<meta name=\"robots\" content=\"index, follow, max-snippet:-1, max-image-preview:large, max-video-preview:-1\" \/>\n<link rel=\"canonical\" href=\"https:\/\/www.saigonstereo.com\/home\/san-pham\/dau-dia-universal-primare-bd32-mk2\/\" \/>\n<meta property=\"og:locale\" content=\"vi_VN\" \/>\n<meta property=\"og:type\" content=\"article\" \/>\n<meta property=\"og:title\" content=\"\u0110\u1ea7u \u0111\u0129a Universal Primare BD32 - MK2 - SaigonStereo\" \/>\n<meta property=\"og:description\" content=\"Equipped with audiophile reserves of clean power distributed across multiple supplies, the BD32 MKII will render spectacular detail and luminous colour from native 4K sources, and transform Blu-ray and DVD at four times the resolution of FullHD 1080p. You\u2019ll love the fluid, naturally vibrant pictures generated by over eight million precisely defined pixels, and the explosive audio dynamics derived from multichannel film sound, CD, SACD, DVD-A discs and DSD files over USB and Windows SMB. Enjoy easy access to similarly enhanced media through wired or Wi-Fi networks (using an external USB dongle supplied), USB or DNLA (Digital Living Network Alliance) devices together with effortless operation via a clear and dimmable OLED display in tandem with our C24 system remote.  Updates are as intuitive. On initial set-up and connected to the internet via its LAN port, the BD32 MKII will automatically download the latest software from the Primare website. Further upgrades are easily completed via the set-up menu. The MKII\u2019s beautifully understated design also offers deceptively wide range of connections for integration with home automation systems and control over additional components like home theatre projectors and screens.  The BD32 MKII will reveal the quality of your audio and video entertainment more vividly than ever before, and supply the reassurance of superior design, material specification and functional simplicity for which Primare is world renowned. For the perfect union of sound and picture in the classic Primare style, introduce the BD32 MK II to the SP33 and A30.7 or the SPA23 and A34.2. All models are available in luxury brushed black or titanium.\" \/>\n<meta property=\"og:url\" content=\"https:\/\/www.saigonstereo.com\/home\/san-pham\/dau-dia-universal-primare-bd32-mk2\/\" \/>\n<meta property=\"og:site_name\" content=\"SaigonStereo\" \/>\n<meta property=\"article:modified_time\" content=\"2016-01-15T07:20:49+00:00\" \/>\n<meta property=\"og:image\" content=\"https:\/\/www.saigonstereo.com\/home\/wp-content\/uploads\/2015\/08\/bd32.jpg\" \/>\n\t<meta property=\"og:image:width\" content=\"640\" \/>\n\t<meta property=\"og:image:height\" content=\"640\" \/>\n\t<meta property=\"og:image:type\" content=\"image\/jpeg\" \/>\n<meta name=\"twitter:card\" content=\"summary_large_image\" \/>\n<meta name=\"twitter:label1\" content=\"\u01af\u1edbc t\u00ednh th\u1eddi gian \u0111\u1ecdc\" \/>\n\t<meta name=\"twitter:data1\" content=\"1 ph\u00fat\" \/>\n<script type=\"application\/ld+json\" class=\"yoast-schema-graph\">{\"@context\":\"https:\/\/schema.org\",\"@graph\":[{\"@type\":\"WebPage\",\"@id\":\"https:\/\/www.saigonstereo.com\/home\/san-pham\/dau-dia-universal-primare-bd32-mk2\/\",\"url\":\"https:\/\/www.saigonstereo.com\/home\/san-pham\/dau-dia-universal-primare-bd32-mk2\/\",\"name\":\"\u0110\u1ea7u \u0111\u0129a Universal Primare BD32 - MK2 - SaigonStereo\",\"isPartOf\":{\"@id\":\"https:\/\/www.saigonstereo.com\/home\/#website\"},\"datePublished\":\"2015-08-24T04:09:14+00:00\",\"dateModified\":\"2016-01-15T07:20:49+00:00\",\"breadcrumb\":{\"@id\":\"https:\/\/www.saigonstereo.com\/home\/san-pham\/dau-dia-universal-primare-bd32-mk2\/#breadcrumb\"},\"inLanguage\":\"vi\",\"potentialAction\":[{\"@type\":\"ReadAction\",\"target\":[\"https:\/\/www.saigonstereo.com\/home\/san-pham\/dau-dia-universal-primare-bd32-mk2\/\"]}]},{\"@type\":\"BreadcrumbList\",\"@id\":\"https:\/\/www.saigonstereo.com\/home\/san-pham\/dau-dia-universal-primare-bd32-mk2\/#breadcrumb\",\"itemListElement\":[{\"@type\":\"ListItem\",\"position\":1,\"name\":\"Home\",\"item\":\"https:\/\/www.saigonstereo.com\/home\/\"},{\"@type\":\"ListItem\",\"position\":2,\"name\":\"Products\",\"item\":\"https:\/\/www.saigonstereo.com\/home\/shop\/\"},{\"@type\":\"ListItem\",\"position\":3,\"name\":\"\u0110\u1ea7u \u0111\u0129a Universal Primare BD32 &#8211; MK2\"}]},{\"@type\":\"WebSite\",\"@id\":\"https:\/\/www.saigonstereo.com\/home\/#website\",\"url\":\"https:\/\/www.saigonstereo.com\/home\/\",\"name\":\"SaigonStereo\",\"description\":\"Nh\u00e0 ph\u00e2n ph\u1ed1i thi\u1ebft b\u1ecb \u00e2m thanh cao c\u1ea5p\",\"potentialAction\":[{\"@type\":\"SearchAction\",\"target\":{\"@type\":\"EntryPoint\",\"urlTemplate\":\"https:\/\/www.saigonstereo.com\/home\/?s={search_term_string}\"},\"query-input\":\"required name=search_term_string\"}],\"inLanguage\":\"vi\"}]}<\/script>\n<!-- \/ Yoast SEO plugin. -->","yoast_head_json":{"title":"\u0110\u1ea7u \u0111\u0129a Universal Primare BD32 - MK2 - SaigonStereo","robots":{"index":"index","follow":"follow","max-snippet":"max-snippet:-1","max-image-preview":"max-image-preview:large","max-video-preview":"max-video-preview:-1"},"canonical":"https:\/\/www.saigonstereo.com\/home\/san-pham\/dau-dia-universal-primare-bd32-mk2\/","og_locale":"vi_VN","og_type":"article","og_title":"\u0110\u1ea7u \u0111\u0129a Universal Primare BD32 - MK2 - SaigonStereo","og_description":"Equipped with audiophile reserves of clean power distributed across multiple supplies, the BD32 MKII will render spectacular detail and luminous colour from native 4K sources, and transform Blu-ray and DVD at four times the resolution of FullHD 1080p. You\u2019ll love the fluid, naturally vibrant pictures generated by over eight million precisely defined pixels, and the explosive audio dynamics derived from multichannel film sound, CD, SACD, DVD-A discs and DSD files over USB and Windows SMB. Enjoy easy access to similarly enhanced media through wired or Wi-Fi networks (using an external USB dongle supplied), USB or DNLA (Digital Living Network Alliance) devices together with effortless operation via a clear and dimmable OLED display in tandem with our C24 system remote.  Updates are as intuitive. On initial set-up and connected to the internet via its LAN port, the BD32 MKII will automatically download the latest software from the Primare website. Further upgrades are easily completed via the set-up menu. The MKII\u2019s beautifully understated design also offers deceptively wide range of connections for integration with home automation systems and control over additional components like home theatre projectors and screens.  The BD32 MKII will reveal the quality of your audio and video entertainment more vividly than ever before, and supply the reassurance of superior design, material specification and functional simplicity for which Primare is world renowned. For the perfect union of sound and picture in the classic Primare style, introduce the BD32 MK II to the SP33 and A30.7 or the SPA23 and A34.2. All models are available in luxury brushed black or titanium.","og_url":"https:\/\/www.saigonstereo.com\/home\/san-pham\/dau-dia-universal-primare-bd32-mk2\/","og_site_name":"SaigonStereo","article_modified_time":"2016-01-15T07:20:49+00:00","og_image":[{"width":640,"height":640,"url":"https:\/\/www.saigonstereo.com\/home\/wp-content\/uploads\/2015\/08\/bd32.jpg","type":"image\/jpeg"}],"twitter_card":"summary_large_image","twitter_misc":{"\u01af\u1edbc t\u00ednh th\u1eddi gian \u0111\u1ecdc":"1 ph\u00fat"},"schema":{"@context":"https:\/\/schema.org","@graph":[{"@type":"WebPage","@id":"https:\/\/www.saigonstereo.com\/home\/san-pham\/dau-dia-universal-primare-bd32-mk2\/","url":"https:\/\/www.saigonstereo.com\/home\/san-pham\/dau-dia-universal-primare-bd32-mk2\/","name":"\u0110\u1ea7u \u0111\u0129a Universal Primare BD32 - MK2 - SaigonStereo","isPartOf":{"@id":"https:\/\/www.saigonstereo.com\/home\/#website"},"datePublished":"2015-08-24T04:09:14+00:00","dateModified":"2016-01-15T07:20:49+00:00","breadcrumb":{"@id":"https:\/\/www.saigonstereo.com\/home\/san-pham\/dau-dia-universal-primare-bd32-mk2\/#breadcrumb"},"inLanguage":"vi","potentialAction":[{"@type":"ReadAction","target":["https:\/\/www.saigonstereo.com\/home\/san-pham\/dau-dia-universal-primare-bd32-mk2\/"]}]},{"@type":"BreadcrumbList","@id":"https:\/\/www.saigonstereo.com\/home\/san-pham\/dau-dia-universal-primare-bd32-mk2\/#breadcrumb","itemListElement":[{"@type":"ListItem","position":1,"name":"Home","item":"https:\/\/www.saigonstereo.com\/home\/"},{"@type":"ListItem","position":2,"name":"Products","item":"https:\/\/www.saigonstereo.com\/home\/shop\/"},{"@type":"ListItem","position":3,"name":"\u0110\u1ea7u \u0111\u0129a Universal Primare BD32 &#8211; MK2"}]},{"@type":"WebSite","@id":"https:\/\/www.saigonstereo.com\/home\/#website","url":"https:\/\/www.saigonstereo.com\/home\/","name":"SaigonStereo","description":"Nh\u00e0 ph\u00e2n ph\u1ed1i thi\u1ebft b\u1ecb \u00e2m thanh cao c\u1ea5p","potentialAction":[{"@type":"SearchAction","target":{"@type":"EntryPoint","urlTemplate":"https:\/\/www.saigonstereo.com\/home\/?s={search_term_string}"},"query-input":"required name=search_term_string"}],"inLanguage":"vi"}]}},"jetpack_sharing_enabled":true,"_links":{"self":[{"href":"https:\/\/www.saigonstereo.com\/home\/wp-json\/wp\/v2\/product\/37292","targetHints":{"allow":["GET"]}}],"collection":[{"href":"https:\/\/www.saigonstereo.com\/home\/wp-json\/wp\/v2\/product"}],"about":[{"href":"https:\/\/www.saigonstereo.com\/home\/wp-json\/wp\/v2\/types\/product"}],"replies":[{"embeddable":true,"href":"https:\/\/www.saigonstereo.com\/home\/wp-json\/wp\/v2\/comments?post=37292"}],"wp:featuredmedia":[{"embeddable":true,"href":"https:\/\/www.saigonstereo.com\/home\/wp-json\/wp\/v2\/media\/38680"}],"wp:attachment":[{"href":"https:\/\/www.saigonstereo.com\/home\/wp-json\/wp\/v2\/media?parent=37292"}],"wp:term":[{"taxonomy":"product_cat","embeddable":true,"href":"https:\/\/www.saigonstereo.com\/home\/wp-json\/wp\/v2\/product_cat?post=37292"},{"taxonomy":"product_tag","embeddable":true,"href":"https:\/\/www.saigonstereo.com\/home\/wp-json\/wp\/v2\/product_tag?post=37292"}],"curies":[{"name":"wp","href":"https:\/\/api.w.org\/{rel}","templated":true}]}}