{"id":37339,"date":"2015-08-24T14:04:55","date_gmt":"2015-08-24T07:04:55","guid":{"rendered":"http:\/\/www.saigonstereo.com\/home\/?post_type=product&#038;p=37339"},"modified":"2022-05-03T16:22:22","modified_gmt":"2022-05-03T09:22:22","slug":"loa-elac-sub-2050-bluetooth-app-control","status":"publish","type":"product","link":"https:\/\/www.saigonstereo.com\/home\/san-pham\/loa-elac-sub-2050-bluetooth-app-control\/","title":{"rendered":"Loa Elac Sub 2050 (Bluetooth App Control)"},"content":{"rendered":"<p>T\u1eadn d\u1ee5ng mirco tr\u00ean thi\u1ebft b\u1ecb di d\u1ed9ng c\u1ee7a b\u1ea1n, th\u00f4ng qua ph\u1ea7n m\u1ec1m Elac Sub Control (*) v\u1edbi c\u00e1c thu\u1eadt to\u00e1n ri\u00eang s\u1ebd x\u1eed l\u00fd c\u00e1c t\u00edn hi\u1ec7u ph\u1ea3n h\u1ed3i thu \u0111\u01b0\u1ee3c v\u00e0 \u0111\u01b0a ra c\u00e1c th\u00f4ng s\u1ed1 c\u1ea5u h\u00ecnh t\u1ed1i \u01b0u nh\u1ea5t cho h\u1ec7 th\u1ed1ng \u00e2m thanh v\u00e0 ph\u00f2ng nghe c\u1ee7a b\u1ea1n. C\u00e1c thi\u1ebft l\u1eadp n\u00e0y s\u1ebd \u0111\u01b0\u1ee3c l\u01b0u tr\u1eef ho\u00e0n to\u00e0n t\u1ef1 \u0111\u1ed9ng \u0111\u1ebfn subwoofer 2050 \/ 2070 th\u00f4ng qua k\u1ebft n\u1ed1i BLE (Bluetooth Low Energy). D\u0129 nhi\u00ean, b\u1ea1n v\u1eabn c\u00f3 th\u1ec3 thay \u0111\u1ed5i c\u1ea5u h\u00ecnh b\u1eb1ng tay theo \u00fd th\u00edch.<\/p>\n","protected":false},"excerpt":{"rendered":"<p>Ph\u1ea7n \u0111i\u1ec1u khi\u1ec3n ch\u00ednh l\u00e0 \u0111i\u1ec3m tuy\u1ec7t v\u1eddi nh\u1ea5t c\u1ee7a m\u1eabu loa sub n\u00e0y. Th\u00f4ng th\u01b0\u1eddng, c\u00e2n ch\u1ec9nh subwoofer cho h\u1ec7 th\u1ed1ng xem phim ho\u1eb7c nghe nh\u1ea1c 2 k\u00eanh lu\u00f4n l\u00e0 m\u1ed9t th\u00e1ch th\u1ee9c \u0111\u1ed1i v\u1edbi b\u1ea5t k\u1ef3 fan y\u00eau nh\u1ea1c hay th\u1eadm ch\u00ed l\u00e0 c\u00e1c chuy\u00ean gia \u201cset-up\u201d b\u1edfi r\u1ea5t kh\u00f3 \u0111\u1ec3 l\u00e0m \u201cbi\u1ebfn m\u1ea5t\u201d ho\u00e0n to\u00e0n chi\u1ebfc subwoofer trong kh\u00f4ng gian ph\u00f2ng nghe c\u1ee7a b\u1ea1n.<\/p>\n<p>\u0110\u1eebng lo l\u1eafng, gi\u1edd \u0111\u00e2y ch\u1ec9 vi\u1ec7c k\u1ebft n\u1ed1i \u0111i\u1ec7n tho\u1ea1i \/ m\u00e1y t\u00ednh b\u1ea3ng c\u1ee7a b\u1ea1n v\u1edbi subwoofer 2050 \/ 2070 m\u1edbi c\u1ee7a Elac, b\u1ea1n s\u1ebd c\u00f3 th\u1ec3 t\u1ef1 tay c\u00e2n ch\u1ec9nh c\u00e1c thi\u1ebft l\u1eadp hay \u0111i\u1ec1u khi\u1ec3n tr\u1ef1c ti\u1ebfp chi\u1ebfc subwoofer m\u00e0 kh\u00f4ng ph\u1ea3i m\u1ea5t qu\u00e1 nhi\u1ec1u th\u1eddi gian v\u00e0 c\u00f4ng s\u1ee9c \u0111\u1ec3 \u0111\u1ea1t \u0111\u01b0\u1ee3c k\u1ebft qu\u1ea3 t\u1ed1t nh\u1ea5t.<\/p>\n","protected":false},"featured_media":37341,"comment_status":"open","ping_status":"closed","template":"","meta":{"jetpack_post_was_ever_published":false,"jetpack_publicize_message":"","jetpack_is_tweetstorm":false,"jetpack_publicize_feature_enabled":true,"jetpack_social_post_already_shared":true,"jetpack_social_options":[]},"product_cat":[71,87],"product_tag":[826,761],"class_list":["post-37339","product","type-product","status-publish","has-post-thumbnail","hentry","product_cat-loa-elac","product_cat-subwoofer","product_tag-elac","product_tag-loa-subwoofer","description-off"],"jetpack_publicize_connections":[],"yoast_head":"<!-- This site is optimized with the Yoast SEO plugin v20.4 - https:\/\/yoast.com\/wordpress\/plugins\/seo\/ -->\n<title>Loa Elac Sub 2050 Bluetooth control<\/title>\n<meta name=\"description\" content=\"Subwoofer 2050 \/ 2070 m\u1edbi c\u1ee7a Elac, b\u1ea1n s\u1ebd c\u00f3 th\u1ec3 t\u1ef1 tay c\u00e2n ch\u1ec9nh c\u00e1c thi\u1ebft l\u1eadp hay \u0111i\u1ec1u khi\u1ec3n tr\u1ef1c ti\u1ebfp chi\u1ebfc sub m\u00e0 kh\u00f4ng ph\u1ea3i m\u1ea5t qu\u00e1 nhi\u1ec1u th\u1eddi gian...\" \/>\n<meta name=\"robots\" content=\"index, follow, max-snippet:-1, max-image-preview:large, max-video-preview:-1\" \/>\n<link rel=\"canonical\" href=\"https:\/\/www.saigonstereo.com\/home\/san-pham\/loa-elac-sub-2050-bluetooth-app-control\/\" \/>\n<meta property=\"og:locale\" content=\"vi_VN\" \/>\n<meta property=\"og:type\" content=\"article\" \/>\n<meta property=\"og:title\" content=\"Loa Elac Sub 2050 Bluetooth control\" \/>\n<meta property=\"og:description\" content=\"Subwoofer 2050 \/ 2070 m\u1edbi c\u1ee7a Elac, b\u1ea1n s\u1ebd c\u00f3 th\u1ec3 t\u1ef1 tay c\u00e2n ch\u1ec9nh c\u00e1c thi\u1ebft l\u1eadp hay \u0111i\u1ec1u khi\u1ec3n tr\u1ef1c ti\u1ebfp chi\u1ebfc sub m\u00e0 kh\u00f4ng ph\u1ea3i m\u1ea5t qu\u00e1 nhi\u1ec1u th\u1eddi gian...\" \/>\n<meta property=\"og:url\" content=\"https:\/\/www.saigonstereo.com\/home\/san-pham\/loa-elac-sub-2050-bluetooth-app-control\/\" \/>\n<meta property=\"og:site_name\" content=\"SaigonStereo\" \/>\n<meta property=\"article:modified_time\" content=\"2022-05-03T09:22:22+00:00\" \/>\n<meta property=\"og:image\" content=\"https:\/\/www.saigonstereo.com\/home\/wp-content\/uploads\/2015\/08\/Sub-2050.jpg\" \/>\n\t<meta property=\"og:image:width\" content=\"640\" \/>\n\t<meta property=\"og:image:height\" content=\"640\" \/>\n\t<meta property=\"og:image:type\" content=\"image\/jpeg\" \/>\n<meta name=\"twitter:card\" content=\"summary_large_image\" \/>\n<meta name=\"twitter:label1\" content=\"\u01af\u1edbc t\u00ednh th\u1eddi gian \u0111\u1ecdc\" \/>\n\t<meta name=\"twitter:data1\" content=\"1 ph\u00fat\" \/>\n<script type=\"application\/ld+json\" class=\"yoast-schema-graph\">{\"@context\":\"https:\/\/schema.org\",\"@graph\":[{\"@type\":\"WebPage\",\"@id\":\"https:\/\/www.saigonstereo.com\/home\/san-pham\/loa-elac-sub-2050-bluetooth-app-control\/\",\"url\":\"https:\/\/www.saigonstereo.com\/home\/san-pham\/loa-elac-sub-2050-bluetooth-app-control\/\",\"name\":\"Loa Elac Sub 2050 Bluetooth control\",\"isPartOf\":{\"@id\":\"https:\/\/www.saigonstereo.com\/home\/#website\"},\"datePublished\":\"2015-08-24T07:04:55+00:00\",\"dateModified\":\"2022-05-03T09:22:22+00:00\",\"description\":\"Subwoofer 2050 \/ 2070 m\u1edbi c\u1ee7a Elac, b\u1ea1n s\u1ebd c\u00f3 th\u1ec3 t\u1ef1 tay c\u00e2n ch\u1ec9nh c\u00e1c thi\u1ebft l\u1eadp hay \u0111i\u1ec1u khi\u1ec3n tr\u1ef1c ti\u1ebfp chi\u1ebfc sub m\u00e0 kh\u00f4ng ph\u1ea3i m\u1ea5t qu\u00e1 nhi\u1ec1u th\u1eddi gian...\",\"breadcrumb\":{\"@id\":\"https:\/\/www.saigonstereo.com\/home\/san-pham\/loa-elac-sub-2050-bluetooth-app-control\/#breadcrumb\"},\"inLanguage\":\"vi\",\"potentialAction\":[{\"@type\":\"ReadAction\",\"target\":[\"https:\/\/www.saigonstereo.com\/home\/san-pham\/loa-elac-sub-2050-bluetooth-app-control\/\"]}]},{\"@type\":\"BreadcrumbList\",\"@id\":\"https:\/\/www.saigonstereo.com\/home\/san-pham\/loa-elac-sub-2050-bluetooth-app-control\/#breadcrumb\",\"itemListElement\":[{\"@type\":\"ListItem\",\"position\":1,\"name\":\"Home\",\"item\":\"https:\/\/www.saigonstereo.com\/home\/\"},{\"@type\":\"ListItem\",\"position\":2,\"name\":\"Products\",\"item\":\"https:\/\/www.saigonstereo.com\/home\/shop\/\"},{\"@type\":\"ListItem\",\"position\":3,\"name\":\"Loa Elac Sub 2050 (Bluetooth App Control)\"}]},{\"@type\":\"WebSite\",\"@id\":\"https:\/\/www.saigonstereo.com\/home\/#website\",\"url\":\"https:\/\/www.saigonstereo.com\/home\/\",\"name\":\"SaigonStereo\",\"description\":\"Nh\u00e0 ph\u00e2n ph\u1ed1i thi\u1ebft b\u1ecb \u00e2m thanh cao c\u1ea5p\",\"potentialAction\":[{\"@type\":\"SearchAction\",\"target\":{\"@type\":\"EntryPoint\",\"urlTemplate\":\"https:\/\/www.saigonstereo.com\/home\/?s={search_term_string}\"},\"query-input\":\"required name=search_term_string\"}],\"inLanguage\":\"vi\"}]}<\/script>\n<!-- \/ Yoast SEO plugin. -->","yoast_head_json":{"title":"Loa Elac Sub 2050 Bluetooth control","description":"Subwoofer 2050 \/ 2070 m\u1edbi c\u1ee7a Elac, b\u1ea1n s\u1ebd c\u00f3 th\u1ec3 t\u1ef1 tay c\u00e2n ch\u1ec9nh c\u00e1c thi\u1ebft l\u1eadp hay \u0111i\u1ec1u khi\u1ec3n tr\u1ef1c ti\u1ebfp chi\u1ebfc sub m\u00e0 kh\u00f4ng ph\u1ea3i m\u1ea5t qu\u00e1 nhi\u1ec1u th\u1eddi gian...","robots":{"index":"index","follow":"follow","max-snippet":"max-snippet:-1","max-image-preview":"max-image-preview:large","max-video-preview":"max-video-preview:-1"},"canonical":"https:\/\/www.saigonstereo.com\/home\/san-pham\/loa-elac-sub-2050-bluetooth-app-control\/","og_locale":"vi_VN","og_type":"article","og_title":"Loa Elac Sub 2050 Bluetooth control","og_description":"Subwoofer 2050 \/ 2070 m\u1edbi c\u1ee7a Elac, b\u1ea1n s\u1ebd c\u00f3 th\u1ec3 t\u1ef1 tay c\u00e2n ch\u1ec9nh c\u00e1c thi\u1ebft l\u1eadp hay \u0111i\u1ec1u khi\u1ec3n tr\u1ef1c ti\u1ebfp chi\u1ebfc sub m\u00e0 kh\u00f4ng ph\u1ea3i m\u1ea5t qu\u00e1 nhi\u1ec1u th\u1eddi gian...","og_url":"https:\/\/www.saigonstereo.com\/home\/san-pham\/loa-elac-sub-2050-bluetooth-app-control\/","og_site_name":"SaigonStereo","article_modified_time":"2022-05-03T09:22:22+00:00","og_image":[{"width":640,"height":640,"url":"https:\/\/www.saigonstereo.com\/home\/wp-content\/uploads\/2015\/08\/Sub-2050.jpg","type":"image\/jpeg"}],"twitter_card":"summary_large_image","twitter_misc":{"\u01af\u1edbc t\u00ednh th\u1eddi gian \u0111\u1ecdc":"1 ph\u00fat"},"schema":{"@context":"https:\/\/schema.org","@graph":[{"@type":"WebPage","@id":"https:\/\/www.saigonstereo.com\/home\/san-pham\/loa-elac-sub-2050-bluetooth-app-control\/","url":"https:\/\/www.saigonstereo.com\/home\/san-pham\/loa-elac-sub-2050-bluetooth-app-control\/","name":"Loa Elac Sub 2050 Bluetooth control","isPartOf":{"@id":"https:\/\/www.saigonstereo.com\/home\/#website"},"datePublished":"2015-08-24T07:04:55+00:00","dateModified":"2022-05-03T09:22:22+00:00","description":"Subwoofer 2050 \/ 2070 m\u1edbi c\u1ee7a Elac, b\u1ea1n s\u1ebd c\u00f3 th\u1ec3 t\u1ef1 tay c\u00e2n ch\u1ec9nh c\u00e1c thi\u1ebft l\u1eadp hay \u0111i\u1ec1u khi\u1ec3n tr\u1ef1c ti\u1ebfp chi\u1ebfc sub m\u00e0 kh\u00f4ng ph\u1ea3i m\u1ea5t qu\u00e1 nhi\u1ec1u th\u1eddi gian...","breadcrumb":{"@id":"https:\/\/www.saigonstereo.com\/home\/san-pham\/loa-elac-sub-2050-bluetooth-app-control\/#breadcrumb"},"inLanguage":"vi","potentialAction":[{"@type":"ReadAction","target":["https:\/\/www.saigonstereo.com\/home\/san-pham\/loa-elac-sub-2050-bluetooth-app-control\/"]}]},{"@type":"BreadcrumbList","@id":"https:\/\/www.saigonstereo.com\/home\/san-pham\/loa-elac-sub-2050-bluetooth-app-control\/#breadcrumb","itemListElement":[{"@type":"ListItem","position":1,"name":"Home","item":"https:\/\/www.saigonstereo.com\/home\/"},{"@type":"ListItem","position":2,"name":"Products","item":"https:\/\/www.saigonstereo.com\/home\/shop\/"},{"@type":"ListItem","position":3,"name":"Loa Elac Sub 2050 (Bluetooth App Control)"}]},{"@type":"WebSite","@id":"https:\/\/www.saigonstereo.com\/home\/#website","url":"https:\/\/www.saigonstereo.com\/home\/","name":"SaigonStereo","description":"Nh\u00e0 ph\u00e2n ph\u1ed1i thi\u1ebft b\u1ecb \u00e2m thanh cao c\u1ea5p","potentialAction":[{"@type":"SearchAction","target":{"@type":"EntryPoint","urlTemplate":"https:\/\/www.saigonstereo.com\/home\/?s={search_term_string}"},"query-input":"required name=search_term_string"}],"inLanguage":"vi"}]}},"jetpack_sharing_enabled":true,"_links":{"self":[{"href":"https:\/\/www.saigonstereo.com\/home\/wp-json\/wp\/v2\/product\/37339","targetHints":{"allow":["GET"]}}],"collection":[{"href":"https:\/\/www.saigonstereo.com\/home\/wp-json\/wp\/v2\/product"}],"about":[{"href":"https:\/\/www.saigonstereo.com\/home\/wp-json\/wp\/v2\/types\/product"}],"replies":[{"embeddable":true,"href":"https:\/\/www.saigonstereo.com\/home\/wp-json\/wp\/v2\/comments?post=37339"}],"wp:featuredmedia":[{"embeddable":true,"href":"https:\/\/www.saigonstereo.com\/home\/wp-json\/wp\/v2\/media\/37341"}],"wp:attachment":[{"href":"https:\/\/www.saigonstereo.com\/home\/wp-json\/wp\/v2\/media?parent=37339"}],"wp:term":[{"taxonomy":"product_cat","embeddable":true,"href":"https:\/\/www.saigonstereo.com\/home\/wp-json\/wp\/v2\/product_cat?post=37339"},{"taxonomy":"product_tag","embeddable":true,"href":"https:\/\/www.saigonstereo.com\/home\/wp-json\/wp\/v2\/product_tag?post=37339"}],"curies":[{"name":"wp","href":"https:\/\/api.w.org\/{rel}","templated":true}]}}