{"id":39234,"date":"2015-07-22T18:11:38","date_gmt":"2015-07-22T11:11:38","guid":{"rendered":"http:\/\/www.saigonstereo.com\/home\/?post_type=product&#038;p=39234"},"modified":"2020-03-23T13:34:30","modified_gmt":"2020-03-23T06:34:30","slug":"day-loa-neotech-nes-5001","status":"publish","type":"product","link":"https:\/\/www.saigonstereo.com\/home\/san-pham\/day-loa-neotech-nes-5001\/","title":{"rendered":"D\u00e2y loa Neotech NES-5001"},"content":{"rendered":"<p><a class=\"dt-pswp-item\" href=\"https:\/\/www.saigonstereo.com\/home\/wp-content\/uploads\/2015\/07\/NES-5001.jpg\" data-dt-img-description=\"\" data-large_image_width=\"1200\" data-large_image_height=\"848\"><img loading=\"lazy\" decoding=\"async\" class=\"aligncenter size-full wp-image-41885\" src=\"https:\/\/www.saigonstereo.com\/home\/wp-content\/uploads\/2015\/07\/NES-5001.jpg\" alt=\"\" width=\"1200\" height=\"848\" \/><\/a><\/p>\n<p>S\u1eed d\u1ee5ng ch\u1ea5t li\u1ec7u \u0111\u1ed3ng Ultra Pure OFC c\u00f3 t\u1ec9 l\u1ec7 \u0111\u1ed3ng nguy\u00ean ch\u1ea5t h\u01a1n d\u00e2y OFC th\u00f4ng th\u01b0\u1eddng. K\u1ebft c\u1ea5u xo\u1eafn c\u00f3 s\u1eafp \u0111\u1eb7t &#8220;Rope Lay&#8221;, k\u1ebft c\u1ea5u ch\u1eb7t ch\u1ebd v\u00e0 c\u00f3 tr\u1eadt t\u1ef1 h\u01a1n c\u00e1c ki\u1ec3u th\u00f4ng d\u1ee5ng v\u1edbi\u00a02 ru\u1ed9t xo\u1eafn v\u1edbi nhau, \u0111\u01b0\u1ee3c b\u1ecdc 1 l\u1edbp v\u1ecf ngo\u00e0i v\u1edbi \u0111\u01b0\u1eddng k\u00ednh 1.5cm,<\/p>\n<p><strong>Th\u00f4ng s\u1ed1 k\u1ef9 thu\u1eadt NES-5001:<\/strong><\/p>\n<ul>\n<li>V\u1ecf b\u1ecdc PVC b\u00ean ngo\u00e0i.<\/li>\n<li>\u0110\u01b0\u1eddng k\u00ednh d\u00e2y d\u1eabn ch\u00ednh: 2.3 mm.<\/li>\n<li>Ti\u1ebft di\u1ec7n l\u00f5i: 11AWG (4.0mm2) x 2<\/li>\n<li>\u0110\u01b0\u1eddng k\u00ednh v\u1ecf ngo\u00e0i (OD):15.0mm<\/li>\n<\/ul>\n","protected":false},"excerpt":{"rendered":"<p>S\u1ea3n ph\u1ea9m thu\u1ed9c d\u00f2ng d\u00e2y\u00a0<strong>NES-5000<\/strong> \u0111\u01b0\u1ee3c ch\u1ebf t\u1ea1o t\u1eeb \u0111\u1ed3ng tinh khi\u1ebft\u00a0UP-OFC (Ultra Pure &#8211; Oxygen Free Copper).<\/p>\n<p>This fine design series has been selected as Neotech\u2019s entry-level speaker cable; the tight strand &amp; same distance pitch design is achieved using accurate calculation formulas of the Neotech team. This is the best choice for matched home theatre system installation, and we offer both bi-wire and single wire options.<\/p>\n<p><em>(*) S\u1ea3n ph\u1ea9m \u0111\u01b0\u1ee3c t\u00ednh tr\u00ean \u0111\u01a1n v\u1ecb m\u00e9t.<\/em><\/p>\n","protected":false},"featured_media":39236,"comment_status":"open","ping_status":"closed","template":"","meta":{"jetpack_post_was_ever_published":false,"jetpack_publicize_message":"","jetpack_is_tweetstorm":false,"jetpack_publicize_feature_enabled":true,"jetpack_social_post_already_shared":true,"jetpack_social_options":[]},"product_cat":[938],"product_tag":[788,940],"class_list":["post-39234","product","type-product","status-publish","has-post-thumbnail","hentry","product_cat-neotech","product_tag-day-loa","product_tag-neotech","description-off"],"jetpack_publicize_connections":[],"yoast_head":"<!-- This site is optimized with the Yoast SEO plugin v20.4 - https:\/\/yoast.com\/wordpress\/plugins\/seo\/ -->\n<title>D\u00e2y loa Neotech NES-5001 - SaigonStereo<\/title>\n<meta name=\"robots\" content=\"index, follow, max-snippet:-1, max-image-preview:large, max-video-preview:-1\" \/>\n<link rel=\"canonical\" href=\"https:\/\/www.saigonstereo.com\/home\/san-pham\/day-loa-neotech-nes-5001\/\" \/>\n<meta property=\"og:locale\" content=\"vi_VN\" \/>\n<meta property=\"og:type\" content=\"article\" \/>\n<meta property=\"og:title\" content=\"D\u00e2y loa Neotech NES-5001 - SaigonStereo\" \/>\n<meta property=\"og:description\" content=\"S\u1ea3n ph\u1ea9m thu\u1ed9c d\u00f2ng d\u00e2y\u00a0NES-5000 \u0111\u01b0\u1ee3c ch\u1ebf t\u1ea1o t\u1eeb \u0111\u1ed3ng tinh khi\u1ebft\u00a0UP-OFC (Ultra Pure - Oxygen Free Copper).  This fine design series has been selected as Neotech\u2019s entry-level speaker cable; the tight strand &amp; same distance pitch design is achieved using accurate calculation formulas of the Neotech team. This is the best choice for matched home theatre system installation, and we offer both bi-wire and single wire options.  (*) S\u1ea3n ph\u1ea9m \u0111\u01b0\u1ee3c t\u00ednh tr\u00ean \u0111\u01a1n v\u1ecb m\u00e9t.\" \/>\n<meta property=\"og:url\" content=\"https:\/\/www.saigonstereo.com\/home\/san-pham\/day-loa-neotech-nes-5001\/\" \/>\n<meta property=\"og:site_name\" content=\"SaigonStereo\" \/>\n<meta property=\"article:modified_time\" content=\"2020-03-23T06:34:30+00:00\" \/>\n<meta property=\"og:image\" content=\"https:\/\/www.saigonstereo.com\/home\/wp-content\/uploads\/2016\/07\/NES-5001.jpg\" \/>\n\t<meta property=\"og:image:width\" content=\"640\" \/>\n\t<meta property=\"og:image:height\" content=\"640\" \/>\n\t<meta property=\"og:image:type\" content=\"image\/jpeg\" \/>\n<meta name=\"twitter:card\" content=\"summary_large_image\" \/>\n<meta name=\"twitter:label1\" content=\"\u01af\u1edbc t\u00ednh th\u1eddi gian \u0111\u1ecdc\" \/>\n\t<meta name=\"twitter:data1\" content=\"1 ph\u00fat\" \/>\n<script type=\"application\/ld+json\" class=\"yoast-schema-graph\">{\"@context\":\"https:\/\/schema.org\",\"@graph\":[{\"@type\":\"WebPage\",\"@id\":\"https:\/\/www.saigonstereo.com\/home\/san-pham\/day-loa-neotech-nes-5001\/\",\"url\":\"https:\/\/www.saigonstereo.com\/home\/san-pham\/day-loa-neotech-nes-5001\/\",\"name\":\"D\u00e2y loa Neotech NES-5001 - SaigonStereo\",\"isPartOf\":{\"@id\":\"https:\/\/www.saigonstereo.com\/home\/#website\"},\"datePublished\":\"2015-07-22T11:11:38+00:00\",\"dateModified\":\"2020-03-23T06:34:30+00:00\",\"breadcrumb\":{\"@id\":\"https:\/\/www.saigonstereo.com\/home\/san-pham\/day-loa-neotech-nes-5001\/#breadcrumb\"},\"inLanguage\":\"vi\",\"potentialAction\":[{\"@type\":\"ReadAction\",\"target\":[\"https:\/\/www.saigonstereo.com\/home\/san-pham\/day-loa-neotech-nes-5001\/\"]}]},{\"@type\":\"BreadcrumbList\",\"@id\":\"https:\/\/www.saigonstereo.com\/home\/san-pham\/day-loa-neotech-nes-5001\/#breadcrumb\",\"itemListElement\":[{\"@type\":\"ListItem\",\"position\":1,\"name\":\"Home\",\"item\":\"https:\/\/www.saigonstereo.com\/home\/\"},{\"@type\":\"ListItem\",\"position\":2,\"name\":\"Products\",\"item\":\"https:\/\/www.saigonstereo.com\/home\/shop\/\"},{\"@type\":\"ListItem\",\"position\":3,\"name\":\"D\u00e2y loa Neotech NES-5001\"}]},{\"@type\":\"WebSite\",\"@id\":\"https:\/\/www.saigonstereo.com\/home\/#website\",\"url\":\"https:\/\/www.saigonstereo.com\/home\/\",\"name\":\"SaigonStereo\",\"description\":\"Nh\u00e0 ph\u00e2n ph\u1ed1i thi\u1ebft b\u1ecb \u00e2m thanh cao c\u1ea5p\",\"potentialAction\":[{\"@type\":\"SearchAction\",\"target\":{\"@type\":\"EntryPoint\",\"urlTemplate\":\"https:\/\/www.saigonstereo.com\/home\/?s={search_term_string}\"},\"query-input\":\"required name=search_term_string\"}],\"inLanguage\":\"vi\"}]}<\/script>\n<!-- \/ Yoast SEO plugin. -->","yoast_head_json":{"title":"D\u00e2y loa Neotech NES-5001 - SaigonStereo","robots":{"index":"index","follow":"follow","max-snippet":"max-snippet:-1","max-image-preview":"max-image-preview:large","max-video-preview":"max-video-preview:-1"},"canonical":"https:\/\/www.saigonstereo.com\/home\/san-pham\/day-loa-neotech-nes-5001\/","og_locale":"vi_VN","og_type":"article","og_title":"D\u00e2y loa Neotech NES-5001 - SaigonStereo","og_description":"S\u1ea3n ph\u1ea9m thu\u1ed9c d\u00f2ng d\u00e2y\u00a0NES-5000 \u0111\u01b0\u1ee3c ch\u1ebf t\u1ea1o t\u1eeb \u0111\u1ed3ng tinh khi\u1ebft\u00a0UP-OFC (Ultra Pure - Oxygen Free Copper).  This fine design series has been selected as Neotech\u2019s entry-level speaker cable; the tight strand &amp; same distance pitch design is achieved using accurate calculation formulas of the Neotech team. This is the best choice for matched home theatre system installation, and we offer both bi-wire and single wire options.  (*) S\u1ea3n ph\u1ea9m \u0111\u01b0\u1ee3c t\u00ednh tr\u00ean \u0111\u01a1n v\u1ecb m\u00e9t.","og_url":"https:\/\/www.saigonstereo.com\/home\/san-pham\/day-loa-neotech-nes-5001\/","og_site_name":"SaigonStereo","article_modified_time":"2020-03-23T06:34:30+00:00","og_image":[{"width":640,"height":640,"url":"https:\/\/www.saigonstereo.com\/home\/wp-content\/uploads\/2016\/07\/NES-5001.jpg","type":"image\/jpeg"}],"twitter_card":"summary_large_image","twitter_misc":{"\u01af\u1edbc t\u00ednh th\u1eddi gian \u0111\u1ecdc":"1 ph\u00fat"},"schema":{"@context":"https:\/\/schema.org","@graph":[{"@type":"WebPage","@id":"https:\/\/www.saigonstereo.com\/home\/san-pham\/day-loa-neotech-nes-5001\/","url":"https:\/\/www.saigonstereo.com\/home\/san-pham\/day-loa-neotech-nes-5001\/","name":"D\u00e2y loa Neotech NES-5001 - SaigonStereo","isPartOf":{"@id":"https:\/\/www.saigonstereo.com\/home\/#website"},"datePublished":"2015-07-22T11:11:38+00:00","dateModified":"2020-03-23T06:34:30+00:00","breadcrumb":{"@id":"https:\/\/www.saigonstereo.com\/home\/san-pham\/day-loa-neotech-nes-5001\/#breadcrumb"},"inLanguage":"vi","potentialAction":[{"@type":"ReadAction","target":["https:\/\/www.saigonstereo.com\/home\/san-pham\/day-loa-neotech-nes-5001\/"]}]},{"@type":"BreadcrumbList","@id":"https:\/\/www.saigonstereo.com\/home\/san-pham\/day-loa-neotech-nes-5001\/#breadcrumb","itemListElement":[{"@type":"ListItem","position":1,"name":"Home","item":"https:\/\/www.saigonstereo.com\/home\/"},{"@type":"ListItem","position":2,"name":"Products","item":"https:\/\/www.saigonstereo.com\/home\/shop\/"},{"@type":"ListItem","position":3,"name":"D\u00e2y loa Neotech NES-5001"}]},{"@type":"WebSite","@id":"https:\/\/www.saigonstereo.com\/home\/#website","url":"https:\/\/www.saigonstereo.com\/home\/","name":"SaigonStereo","description":"Nh\u00e0 ph\u00e2n ph\u1ed1i thi\u1ebft b\u1ecb \u00e2m thanh cao c\u1ea5p","potentialAction":[{"@type":"SearchAction","target":{"@type":"EntryPoint","urlTemplate":"https:\/\/www.saigonstereo.com\/home\/?s={search_term_string}"},"query-input":"required name=search_term_string"}],"inLanguage":"vi"}]}},"jetpack_sharing_enabled":true,"_links":{"self":[{"href":"https:\/\/www.saigonstereo.com\/home\/wp-json\/wp\/v2\/product\/39234","targetHints":{"allow":["GET"]}}],"collection":[{"href":"https:\/\/www.saigonstereo.com\/home\/wp-json\/wp\/v2\/product"}],"about":[{"href":"https:\/\/www.saigonstereo.com\/home\/wp-json\/wp\/v2\/types\/product"}],"replies":[{"embeddable":true,"href":"https:\/\/www.saigonstereo.com\/home\/wp-json\/wp\/v2\/comments?post=39234"}],"wp:featuredmedia":[{"embeddable":true,"href":"https:\/\/www.saigonstereo.com\/home\/wp-json\/wp\/v2\/media\/39236"}],"wp:attachment":[{"href":"https:\/\/www.saigonstereo.com\/home\/wp-json\/wp\/v2\/media?parent=39234"}],"wp:term":[{"taxonomy":"product_cat","embeddable":true,"href":"https:\/\/www.saigonstereo.com\/home\/wp-json\/wp\/v2\/product_cat?post=39234"},{"taxonomy":"product_tag","embeddable":true,"href":"https:\/\/www.saigonstereo.com\/home\/wp-json\/wp\/v2\/product_tag?post=39234"}],"curies":[{"name":"wp","href":"https:\/\/api.w.org\/{rel}","templated":true}]}}