{"id":39278,"date":"2015-08-21T15:21:47","date_gmt":"2015-08-21T08:21:47","guid":{"rendered":"http:\/\/www.saigonstereo.com\/home\/san-pham\/chan-dia-acoustic-solid-weight\/"},"modified":"2018-08-02T14:52:46","modified_gmt":"2018-08-02T07:52:46","slug":"chan-dia-acoustic-solid-weight","status":"publish","type":"product","link":"https:\/\/www.saigonstereo.com\/home\/san-pham\/chan-dia-acoustic-solid-weight\/","title":{"rendered":"Ch\u1eb7n \u0111\u0129a than Acoustic Solid Weight"},"content":{"rendered":"<p><b>Th\u00f4ng s\u1ed1 k\u1ef9 thu\u1eadt:<\/b><\/p>\n<ul>\n<li>Tr\u1ecdng l\u01b0\u1ee3ng: 500g<\/li>\n<\/ul>\n<p>&nbsp;<\/p>\n","protected":false},"excerpt":{"rendered":"<p>By using this plate bearing weight, the resonances of the record that is transmitted for example by airborne sound on the record, suppressed by a stronger connection to the platter. By pressing the record on the turntable light waves are reduced.<\/p>\n","protected":false},"featured_media":39279,"comment_status":"open","ping_status":"closed","template":"","meta":{"jetpack_post_was_ever_published":false,"jetpack_publicize_message":"","jetpack_is_tweetstorm":false,"jetpack_publicize_feature_enabled":true,"jetpack_social_post_already_shared":true,"jetpack_social_options":[]},"product_cat":[941],"product_tag":[831,942],"class_list":["post-39278","product","type-product","status-publish","has-post-thumbnail","hentry","product_cat-acoustic-solid-day-dan-phu-kien","product_tag-acoustic-solid","product_tag-chan-dia-than","description-off"],"jetpack_publicize_connections":[],"yoast_head":"<!-- This site is optimized with the Yoast SEO plugin v20.4 - https:\/\/yoast.com\/wordpress\/plugins\/seo\/ -->\n<title>Ch\u1eb7n \u0111\u0129a than Acoustic Solid Weight - SaigonStereo<\/title>\n<meta name=\"robots\" content=\"index, follow, max-snippet:-1, max-image-preview:large, max-video-preview:-1\" \/>\n<link rel=\"canonical\" href=\"https:\/\/www.saigonstereo.com\/home\/san-pham\/chan-dia-acoustic-solid-weight\/\" \/>\n<meta property=\"og:locale\" content=\"vi_VN\" \/>\n<meta property=\"og:type\" content=\"article\" \/>\n<meta property=\"og:title\" content=\"Ch\u1eb7n \u0111\u0129a than Acoustic Solid Weight - SaigonStereo\" \/>\n<meta property=\"og:description\" content=\"By using this plate bearing weight, the resonances of the record that is transmitted for example by airborne sound on the record, suppressed by a stronger connection to the platter. By pressing the record on the turntable light waves are reduced.\" \/>\n<meta property=\"og:url\" content=\"https:\/\/www.saigonstereo.com\/home\/san-pham\/chan-dia-acoustic-solid-weight\/\" \/>\n<meta property=\"og:site_name\" content=\"SaigonStereo\" \/>\n<meta property=\"article:modified_time\" content=\"2018-08-02T07:52:46+00:00\" \/>\n<meta property=\"og:image\" content=\"https:\/\/www.saigonstereo.com\/home\/wp-content\/uploads\/2016\/07\/SolidWeight.jpg\" \/>\n\t<meta property=\"og:image:width\" content=\"640\" \/>\n\t<meta property=\"og:image:height\" content=\"640\" \/>\n\t<meta property=\"og:image:type\" content=\"image\/jpeg\" \/>\n<meta name=\"twitter:card\" content=\"summary_large_image\" \/>\n<script type=\"application\/ld+json\" class=\"yoast-schema-graph\">{\"@context\":\"https:\/\/schema.org\",\"@graph\":[{\"@type\":\"WebPage\",\"@id\":\"https:\/\/www.saigonstereo.com\/home\/san-pham\/chan-dia-acoustic-solid-weight\/\",\"url\":\"https:\/\/www.saigonstereo.com\/home\/san-pham\/chan-dia-acoustic-solid-weight\/\",\"name\":\"Ch\u1eb7n \u0111\u0129a than Acoustic Solid Weight - SaigonStereo\",\"isPartOf\":{\"@id\":\"https:\/\/www.saigonstereo.com\/home\/#website\"},\"datePublished\":\"2015-08-21T08:21:47+00:00\",\"dateModified\":\"2018-08-02T07:52:46+00:00\",\"breadcrumb\":{\"@id\":\"https:\/\/www.saigonstereo.com\/home\/san-pham\/chan-dia-acoustic-solid-weight\/#breadcrumb\"},\"inLanguage\":\"vi\",\"potentialAction\":[{\"@type\":\"ReadAction\",\"target\":[\"https:\/\/www.saigonstereo.com\/home\/san-pham\/chan-dia-acoustic-solid-weight\/\"]}]},{\"@type\":\"BreadcrumbList\",\"@id\":\"https:\/\/www.saigonstereo.com\/home\/san-pham\/chan-dia-acoustic-solid-weight\/#breadcrumb\",\"itemListElement\":[{\"@type\":\"ListItem\",\"position\":1,\"name\":\"Home\",\"item\":\"https:\/\/www.saigonstereo.com\/home\/\"},{\"@type\":\"ListItem\",\"position\":2,\"name\":\"Products\",\"item\":\"https:\/\/www.saigonstereo.com\/home\/shop\/\"},{\"@type\":\"ListItem\",\"position\":3,\"name\":\"Ch\u1eb7n \u0111\u0129a than Acoustic Solid Weight\"}]},{\"@type\":\"WebSite\",\"@id\":\"https:\/\/www.saigonstereo.com\/home\/#website\",\"url\":\"https:\/\/www.saigonstereo.com\/home\/\",\"name\":\"SaigonStereo\",\"description\":\"Nh\u00e0 ph\u00e2n ph\u1ed1i thi\u1ebft b\u1ecb \u00e2m thanh cao c\u1ea5p\",\"potentialAction\":[{\"@type\":\"SearchAction\",\"target\":{\"@type\":\"EntryPoint\",\"urlTemplate\":\"https:\/\/www.saigonstereo.com\/home\/?s={search_term_string}\"},\"query-input\":\"required name=search_term_string\"}],\"inLanguage\":\"vi\"}]}<\/script>\n<!-- \/ Yoast SEO plugin. -->","yoast_head_json":{"title":"Ch\u1eb7n \u0111\u0129a than Acoustic Solid Weight - SaigonStereo","robots":{"index":"index","follow":"follow","max-snippet":"max-snippet:-1","max-image-preview":"max-image-preview:large","max-video-preview":"max-video-preview:-1"},"canonical":"https:\/\/www.saigonstereo.com\/home\/san-pham\/chan-dia-acoustic-solid-weight\/","og_locale":"vi_VN","og_type":"article","og_title":"Ch\u1eb7n \u0111\u0129a than Acoustic Solid Weight - SaigonStereo","og_description":"By using this plate bearing weight, the resonances of the record that is transmitted for example by airborne sound on the record, suppressed by a stronger connection to the platter. By pressing the record on the turntable light waves are reduced.","og_url":"https:\/\/www.saigonstereo.com\/home\/san-pham\/chan-dia-acoustic-solid-weight\/","og_site_name":"SaigonStereo","article_modified_time":"2018-08-02T07:52:46+00:00","og_image":[{"width":640,"height":640,"url":"https:\/\/www.saigonstereo.com\/home\/wp-content\/uploads\/2016\/07\/SolidWeight.jpg","type":"image\/jpeg"}],"twitter_card":"summary_large_image","schema":{"@context":"https:\/\/schema.org","@graph":[{"@type":"WebPage","@id":"https:\/\/www.saigonstereo.com\/home\/san-pham\/chan-dia-acoustic-solid-weight\/","url":"https:\/\/www.saigonstereo.com\/home\/san-pham\/chan-dia-acoustic-solid-weight\/","name":"Ch\u1eb7n \u0111\u0129a than Acoustic Solid Weight - SaigonStereo","isPartOf":{"@id":"https:\/\/www.saigonstereo.com\/home\/#website"},"datePublished":"2015-08-21T08:21:47+00:00","dateModified":"2018-08-02T07:52:46+00:00","breadcrumb":{"@id":"https:\/\/www.saigonstereo.com\/home\/san-pham\/chan-dia-acoustic-solid-weight\/#breadcrumb"},"inLanguage":"vi","potentialAction":[{"@type":"ReadAction","target":["https:\/\/www.saigonstereo.com\/home\/san-pham\/chan-dia-acoustic-solid-weight\/"]}]},{"@type":"BreadcrumbList","@id":"https:\/\/www.saigonstereo.com\/home\/san-pham\/chan-dia-acoustic-solid-weight\/#breadcrumb","itemListElement":[{"@type":"ListItem","position":1,"name":"Home","item":"https:\/\/www.saigonstereo.com\/home\/"},{"@type":"ListItem","position":2,"name":"Products","item":"https:\/\/www.saigonstereo.com\/home\/shop\/"},{"@type":"ListItem","position":3,"name":"Ch\u1eb7n \u0111\u0129a than Acoustic Solid Weight"}]},{"@type":"WebSite","@id":"https:\/\/www.saigonstereo.com\/home\/#website","url":"https:\/\/www.saigonstereo.com\/home\/","name":"SaigonStereo","description":"Nh\u00e0 ph\u00e2n ph\u1ed1i thi\u1ebft b\u1ecb \u00e2m thanh cao c\u1ea5p","potentialAction":[{"@type":"SearchAction","target":{"@type":"EntryPoint","urlTemplate":"https:\/\/www.saigonstereo.com\/home\/?s={search_term_string}"},"query-input":"required name=search_term_string"}],"inLanguage":"vi"}]}},"jetpack_sharing_enabled":true,"_links":{"self":[{"href":"https:\/\/www.saigonstereo.com\/home\/wp-json\/wp\/v2\/product\/39278","targetHints":{"allow":["GET"]}}],"collection":[{"href":"https:\/\/www.saigonstereo.com\/home\/wp-json\/wp\/v2\/product"}],"about":[{"href":"https:\/\/www.saigonstereo.com\/home\/wp-json\/wp\/v2\/types\/product"}],"replies":[{"embeddable":true,"href":"https:\/\/www.saigonstereo.com\/home\/wp-json\/wp\/v2\/comments?post=39278"}],"wp:featuredmedia":[{"embeddable":true,"href":"https:\/\/www.saigonstereo.com\/home\/wp-json\/wp\/v2\/media\/39279"}],"wp:attachment":[{"href":"https:\/\/www.saigonstereo.com\/home\/wp-json\/wp\/v2\/media?parent=39278"}],"wp:term":[{"taxonomy":"product_cat","embeddable":true,"href":"https:\/\/www.saigonstereo.com\/home\/wp-json\/wp\/v2\/product_cat?post=39278"},{"taxonomy":"product_tag","embeddable":true,"href":"https:\/\/www.saigonstereo.com\/home\/wp-json\/wp\/v2\/product_tag?post=39278"}],"curies":[{"name":"wp","href":"https:\/\/api.w.org\/{rel}","templated":true}]}}