{"id":39280,"date":"2016-07-30T12:26:00","date_gmt":"2016-07-30T05:26:00","guid":{"rendered":"http:\/\/www.saigonstereo.com\/home\/san-pham\/giai-ma-ayre-acoustics-codex\/"},"modified":"2020-02-19T17:50:54","modified_gmt":"2020-02-19T10:50:54","slug":"giai-ma-ayre-acoustics-codex","status":"publish","type":"product","link":"https:\/\/www.saigonstereo.com\/home\/san-pham\/giai-ma-ayre-acoustics-codex\/","title":{"rendered":"Gi\u1ea3i m\u00e3 Ayre Acoustics Codex"},"content":{"rendered":"<p><strong>T\u00ednh n\u0103ng n\u1ed5i b\u1eadt:<\/strong><\/p>\n<ul>\n<li>USB and Optical (Toslink) inputs<\/li>\n<li>Headphone outputs<br \/>\nTwo 3.5mm mini-phone jacks.<br \/>\nOne \u00bc&#8221; phone jack.<\/li>\n<li>3.5mm mini-phone jacks configurable to balanced mode.<\/li>\n<li>Asynchronous transfer mode for USB input.<\/li>\n<li>DSD or PCM input over USB.<\/li>\n<li>Minimum phase digital filter.<\/li>\n<li>Single-pass 16x oversampling.<\/li>\n<li>Ayre&#8217;s exclusive Diamond output circuit<\/li>\n<li>Linear analog AyreLock power supply<\/li>\n<li><img decoding=\"async\" class=\"redarrow2\" src=\"http:\/\/ayre.com\/images\/redarrowrt_sm.png\" alt=\"\" \/><a class=\"dislnk2\" href=\"http:\/\/ayre.com\/features.htm#tech2\">zero-feedback<\/a>, <img decoding=\"async\" class=\"redarrow2\" src=\"http:\/\/ayre.com\/images\/redarrowrt_sm.png\" alt=\"\" \/><a class=\"dislnk2\" href=\"http:\/\/ayre.com\/features.htm#tech1\">fully-balanced<\/a> discrete circuitry.<\/li>\n<li>Equilock circuitry for active gain devices.<\/li>\n<\/ul>\n<p><strong>Th\u00f4ng s\u1ed1 k\u1ef9 thu\u1eadt:<\/strong><\/p>\n<ul>\n<li><strong>Output Level\u00a0<\/strong><b>Headphone or Preamp Mode : <\/b>7.0 volts balanced, 3.5 volts single-ended<br \/>\n<b><\/b><\/li>\n<li><b><strong>Output Level\u00a0<\/strong>DAC Mode: <\/b>4.0 volts balanced, 2.0 volts single-ended<\/li>\n<li><strong>Input\u00a0<\/strong><b>USB: <\/b>PCM 44.1 kHz, 48 kHz, 88.2 kHz, 96 kHz, 176.4 kHz, 192 kHz, 352.8 kHz, 384 kHz (up to 24 bits), DSD64, DSD128<br \/>\n<b>Optical input (Toslink)<\/b><\/li>\n<li><strong>Dimensions: <\/strong>2.25&#8243;W x 9&#8243;D x 5.25&#8243;H (5.5 cm x 23 cm x 13.7 cm)<\/li>\n<li><strong>Weight:\u00a0<\/strong>3 pounds (1.4 kg)<\/li>\n<\/ul>\n","protected":false},"excerpt":{"rendered":"<p>Equally at home as a stand alone DAC, headphone amp, or digital preamp, the Codex can unlock the potential of any system. A fully-balanced signal path throughout the analog circuitry provides an inherently clean and quiet backdrop for your music. The zero-feedback design maintains all of the pace and rhythm of your favorite artist, rendering your digital music as effortlessly as if it were live.<\/p>\n","protected":false},"featured_media":39282,"comment_status":"open","ping_status":"closed","template":"","meta":{"jetpack_post_was_ever_published":false,"jetpack_publicize_message":"","jetpack_is_tweetstorm":false,"jetpack_publicize_feature_enabled":true,"jetpack_social_post_already_shared":true,"jetpack_social_options":[]},"product_cat":[741],"product_tag":[822,714,814],"class_list":["post-39280","product","type-product","status-publish","has-post-thumbnail","hentry","product_cat-ayre-acoustic-dac","product_tag-ampli-headphone","product_tag-ayre-acoustics","product_tag-giai-ma-dac","description-off"],"jetpack_publicize_connections":[],"yoast_head":"<!-- This site is optimized with the Yoast SEO plugin v20.4 - https:\/\/yoast.com\/wordpress\/plugins\/seo\/ -->\n<title>Gi\u1ea3i m\u00e3 Ayre Acoustics Codex - SaigonStereo<\/title>\n<meta name=\"robots\" content=\"index, follow, max-snippet:-1, max-image-preview:large, max-video-preview:-1\" \/>\n<link rel=\"canonical\" href=\"https:\/\/www.saigonstereo.com\/home\/san-pham\/giai-ma-ayre-acoustics-codex\/\" \/>\n<meta property=\"og:locale\" content=\"vi_VN\" \/>\n<meta property=\"og:type\" content=\"article\" \/>\n<meta property=\"og:title\" content=\"Gi\u1ea3i m\u00e3 Ayre Acoustics Codex - SaigonStereo\" \/>\n<meta property=\"og:description\" content=\"Equally at home as a stand alone DAC, headphone amp, or digital preamp, the Codex can unlock the potential of any system. A fully-balanced signal path throughout the analog circuitry provides an inherently clean and quiet backdrop for your music. The zero-feedback design maintains all of the pace and rhythm of your favorite artist, rendering your digital music as effortlessly as if it were live.\" \/>\n<meta property=\"og:url\" content=\"https:\/\/www.saigonstereo.com\/home\/san-pham\/giai-ma-ayre-acoustics-codex\/\" \/>\n<meta property=\"og:site_name\" content=\"SaigonStereo\" \/>\n<meta property=\"article:modified_time\" content=\"2020-02-19T10:50:54+00:00\" \/>\n<meta property=\"og:image\" content=\"https:\/\/www.saigonstereo.com\/home\/wp-content\/uploads\/2016\/07\/Ayre-Codex-Web.jpg\" \/>\n\t<meta property=\"og:image:width\" content=\"640\" \/>\n\t<meta property=\"og:image:height\" content=\"640\" \/>\n\t<meta property=\"og:image:type\" content=\"image\/jpeg\" \/>\n<meta name=\"twitter:card\" content=\"summary_large_image\" \/>\n<meta name=\"twitter:label1\" content=\"\u01af\u1edbc t\u00ednh th\u1eddi gian \u0111\u1ecdc\" \/>\n\t<meta name=\"twitter:data1\" content=\"1 ph\u00fat\" \/>\n<script type=\"application\/ld+json\" class=\"yoast-schema-graph\">{\"@context\":\"https:\/\/schema.org\",\"@graph\":[{\"@type\":\"WebPage\",\"@id\":\"https:\/\/www.saigonstereo.com\/home\/san-pham\/giai-ma-ayre-acoustics-codex\/\",\"url\":\"https:\/\/www.saigonstereo.com\/home\/san-pham\/giai-ma-ayre-acoustics-codex\/\",\"name\":\"Gi\u1ea3i m\u00e3 Ayre Acoustics Codex - SaigonStereo\",\"isPartOf\":{\"@id\":\"https:\/\/www.saigonstereo.com\/home\/#website\"},\"datePublished\":\"2016-07-30T05:26:00+00:00\",\"dateModified\":\"2020-02-19T10:50:54+00:00\",\"breadcrumb\":{\"@id\":\"https:\/\/www.saigonstereo.com\/home\/san-pham\/giai-ma-ayre-acoustics-codex\/#breadcrumb\"},\"inLanguage\":\"vi\",\"potentialAction\":[{\"@type\":\"ReadAction\",\"target\":[\"https:\/\/www.saigonstereo.com\/home\/san-pham\/giai-ma-ayre-acoustics-codex\/\"]}]},{\"@type\":\"BreadcrumbList\",\"@id\":\"https:\/\/www.saigonstereo.com\/home\/san-pham\/giai-ma-ayre-acoustics-codex\/#breadcrumb\",\"itemListElement\":[{\"@type\":\"ListItem\",\"position\":1,\"name\":\"Home\",\"item\":\"https:\/\/www.saigonstereo.com\/home\/\"},{\"@type\":\"ListItem\",\"position\":2,\"name\":\"Products\",\"item\":\"https:\/\/www.saigonstereo.com\/home\/shop\/\"},{\"@type\":\"ListItem\",\"position\":3,\"name\":\"Gi\u1ea3i m\u00e3 Ayre Acoustics Codex\"}]},{\"@type\":\"WebSite\",\"@id\":\"https:\/\/www.saigonstereo.com\/home\/#website\",\"url\":\"https:\/\/www.saigonstereo.com\/home\/\",\"name\":\"SaigonStereo\",\"description\":\"Nh\u00e0 ph\u00e2n ph\u1ed1i thi\u1ebft b\u1ecb \u00e2m thanh cao c\u1ea5p\",\"potentialAction\":[{\"@type\":\"SearchAction\",\"target\":{\"@type\":\"EntryPoint\",\"urlTemplate\":\"https:\/\/www.saigonstereo.com\/home\/?s={search_term_string}\"},\"query-input\":\"required name=search_term_string\"}],\"inLanguage\":\"vi\"}]}<\/script>\n<!-- \/ Yoast SEO plugin. -->","yoast_head_json":{"title":"Gi\u1ea3i m\u00e3 Ayre Acoustics Codex - SaigonStereo","robots":{"index":"index","follow":"follow","max-snippet":"max-snippet:-1","max-image-preview":"max-image-preview:large","max-video-preview":"max-video-preview:-1"},"canonical":"https:\/\/www.saigonstereo.com\/home\/san-pham\/giai-ma-ayre-acoustics-codex\/","og_locale":"vi_VN","og_type":"article","og_title":"Gi\u1ea3i m\u00e3 Ayre Acoustics Codex - SaigonStereo","og_description":"Equally at home as a stand alone DAC, headphone amp, or digital preamp, the Codex can unlock the potential of any system. A fully-balanced signal path throughout the analog circuitry provides an inherently clean and quiet backdrop for your music. The zero-feedback design maintains all of the pace and rhythm of your favorite artist, rendering your digital music as effortlessly as if it were live.","og_url":"https:\/\/www.saigonstereo.com\/home\/san-pham\/giai-ma-ayre-acoustics-codex\/","og_site_name":"SaigonStereo","article_modified_time":"2020-02-19T10:50:54+00:00","og_image":[{"width":640,"height":640,"url":"https:\/\/www.saigonstereo.com\/home\/wp-content\/uploads\/2016\/07\/Ayre-Codex-Web.jpg","type":"image\/jpeg"}],"twitter_card":"summary_large_image","twitter_misc":{"\u01af\u1edbc t\u00ednh th\u1eddi gian \u0111\u1ecdc":"1 ph\u00fat"},"schema":{"@context":"https:\/\/schema.org","@graph":[{"@type":"WebPage","@id":"https:\/\/www.saigonstereo.com\/home\/san-pham\/giai-ma-ayre-acoustics-codex\/","url":"https:\/\/www.saigonstereo.com\/home\/san-pham\/giai-ma-ayre-acoustics-codex\/","name":"Gi\u1ea3i m\u00e3 Ayre Acoustics Codex - SaigonStereo","isPartOf":{"@id":"https:\/\/www.saigonstereo.com\/home\/#website"},"datePublished":"2016-07-30T05:26:00+00:00","dateModified":"2020-02-19T10:50:54+00:00","breadcrumb":{"@id":"https:\/\/www.saigonstereo.com\/home\/san-pham\/giai-ma-ayre-acoustics-codex\/#breadcrumb"},"inLanguage":"vi","potentialAction":[{"@type":"ReadAction","target":["https:\/\/www.saigonstereo.com\/home\/san-pham\/giai-ma-ayre-acoustics-codex\/"]}]},{"@type":"BreadcrumbList","@id":"https:\/\/www.saigonstereo.com\/home\/san-pham\/giai-ma-ayre-acoustics-codex\/#breadcrumb","itemListElement":[{"@type":"ListItem","position":1,"name":"Home","item":"https:\/\/www.saigonstereo.com\/home\/"},{"@type":"ListItem","position":2,"name":"Products","item":"https:\/\/www.saigonstereo.com\/home\/shop\/"},{"@type":"ListItem","position":3,"name":"Gi\u1ea3i m\u00e3 Ayre Acoustics Codex"}]},{"@type":"WebSite","@id":"https:\/\/www.saigonstereo.com\/home\/#website","url":"https:\/\/www.saigonstereo.com\/home\/","name":"SaigonStereo","description":"Nh\u00e0 ph\u00e2n ph\u1ed1i thi\u1ebft b\u1ecb \u00e2m thanh cao c\u1ea5p","potentialAction":[{"@type":"SearchAction","target":{"@type":"EntryPoint","urlTemplate":"https:\/\/www.saigonstereo.com\/home\/?s={search_term_string}"},"query-input":"required name=search_term_string"}],"inLanguage":"vi"}]}},"jetpack_sharing_enabled":true,"_links":{"self":[{"href":"https:\/\/www.saigonstereo.com\/home\/wp-json\/wp\/v2\/product\/39280","targetHints":{"allow":["GET"]}}],"collection":[{"href":"https:\/\/www.saigonstereo.com\/home\/wp-json\/wp\/v2\/product"}],"about":[{"href":"https:\/\/www.saigonstereo.com\/home\/wp-json\/wp\/v2\/types\/product"}],"replies":[{"embeddable":true,"href":"https:\/\/www.saigonstereo.com\/home\/wp-json\/wp\/v2\/comments?post=39280"}],"wp:featuredmedia":[{"embeddable":true,"href":"https:\/\/www.saigonstereo.com\/home\/wp-json\/wp\/v2\/media\/39282"}],"wp:attachment":[{"href":"https:\/\/www.saigonstereo.com\/home\/wp-json\/wp\/v2\/media?parent=39280"}],"wp:term":[{"taxonomy":"product_cat","embeddable":true,"href":"https:\/\/www.saigonstereo.com\/home\/wp-json\/wp\/v2\/product_cat?post=39280"},{"taxonomy":"product_tag","embeddable":true,"href":"https:\/\/www.saigonstereo.com\/home\/wp-json\/wp\/v2\/product_tag?post=39280"}],"curies":[{"name":"wp","href":"https:\/\/api.w.org\/{rel}","templated":true}]}}