{"id":39561,"date":"2017-02-04T10:37:35","date_gmt":"2017-02-04T03:37:35","guid":{"rendered":"http:\/\/www.saigonstereo.com\/home\/san-pham\/nap-che-bui-okki-nokki-rcd\/"},"modified":"2021-04-07T11:17:57","modified_gmt":"2021-04-07T04:17:57","slug":"nap-che-bui-okki-nokki-rcd","status":"publish","type":"product","link":"https:\/\/www.saigonstereo.com\/home\/san-pham\/nap-che-bui-okki-nokki-rcd\/","title":{"rendered":"N\u1eafp che b\u1ee5i m\u00e1y lau ch\u00f9i \u0111\u0129a than Okki Nokki RCD"},"content":{"rendered":"","protected":false},"excerpt":{"rendered":"<p>N\u1eafp che b\u1ee5i cho m\u00e1y r\u1eeda \u0111\u0129a than Okki Nokki khi kh\u00f4ng s\u1eed d\u1ee5ng. N\u1eafp \u0111\u01b0\u1ee3c l\u00e0m b\u1eb1ng acrylic trong su\u1ed1t.<\/p>\n","protected":false},"featured_media":39563,"comment_status":"open","ping_status":"closed","template":"","meta":{"jetpack_post_was_ever_published":false,"jetpack_publicize_message":"","jetpack_is_tweetstorm":false,"jetpack_publicize_feature_enabled":true,"jetpack_social_post_already_shared":true,"jetpack_social_options":[]},"product_cat":[949,1040],"product_tag":[951,950],"class_list":["post-39561","product","type-product","status-publish","has-post-thumbnail","hentry","product_cat-okki-nokki","product_cat-phu-kien-thanh-ly","product_tag-may-lau-chui-dia-than","product_tag-okki-nokki","description-off"],"jetpack_publicize_connections":[],"yoast_head":"<!-- This site is optimized with the Yoast SEO plugin v20.4 - https:\/\/yoast.com\/wordpress\/plugins\/seo\/ -->\n<title>N\u1eafp che b\u1ee5i m\u00e1y lau ch\u00f9i \u0111\u0129a than Okki Nokki RCD - SaigonStereo<\/title>\n<meta name=\"robots\" content=\"index, follow, max-snippet:-1, max-image-preview:large, max-video-preview:-1\" \/>\n<link rel=\"canonical\" href=\"https:\/\/www.saigonstereo.com\/home\/san-pham\/nap-che-bui-okki-nokki-rcd\/\" \/>\n<meta property=\"og:locale\" content=\"vi_VN\" \/>\n<meta property=\"og:type\" content=\"article\" \/>\n<meta property=\"og:title\" content=\"N\u1eafp che b\u1ee5i m\u00e1y lau ch\u00f9i \u0111\u0129a than Okki Nokki RCD - SaigonStereo\" \/>\n<meta property=\"og:description\" content=\"N\u1eafp che b\u1ee5i cho m\u00e1y r\u1eeda \u0111\u0129a than Okki Nokki khi kh\u00f4ng s\u1eed d\u1ee5ng. N\u1eafp \u0111\u01b0\u1ee3c l\u00e0m b\u1eb1ng acrylic trong su\u1ed1t.\" \/>\n<meta property=\"og:url\" content=\"https:\/\/www.saigonstereo.com\/home\/san-pham\/nap-che-bui-okki-nokki-rcd\/\" \/>\n<meta property=\"og:site_name\" content=\"SaigonStereo\" \/>\n<meta property=\"article:modified_time\" content=\"2021-04-07T04:17:57+00:00\" \/>\n<meta property=\"og:image\" content=\"https:\/\/www.saigonstereo.com\/home\/wp-content\/uploads\/2017\/02\/okkinokki-Dustcover_1800x.jpg\" \/>\n\t<meta property=\"og:image:width\" content=\"1800\" \/>\n\t<meta property=\"og:image:height\" content=\"1800\" \/>\n\t<meta property=\"og:image:type\" content=\"image\/jpeg\" \/>\n<meta name=\"twitter:card\" content=\"summary_large_image\" \/>\n<script type=\"application\/ld+json\" class=\"yoast-schema-graph\">{\"@context\":\"https:\/\/schema.org\",\"@graph\":[{\"@type\":\"WebPage\",\"@id\":\"https:\/\/www.saigonstereo.com\/home\/san-pham\/nap-che-bui-okki-nokki-rcd\/\",\"url\":\"https:\/\/www.saigonstereo.com\/home\/san-pham\/nap-che-bui-okki-nokki-rcd\/\",\"name\":\"N\u1eafp che b\u1ee5i m\u00e1y lau ch\u00f9i \u0111\u0129a than Okki Nokki RCD - SaigonStereo\",\"isPartOf\":{\"@id\":\"https:\/\/www.saigonstereo.com\/home\/#website\"},\"datePublished\":\"2017-02-04T03:37:35+00:00\",\"dateModified\":\"2021-04-07T04:17:57+00:00\",\"breadcrumb\":{\"@id\":\"https:\/\/www.saigonstereo.com\/home\/san-pham\/nap-che-bui-okki-nokki-rcd\/#breadcrumb\"},\"inLanguage\":\"vi\",\"potentialAction\":[{\"@type\":\"ReadAction\",\"target\":[\"https:\/\/www.saigonstereo.com\/home\/san-pham\/nap-che-bui-okki-nokki-rcd\/\"]}]},{\"@type\":\"BreadcrumbList\",\"@id\":\"https:\/\/www.saigonstereo.com\/home\/san-pham\/nap-che-bui-okki-nokki-rcd\/#breadcrumb\",\"itemListElement\":[{\"@type\":\"ListItem\",\"position\":1,\"name\":\"Home\",\"item\":\"https:\/\/www.saigonstereo.com\/home\/\"},{\"@type\":\"ListItem\",\"position\":2,\"name\":\"Products\",\"item\":\"https:\/\/www.saigonstereo.com\/home\/shop\/\"},{\"@type\":\"ListItem\",\"position\":3,\"name\":\"N\u1eafp che b\u1ee5i m\u00e1y lau ch\u00f9i \u0111\u0129a than Okki Nokki RCD\"}]},{\"@type\":\"WebSite\",\"@id\":\"https:\/\/www.saigonstereo.com\/home\/#website\",\"url\":\"https:\/\/www.saigonstereo.com\/home\/\",\"name\":\"SaigonStereo\",\"description\":\"Nh\u00e0 ph\u00e2n ph\u1ed1i thi\u1ebft b\u1ecb \u00e2m thanh cao c\u1ea5p\",\"potentialAction\":[{\"@type\":\"SearchAction\",\"target\":{\"@type\":\"EntryPoint\",\"urlTemplate\":\"https:\/\/www.saigonstereo.com\/home\/?s={search_term_string}\"},\"query-input\":\"required name=search_term_string\"}],\"inLanguage\":\"vi\"}]}<\/script>\n<!-- \/ Yoast SEO plugin. -->","yoast_head_json":{"title":"N\u1eafp che b\u1ee5i m\u00e1y lau ch\u00f9i \u0111\u0129a than Okki Nokki RCD - SaigonStereo","robots":{"index":"index","follow":"follow","max-snippet":"max-snippet:-1","max-image-preview":"max-image-preview:large","max-video-preview":"max-video-preview:-1"},"canonical":"https:\/\/www.saigonstereo.com\/home\/san-pham\/nap-che-bui-okki-nokki-rcd\/","og_locale":"vi_VN","og_type":"article","og_title":"N\u1eafp che b\u1ee5i m\u00e1y lau ch\u00f9i \u0111\u0129a than Okki Nokki RCD - SaigonStereo","og_description":"N\u1eafp che b\u1ee5i cho m\u00e1y r\u1eeda \u0111\u0129a than Okki Nokki khi kh\u00f4ng s\u1eed d\u1ee5ng. N\u1eafp \u0111\u01b0\u1ee3c l\u00e0m b\u1eb1ng acrylic trong su\u1ed1t.","og_url":"https:\/\/www.saigonstereo.com\/home\/san-pham\/nap-che-bui-okki-nokki-rcd\/","og_site_name":"SaigonStereo","article_modified_time":"2021-04-07T04:17:57+00:00","og_image":[{"width":1800,"height":1800,"url":"https:\/\/www.saigonstereo.com\/home\/wp-content\/uploads\/2017\/02\/okkinokki-Dustcover_1800x.jpg","type":"image\/jpeg"}],"twitter_card":"summary_large_image","schema":{"@context":"https:\/\/schema.org","@graph":[{"@type":"WebPage","@id":"https:\/\/www.saigonstereo.com\/home\/san-pham\/nap-che-bui-okki-nokki-rcd\/","url":"https:\/\/www.saigonstereo.com\/home\/san-pham\/nap-che-bui-okki-nokki-rcd\/","name":"N\u1eafp che b\u1ee5i m\u00e1y lau ch\u00f9i \u0111\u0129a than Okki Nokki RCD - SaigonStereo","isPartOf":{"@id":"https:\/\/www.saigonstereo.com\/home\/#website"},"datePublished":"2017-02-04T03:37:35+00:00","dateModified":"2021-04-07T04:17:57+00:00","breadcrumb":{"@id":"https:\/\/www.saigonstereo.com\/home\/san-pham\/nap-che-bui-okki-nokki-rcd\/#breadcrumb"},"inLanguage":"vi","potentialAction":[{"@type":"ReadAction","target":["https:\/\/www.saigonstereo.com\/home\/san-pham\/nap-che-bui-okki-nokki-rcd\/"]}]},{"@type":"BreadcrumbList","@id":"https:\/\/www.saigonstereo.com\/home\/san-pham\/nap-che-bui-okki-nokki-rcd\/#breadcrumb","itemListElement":[{"@type":"ListItem","position":1,"name":"Home","item":"https:\/\/www.saigonstereo.com\/home\/"},{"@type":"ListItem","position":2,"name":"Products","item":"https:\/\/www.saigonstereo.com\/home\/shop\/"},{"@type":"ListItem","position":3,"name":"N\u1eafp che b\u1ee5i m\u00e1y lau ch\u00f9i \u0111\u0129a than Okki Nokki RCD"}]},{"@type":"WebSite","@id":"https:\/\/www.saigonstereo.com\/home\/#website","url":"https:\/\/www.saigonstereo.com\/home\/","name":"SaigonStereo","description":"Nh\u00e0 ph\u00e2n ph\u1ed1i thi\u1ebft b\u1ecb \u00e2m thanh cao c\u1ea5p","potentialAction":[{"@type":"SearchAction","target":{"@type":"EntryPoint","urlTemplate":"https:\/\/www.saigonstereo.com\/home\/?s={search_term_string}"},"query-input":"required name=search_term_string"}],"inLanguage":"vi"}]}},"jetpack_sharing_enabled":true,"_links":{"self":[{"href":"https:\/\/www.saigonstereo.com\/home\/wp-json\/wp\/v2\/product\/39561","targetHints":{"allow":["GET"]}}],"collection":[{"href":"https:\/\/www.saigonstereo.com\/home\/wp-json\/wp\/v2\/product"}],"about":[{"href":"https:\/\/www.saigonstereo.com\/home\/wp-json\/wp\/v2\/types\/product"}],"replies":[{"embeddable":true,"href":"https:\/\/www.saigonstereo.com\/home\/wp-json\/wp\/v2\/comments?post=39561"}],"wp:featuredmedia":[{"embeddable":true,"href":"https:\/\/www.saigonstereo.com\/home\/wp-json\/wp\/v2\/media\/39563"}],"wp:attachment":[{"href":"https:\/\/www.saigonstereo.com\/home\/wp-json\/wp\/v2\/media?parent=39561"}],"wp:term":[{"taxonomy":"product_cat","embeddable":true,"href":"https:\/\/www.saigonstereo.com\/home\/wp-json\/wp\/v2\/product_cat?post=39561"},{"taxonomy":"product_tag","embeddable":true,"href":"https:\/\/www.saigonstereo.com\/home\/wp-json\/wp\/v2\/product_tag?post=39561"}],"curies":[{"name":"wp","href":"https:\/\/api.w.org\/{rel}","templated":true}]}}