{"id":39630,"date":"2017-02-23T12:11:21","date_gmt":"2017-02-23T05:11:21","guid":{"rendered":"http:\/\/www.saigonstereo.com\/home\/san-pham\/dia-lp-accustic-arts-uncompressed-world-vol-3\/"},"modified":"2019-10-02T12:44:56","modified_gmt":"2019-10-02T05:44:56","slug":"dia-lp-accustic-arts-uncompressed-world-vol-3","status":"publish","type":"product","link":"https:\/\/www.saigonstereo.com\/home\/san-pham\/dia-lp-accustic-arts-uncompressed-world-vol-3\/","title":{"rendered":"\u0110\u0129a than LP Accustic Arts: Uncompressed World &#8211; Vol.3"},"content":{"rendered":"<p><strong>Danh s\u00e1ch b\u00e0i h\u00e1t album &#8220;Uncompressed World &#8211; Vol.3&#8221; &#8211; Ch\u1ee7 \u0111\u1ec1: Male Voices (Gi\u1ecdng nam)<\/strong><\/p>\n<ol>\n<li>Jeff Cascaro \u2013 The sun is shining for our love<\/li>\n<li>Big Daddy Wilson \u2013 Anna<\/li>\n<li>Daniel Stelter feat. Kosho \u2013 Where I\u2019m going to be<\/li>\n<li>Peter Fessler\/NDR Bigband \u2013 Triste<\/li>\n<li>Nighthawks \u2013 Slave to the moon<\/li>\n<li>Lilienthal \u2013 Talk to me<\/li>\n<li>Theo Bleckmann \u2013 Running Up That Hill<\/li>\n<li>Marc Secara \u2013 Now and forever<\/li>\n<li>Kieran Goss \u2013 Reach out (I\u2019ll be there)<\/li>\n<li>Brendan Murphy \u2013 Put All Your Faith In Me<\/li>\n<li>Steve Reeves \u2013 In my heart<\/li>\n<li>Mike Janipka \u2013 The wind<\/li>\n<li>Udo Schild \u2013 Thank you<\/li>\n<li>Ian Parker \u2013 With or without you<\/li>\n<\/ol>\n","protected":false},"excerpt":{"rendered":"<p>It was in fact a small experiment when in 2009 the record Label ACCUSTIC ARTS AUDIOPHILE RECORDING was founded. Yet one year later with the issue of &lt;UNCOMPRESSED WORLD&gt; Vol. 2 it is clear that the experiment has succeeded. There are many music lovers who appreciate our compilation series dedicated to the audiophile work of producers, audio engineers and musicians. We are very happy about the positive feedback of the first volume and have decided to carry on with Volume 2.<\/p>\n<p>Where volume 1 included 13 instrumental tracks, with Volume 2 we now present a total of 15 different, excellent recordings with the focus on the female voice. Thus volume 2 features voices of 15 female singers from Europe and the US. The voices are all different and yet they have something in common: the tracks have a high musical and excellent sound quality. Along with a number of well-known names, there are also singers on the CD who are mostly unknown to the listener. Let yourself be pleasantly surprised by the recordings, just as we were in the course of our extensive research and pre-listening activities.<\/p>\n","protected":false},"featured_media":39631,"comment_status":"open","ping_status":"closed","template":"","meta":{"jetpack_post_was_ever_published":false,"jetpack_publicize_message":"","jetpack_is_tweetstorm":false,"jetpack_publicize_feature_enabled":true,"jetpack_social_post_already_shared":true,"jetpack_social_options":[]},"product_cat":[842],"product_tag":[827,850,851],"class_list":["post-39630","product","type-product","status-publish","has-post-thumbnail","hentry","product_cat-dia-nhac","product_tag-accustic-arts","product_tag-dia-than","product_tag-lp","description-off"],"jetpack_publicize_connections":[],"yoast_head":"<!-- This site is optimized with the Yoast SEO plugin v20.4 - https:\/\/yoast.com\/wordpress\/plugins\/seo\/ -->\n<title>\u0110\u0129a than LP Accustic Arts: Uncompressed World - Vol.3<\/title>\n<meta name=\"robots\" content=\"index, follow, max-snippet:-1, max-image-preview:large, max-video-preview:-1\" \/>\n<link rel=\"canonical\" href=\"https:\/\/www.saigonstereo.com\/home\/san-pham\/dia-lp-accustic-arts-uncompressed-world-vol-3\/\" \/>\n<meta property=\"og:locale\" content=\"vi_VN\" \/>\n<meta property=\"og:type\" content=\"article\" \/>\n<meta property=\"og:title\" content=\"\u0110\u0129a than LP Accustic Arts: Uncompressed World - Vol.3\" \/>\n<meta property=\"og:description\" content=\"It was in fact a small experiment when in 2009 the record Label ACCUSTIC ARTS AUDIOPHILE RECORDING was founded. Yet one year later with the issue of &lt;UNCOMPRESSED WORLD&gt; Vol. 2 it is clear that the experiment has succeeded. There are many music lovers who appreciate our compilation series dedicated to the audiophile work of producers, audio engineers and musicians. We are very happy about the positive feedback of the first volume and have decided to carry on with Volume 2.  Where volume 1 included 13 instrumental tracks, with Volume 2 we now present a total of 15 different, excellent recordings with the focus on the female voice. Thus volume 2 features voices of 15 female singers from Europe and the US. The voices are all different and yet they have something in common: the tracks have a high musical and excellent sound quality. Along with a number of well-known names, there are also singers on the CD who are mostly unknown to the listener. Let yourself be pleasantly surprised by the recordings, just as we were in the course of our extensive research and pre-listening activities.\" \/>\n<meta property=\"og:url\" content=\"https:\/\/www.saigonstereo.com\/home\/san-pham\/dia-lp-accustic-arts-uncompressed-world-vol-3\/\" \/>\n<meta property=\"og:site_name\" content=\"SaigonStereo\" \/>\n<meta property=\"article:modified_time\" content=\"2019-10-02T05:44:56+00:00\" \/>\n<meta property=\"og:image\" content=\"https:\/\/www.saigonstereo.com\/home\/wp-content\/uploads\/2017\/02\/lp-arts-v3.jpg\" \/>\n\t<meta property=\"og:image:width\" content=\"640\" \/>\n\t<meta property=\"og:image:height\" content=\"640\" \/>\n\t<meta property=\"og:image:type\" content=\"image\/jpeg\" \/>\n<meta name=\"twitter:card\" content=\"summary_large_image\" \/>\n<meta name=\"twitter:label1\" content=\"\u01af\u1edbc t\u00ednh th\u1eddi gian \u0111\u1ecdc\" \/>\n\t<meta name=\"twitter:data1\" content=\"1 ph\u00fat\" \/>\n<script type=\"application\/ld+json\" class=\"yoast-schema-graph\">{\"@context\":\"https:\/\/schema.org\",\"@graph\":[{\"@type\":\"WebPage\",\"@id\":\"https:\/\/www.saigonstereo.com\/home\/san-pham\/dia-lp-accustic-arts-uncompressed-world-vol-3\/\",\"url\":\"https:\/\/www.saigonstereo.com\/home\/san-pham\/dia-lp-accustic-arts-uncompressed-world-vol-3\/\",\"name\":\"\u0110\u0129a than LP Accustic Arts: Uncompressed World - Vol.3\",\"isPartOf\":{\"@id\":\"https:\/\/www.saigonstereo.com\/home\/#website\"},\"datePublished\":\"2017-02-23T05:11:21+00:00\",\"dateModified\":\"2019-10-02T05:44:56+00:00\",\"breadcrumb\":{\"@id\":\"https:\/\/www.saigonstereo.com\/home\/san-pham\/dia-lp-accustic-arts-uncompressed-world-vol-3\/#breadcrumb\"},\"inLanguage\":\"vi\",\"potentialAction\":[{\"@type\":\"ReadAction\",\"target\":[\"https:\/\/www.saigonstereo.com\/home\/san-pham\/dia-lp-accustic-arts-uncompressed-world-vol-3\/\"]}]},{\"@type\":\"BreadcrumbList\",\"@id\":\"https:\/\/www.saigonstereo.com\/home\/san-pham\/dia-lp-accustic-arts-uncompressed-world-vol-3\/#breadcrumb\",\"itemListElement\":[{\"@type\":\"ListItem\",\"position\":1,\"name\":\"Home\",\"item\":\"https:\/\/www.saigonstereo.com\/home\/\"},{\"@type\":\"ListItem\",\"position\":2,\"name\":\"Products\",\"item\":\"https:\/\/www.saigonstereo.com\/home\/shop\/\"},{\"@type\":\"ListItem\",\"position\":3,\"name\":\"\u0110\u0129a than LP Accustic Arts: Uncompressed World &#8211; Vol.3\"}]},{\"@type\":\"WebSite\",\"@id\":\"https:\/\/www.saigonstereo.com\/home\/#website\",\"url\":\"https:\/\/www.saigonstereo.com\/home\/\",\"name\":\"SaigonStereo\",\"description\":\"Nh\u00e0 ph\u00e2n ph\u1ed1i thi\u1ebft b\u1ecb \u00e2m thanh cao c\u1ea5p\",\"potentialAction\":[{\"@type\":\"SearchAction\",\"target\":{\"@type\":\"EntryPoint\",\"urlTemplate\":\"https:\/\/www.saigonstereo.com\/home\/?s={search_term_string}\"},\"query-input\":\"required name=search_term_string\"}],\"inLanguage\":\"vi\"}]}<\/script>\n<!-- \/ Yoast SEO plugin. -->","yoast_head_json":{"title":"\u0110\u0129a than LP Accustic Arts: Uncompressed World - Vol.3","robots":{"index":"index","follow":"follow","max-snippet":"max-snippet:-1","max-image-preview":"max-image-preview:large","max-video-preview":"max-video-preview:-1"},"canonical":"https:\/\/www.saigonstereo.com\/home\/san-pham\/dia-lp-accustic-arts-uncompressed-world-vol-3\/","og_locale":"vi_VN","og_type":"article","og_title":"\u0110\u0129a than LP Accustic Arts: Uncompressed World - Vol.3","og_description":"It was in fact a small experiment when in 2009 the record Label ACCUSTIC ARTS AUDIOPHILE RECORDING was founded. Yet one year later with the issue of &lt;UNCOMPRESSED WORLD&gt; Vol. 2 it is clear that the experiment has succeeded. There are many music lovers who appreciate our compilation series dedicated to the audiophile work of producers, audio engineers and musicians. We are very happy about the positive feedback of the first volume and have decided to carry on with Volume 2.  Where volume 1 included 13 instrumental tracks, with Volume 2 we now present a total of 15 different, excellent recordings with the focus on the female voice. Thus volume 2 features voices of 15 female singers from Europe and the US. The voices are all different and yet they have something in common: the tracks have a high musical and excellent sound quality. Along with a number of well-known names, there are also singers on the CD who are mostly unknown to the listener. Let yourself be pleasantly surprised by the recordings, just as we were in the course of our extensive research and pre-listening activities.","og_url":"https:\/\/www.saigonstereo.com\/home\/san-pham\/dia-lp-accustic-arts-uncompressed-world-vol-3\/","og_site_name":"SaigonStereo","article_modified_time":"2019-10-02T05:44:56+00:00","og_image":[{"width":640,"height":640,"url":"https:\/\/www.saigonstereo.com\/home\/wp-content\/uploads\/2017\/02\/lp-arts-v3.jpg","type":"image\/jpeg"}],"twitter_card":"summary_large_image","twitter_misc":{"\u01af\u1edbc t\u00ednh th\u1eddi gian \u0111\u1ecdc":"1 ph\u00fat"},"schema":{"@context":"https:\/\/schema.org","@graph":[{"@type":"WebPage","@id":"https:\/\/www.saigonstereo.com\/home\/san-pham\/dia-lp-accustic-arts-uncompressed-world-vol-3\/","url":"https:\/\/www.saigonstereo.com\/home\/san-pham\/dia-lp-accustic-arts-uncompressed-world-vol-3\/","name":"\u0110\u0129a than LP Accustic Arts: Uncompressed World - Vol.3","isPartOf":{"@id":"https:\/\/www.saigonstereo.com\/home\/#website"},"datePublished":"2017-02-23T05:11:21+00:00","dateModified":"2019-10-02T05:44:56+00:00","breadcrumb":{"@id":"https:\/\/www.saigonstereo.com\/home\/san-pham\/dia-lp-accustic-arts-uncompressed-world-vol-3\/#breadcrumb"},"inLanguage":"vi","potentialAction":[{"@type":"ReadAction","target":["https:\/\/www.saigonstereo.com\/home\/san-pham\/dia-lp-accustic-arts-uncompressed-world-vol-3\/"]}]},{"@type":"BreadcrumbList","@id":"https:\/\/www.saigonstereo.com\/home\/san-pham\/dia-lp-accustic-arts-uncompressed-world-vol-3\/#breadcrumb","itemListElement":[{"@type":"ListItem","position":1,"name":"Home","item":"https:\/\/www.saigonstereo.com\/home\/"},{"@type":"ListItem","position":2,"name":"Products","item":"https:\/\/www.saigonstereo.com\/home\/shop\/"},{"@type":"ListItem","position":3,"name":"\u0110\u0129a than LP Accustic Arts: Uncompressed World &#8211; Vol.3"}]},{"@type":"WebSite","@id":"https:\/\/www.saigonstereo.com\/home\/#website","url":"https:\/\/www.saigonstereo.com\/home\/","name":"SaigonStereo","description":"Nh\u00e0 ph\u00e2n ph\u1ed1i thi\u1ebft b\u1ecb \u00e2m thanh cao c\u1ea5p","potentialAction":[{"@type":"SearchAction","target":{"@type":"EntryPoint","urlTemplate":"https:\/\/www.saigonstereo.com\/home\/?s={search_term_string}"},"query-input":"required name=search_term_string"}],"inLanguage":"vi"}]}},"jetpack_sharing_enabled":true,"_links":{"self":[{"href":"https:\/\/www.saigonstereo.com\/home\/wp-json\/wp\/v2\/product\/39630","targetHints":{"allow":["GET"]}}],"collection":[{"href":"https:\/\/www.saigonstereo.com\/home\/wp-json\/wp\/v2\/product"}],"about":[{"href":"https:\/\/www.saigonstereo.com\/home\/wp-json\/wp\/v2\/types\/product"}],"replies":[{"embeddable":true,"href":"https:\/\/www.saigonstereo.com\/home\/wp-json\/wp\/v2\/comments?post=39630"}],"wp:featuredmedia":[{"embeddable":true,"href":"https:\/\/www.saigonstereo.com\/home\/wp-json\/wp\/v2\/media\/39631"}],"wp:attachment":[{"href":"https:\/\/www.saigonstereo.com\/home\/wp-json\/wp\/v2\/media?parent=39630"}],"wp:term":[{"taxonomy":"product_cat","embeddable":true,"href":"https:\/\/www.saigonstereo.com\/home\/wp-json\/wp\/v2\/product_cat?post=39630"},{"taxonomy":"product_tag","embeddable":true,"href":"https:\/\/www.saigonstereo.com\/home\/wp-json\/wp\/v2\/product_tag?post=39630"}],"curies":[{"name":"wp","href":"https:\/\/api.w.org\/{rel}","templated":true}]}}