{"id":39854,"date":"2017-12-12T13:01:21","date_gmt":"2017-12-12T06:01:21","guid":{"rendered":"http:\/\/www.saigonstereo.com\/home\/?post_type=product&#038;p=39854"},"modified":"2018-06-20T14:09:09","modified_gmt":"2018-06-20T07:09:09","slug":"loa-bluetooth-vifa-reykjavik-sandtone-grey","status":"publish","type":"product","link":"https:\/\/www.saigonstereo.com\/home\/san-pham\/loa-bluetooth-vifa-reykjavik-sandtone-grey\/","title":{"rendered":"Loa bluetooth Vifa REYKJAVIK &#8211; Sandtone Grey"},"content":{"rendered":"<h4>Thi\u1ebft k\u1ebf B\u1eafc \u00c2u tinh t\u1ebf<\/h4>\n<p>Mang \u0111\u1eadm phong c\u00e1ch B\u1eafc \u00c2u \u0111\u1eb7c tr\u01b0ng th\u1ec3 hi\u1ec7n qua v\u1ebb ngo\u00e0i th\u00e2n thi\u1ec7n, \u0111\u01a1n gi\u1ea3n nh\u01b0ng v\u1eabn l\u1ecbch l\u00e3m.\u00a0K\u1ebft h\u1ee3p kh\u00e9o l\u00e9o tuy\u1ec7t v\u1eddi gi\u1eefa ch\u1ea5t li\u1ec7u v\u1ea3i s\u1ee3i th\u00f4 m\u1ed9c v\u00e0 b\u1ed9 khung b\u1eb1ng nh\u00f4m s\u00e1ng b\u00f3ng. Logo Vifa \u0111\u01b0\u1ee3c ch\u1ea1m kh\u1eafc tinh x\u1ea3o v\u00e0 c\u00e1c n\u00fat \u0111i\u1ec1u khi\u1ec3n c\u1ea3m \u1ee9ng ch\u00ecm b\u00ean d\u01b0\u1edbi nh\u1eefng \u0111\u01b0\u1eddng th\u00eau t\u1ec9 m\u1ec9.<\/p>\n<p><a class=\"dt-pswp-item\" href=\"http:\/\/www.saigonstereo.com\/home\/wp-content\/uploads\/2017\/12\/vifa_reykjavik_sandstone_grey_294701.jpeg\" data-dt-img-description=\"\" data-large_image_width=\"1024\" data-large_image_height=\"731\"><img loading=\"lazy\" decoding=\"async\" class=\"aligncenter size-medium wp-image-39861\" src=\"http:\/\/www.saigonstereo.com\/home\/wp-content\/uploads\/2017\/12\/vifa_reykjavik_sandstone_grey_294701-640x457.jpeg\" alt=\"\" width=\"640\" height=\"457\" \/><\/a><\/p>\n<h4>Ch\u1ea5t li\u1ec7u ch\u1ecdn l\u1ecdc cao c\u1ea5p<\/h4>\n<p>Ch\u1ea5t li\u1ec7u v\u1ea3i b\u1ecdc b\u00ean ngo\u00e0i tr\u00ean c\u00e1c s\u1ea3n ph\u1ea9m Vifa \u0111\u01b0\u1ee3c thi\u1ebft k\u1ebf v\u00e0 s\u1ea3n xu\u1ea5t b\u1edfi Kvadrat &#8211; Nh\u00e0 s\u1ea3n xu\u1ea5t uy t\u00edn h\u00e0ng \u0111\u1ea7u Ch\u00e2u \u00c2u trong l\u0129nh v\u1ef1c v\u1ea3i s\u1ee3i. L\u1edbp v\u1ea3i \u0111\u1eb7c bi\u1ec7t n\u00e0y\u00a0\u0111\u01b0\u1ee3c thi\u1ebft k\u1ebf \u0111\u1ec3 \u00e2m thanh c\u00f3 th\u1ec3 xuy\u00ean qua m\u1ed9t c\u00e1ch t\u1ed1t nh\u1ea5t v\u1edbi nh\u1eefng \u0111\u01b0\u1eddng n\u00e9t th\u00f4 r\u00e1p t\u1ed1i gi\u1ea3n nh\u01b0ng v\u1eabn \u1ea5m \u00e1p v\u00e0 thu h\u00fat m\u1ed9t c\u00e1ch l\u1ea1 th\u01b0\u1eddng.<\/p>\n<p><a class=\"dt-single-image\" href=\"http:\/\/www.saigonstereo.com\/home\/wp-content\/uploads\/2016\/05\/copenhagen-materials-101258_72dpi.jpeg\" data-dt-img-description=\"\"><img loading=\"lazy\" decoding=\"async\" class=\"aligncenter size-medium wp-image-39174\" src=\"http:\/\/www.saigonstereo.com\/home\/wp-content\/uploads\/2016\/05\/copenhagen-materials-101258_72dpi-640x480.jpeg\" alt=\"copenhagen-materials-101258_72dpi\" width=\"640\" height=\"480\" \/><\/a><\/p>\n<h4>\u00c2m thanh trung th\u1ef1c<\/h4>\n<p>T\u00e1i t\u1ea1o l\u1ea1i \u00e2m thanh nguy\u00ean th\u1ee7y, kh\u00f4ng th\u00eam g\u00ec v\u00e0 c\u0169ng kh\u00f4ng b\u1ecf chi ti\u1ebft n\u00e0o ch\u00ednh l\u00e0 nh\u1eefng g\u00ec Vifa\u00a0\u0111\u00e3 v\u00e0 lu\u00f4n lu\u00f4n mang \u0111\u1ebfn. Tr\u00ean nh\u1eefng chi\u1ebfc loa Vifa, ch\u00fang t\u00f4i t\u1ef1 h\u00e0o gi\u1edbi thi\u1ec7u ngh\u1ec7 thu\u1eadt k\u1ebft h\u1ee3p ho\u00e0n h\u1ea3o nh\u1eefng linh ki\u1ec7n,\u00a0c\u1ee7 loa truy\u1ec1n th\u1ed1ng v\u00e0 c\u00f4ng ngh\u1ec7 hi\u1ec7n \u0111\u1ea1i tr\u00ean nh\u1eefng chi\u1ebfc loa Vifa b\u1edfi\u00a0ch\u1ec9 c\u00f3 t\u00e0i n\u0103ng v\u00e0 kinh nghi\u1ec7m c\u1ee7a con ng\u01b0\u1eddi, t\u00ecnh y\u00eau \u00e2m nh\u1ea1c v\u00e0 kh\u00e1t khao t\u00ecm ki\u1ebfm ch\u1ea5t l\u01b0\u1ee3ng m\u1edbi\u00a0c\u00f3 th\u1ec3 t\u1ea1o ra \u00e2m thanh trung th\u1ef1c nh\u1ea5t.<\/p>\n<h4>T\u00ednh n\u0103ng n\u1ed5i b\u1eadt:<\/h4>\n<ul>\n<li>K\u1ebft n\u1ed1i Bluetooth\u00ae Wireless Technology<\/li>\n<li>Ng\u00f5 v\u00e0o AUX 3.5 mm mini jack<\/li>\n<li>Ph\u00e1t nh\u1ea1c qua USB USB playback<\/li>\n<li>Pin s\u1ea1c Lithium Ion<\/li>\n<li>M\u1ea1ch DSP crossover, optimized for low distortion and high precision<\/li>\n<li>3 ampli r\u1eddi<\/li>\n<li>K\u1ebft n\u1ed1i 2 loa c\u00f9ng l\u00fac<\/li>\n<li>T\u00edch h\u1ee3p loa tho\u1ea1i &amp; mic (l\u1ecdc \u1ed3n)<\/li>\n<\/ul>\n<p><a class=\"dt-pswp-item\" href=\"http:\/\/www.saigonstereo.com\/home\/wp-content\/uploads\/2017\/12\/SaigonStereo-reykjavik-3.png\" data-dt-img-description=\"\" data-large_image_width=\"640\" data-large_image_height=\"640\"><img loading=\"lazy\" decoding=\"async\" class=\"aligncenter size-full wp-image-39860\" src=\"http:\/\/www.saigonstereo.com\/home\/wp-content\/uploads\/2017\/12\/SaigonStereo-reykjavik-3.png\" alt=\"\" width=\"640\" height=\"640\" \/><\/a><\/p>\n<h4>Th\u00f4ng s\u1ed1 k\u1ef9 thu\u1eadt Reykjavik:<\/h4>\n<ul>\n<li>K\u00edch th\u01b0\u1edbc (Cao \/ \u0110\u01b0\u1eddng k\u00ednh): 65 mm \/ 139 mm<\/li>\n<li>Tr\u1ecdng l\u01b0\u1ee3ng: 0.6 kg<\/li>\n<li>M\u00e0u s\u1eafc: V\u1ea3i Kvadrat x\u00e1m<\/li>\n<li>Ng\u00f5 v\u00e0o: Bluetooth, AUX 3.5 mm mini jack, USB-C<\/li>\n<li>C\u1ee7 loa Tweeter: 2 X 19 mm<\/li>\n<li>C\u1ee7 loa Woofer 1 x 70 mm<\/li>\n<li>D\u1ea3i t\u1ea7n \u0111\u00e1p \u1ee9ng: 62 Hz \u2013 20 kHz @ +\/- 3 dB<\/li>\n<li>\u0110i\u1ec7n th\u1ebf ng\u00f5 v\u00e0o: USB, 5V.<\/li>\n<li>T\u1ef1 \u0111\u1ed9ng v\u00e0o ch\u1ebf \u0111\u1ed9 ch\u1edd sau 3 ph\u00fat kh\u00f4ng c\u00f3 t\u00edn hi\u1ec7u<\/li>\n<li>T\u1ef1 \u0111\u1ed9ng t\u1eaft sau 30 ph\u00fat kh\u00f4ng c\u00f3 t\u00edn hi\u1ec7u<\/li>\n<\/ul>\n<p><strong>C\u1ea5u t\u1ea1o b\u00ean trong:<\/strong> [\u0110ang c\u1eadp nh\u1eadt]<strong><br \/>\n<\/strong><\/p>\n<p><strong>H\u01b0\u1edbng d\u1eabn s\u1eed d\u1ee5ng:<\/strong> <a href=\"http:\/\/www.saigonstereo.com\/home\/manual-huong-dan-su-dung-loa-bluetooth-vifa-reykjavik\/\">Xem h\u01b0\u1edbng d\u1eabn s\u1eed d\u1ee5ng Vifa Reykjavik<\/a><\/p>\n","protected":false},"excerpt":{"rendered":"<p>T\u00e1i t\u1ea1o l\u1ea1i \u00e2m thanh nguy\u00ean th\u1ee7y, kh\u00f4ng th\u00eam g\u00ec v\u00e0 c\u0169ng kh\u00f4ng b\u1ecf chi ti\u1ebft n\u00e0o ch\u00ednh l\u00e0 nh\u1eefng g\u00ec Vifa\u00a0\u0111\u00e3 v\u00e0 lu\u00f4n lu\u00f4n mang \u0111\u1ebfn. Ch\u00fang t\u00f4i t\u1ef1 h\u00e0o gi\u1edbi thi\u1ec7u ngh\u1ec7 thu\u1eadt k\u1ebft h\u1ee3p ho\u00e0n h\u1ea3o nh\u1eefng linh ki\u1ec7n,\u00a0c\u1ee7 loa truy\u1ec1n th\u1ed1ng v\u00e0 c\u00f4ng ngh\u1ec7 hi\u1ec7n \u0111\u1ea1i tr\u00ean nh\u1eefng chi\u1ebfc loa Vifa b\u1edfi\u00a0ch\u1ec9 c\u00f3 t\u00e0i n\u0103ng v\u00e0 kinh nghi\u1ec7m c\u1ee7a con ng\u01b0\u1eddi, t\u00ecnh y\u00eau \u00e2m nh\u1ea1c v\u00e0 kh\u00e1t khao t\u00ecm ki\u1ebfm ch\u1ea5t l\u01b0\u1ee3ng m\u1edbi\u00a0c\u00f3 th\u1ec3 t\u1ea1o ra \u00e2m thanh trung th\u1ef1c nh\u1ea5t.<\/p>\n<p>Reykjavik nh\u1ecf g\u1ecdn v\u00e0 t\u00edch h\u1ee3p loa tho\u1ea1i r\u1ea3nh tay ti\u1ec7n d\u1ee5ng \u0111\u1ec3 b\u1ea1n c\u00f3 th\u1ec3 mang th\u1ebf gi\u1edbi \u00e2m nh\u1ea1c y\u00eau th\u00edch c\u1ee7a m\u00ecnh \u0111\u1ebfn b\u1ea5t k\u1ef3 n\u01a1i \u0111\u00e2u.<\/p>\n","protected":false},"featured_media":39855,"comment_status":"open","ping_status":"closed","template":"","meta":{"jetpack_post_was_ever_published":false,"jetpack_publicize_message":"","jetpack_is_tweetstorm":false,"jetpack_publicize_feature_enabled":true,"jetpack_social_post_already_shared":true,"jetpack_social_options":[]},"product_cat":[934],"product_tag":[937,936],"class_list":["post-39854","product","type-product","status-publish","has-post-thumbnail","hentry","product_cat-vifa","product_tag-loa-bluetooth","product_tag-vifa","description-off"],"jetpack_publicize_connections":[],"yoast_head":"<!-- This site is optimized with the Yoast SEO plugin v20.4 - https:\/\/yoast.com\/wordpress\/plugins\/seo\/ -->\n<title>Loa bluetooth Vifa REYKJAVIK - Sandtone Grey - SaigonStereo<\/title>\n<meta name=\"robots\" content=\"index, follow, max-snippet:-1, max-image-preview:large, max-video-preview:-1\" \/>\n<link rel=\"canonical\" href=\"https:\/\/www.saigonstereo.com\/home\/san-pham\/loa-bluetooth-vifa-reykjavik-sandtone-grey\/\" \/>\n<meta property=\"og:locale\" content=\"vi_VN\" \/>\n<meta property=\"og:type\" content=\"article\" \/>\n<meta property=\"og:title\" content=\"Loa bluetooth Vifa REYKJAVIK - Sandtone Grey - SaigonStereo\" \/>\n<meta property=\"og:description\" content=\"T\u00e1i t\u1ea1o l\u1ea1i \u00e2m thanh nguy\u00ean th\u1ee7y, kh\u00f4ng th\u00eam g\u00ec v\u00e0 c\u0169ng kh\u00f4ng b\u1ecf chi ti\u1ebft n\u00e0o ch\u00ednh l\u00e0 nh\u1eefng g\u00ec Vifa\u00a0\u0111\u00e3 v\u00e0 lu\u00f4n lu\u00f4n mang \u0111\u1ebfn. Ch\u00fang t\u00f4i t\u1ef1 h\u00e0o gi\u1edbi thi\u1ec7u ngh\u1ec7 thu\u1eadt k\u1ebft h\u1ee3p ho\u00e0n h\u1ea3o nh\u1eefng linh ki\u1ec7n,\u00a0c\u1ee7 loa truy\u1ec1n th\u1ed1ng v\u00e0 c\u00f4ng ngh\u1ec7 hi\u1ec7n \u0111\u1ea1i tr\u00ean nh\u1eefng chi\u1ebfc loa Vifa b\u1edfi\u00a0ch\u1ec9 c\u00f3 t\u00e0i n\u0103ng v\u00e0 kinh nghi\u1ec7m c\u1ee7a con ng\u01b0\u1eddi, t\u00ecnh y\u00eau \u00e2m nh\u1ea1c v\u00e0 kh\u00e1t khao t\u00ecm ki\u1ebfm ch\u1ea5t l\u01b0\u1ee3ng m\u1edbi\u00a0c\u00f3 th\u1ec3 t\u1ea1o ra \u00e2m thanh trung th\u1ef1c nh\u1ea5t.  Reykjavik nh\u1ecf g\u1ecdn v\u00e0 t\u00edch h\u1ee3p loa tho\u1ea1i r\u1ea3nh tay ti\u1ec7n d\u1ee5ng \u0111\u1ec3 b\u1ea1n c\u00f3 th\u1ec3 mang th\u1ebf gi\u1edbi \u00e2m nh\u1ea1c y\u00eau th\u00edch c\u1ee7a m\u00ecnh \u0111\u1ebfn b\u1ea5t k\u1ef3 n\u01a1i \u0111\u00e2u.\" \/>\n<meta property=\"og:url\" content=\"https:\/\/www.saigonstereo.com\/home\/san-pham\/loa-bluetooth-vifa-reykjavik-sandtone-grey\/\" \/>\n<meta property=\"og:site_name\" content=\"SaigonStereo\" \/>\n<meta property=\"article:modified_time\" content=\"2018-06-20T07:09:09+00:00\" \/>\n<meta property=\"og:image\" content=\"https:\/\/www.saigonstereo.com\/home\/wp-content\/uploads\/2017\/12\/SaigonStereo-Reykjavik-2.png\" \/>\n\t<meta property=\"og:image:width\" content=\"640\" \/>\n\t<meta property=\"og:image:height\" content=\"640\" \/>\n\t<meta property=\"og:image:type\" content=\"image\/png\" \/>\n<meta name=\"twitter:card\" content=\"summary_large_image\" \/>\n<meta name=\"twitter:label1\" content=\"\u01af\u1edbc t\u00ednh th\u1eddi gian \u0111\u1ecdc\" \/>\n\t<meta name=\"twitter:data1\" content=\"3 ph\u00fat\" \/>\n<script type=\"application\/ld+json\" class=\"yoast-schema-graph\">{\"@context\":\"https:\/\/schema.org\",\"@graph\":[{\"@type\":\"WebPage\",\"@id\":\"https:\/\/www.saigonstereo.com\/home\/san-pham\/loa-bluetooth-vifa-reykjavik-sandtone-grey\/\",\"url\":\"https:\/\/www.saigonstereo.com\/home\/san-pham\/loa-bluetooth-vifa-reykjavik-sandtone-grey\/\",\"name\":\"Loa bluetooth Vifa REYKJAVIK - Sandtone Grey - SaigonStereo\",\"isPartOf\":{\"@id\":\"https:\/\/www.saigonstereo.com\/home\/#website\"},\"datePublished\":\"2017-12-12T06:01:21+00:00\",\"dateModified\":\"2018-06-20T07:09:09+00:00\",\"breadcrumb\":{\"@id\":\"https:\/\/www.saigonstereo.com\/home\/san-pham\/loa-bluetooth-vifa-reykjavik-sandtone-grey\/#breadcrumb\"},\"inLanguage\":\"vi\",\"potentialAction\":[{\"@type\":\"ReadAction\",\"target\":[\"https:\/\/www.saigonstereo.com\/home\/san-pham\/loa-bluetooth-vifa-reykjavik-sandtone-grey\/\"]}]},{\"@type\":\"BreadcrumbList\",\"@id\":\"https:\/\/www.saigonstereo.com\/home\/san-pham\/loa-bluetooth-vifa-reykjavik-sandtone-grey\/#breadcrumb\",\"itemListElement\":[{\"@type\":\"ListItem\",\"position\":1,\"name\":\"Home\",\"item\":\"https:\/\/www.saigonstereo.com\/home\/\"},{\"@type\":\"ListItem\",\"position\":2,\"name\":\"Products\",\"item\":\"https:\/\/www.saigonstereo.com\/home\/shop\/\"},{\"@type\":\"ListItem\",\"position\":3,\"name\":\"Loa bluetooth Vifa REYKJAVIK &#8211; Sandtone Grey\"}]},{\"@type\":\"WebSite\",\"@id\":\"https:\/\/www.saigonstereo.com\/home\/#website\",\"url\":\"https:\/\/www.saigonstereo.com\/home\/\",\"name\":\"SaigonStereo\",\"description\":\"Nh\u00e0 ph\u00e2n ph\u1ed1i thi\u1ebft b\u1ecb \u00e2m thanh cao c\u1ea5p\",\"potentialAction\":[{\"@type\":\"SearchAction\",\"target\":{\"@type\":\"EntryPoint\",\"urlTemplate\":\"https:\/\/www.saigonstereo.com\/home\/?s={search_term_string}\"},\"query-input\":\"required name=search_term_string\"}],\"inLanguage\":\"vi\"}]}<\/script>\n<!-- \/ Yoast SEO plugin. -->","yoast_head_json":{"title":"Loa bluetooth Vifa REYKJAVIK - Sandtone Grey - SaigonStereo","robots":{"index":"index","follow":"follow","max-snippet":"max-snippet:-1","max-image-preview":"max-image-preview:large","max-video-preview":"max-video-preview:-1"},"canonical":"https:\/\/www.saigonstereo.com\/home\/san-pham\/loa-bluetooth-vifa-reykjavik-sandtone-grey\/","og_locale":"vi_VN","og_type":"article","og_title":"Loa bluetooth Vifa REYKJAVIK - Sandtone Grey - SaigonStereo","og_description":"T\u00e1i t\u1ea1o l\u1ea1i \u00e2m thanh nguy\u00ean th\u1ee7y, kh\u00f4ng th\u00eam g\u00ec v\u00e0 c\u0169ng kh\u00f4ng b\u1ecf chi ti\u1ebft n\u00e0o ch\u00ednh l\u00e0 nh\u1eefng g\u00ec Vifa\u00a0\u0111\u00e3 v\u00e0 lu\u00f4n lu\u00f4n mang \u0111\u1ebfn. Ch\u00fang t\u00f4i t\u1ef1 h\u00e0o gi\u1edbi thi\u1ec7u ngh\u1ec7 thu\u1eadt k\u1ebft h\u1ee3p ho\u00e0n h\u1ea3o nh\u1eefng linh ki\u1ec7n,\u00a0c\u1ee7 loa truy\u1ec1n th\u1ed1ng v\u00e0 c\u00f4ng ngh\u1ec7 hi\u1ec7n \u0111\u1ea1i tr\u00ean nh\u1eefng chi\u1ebfc loa Vifa b\u1edfi\u00a0ch\u1ec9 c\u00f3 t\u00e0i n\u0103ng v\u00e0 kinh nghi\u1ec7m c\u1ee7a con ng\u01b0\u1eddi, t\u00ecnh y\u00eau \u00e2m nh\u1ea1c v\u00e0 kh\u00e1t khao t\u00ecm ki\u1ebfm ch\u1ea5t l\u01b0\u1ee3ng m\u1edbi\u00a0c\u00f3 th\u1ec3 t\u1ea1o ra \u00e2m thanh trung th\u1ef1c nh\u1ea5t.  Reykjavik nh\u1ecf g\u1ecdn v\u00e0 t\u00edch h\u1ee3p loa tho\u1ea1i r\u1ea3nh tay ti\u1ec7n d\u1ee5ng \u0111\u1ec3 b\u1ea1n c\u00f3 th\u1ec3 mang th\u1ebf gi\u1edbi \u00e2m nh\u1ea1c y\u00eau th\u00edch c\u1ee7a m\u00ecnh \u0111\u1ebfn b\u1ea5t k\u1ef3 n\u01a1i \u0111\u00e2u.","og_url":"https:\/\/www.saigonstereo.com\/home\/san-pham\/loa-bluetooth-vifa-reykjavik-sandtone-grey\/","og_site_name":"SaigonStereo","article_modified_time":"2018-06-20T07:09:09+00:00","og_image":[{"width":640,"height":640,"url":"https:\/\/www.saigonstereo.com\/home\/wp-content\/uploads\/2017\/12\/SaigonStereo-Reykjavik-2.png","type":"image\/png"}],"twitter_card":"summary_large_image","twitter_misc":{"\u01af\u1edbc t\u00ednh th\u1eddi gian \u0111\u1ecdc":"3 ph\u00fat"},"schema":{"@context":"https:\/\/schema.org","@graph":[{"@type":"WebPage","@id":"https:\/\/www.saigonstereo.com\/home\/san-pham\/loa-bluetooth-vifa-reykjavik-sandtone-grey\/","url":"https:\/\/www.saigonstereo.com\/home\/san-pham\/loa-bluetooth-vifa-reykjavik-sandtone-grey\/","name":"Loa bluetooth Vifa REYKJAVIK - Sandtone Grey - SaigonStereo","isPartOf":{"@id":"https:\/\/www.saigonstereo.com\/home\/#website"},"datePublished":"2017-12-12T06:01:21+00:00","dateModified":"2018-06-20T07:09:09+00:00","breadcrumb":{"@id":"https:\/\/www.saigonstereo.com\/home\/san-pham\/loa-bluetooth-vifa-reykjavik-sandtone-grey\/#breadcrumb"},"inLanguage":"vi","potentialAction":[{"@type":"ReadAction","target":["https:\/\/www.saigonstereo.com\/home\/san-pham\/loa-bluetooth-vifa-reykjavik-sandtone-grey\/"]}]},{"@type":"BreadcrumbList","@id":"https:\/\/www.saigonstereo.com\/home\/san-pham\/loa-bluetooth-vifa-reykjavik-sandtone-grey\/#breadcrumb","itemListElement":[{"@type":"ListItem","position":1,"name":"Home","item":"https:\/\/www.saigonstereo.com\/home\/"},{"@type":"ListItem","position":2,"name":"Products","item":"https:\/\/www.saigonstereo.com\/home\/shop\/"},{"@type":"ListItem","position":3,"name":"Loa bluetooth Vifa REYKJAVIK &#8211; Sandtone Grey"}]},{"@type":"WebSite","@id":"https:\/\/www.saigonstereo.com\/home\/#website","url":"https:\/\/www.saigonstereo.com\/home\/","name":"SaigonStereo","description":"Nh\u00e0 ph\u00e2n ph\u1ed1i thi\u1ebft b\u1ecb \u00e2m thanh cao c\u1ea5p","potentialAction":[{"@type":"SearchAction","target":{"@type":"EntryPoint","urlTemplate":"https:\/\/www.saigonstereo.com\/home\/?s={search_term_string}"},"query-input":"required name=search_term_string"}],"inLanguage":"vi"}]}},"jetpack_sharing_enabled":true,"_links":{"self":[{"href":"https:\/\/www.saigonstereo.com\/home\/wp-json\/wp\/v2\/product\/39854","targetHints":{"allow":["GET"]}}],"collection":[{"href":"https:\/\/www.saigonstereo.com\/home\/wp-json\/wp\/v2\/product"}],"about":[{"href":"https:\/\/www.saigonstereo.com\/home\/wp-json\/wp\/v2\/types\/product"}],"replies":[{"embeddable":true,"href":"https:\/\/www.saigonstereo.com\/home\/wp-json\/wp\/v2\/comments?post=39854"}],"wp:featuredmedia":[{"embeddable":true,"href":"https:\/\/www.saigonstereo.com\/home\/wp-json\/wp\/v2\/media\/39855"}],"wp:attachment":[{"href":"https:\/\/www.saigonstereo.com\/home\/wp-json\/wp\/v2\/media?parent=39854"}],"wp:term":[{"taxonomy":"product_cat","embeddable":true,"href":"https:\/\/www.saigonstereo.com\/home\/wp-json\/wp\/v2\/product_cat?post=39854"},{"taxonomy":"product_tag","embeddable":true,"href":"https:\/\/www.saigonstereo.com\/home\/wp-json\/wp\/v2\/product_tag?post=39854"}],"curies":[{"name":"wp","href":"https:\/\/api.w.org\/{rel}","templated":true}]}}