{"id":39915,"date":"2017-12-29T16:51:41","date_gmt":"2017-12-29T09:51:41","guid":{"rendered":"http:\/\/www.saigonstereo.com\/home\/?post_type=product&#038;p=39915"},"modified":"2017-12-29T16:55:00","modified_gmt":"2017-12-29T09:55:00","slug":"loa-xem-phim-tran-elac-ic-dt61-w","status":"publish","type":"product","link":"https:\/\/www.saigonstereo.com\/home\/san-pham\/loa-xem-phim-tran-elac-ic-dt61-w\/","title":{"rendered":"Loa xem phim \u00e2m tr\u1ea7n Elac IC-DT61-W"},"content":{"rendered":"<h2>Th\u00f4ng s\u1ed1 k\u1ef9 thu\u1eadt:<\/h2>\n<ul>\n<li>Loa Tweeter: 1 x 1-inch soft dome<\/li>\n<li>Loa Woofer: 1 x 6.5-inch aramid-fiber cone<\/li>\n<li>T\u1ea7n s\u1ed1 c\u1eaft: 3,000 Hz<\/li>\n<li>D\u1ea3i t\u1ea7n \u0111\u00e1p \u1ee9ng: 45 to 20,000 Hz<\/li>\n<li>\u0110\u1ed9 nh\u1ea1y: 89 dB at 2.83 v\/1m<\/li>\n<li>C\u00f4ng su\u1ea5t ampli \u0111\u1ec1 ngh\u1ecb: 30 to 120 wpc<\/li>\n<li>C\u00f4ng su\u1ea5t\/ C\u00f4ng su\u1ea5t \u0111\u1ec9nh: 50\/120 wpc<\/li>\n<li>Tr\u1edf kh\u00e1ng danh \u0111\u1ecbnh: 6 \u03a9<\/li>\n<li>G\u00f3c nghi\u00eang: 30 \u0111\u1ed9<\/li>\n<li>Kich th\u01b0\u1edbc: \u0110\u01b0\u1eddng k\u00ednh: 10.4 in \/ 265 mm<\/li>\n<li>Tr\u1ecdng l\u01b0\u1ee3ng: 7.3 lbs \/ 3.3 kg<\/li>\n<\/ul>\n","protected":false},"excerpt":{"rendered":"<p>Home theater and surround-sound systems gain heightened realism from these in-ceiling speakers, designed to preserve critical imaging and soundstage detail that gets lost with ordinary designs. The 2-way IC-DT61-W incorporates drivers angled at 30 degrees, allowing optimum front, side and rear-channel placement and performance that turns any room into a fully capable movie and music environment.<\/p>\n","protected":false},"featured_media":39916,"comment_status":"open","ping_status":"closed","template":"","meta":{"jetpack_post_was_ever_published":false,"jetpack_publicize_message":"","jetpack_is_tweetstorm":false,"jetpack_publicize_feature_enabled":true,"jetpack_social_post_already_shared":true,"jetpack_social_options":[]},"product_cat":[503],"product_tag":[818,826,739],"class_list":["post-39915","product","type-product","status-publish","has-post-thumbnail","hentry","product_cat-dong-custom-install","product_tag-dong-custom-install","product_tag-elac","product_tag-loa-am-tran","description-off"],"jetpack_publicize_connections":[],"yoast_head":"<!-- This site is optimized with the Yoast SEO plugin v20.4 - https:\/\/yoast.com\/wordpress\/plugins\/seo\/ -->\n<title>Loa xem phim \u00e2m tr\u1ea7n Elac IC-DT61-W - SaigonStereo<\/title>\n<meta name=\"robots\" content=\"index, follow, max-snippet:-1, max-image-preview:large, max-video-preview:-1\" \/>\n<link rel=\"canonical\" href=\"https:\/\/www.saigonstereo.com\/home\/san-pham\/loa-xem-phim-tran-elac-ic-dt61-w\/\" \/>\n<meta property=\"og:locale\" content=\"vi_VN\" \/>\n<meta property=\"og:type\" content=\"article\" \/>\n<meta property=\"og:title\" content=\"Loa xem phim \u00e2m tr\u1ea7n Elac IC-DT61-W - SaigonStereo\" \/>\n<meta property=\"og:description\" content=\"Home theater and surround-sound systems gain heightened realism from these in-ceiling speakers, designed to preserve critical imaging and soundstage detail that gets lost with ordinary designs. The 2-way IC-DT61-W incorporates drivers angled at 30 degrees, allowing optimum front, side and rear-channel placement and performance that turns any room into a fully capable movie and music environment.\" \/>\n<meta property=\"og:url\" content=\"https:\/\/www.saigonstereo.com\/home\/san-pham\/loa-xem-phim-tran-elac-ic-dt61-w\/\" \/>\n<meta property=\"og:site_name\" content=\"SaigonStereo\" \/>\n<meta property=\"article:modified_time\" content=\"2017-12-29T09:55:00+00:00\" \/>\n<meta property=\"og:image\" content=\"https:\/\/www.saigonstereo.com\/home\/wp-content\/uploads\/2017\/12\/SaigonStereo-640x640-IC-DT61-W.png\" \/>\n\t<meta property=\"og:image:width\" content=\"640\" \/>\n\t<meta property=\"og:image:height\" content=\"640\" \/>\n\t<meta property=\"og:image:type\" content=\"image\/png\" \/>\n<meta name=\"twitter:card\" content=\"summary_large_image\" \/>\n<script type=\"application\/ld+json\" class=\"yoast-schema-graph\">{\"@context\":\"https:\/\/schema.org\",\"@graph\":[{\"@type\":\"WebPage\",\"@id\":\"https:\/\/www.saigonstereo.com\/home\/san-pham\/loa-xem-phim-tran-elac-ic-dt61-w\/\",\"url\":\"https:\/\/www.saigonstereo.com\/home\/san-pham\/loa-xem-phim-tran-elac-ic-dt61-w\/\",\"name\":\"Loa xem phim \u00e2m tr\u1ea7n Elac IC-DT61-W - SaigonStereo\",\"isPartOf\":{\"@id\":\"https:\/\/www.saigonstereo.com\/home\/#website\"},\"datePublished\":\"2017-12-29T09:51:41+00:00\",\"dateModified\":\"2017-12-29T09:55:00+00:00\",\"breadcrumb\":{\"@id\":\"https:\/\/www.saigonstereo.com\/home\/san-pham\/loa-xem-phim-tran-elac-ic-dt61-w\/#breadcrumb\"},\"inLanguage\":\"vi\",\"potentialAction\":[{\"@type\":\"ReadAction\",\"target\":[\"https:\/\/www.saigonstereo.com\/home\/san-pham\/loa-xem-phim-tran-elac-ic-dt61-w\/\"]}]},{\"@type\":\"BreadcrumbList\",\"@id\":\"https:\/\/www.saigonstereo.com\/home\/san-pham\/loa-xem-phim-tran-elac-ic-dt61-w\/#breadcrumb\",\"itemListElement\":[{\"@type\":\"ListItem\",\"position\":1,\"name\":\"Home\",\"item\":\"https:\/\/www.saigonstereo.com\/home\/\"},{\"@type\":\"ListItem\",\"position\":2,\"name\":\"Products\",\"item\":\"https:\/\/www.saigonstereo.com\/home\/shop\/\"},{\"@type\":\"ListItem\",\"position\":3,\"name\":\"Loa xem phim \u00e2m tr\u1ea7n Elac IC-DT61-W\"}]},{\"@type\":\"WebSite\",\"@id\":\"https:\/\/www.saigonstereo.com\/home\/#website\",\"url\":\"https:\/\/www.saigonstereo.com\/home\/\",\"name\":\"SaigonStereo\",\"description\":\"Nh\u00e0 ph\u00e2n ph\u1ed1i thi\u1ebft b\u1ecb \u00e2m thanh cao c\u1ea5p\",\"potentialAction\":[{\"@type\":\"SearchAction\",\"target\":{\"@type\":\"EntryPoint\",\"urlTemplate\":\"https:\/\/www.saigonstereo.com\/home\/?s={search_term_string}\"},\"query-input\":\"required name=search_term_string\"}],\"inLanguage\":\"vi\"}]}<\/script>\n<!-- \/ Yoast SEO plugin. -->","yoast_head_json":{"title":"Loa xem phim \u00e2m tr\u1ea7n Elac IC-DT61-W - SaigonStereo","robots":{"index":"index","follow":"follow","max-snippet":"max-snippet:-1","max-image-preview":"max-image-preview:large","max-video-preview":"max-video-preview:-1"},"canonical":"https:\/\/www.saigonstereo.com\/home\/san-pham\/loa-xem-phim-tran-elac-ic-dt61-w\/","og_locale":"vi_VN","og_type":"article","og_title":"Loa xem phim \u00e2m tr\u1ea7n Elac IC-DT61-W - SaigonStereo","og_description":"Home theater and surround-sound systems gain heightened realism from these in-ceiling speakers, designed to preserve critical imaging and soundstage detail that gets lost with ordinary designs. The 2-way IC-DT61-W incorporates drivers angled at 30 degrees, allowing optimum front, side and rear-channel placement and performance that turns any room into a fully capable movie and music environment.","og_url":"https:\/\/www.saigonstereo.com\/home\/san-pham\/loa-xem-phim-tran-elac-ic-dt61-w\/","og_site_name":"SaigonStereo","article_modified_time":"2017-12-29T09:55:00+00:00","og_image":[{"width":640,"height":640,"url":"https:\/\/www.saigonstereo.com\/home\/wp-content\/uploads\/2017\/12\/SaigonStereo-640x640-IC-DT61-W.png","type":"image\/png"}],"twitter_card":"summary_large_image","schema":{"@context":"https:\/\/schema.org","@graph":[{"@type":"WebPage","@id":"https:\/\/www.saigonstereo.com\/home\/san-pham\/loa-xem-phim-tran-elac-ic-dt61-w\/","url":"https:\/\/www.saigonstereo.com\/home\/san-pham\/loa-xem-phim-tran-elac-ic-dt61-w\/","name":"Loa xem phim \u00e2m tr\u1ea7n Elac IC-DT61-W - SaigonStereo","isPartOf":{"@id":"https:\/\/www.saigonstereo.com\/home\/#website"},"datePublished":"2017-12-29T09:51:41+00:00","dateModified":"2017-12-29T09:55:00+00:00","breadcrumb":{"@id":"https:\/\/www.saigonstereo.com\/home\/san-pham\/loa-xem-phim-tran-elac-ic-dt61-w\/#breadcrumb"},"inLanguage":"vi","potentialAction":[{"@type":"ReadAction","target":["https:\/\/www.saigonstereo.com\/home\/san-pham\/loa-xem-phim-tran-elac-ic-dt61-w\/"]}]},{"@type":"BreadcrumbList","@id":"https:\/\/www.saigonstereo.com\/home\/san-pham\/loa-xem-phim-tran-elac-ic-dt61-w\/#breadcrumb","itemListElement":[{"@type":"ListItem","position":1,"name":"Home","item":"https:\/\/www.saigonstereo.com\/home\/"},{"@type":"ListItem","position":2,"name":"Products","item":"https:\/\/www.saigonstereo.com\/home\/shop\/"},{"@type":"ListItem","position":3,"name":"Loa xem phim \u00e2m tr\u1ea7n Elac IC-DT61-W"}]},{"@type":"WebSite","@id":"https:\/\/www.saigonstereo.com\/home\/#website","url":"https:\/\/www.saigonstereo.com\/home\/","name":"SaigonStereo","description":"Nh\u00e0 ph\u00e2n ph\u1ed1i thi\u1ebft b\u1ecb \u00e2m thanh cao c\u1ea5p","potentialAction":[{"@type":"SearchAction","target":{"@type":"EntryPoint","urlTemplate":"https:\/\/www.saigonstereo.com\/home\/?s={search_term_string}"},"query-input":"required name=search_term_string"}],"inLanguage":"vi"}]}},"jetpack_sharing_enabled":true,"_links":{"self":[{"href":"https:\/\/www.saigonstereo.com\/home\/wp-json\/wp\/v2\/product\/39915","targetHints":{"allow":["GET"]}}],"collection":[{"href":"https:\/\/www.saigonstereo.com\/home\/wp-json\/wp\/v2\/product"}],"about":[{"href":"https:\/\/www.saigonstereo.com\/home\/wp-json\/wp\/v2\/types\/product"}],"replies":[{"embeddable":true,"href":"https:\/\/www.saigonstereo.com\/home\/wp-json\/wp\/v2\/comments?post=39915"}],"wp:featuredmedia":[{"embeddable":true,"href":"https:\/\/www.saigonstereo.com\/home\/wp-json\/wp\/v2\/media\/39916"}],"wp:attachment":[{"href":"https:\/\/www.saigonstereo.com\/home\/wp-json\/wp\/v2\/media?parent=39915"}],"wp:term":[{"taxonomy":"product_cat","embeddable":true,"href":"https:\/\/www.saigonstereo.com\/home\/wp-json\/wp\/v2\/product_cat?post=39915"},{"taxonomy":"product_tag","embeddable":true,"href":"https:\/\/www.saigonstereo.com\/home\/wp-json\/wp\/v2\/product_tag?post=39915"}],"curies":[{"name":"wp","href":"https:\/\/api.w.org\/{rel}","templated":true}]}}