{"id":40088,"date":"2018-05-15T14:31:46","date_gmt":"2018-05-15T07:31:46","guid":{"rendered":"http:\/\/www.saigonstereo.com\/home\/?post_type=product&#038;p=40088"},"modified":"2019-10-02T14:22:32","modified_gmt":"2019-10-02T07:22:32","slug":"loa-bluetooth-vifa-copenhagen-2-0-nhieu-mau","status":"publish","type":"product","link":"https:\/\/www.saigonstereo.com\/home\/san-pham\/loa-bluetooth-vifa-copenhagen-2-0-nhieu-mau\/","title":{"rendered":"Loa bluetooth Vifa COPENHAGEN 2.0 (nhi\u1ec1u m\u00e0u)"},"content":{"rendered":"<h4>Thi\u1ebft k\u1ebf B\u1eafc \u00c2u tinh t\u1ebf<\/h4>\n<p>Mang \u0111\u1eadm phong c\u00e1ch B\u1eafc \u00c2u \u0111\u1eb7c tr\u01b0ng th\u1ec3 hi\u1ec7n qua v\u1ebb ngo\u00e0i th\u00e2n thi\u1ec7n, \u0111\u01a1n gi\u1ea3n nh\u01b0ng v\u1eabn l\u1ecbch l\u00e3m.\u00a0K\u1ebft h\u1ee3p kh\u00e9o l\u00e9o tuy\u1ec7t v\u1eddi gi\u1eefa ch\u1ea5t li\u1ec7u v\u1ea3i s\u1ee3i th\u00f4 m\u1ed9c v\u00e0 b\u1ed9 khung b\u1eb1ng nh\u00f4m s\u00e1ng b\u00f3ng. Logo Vifa \u0111\u01b0\u1ee3c ch\u1ea1m kh\u1eafc tinh x\u1ea3o v\u00e0 c\u00e1c n\u00fat \u0111i\u1ec1u khi\u1ec3n c\u1ea3m \u1ee9ng ch\u00ecm b\u00ean d\u01b0\u1edbi nh\u1eefng \u0111\u01b0\u1eddng th\u00eau t\u1ec9 m\u1ec9.<\/p>\n<p><a class=\"dt-pswp-item\" href=\"http:\/\/www.saigonstereo.com\/home\/wp-content\/uploads\/2018\/05\/vifa_home_copenhagen02_pine_green_82590.jpeg\" data-dt-img-description=\"\" data-large_image_width=\"1024\" data-large_image_height=\"1366\"><img loading=\"lazy\" decoding=\"async\" class=\"aligncenter size-medium wp-image-40083\" src=\"http:\/\/www.saigonstereo.com\/home\/wp-content\/uploads\/2018\/05\/vifa_home_copenhagen02_pine_green_82590-480x640.jpeg\" alt=\"\" width=\"480\" height=\"640\" \/><\/a><\/p>\n<h4>Ch\u1ea5t li\u1ec7u ch\u1ecdn l\u1ecdc cao c\u1ea5p<\/h4>\n<p>Ch\u1ea5t li\u1ec7u v\u1ea3i b\u1ecdc b\u00ean ngo\u00e0i tr\u00ean c\u00e1c s\u1ea3n ph\u1ea9m Vifa \u0111\u01b0\u1ee3c thi\u1ebft k\u1ebf v\u00e0 s\u1ea3n xu\u1ea5t b\u1edfi Kvadrat &#8211; Nh\u00e0 s\u1ea3n xu\u1ea5t uy t\u00edn h\u00e0ng \u0111\u1ea7u Ch\u00e2u \u00c2u trong l\u0129nh v\u1ef1c v\u1ea3i s\u1ee3i. L\u1edbp v\u1ea3i \u0111\u1eb7c bi\u1ec7t n\u00e0y\u00a0\u0111\u01b0\u1ee3c thi\u1ebft k\u1ebf \u0111\u1ec3 \u00e2m thanh c\u00f3 th\u1ec3 xuy\u00ean qua m\u1ed9t c\u00e1ch t\u1ed1t nh\u1ea5t v\u1edbi nh\u1eefng \u0111\u01b0\u1eddng n\u00e9t th\u00f4 r\u00e1p t\u1ed1i gi\u1ea3n nh\u01b0ng v\u1eabn \u1ea5m \u00e1p v\u00e0 thu h\u00fat m\u1ed9t c\u00e1ch l\u1ea1 th\u01b0\u1eddng.<\/p>\n<p><a class=\"dt-single-image\" href=\"http:\/\/www.saigonstereo.com\/home\/wp-content\/uploads\/2016\/05\/copenhagen-materials-101258_72dpi.jpeg\" data-dt-img-description=\"\"><img loading=\"lazy\" decoding=\"async\" class=\"aligncenter size-medium wp-image-39174\" src=\"http:\/\/www.saigonstereo.com\/home\/wp-content\/uploads\/2016\/05\/copenhagen-materials-101258_72dpi-640x480.jpeg\" alt=\"copenhagen-materials-101258_72dpi\" width=\"640\" height=\"480\" \/><\/a><\/p>\n<h4>\u00c2m thanh trung th\u1ef1c<\/h4>\n<p>T\u00e1i t\u1ea1o l\u1ea1i \u00e2m thanh nguy\u00ean th\u1ee7y, kh\u00f4ng th\u00eam g\u00ec v\u00e0 c\u0169ng kh\u00f4ng b\u1ecf chi ti\u1ebft n\u00e0o ch\u00ednh l\u00e0 nh\u1eefng g\u00ec Vifa\u00a0\u0111\u00e3 v\u00e0 lu\u00f4n lu\u00f4n mang \u0111\u1ebfn. Tr\u00ean nh\u1eefng chi\u1ebfc loa Vifa, ch\u00fang t\u00f4i t\u1ef1 h\u00e0o gi\u1edbi thi\u1ec7u ngh\u1ec7 thu\u1eadt k\u1ebft h\u1ee3p ho\u00e0n h\u1ea3o nh\u1eefng linh ki\u1ec7n,\u00a0c\u1ee7 loa truy\u1ec1n th\u1ed1ng v\u00e0 c\u00f4ng ngh\u1ec7 hi\u1ec7n \u0111\u1ea1i tr\u00ean nh\u1eefng chi\u1ebfc loa Vifa b\u1edfi\u00a0ch\u1ec9 c\u00f3 t\u00e0i n\u0103ng v\u00e0 kinh nghi\u1ec7m c\u1ee7a con ng\u01b0\u1eddi, t\u00ecnh y\u00eau \u00e2m nh\u1ea1c v\u00e0 kh\u00e1t khao t\u00ecm ki\u1ebfm ch\u1ea5t l\u01b0\u1ee3ng m\u1edbi\u00a0c\u00f3 th\u1ec3 t\u1ea1o ra \u00e2m thanh trung th\u1ef1c nh\u1ea5t.<\/p>\n<h4>T\u00ednh n\u0103ng n\u1ed5i b\u1eadt:<\/h4>\n<ul>\n<li>K\u1ebft n\u1ed1i kh\u00f4ng d\u00e2y Bluetooth\u00ae<\/li>\n<li>Gi\u1ea3i m\u00e3 t\u00ednh hi\u1ec7u chu\u1ea9n aptX\u2122 HD audio Qualcomm\u00ae<\/li>\n<li>K\u1ebft n\u1ed1i Wi-Fi: B\/G\/N, b\u0103ng t\u1ea7n 2.4GHz<\/li>\n<li>K\u1ebft n\u1ed1i Apple AirPlay, Works with DLNA<\/li>\n<li>B\u1ed9 x\u1eed l\u00fd t\u00edn hi\u1ec7u DSP<\/li>\n<li>6 x ampli k\u1ef9 thu\u1eadt s\u1ed1 ri\u00eang bi\u1ec7t ch\u1ea5t l\u01b0\u1ee3ng cao, \u0111i\u1ec1u khi\u1ec3n tr\u1ef1c ti\u1ebfp t\u1eebng c\u1ee7 loa<\/li>\n<li>Pin Lithium Ion t\u00edch h\u1ee3p, th\u1eddi l\u01b0\u1ee3ng 8h (m\u1ee9c \u00e2m l\u01b0\u1ee3ng trung b\u00ecnh)<\/li>\n<\/ul>\n<h4>Th\u00f4ng s\u1ed1 k\u1ef9 thu\u1eadt Copenhagen 2.0:<\/h4>\n<ul>\n<li>B\u1ed9 khung: Nh\u00f4m nguy\u00ean kh\u1ed1i<\/li>\n<li>Th\u00e2n loa: Nh\u1ef1a ABS c\u01b0\u1eddng l\u1ef1c<\/li>\n<li>M\u1eb7t ngo\u00e0i: V\u1ea3i s\u1ee3i Kvadrat d\u1ec7t tay<\/li>\n<li>C\u1ee7 loa Tweeter: Vifa 28 mm x 2<\/li>\n<li>C\u1ee7 loa Midrange: Vifa 50 mm x 2<\/li>\n<li>C\u1ee7 loa Woofer: Vifa 80 mm x 2 b\u1ed1 tr\u00ed \u0111\u1ed1i x\u1ee9ng c\u00e2n b\u1eb1ng<\/li>\n<li>T\u0103ng c\u01b0\u1eddng 4 c\u1ee7 loa bass th\u1ee5 \u0111\u1ed9ng<\/li>\n<li>D\u1ea3i t\u1ea7n \u0111\u00e1p \u1ee9ng: 50Hz \u2013 20kHz @ +\/- 3 dB<\/li>\n<li>\u0110i\u1ec7n ngu\u1ed3n: 100-240V ~ 50\/60Hz<\/li>\n<li>C\u00f4ng su\u1ea5t ti\u00eau th\u1ee5 c\u1ef1c \u0111\u1ea1i: 160 watt<\/li>\n<li>\u0110i\u1ec7n th\u1ebf ng\u00f5 ra USB: 5 volt \/ 2,1A<\/li>\n<li>Ng\u00f5 v\u00e0o: Bluetooth\u00ae aptXTM HD audio, Wi-fi tr\u1ef1c ti\u1ebfp (Wi-Fi Direct), Wi-fi k\u1ebft n\u1ed1i m\u1ea1ng (Wi-Fi networked), Optical or analog (3.5 mm minijack), \u1ed4 USB disk<\/li>\n<li>K\u00edch th\u01b0\u1edbc (Cao x R\u1ed9ng x S\u00e2u): 268 mm x 362 mm x 90 mm<\/li>\n<li>Tr\u1ecdng l\u01b0\u1ee3ng: 4.65 kg<\/li>\n<\/ul>\n<h4>H\u01b0\u1edbng d\u1eabn s\u1eed d\u1ee5ng:<\/h4>\n<p><a href=\"http:\/\/www.saigonstereo.com\/home\/manual-huong-dan-su-dung-loa-bluetooth-vifa-copenhagen-2-0\/\">Xem H\u01b0\u1edbng d\u1eabn s\u1eed d\u1ee5ng loa bluetooth Vifa Copenhagen 2.0<\/a><\/p>\n","protected":false},"excerpt":{"rendered":"<p>T\u00e1i t\u1ea1o l\u1ea1i \u00e2m thanh nguy\u00ean th\u1ee7y, kh\u00f4ng th\u00eam g\u00ec v\u00e0 c\u0169ng kh\u00f4ng b\u1ecf chi ti\u1ebft n\u00e0o ch\u00ednh l\u00e0 nh\u1eefng g\u00ec Vifa\u00a0\u0111\u00e3 v\u00e0 lu\u00f4n lu\u00f4n mang \u0111\u1ebfn. Ch\u00fang t\u00f4i t\u1ef1 h\u00e0o gi\u1edbi thi\u1ec7u ngh\u1ec7 thu\u1eadt k\u1ebft h\u1ee3p ho\u00e0n h\u1ea3o nh\u1eefng linh ki\u1ec7n,\u00a0c\u1ee7 loa truy\u1ec1n th\u1ed1ng v\u00e0 c\u00f4ng ngh\u1ec7 hi\u1ec7n \u0111\u1ea1i tr\u00ean nh\u1eefng chi\u1ebfc loa Vifa b\u1edfi\u00a0ch\u1ec9 c\u00f3 t\u00e0i n\u0103ng v\u00e0 kinh nghi\u1ec7m c\u1ee7a con ng\u01b0\u1eddi, t\u00ecnh y\u00eau \u00e2m nh\u1ea1c v\u00e0 kh\u00e1t khao t\u00ecm ki\u1ebfm ch\u1ea5t l\u01b0\u1ee3ng m\u1edbi\u00a0c\u00f3 th\u1ec3 t\u1ea1o ra \u00e2m thanh trung th\u1ef1c nh\u1ea5t.<\/p>\n","protected":false},"featured_media":40089,"comment_status":"open","ping_status":"closed","template":"","meta":{"jetpack_post_was_ever_published":false,"jetpack_publicize_message":"","jetpack_is_tweetstorm":false,"jetpack_publicize_feature_enabled":true,"jetpack_social_post_already_shared":true,"jetpack_social_options":[]},"product_cat":[934],"product_tag":[937,936],"class_list":["post-40088","product","type-product","status-publish","has-post-thumbnail","hentry","product_cat-vifa","product_tag-loa-bluetooth","product_tag-vifa","pa_mau-sac-oslo-anthracite-grey","pa_mau-sac-oslo-ice-blue","pa_mau-sac-oslo-mountain-blue","pa_mau-sac-oslo-ocean-blue","pa_mau-sac-oslo-pebble-grey","pa_mau-sac-oslo-pine-green","pa_mau-sac-oslo-sand-yellow","description-off"],"jetpack_publicize_connections":[],"yoast_head":"<!-- This site is optimized with the Yoast SEO plugin v20.4 - https:\/\/yoast.com\/wordpress\/plugins\/seo\/ -->\n<title>Loa bluetooth Vifa COPENHAGEN 2.0 (nhi\u1ec1u m\u00e0u) - SaigonStereo<\/title>\n<meta name=\"robots\" content=\"index, follow, max-snippet:-1, max-image-preview:large, max-video-preview:-1\" \/>\n<link rel=\"canonical\" href=\"https:\/\/www.saigonstereo.com\/home\/san-pham\/loa-bluetooth-vifa-copenhagen-2-0-nhieu-mau\/\" \/>\n<meta property=\"og:locale\" content=\"vi_VN\" \/>\n<meta property=\"og:type\" content=\"article\" \/>\n<meta property=\"og:title\" content=\"Loa bluetooth Vifa COPENHAGEN 2.0 (nhi\u1ec1u m\u00e0u) - SaigonStereo\" \/>\n<meta property=\"og:description\" content=\"T\u00e1i t\u1ea1o l\u1ea1i \u00e2m thanh nguy\u00ean th\u1ee7y, kh\u00f4ng th\u00eam g\u00ec v\u00e0 c\u0169ng kh\u00f4ng b\u1ecf chi ti\u1ebft n\u00e0o ch\u00ednh l\u00e0 nh\u1eefng g\u00ec Vifa\u00a0\u0111\u00e3 v\u00e0 lu\u00f4n lu\u00f4n mang \u0111\u1ebfn. Ch\u00fang t\u00f4i t\u1ef1 h\u00e0o gi\u1edbi thi\u1ec7u ngh\u1ec7 thu\u1eadt k\u1ebft h\u1ee3p ho\u00e0n h\u1ea3o nh\u1eefng linh ki\u1ec7n,\u00a0c\u1ee7 loa truy\u1ec1n th\u1ed1ng v\u00e0 c\u00f4ng ngh\u1ec7 hi\u1ec7n \u0111\u1ea1i tr\u00ean nh\u1eefng chi\u1ebfc loa Vifa b\u1edfi\u00a0ch\u1ec9 c\u00f3 t\u00e0i n\u0103ng v\u00e0 kinh nghi\u1ec7m c\u1ee7a con ng\u01b0\u1eddi, t\u00ecnh y\u00eau \u00e2m nh\u1ea1c v\u00e0 kh\u00e1t khao t\u00ecm ki\u1ebfm ch\u1ea5t l\u01b0\u1ee3ng m\u1edbi\u00a0c\u00f3 th\u1ec3 t\u1ea1o ra \u00e2m thanh trung th\u1ef1c nh\u1ea5t.\" \/>\n<meta property=\"og:url\" content=\"https:\/\/www.saigonstereo.com\/home\/san-pham\/loa-bluetooth-vifa-copenhagen-2-0-nhieu-mau\/\" \/>\n<meta property=\"og:site_name\" content=\"SaigonStereo\" \/>\n<meta property=\"article:modified_time\" content=\"2019-10-02T07:22:32+00:00\" \/>\n<meta property=\"og:image\" content=\"https:\/\/www.saigonstereo.com\/home\/wp-content\/uploads\/2018\/05\/SaigonStereo-640x640-vifa-copenhagen2-vang.png\" \/>\n\t<meta property=\"og:image:width\" content=\"640\" \/>\n\t<meta property=\"og:image:height\" content=\"640\" \/>\n\t<meta property=\"og:image:type\" content=\"image\/png\" \/>\n<meta name=\"twitter:card\" content=\"summary_large_image\" \/>\n<meta name=\"twitter:label1\" content=\"\u01af\u1edbc t\u00ednh th\u1eddi gian \u0111\u1ecdc\" \/>\n\t<meta name=\"twitter:data1\" content=\"3 ph\u00fat\" \/>\n<script type=\"application\/ld+json\" class=\"yoast-schema-graph\">{\"@context\":\"https:\/\/schema.org\",\"@graph\":[{\"@type\":\"WebPage\",\"@id\":\"https:\/\/www.saigonstereo.com\/home\/san-pham\/loa-bluetooth-vifa-copenhagen-2-0-nhieu-mau\/\",\"url\":\"https:\/\/www.saigonstereo.com\/home\/san-pham\/loa-bluetooth-vifa-copenhagen-2-0-nhieu-mau\/\",\"name\":\"Loa bluetooth Vifa COPENHAGEN 2.0 (nhi\u1ec1u m\u00e0u) - SaigonStereo\",\"isPartOf\":{\"@id\":\"https:\/\/www.saigonstereo.com\/home\/#website\"},\"datePublished\":\"2018-05-15T07:31:46+00:00\",\"dateModified\":\"2019-10-02T07:22:32+00:00\",\"breadcrumb\":{\"@id\":\"https:\/\/www.saigonstereo.com\/home\/san-pham\/loa-bluetooth-vifa-copenhagen-2-0-nhieu-mau\/#breadcrumb\"},\"inLanguage\":\"vi\",\"potentialAction\":[{\"@type\":\"ReadAction\",\"target\":[\"https:\/\/www.saigonstereo.com\/home\/san-pham\/loa-bluetooth-vifa-copenhagen-2-0-nhieu-mau\/\"]}]},{\"@type\":\"BreadcrumbList\",\"@id\":\"https:\/\/www.saigonstereo.com\/home\/san-pham\/loa-bluetooth-vifa-copenhagen-2-0-nhieu-mau\/#breadcrumb\",\"itemListElement\":[{\"@type\":\"ListItem\",\"position\":1,\"name\":\"Home\",\"item\":\"https:\/\/www.saigonstereo.com\/home\/\"},{\"@type\":\"ListItem\",\"position\":2,\"name\":\"Products\",\"item\":\"https:\/\/www.saigonstereo.com\/home\/shop\/\"},{\"@type\":\"ListItem\",\"position\":3,\"name\":\"Loa bluetooth Vifa COPENHAGEN 2.0 (nhi\u1ec1u m\u00e0u)\"}]},{\"@type\":\"WebSite\",\"@id\":\"https:\/\/www.saigonstereo.com\/home\/#website\",\"url\":\"https:\/\/www.saigonstereo.com\/home\/\",\"name\":\"SaigonStereo\",\"description\":\"Nh\u00e0 ph\u00e2n ph\u1ed1i thi\u1ebft b\u1ecb \u00e2m thanh cao c\u1ea5p\",\"potentialAction\":[{\"@type\":\"SearchAction\",\"target\":{\"@type\":\"EntryPoint\",\"urlTemplate\":\"https:\/\/www.saigonstereo.com\/home\/?s={search_term_string}\"},\"query-input\":\"required name=search_term_string\"}],\"inLanguage\":\"vi\"}]}<\/script>\n<!-- \/ Yoast SEO plugin. -->","yoast_head_json":{"title":"Loa bluetooth Vifa COPENHAGEN 2.0 (nhi\u1ec1u m\u00e0u) - SaigonStereo","robots":{"index":"index","follow":"follow","max-snippet":"max-snippet:-1","max-image-preview":"max-image-preview:large","max-video-preview":"max-video-preview:-1"},"canonical":"https:\/\/www.saigonstereo.com\/home\/san-pham\/loa-bluetooth-vifa-copenhagen-2-0-nhieu-mau\/","og_locale":"vi_VN","og_type":"article","og_title":"Loa bluetooth Vifa COPENHAGEN 2.0 (nhi\u1ec1u m\u00e0u) - SaigonStereo","og_description":"T\u00e1i t\u1ea1o l\u1ea1i \u00e2m thanh nguy\u00ean th\u1ee7y, kh\u00f4ng th\u00eam g\u00ec v\u00e0 c\u0169ng kh\u00f4ng b\u1ecf chi ti\u1ebft n\u00e0o ch\u00ednh l\u00e0 nh\u1eefng g\u00ec Vifa\u00a0\u0111\u00e3 v\u00e0 lu\u00f4n lu\u00f4n mang \u0111\u1ebfn. Ch\u00fang t\u00f4i t\u1ef1 h\u00e0o gi\u1edbi thi\u1ec7u ngh\u1ec7 thu\u1eadt k\u1ebft h\u1ee3p ho\u00e0n h\u1ea3o nh\u1eefng linh ki\u1ec7n,\u00a0c\u1ee7 loa truy\u1ec1n th\u1ed1ng v\u00e0 c\u00f4ng ngh\u1ec7 hi\u1ec7n \u0111\u1ea1i tr\u00ean nh\u1eefng chi\u1ebfc loa Vifa b\u1edfi\u00a0ch\u1ec9 c\u00f3 t\u00e0i n\u0103ng v\u00e0 kinh nghi\u1ec7m c\u1ee7a con ng\u01b0\u1eddi, t\u00ecnh y\u00eau \u00e2m nh\u1ea1c v\u00e0 kh\u00e1t khao t\u00ecm ki\u1ebfm ch\u1ea5t l\u01b0\u1ee3ng m\u1edbi\u00a0c\u00f3 th\u1ec3 t\u1ea1o ra \u00e2m thanh trung th\u1ef1c nh\u1ea5t.","og_url":"https:\/\/www.saigonstereo.com\/home\/san-pham\/loa-bluetooth-vifa-copenhagen-2-0-nhieu-mau\/","og_site_name":"SaigonStereo","article_modified_time":"2019-10-02T07:22:32+00:00","og_image":[{"width":640,"height":640,"url":"https:\/\/www.saigonstereo.com\/home\/wp-content\/uploads\/2018\/05\/SaigonStereo-640x640-vifa-copenhagen2-vang.png","type":"image\/png"}],"twitter_card":"summary_large_image","twitter_misc":{"\u01af\u1edbc t\u00ednh th\u1eddi gian \u0111\u1ecdc":"3 ph\u00fat"},"schema":{"@context":"https:\/\/schema.org","@graph":[{"@type":"WebPage","@id":"https:\/\/www.saigonstereo.com\/home\/san-pham\/loa-bluetooth-vifa-copenhagen-2-0-nhieu-mau\/","url":"https:\/\/www.saigonstereo.com\/home\/san-pham\/loa-bluetooth-vifa-copenhagen-2-0-nhieu-mau\/","name":"Loa bluetooth Vifa COPENHAGEN 2.0 (nhi\u1ec1u m\u00e0u) - SaigonStereo","isPartOf":{"@id":"https:\/\/www.saigonstereo.com\/home\/#website"},"datePublished":"2018-05-15T07:31:46+00:00","dateModified":"2019-10-02T07:22:32+00:00","breadcrumb":{"@id":"https:\/\/www.saigonstereo.com\/home\/san-pham\/loa-bluetooth-vifa-copenhagen-2-0-nhieu-mau\/#breadcrumb"},"inLanguage":"vi","potentialAction":[{"@type":"ReadAction","target":["https:\/\/www.saigonstereo.com\/home\/san-pham\/loa-bluetooth-vifa-copenhagen-2-0-nhieu-mau\/"]}]},{"@type":"BreadcrumbList","@id":"https:\/\/www.saigonstereo.com\/home\/san-pham\/loa-bluetooth-vifa-copenhagen-2-0-nhieu-mau\/#breadcrumb","itemListElement":[{"@type":"ListItem","position":1,"name":"Home","item":"https:\/\/www.saigonstereo.com\/home\/"},{"@type":"ListItem","position":2,"name":"Products","item":"https:\/\/www.saigonstereo.com\/home\/shop\/"},{"@type":"ListItem","position":3,"name":"Loa bluetooth Vifa COPENHAGEN 2.0 (nhi\u1ec1u m\u00e0u)"}]},{"@type":"WebSite","@id":"https:\/\/www.saigonstereo.com\/home\/#website","url":"https:\/\/www.saigonstereo.com\/home\/","name":"SaigonStereo","description":"Nh\u00e0 ph\u00e2n ph\u1ed1i thi\u1ebft b\u1ecb \u00e2m thanh cao c\u1ea5p","potentialAction":[{"@type":"SearchAction","target":{"@type":"EntryPoint","urlTemplate":"https:\/\/www.saigonstereo.com\/home\/?s={search_term_string}"},"query-input":"required name=search_term_string"}],"inLanguage":"vi"}]}},"jetpack_sharing_enabled":true,"_links":{"self":[{"href":"https:\/\/www.saigonstereo.com\/home\/wp-json\/wp\/v2\/product\/40088","targetHints":{"allow":["GET"]}}],"collection":[{"href":"https:\/\/www.saigonstereo.com\/home\/wp-json\/wp\/v2\/product"}],"about":[{"href":"https:\/\/www.saigonstereo.com\/home\/wp-json\/wp\/v2\/types\/product"}],"replies":[{"embeddable":true,"href":"https:\/\/www.saigonstereo.com\/home\/wp-json\/wp\/v2\/comments?post=40088"}],"wp:featuredmedia":[{"embeddable":true,"href":"https:\/\/www.saigonstereo.com\/home\/wp-json\/wp\/v2\/media\/40089"}],"wp:attachment":[{"href":"https:\/\/www.saigonstereo.com\/home\/wp-json\/wp\/v2\/media?parent=40088"}],"wp:term":[{"taxonomy":"product_cat","embeddable":true,"href":"https:\/\/www.saigonstereo.com\/home\/wp-json\/wp\/v2\/product_cat?post=40088"},{"taxonomy":"product_tag","embeddable":true,"href":"https:\/\/www.saigonstereo.com\/home\/wp-json\/wp\/v2\/product_tag?post=40088"}],"curies":[{"name":"wp","href":"https:\/\/api.w.org\/{rel}","templated":true}]}}