{"id":40697,"date":"2018-12-13T14:25:50","date_gmt":"2018-12-13T07:25:50","guid":{"rendered":"http:\/\/www.saigonstereo.com\/home\/?post_type=product&#038;p=40697"},"modified":"2019-01-08T12:21:03","modified_gmt":"2019-01-08T05:21:03","slug":"dia-than-lp-elac-the-voice-of-elac","status":"publish","type":"product","link":"https:\/\/www.saigonstereo.com\/home\/san-pham\/dia-than-lp-elac-the-voice-of-elac\/","title":{"rendered":"\u0110\u0129a than LP Elac: The Voice of ELAC"},"content":{"rendered":"<div id=\"text-element-1\">\n<p>B\u1ed9 2 \u0111\u0129a LP Elac 180g \/ 45RPM<\/p>\n<p><strong>Danh s\u00e1ch b\u00e0i h\u00e1t album \u201cThe voice of ELAC\u201d:<\/strong><\/p>\n<p>Side A:<\/p>\n<ol>\n<li>Red Meat (Taylor, Otis)<\/li>\n<li>Ready (Hutchinson, Meg)<\/li>\n<li>Horse &amp; Buggy (The Pines)<\/li>\n<li>Not Coming By (Emma-Lee)<\/li>\n<\/ol>\n<p>Side B:<\/p>\n<ol>\n<li>All Is One (Taylor, Allan)<\/li>\n<li>The Ten O\u2019Clock Line (Newcomer, Carrie)<\/li>\n<li>Sinnerman (Hawkins, Sophie B.)<\/li>\n<\/ol>\n<p>Side C:<\/p>\n<ol>\n<li>Mattie Price (Brown, Greg)<\/li>\n<li>Hell\u2019s Bell\u2019s (Shaw, Jodi)<\/li>\n<li>Rosas Cantina (Munyon, David)<\/li>\n<\/ol>\n<p>Side D:<\/p>\n<ol>\n<li>500 Miles (Eberhardt, Cliff)<\/li>\n<li>Wild Horse (Kaplansky\/Gorka\/Gilkyson)<\/li>\n<li>Irreplacable (Ruffolo, Eugene)<\/li>\n<li>Foolish Things (Hanson, Lynne)<\/li>\n<\/ol>\n<\/div>\n<div id=\"text-element-1\">\n<p>&nbsp;<\/p>\n<\/div>\n","protected":false},"excerpt":{"rendered":"<p>B\u1ed9 2 \u0111\u0129a LP Elac 180g \/ 45RPM. Album t\u1eadp h\u1ee3p 14 b\u1ea3n nh\u1ea1c pop, rock d\u1ec5 c\u1ea3m th\u1ee5 v\u1edbi ch\u1ee7 \u0111\u1ec1 Voice \/ Gi\u1ecdng ca \u0111\u01b0\u1ee3c ch\u1ecdn l\u1ecdc theo \u0111\u00fang tri\u1ebft l\u00fd \u00e2m nh\u1ea1c ch\u00e2n ph\u01b0\u01a1ng c\u1ee7a ELAC (\u0110\u1ee9c). LP n\u00e0y \u0111\u01b0\u1ee3c ELAC ph\u1ed1i h\u1ee3p c\u00f9ng v\u1edbi h\u00e3ng d\u00e2y d\u1eabn &amp; thu \u00e2m n\u1ed5i ti\u1ebfng c\u0169ng \u0111\u1ebfn t\u1eeb \u0110\u1ee9c: In-Akustik th\u1ef1c hi\u1ec7n b\u1eb1ng k\u1ef9 thu\u1eadt Direct Metal Mastering (DMM).<\/p>\n","protected":false},"featured_media":40706,"comment_status":"open","ping_status":"closed","template":"","meta":{"jetpack_post_was_ever_published":false,"jetpack_publicize_message":"","jetpack_is_tweetstorm":false,"jetpack_publicize_feature_enabled":true,"jetpack_social_post_already_shared":true,"jetpack_social_options":[]},"product_cat":[842],"product_tag":[850,826,851],"class_list":["post-40697","product","type-product","status-publish","has-post-thumbnail","hentry","product_cat-dia-nhac","product_tag-dia-than","product_tag-elac","product_tag-lp","description-off"],"jetpack_publicize_connections":[],"yoast_head":"<!-- This site is optimized with the Yoast SEO plugin v20.4 - https:\/\/yoast.com\/wordpress\/plugins\/seo\/ -->\n<title>\u0110\u0129a than LP Elac: The Voice of ELAC - SaigonStereo<\/title>\n<meta name=\"robots\" content=\"index, follow, max-snippet:-1, max-image-preview:large, max-video-preview:-1\" \/>\n<link rel=\"canonical\" href=\"https:\/\/www.saigonstereo.com\/home\/san-pham\/dia-than-lp-elac-the-voice-of-elac\/\" \/>\n<meta property=\"og:locale\" content=\"vi_VN\" \/>\n<meta property=\"og:type\" content=\"article\" \/>\n<meta property=\"og:title\" content=\"\u0110\u0129a than LP Elac: The Voice of ELAC - SaigonStereo\" \/>\n<meta property=\"og:description\" content=\"B\u1ed9 2 \u0111\u0129a LP Elac 180g \/ 45RPM. Album t\u1eadp h\u1ee3p 14 b\u1ea3n nh\u1ea1c pop, rock d\u1ec5 c\u1ea3m th\u1ee5 v\u1edbi ch\u1ee7 \u0111\u1ec1 Voice \/ Gi\u1ecdng ca \u0111\u01b0\u1ee3c ch\u1ecdn l\u1ecdc theo \u0111\u00fang tri\u1ebft l\u00fd \u00e2m nh\u1ea1c ch\u00e2n ph\u01b0\u01a1ng c\u1ee7a ELAC (\u0110\u1ee9c). LP n\u00e0y \u0111\u01b0\u1ee3c ELAC ph\u1ed1i h\u1ee3p c\u00f9ng v\u1edbi h\u00e3ng d\u00e2y d\u1eabn &amp; thu \u00e2m n\u1ed5i ti\u1ebfng c\u0169ng \u0111\u1ebfn t\u1eeb \u0110\u1ee9c: In-Akustik th\u1ef1c hi\u1ec7n b\u1eb1ng k\u1ef9 thu\u1eadt Direct Metal Mastering (DMM).\" \/>\n<meta property=\"og:url\" content=\"https:\/\/www.saigonstereo.com\/home\/san-pham\/dia-than-lp-elac-the-voice-of-elac\/\" \/>\n<meta property=\"og:site_name\" content=\"SaigonStereo\" \/>\n<meta property=\"article:modified_time\" content=\"2019-01-08T05:21:03+00:00\" \/>\n<meta property=\"og:image\" content=\"https:\/\/www.saigonstereo.com\/home\/wp-content\/uploads\/2018\/12\/SaigonStereo-640x640-elac-lp-1.png\" \/>\n\t<meta property=\"og:image:width\" content=\"640\" \/>\n\t<meta property=\"og:image:height\" content=\"640\" \/>\n\t<meta property=\"og:image:type\" content=\"image\/png\" \/>\n<meta name=\"twitter:card\" content=\"summary_large_image\" \/>\n<script type=\"application\/ld+json\" class=\"yoast-schema-graph\">{\"@context\":\"https:\/\/schema.org\",\"@graph\":[{\"@type\":\"WebPage\",\"@id\":\"https:\/\/www.saigonstereo.com\/home\/san-pham\/dia-than-lp-elac-the-voice-of-elac\/\",\"url\":\"https:\/\/www.saigonstereo.com\/home\/san-pham\/dia-than-lp-elac-the-voice-of-elac\/\",\"name\":\"\u0110\u0129a than LP Elac: The Voice of ELAC - SaigonStereo\",\"isPartOf\":{\"@id\":\"https:\/\/www.saigonstereo.com\/home\/#website\"},\"datePublished\":\"2018-12-13T07:25:50+00:00\",\"dateModified\":\"2019-01-08T05:21:03+00:00\",\"breadcrumb\":{\"@id\":\"https:\/\/www.saigonstereo.com\/home\/san-pham\/dia-than-lp-elac-the-voice-of-elac\/#breadcrumb\"},\"inLanguage\":\"vi\",\"potentialAction\":[{\"@type\":\"ReadAction\",\"target\":[\"https:\/\/www.saigonstereo.com\/home\/san-pham\/dia-than-lp-elac-the-voice-of-elac\/\"]}]},{\"@type\":\"BreadcrumbList\",\"@id\":\"https:\/\/www.saigonstereo.com\/home\/san-pham\/dia-than-lp-elac-the-voice-of-elac\/#breadcrumb\",\"itemListElement\":[{\"@type\":\"ListItem\",\"position\":1,\"name\":\"Home\",\"item\":\"https:\/\/www.saigonstereo.com\/home\/\"},{\"@type\":\"ListItem\",\"position\":2,\"name\":\"Products\",\"item\":\"https:\/\/www.saigonstereo.com\/home\/shop\/\"},{\"@type\":\"ListItem\",\"position\":3,\"name\":\"\u0110\u0129a than LP Elac: The Voice of ELAC\"}]},{\"@type\":\"WebSite\",\"@id\":\"https:\/\/www.saigonstereo.com\/home\/#website\",\"url\":\"https:\/\/www.saigonstereo.com\/home\/\",\"name\":\"SaigonStereo\",\"description\":\"Nh\u00e0 ph\u00e2n ph\u1ed1i thi\u1ebft b\u1ecb \u00e2m thanh cao c\u1ea5p\",\"potentialAction\":[{\"@type\":\"SearchAction\",\"target\":{\"@type\":\"EntryPoint\",\"urlTemplate\":\"https:\/\/www.saigonstereo.com\/home\/?s={search_term_string}\"},\"query-input\":\"required name=search_term_string\"}],\"inLanguage\":\"vi\"}]}<\/script>\n<!-- \/ Yoast SEO plugin. -->","yoast_head_json":{"title":"\u0110\u0129a than LP Elac: The Voice of ELAC - SaigonStereo","robots":{"index":"index","follow":"follow","max-snippet":"max-snippet:-1","max-image-preview":"max-image-preview:large","max-video-preview":"max-video-preview:-1"},"canonical":"https:\/\/www.saigonstereo.com\/home\/san-pham\/dia-than-lp-elac-the-voice-of-elac\/","og_locale":"vi_VN","og_type":"article","og_title":"\u0110\u0129a than LP Elac: The Voice of ELAC - SaigonStereo","og_description":"B\u1ed9 2 \u0111\u0129a LP Elac 180g \/ 45RPM. Album t\u1eadp h\u1ee3p 14 b\u1ea3n nh\u1ea1c pop, rock d\u1ec5 c\u1ea3m th\u1ee5 v\u1edbi ch\u1ee7 \u0111\u1ec1 Voice \/ Gi\u1ecdng ca \u0111\u01b0\u1ee3c ch\u1ecdn l\u1ecdc theo \u0111\u00fang tri\u1ebft l\u00fd \u00e2m nh\u1ea1c ch\u00e2n ph\u01b0\u01a1ng c\u1ee7a ELAC (\u0110\u1ee9c). LP n\u00e0y \u0111\u01b0\u1ee3c ELAC ph\u1ed1i h\u1ee3p c\u00f9ng v\u1edbi h\u00e3ng d\u00e2y d\u1eabn &amp; thu \u00e2m n\u1ed5i ti\u1ebfng c\u0169ng \u0111\u1ebfn t\u1eeb \u0110\u1ee9c: In-Akustik th\u1ef1c hi\u1ec7n b\u1eb1ng k\u1ef9 thu\u1eadt Direct Metal Mastering (DMM).","og_url":"https:\/\/www.saigonstereo.com\/home\/san-pham\/dia-than-lp-elac-the-voice-of-elac\/","og_site_name":"SaigonStereo","article_modified_time":"2019-01-08T05:21:03+00:00","og_image":[{"width":640,"height":640,"url":"https:\/\/www.saigonstereo.com\/home\/wp-content\/uploads\/2018\/12\/SaigonStereo-640x640-elac-lp-1.png","type":"image\/png"}],"twitter_card":"summary_large_image","schema":{"@context":"https:\/\/schema.org","@graph":[{"@type":"WebPage","@id":"https:\/\/www.saigonstereo.com\/home\/san-pham\/dia-than-lp-elac-the-voice-of-elac\/","url":"https:\/\/www.saigonstereo.com\/home\/san-pham\/dia-than-lp-elac-the-voice-of-elac\/","name":"\u0110\u0129a than LP Elac: The Voice of ELAC - SaigonStereo","isPartOf":{"@id":"https:\/\/www.saigonstereo.com\/home\/#website"},"datePublished":"2018-12-13T07:25:50+00:00","dateModified":"2019-01-08T05:21:03+00:00","breadcrumb":{"@id":"https:\/\/www.saigonstereo.com\/home\/san-pham\/dia-than-lp-elac-the-voice-of-elac\/#breadcrumb"},"inLanguage":"vi","potentialAction":[{"@type":"ReadAction","target":["https:\/\/www.saigonstereo.com\/home\/san-pham\/dia-than-lp-elac-the-voice-of-elac\/"]}]},{"@type":"BreadcrumbList","@id":"https:\/\/www.saigonstereo.com\/home\/san-pham\/dia-than-lp-elac-the-voice-of-elac\/#breadcrumb","itemListElement":[{"@type":"ListItem","position":1,"name":"Home","item":"https:\/\/www.saigonstereo.com\/home\/"},{"@type":"ListItem","position":2,"name":"Products","item":"https:\/\/www.saigonstereo.com\/home\/shop\/"},{"@type":"ListItem","position":3,"name":"\u0110\u0129a than LP Elac: The Voice of ELAC"}]},{"@type":"WebSite","@id":"https:\/\/www.saigonstereo.com\/home\/#website","url":"https:\/\/www.saigonstereo.com\/home\/","name":"SaigonStereo","description":"Nh\u00e0 ph\u00e2n ph\u1ed1i thi\u1ebft b\u1ecb \u00e2m thanh cao c\u1ea5p","potentialAction":[{"@type":"SearchAction","target":{"@type":"EntryPoint","urlTemplate":"https:\/\/www.saigonstereo.com\/home\/?s={search_term_string}"},"query-input":"required name=search_term_string"}],"inLanguage":"vi"}]}},"jetpack_sharing_enabled":true,"_links":{"self":[{"href":"https:\/\/www.saigonstereo.com\/home\/wp-json\/wp\/v2\/product\/40697","targetHints":{"allow":["GET"]}}],"collection":[{"href":"https:\/\/www.saigonstereo.com\/home\/wp-json\/wp\/v2\/product"}],"about":[{"href":"https:\/\/www.saigonstereo.com\/home\/wp-json\/wp\/v2\/types\/product"}],"replies":[{"embeddable":true,"href":"https:\/\/www.saigonstereo.com\/home\/wp-json\/wp\/v2\/comments?post=40697"}],"wp:featuredmedia":[{"embeddable":true,"href":"https:\/\/www.saigonstereo.com\/home\/wp-json\/wp\/v2\/media\/40706"}],"wp:attachment":[{"href":"https:\/\/www.saigonstereo.com\/home\/wp-json\/wp\/v2\/media?parent=40697"}],"wp:term":[{"taxonomy":"product_cat","embeddable":true,"href":"https:\/\/www.saigonstereo.com\/home\/wp-json\/wp\/v2\/product_cat?post=40697"},{"taxonomy":"product_tag","embeddable":true,"href":"https:\/\/www.saigonstereo.com\/home\/wp-json\/wp\/v2\/product_tag?post=40697"}],"curies":[{"name":"wp","href":"https:\/\/api.w.org\/{rel}","templated":true}]}}