{"id":40866,"date":"2015-01-28T14:30:03","date_gmt":"2015-01-28T07:30:03","guid":{"rendered":"http:\/\/www.saigonstereo.com\/home\/?post_type=product&#038;p=40866"},"modified":"2019-01-28T14:34:29","modified_gmt":"2019-01-28T07:34:29","slug":"dau-giac-cang-cua-neotech-dg-sk8-y","status":"publish","type":"product","link":"https:\/\/www.saigonstereo.com\/home\/san-pham\/dau-giac-cang-cua-neotech-dg-sk8-y\/","title":{"rendered":"\u0110\u1ea7u gi\u1eafc c\u00e0ng cua Neotech DG-SK8 Y"},"content":{"rendered":"<div><strong>Th\u00f4ng s\u1ed1 k\u1ef9 thu\u1eadt DG-SK8 Y:<\/strong><\/div>\n<ul>\n<li>S\u1eed d\u1ee5ng ch\u1ea5t li\u1ec7u \u0111\u1ed3ng Ultra Pure OFC c\u00f3 t\u1ec9 l\u1ec7 \u0111\u1ed3ng nguy\u00ean ch\u1ea5t h\u01a1n d\u00e2y OFC th\u00f4ng th\u01b0\u1eddng<\/li>\n<li>\u0110\u1ea7u gi\u1eafc m\u1ea1 v\u00e0ng.<\/li>\n<li>K\u1ebft n\u1ed1i ki\u1ec3u si\u1ebft \u1ed1c, kh\u00f4ng c\u1ea7n d\u00f9ng ch\u00ec h\u00e0n.<\/li>\n<li>\u0110\u01b0\u1eddng k\u00ednh d\u00e2y t\u1ed1i \u0111a: 5mm<\/li>\n<\/ul>\n","protected":false},"excerpt":{"rendered":"<p>\u0110\u1ea7u gi\u1eafc c\u00e0ng cua Neotech DG-SK8 Y m\u1ea1 v\u00e0ng.<\/p>\n<p><em>(*) S\u1ea3n ph\u1ea9m \u0111\u01b0\u1ee3c t\u00ednh tr\u00ean \u0111\u01a1n v\u1ecb c\u00e1i.<\/em><\/p>\n","protected":false},"featured_media":40867,"comment_status":"open","ping_status":"closed","template":"","meta":{"jetpack_post_was_ever_published":false,"jetpack_publicize_message":"","jetpack_is_tweetstorm":false,"jetpack_publicize_feature_enabled":true,"jetpack_social_post_already_shared":true,"jetpack_social_options":[]},"product_cat":[938],"product_tag":[1016,940],"class_list":["post-40866","product","type-product","status-publish","has-post-thumbnail","hentry","product_cat-neotech","product_tag-dau-giac","product_tag-neotech","description-off"],"jetpack_publicize_connections":[],"yoast_head":"<!-- This site is optimized with the Yoast SEO plugin v20.4 - https:\/\/yoast.com\/wordpress\/plugins\/seo\/ -->\n<title>\u0110\u1ea7u gi\u1eafc c\u00e0ng cua Neotech DG-SK8 Y - SaigonStereo<\/title>\n<meta name=\"robots\" content=\"index, follow, max-snippet:-1, max-image-preview:large, max-video-preview:-1\" \/>\n<link rel=\"canonical\" href=\"https:\/\/www.saigonstereo.com\/home\/san-pham\/dau-giac-cang-cua-neotech-dg-sk8-y\/\" \/>\n<meta property=\"og:locale\" content=\"vi_VN\" \/>\n<meta property=\"og:type\" content=\"article\" \/>\n<meta property=\"og:title\" content=\"\u0110\u1ea7u gi\u1eafc c\u00e0ng cua Neotech DG-SK8 Y - SaigonStereo\" \/>\n<meta property=\"og:description\" content=\"\u0110\u1ea7u gi\u1eafc c\u00e0ng cua Neotech DG-SK8 Y m\u1ea1 v\u00e0ng.  (*) S\u1ea3n ph\u1ea9m \u0111\u01b0\u1ee3c t\u00ednh tr\u00ean \u0111\u01a1n v\u1ecb c\u00e1i.\" \/>\n<meta property=\"og:url\" content=\"https:\/\/www.saigonstereo.com\/home\/san-pham\/dau-giac-cang-cua-neotech-dg-sk8-y\/\" \/>\n<meta property=\"og:site_name\" content=\"SaigonStereo\" \/>\n<meta property=\"article:modified_time\" content=\"2019-01-28T07:34:29+00:00\" \/>\n<meta property=\"og:image\" content=\"https:\/\/www.saigonstereo.com\/home\/wp-content\/uploads\/2019\/01\/SaigonStereo-640x640-Neotech-Cangcua.png\" \/>\n\t<meta property=\"og:image:width\" content=\"640\" \/>\n\t<meta property=\"og:image:height\" content=\"640\" \/>\n\t<meta property=\"og:image:type\" content=\"image\/png\" \/>\n<meta name=\"twitter:card\" content=\"summary_large_image\" \/>\n<script type=\"application\/ld+json\" class=\"yoast-schema-graph\">{\"@context\":\"https:\/\/schema.org\",\"@graph\":[{\"@type\":\"WebPage\",\"@id\":\"https:\/\/www.saigonstereo.com\/home\/san-pham\/dau-giac-cang-cua-neotech-dg-sk8-y\/\",\"url\":\"https:\/\/www.saigonstereo.com\/home\/san-pham\/dau-giac-cang-cua-neotech-dg-sk8-y\/\",\"name\":\"\u0110\u1ea7u gi\u1eafc c\u00e0ng cua Neotech DG-SK8 Y - SaigonStereo\",\"isPartOf\":{\"@id\":\"https:\/\/www.saigonstereo.com\/home\/#website\"},\"datePublished\":\"2015-01-28T07:30:03+00:00\",\"dateModified\":\"2019-01-28T07:34:29+00:00\",\"breadcrumb\":{\"@id\":\"https:\/\/www.saigonstereo.com\/home\/san-pham\/dau-giac-cang-cua-neotech-dg-sk8-y\/#breadcrumb\"},\"inLanguage\":\"vi\",\"potentialAction\":[{\"@type\":\"ReadAction\",\"target\":[\"https:\/\/www.saigonstereo.com\/home\/san-pham\/dau-giac-cang-cua-neotech-dg-sk8-y\/\"]}]},{\"@type\":\"BreadcrumbList\",\"@id\":\"https:\/\/www.saigonstereo.com\/home\/san-pham\/dau-giac-cang-cua-neotech-dg-sk8-y\/#breadcrumb\",\"itemListElement\":[{\"@type\":\"ListItem\",\"position\":1,\"name\":\"Home\",\"item\":\"https:\/\/www.saigonstereo.com\/home\/\"},{\"@type\":\"ListItem\",\"position\":2,\"name\":\"Products\",\"item\":\"https:\/\/www.saigonstereo.com\/home\/shop\/\"},{\"@type\":\"ListItem\",\"position\":3,\"name\":\"\u0110\u1ea7u gi\u1eafc c\u00e0ng cua Neotech DG-SK8 Y\"}]},{\"@type\":\"WebSite\",\"@id\":\"https:\/\/www.saigonstereo.com\/home\/#website\",\"url\":\"https:\/\/www.saigonstereo.com\/home\/\",\"name\":\"SaigonStereo\",\"description\":\"Nh\u00e0 ph\u00e2n ph\u1ed1i thi\u1ebft b\u1ecb \u00e2m thanh cao c\u1ea5p\",\"potentialAction\":[{\"@type\":\"SearchAction\",\"target\":{\"@type\":\"EntryPoint\",\"urlTemplate\":\"https:\/\/www.saigonstereo.com\/home\/?s={search_term_string}\"},\"query-input\":\"required name=search_term_string\"}],\"inLanguage\":\"vi\"}]}<\/script>\n<!-- \/ Yoast SEO plugin. -->","yoast_head_json":{"title":"\u0110\u1ea7u gi\u1eafc c\u00e0ng cua Neotech DG-SK8 Y - SaigonStereo","robots":{"index":"index","follow":"follow","max-snippet":"max-snippet:-1","max-image-preview":"max-image-preview:large","max-video-preview":"max-video-preview:-1"},"canonical":"https:\/\/www.saigonstereo.com\/home\/san-pham\/dau-giac-cang-cua-neotech-dg-sk8-y\/","og_locale":"vi_VN","og_type":"article","og_title":"\u0110\u1ea7u gi\u1eafc c\u00e0ng cua Neotech DG-SK8 Y - SaigonStereo","og_description":"\u0110\u1ea7u gi\u1eafc c\u00e0ng cua Neotech DG-SK8 Y m\u1ea1 v\u00e0ng.  (*) S\u1ea3n ph\u1ea9m \u0111\u01b0\u1ee3c t\u00ednh tr\u00ean \u0111\u01a1n v\u1ecb c\u00e1i.","og_url":"https:\/\/www.saigonstereo.com\/home\/san-pham\/dau-giac-cang-cua-neotech-dg-sk8-y\/","og_site_name":"SaigonStereo","article_modified_time":"2019-01-28T07:34:29+00:00","og_image":[{"width":640,"height":640,"url":"https:\/\/www.saigonstereo.com\/home\/wp-content\/uploads\/2019\/01\/SaigonStereo-640x640-Neotech-Cangcua.png","type":"image\/png"}],"twitter_card":"summary_large_image","schema":{"@context":"https:\/\/schema.org","@graph":[{"@type":"WebPage","@id":"https:\/\/www.saigonstereo.com\/home\/san-pham\/dau-giac-cang-cua-neotech-dg-sk8-y\/","url":"https:\/\/www.saigonstereo.com\/home\/san-pham\/dau-giac-cang-cua-neotech-dg-sk8-y\/","name":"\u0110\u1ea7u gi\u1eafc c\u00e0ng cua Neotech DG-SK8 Y - SaigonStereo","isPartOf":{"@id":"https:\/\/www.saigonstereo.com\/home\/#website"},"datePublished":"2015-01-28T07:30:03+00:00","dateModified":"2019-01-28T07:34:29+00:00","breadcrumb":{"@id":"https:\/\/www.saigonstereo.com\/home\/san-pham\/dau-giac-cang-cua-neotech-dg-sk8-y\/#breadcrumb"},"inLanguage":"vi","potentialAction":[{"@type":"ReadAction","target":["https:\/\/www.saigonstereo.com\/home\/san-pham\/dau-giac-cang-cua-neotech-dg-sk8-y\/"]}]},{"@type":"BreadcrumbList","@id":"https:\/\/www.saigonstereo.com\/home\/san-pham\/dau-giac-cang-cua-neotech-dg-sk8-y\/#breadcrumb","itemListElement":[{"@type":"ListItem","position":1,"name":"Home","item":"https:\/\/www.saigonstereo.com\/home\/"},{"@type":"ListItem","position":2,"name":"Products","item":"https:\/\/www.saigonstereo.com\/home\/shop\/"},{"@type":"ListItem","position":3,"name":"\u0110\u1ea7u gi\u1eafc c\u00e0ng cua Neotech DG-SK8 Y"}]},{"@type":"WebSite","@id":"https:\/\/www.saigonstereo.com\/home\/#website","url":"https:\/\/www.saigonstereo.com\/home\/","name":"SaigonStereo","description":"Nh\u00e0 ph\u00e2n ph\u1ed1i thi\u1ebft b\u1ecb \u00e2m thanh cao c\u1ea5p","potentialAction":[{"@type":"SearchAction","target":{"@type":"EntryPoint","urlTemplate":"https:\/\/www.saigonstereo.com\/home\/?s={search_term_string}"},"query-input":"required name=search_term_string"}],"inLanguage":"vi"}]}},"jetpack_sharing_enabled":true,"_links":{"self":[{"href":"https:\/\/www.saigonstereo.com\/home\/wp-json\/wp\/v2\/product\/40866","targetHints":{"allow":["GET"]}}],"collection":[{"href":"https:\/\/www.saigonstereo.com\/home\/wp-json\/wp\/v2\/product"}],"about":[{"href":"https:\/\/www.saigonstereo.com\/home\/wp-json\/wp\/v2\/types\/product"}],"replies":[{"embeddable":true,"href":"https:\/\/www.saigonstereo.com\/home\/wp-json\/wp\/v2\/comments?post=40866"}],"wp:featuredmedia":[{"embeddable":true,"href":"https:\/\/www.saigonstereo.com\/home\/wp-json\/wp\/v2\/media\/40867"}],"wp:attachment":[{"href":"https:\/\/www.saigonstereo.com\/home\/wp-json\/wp\/v2\/media?parent=40866"}],"wp:term":[{"taxonomy":"product_cat","embeddable":true,"href":"https:\/\/www.saigonstereo.com\/home\/wp-json\/wp\/v2\/product_cat?post=40866"},{"taxonomy":"product_tag","embeddable":true,"href":"https:\/\/www.saigonstereo.com\/home\/wp-json\/wp\/v2\/product_tag?post=40866"}],"curies":[{"name":"wp","href":"https:\/\/api.w.org\/{rel}","templated":true}]}}