{"id":40991,"date":"2019-06-11T11:13:07","date_gmt":"2019-06-11T04:13:07","guid":{"rendered":"https:\/\/www.saigonstereo.com\/home\/?post_type=product&#038;p=40991"},"modified":"2019-06-11T14:12:32","modified_gmt":"2019-06-11T07:12:32","slug":"mam-than-thorens-td-201","status":"publish","type":"product","link":"https:\/\/www.saigonstereo.com\/home\/san-pham\/mam-than-thorens-td-201\/","title":{"rendered":"M\u00e2m than Thorens TD 201"},"content":{"rendered":"<p>M\u00e2m Thorens TD 201 s\u1eed d\u1ee5ng c\u01a1 c\u1ea5u truy\u1ec1n \u0111\u1ed9ng b\u1eb1ng d\u00e2y cu-roa th\u00f4ng qua motor DC. M\u00e2m xoay platter \u0111\u01b0\u1ee3c l\u00e0m t\u1eeb nh\u00f4m, b\u00ean tr\u00ean \u0111i k\u00e8m m\u1ed9t t\u1ea5m l\u00f3t m\u00e2m b\u1eb1ng cao su ch\u1ed1ng tr\u01b0\u1ee3t.<\/p>\n<p>Trang b\u1ecb ti\u00eau chu\u1ea9n tr\u00ean m\u1eabu m\u00e2m Thorens TD 201 l\u00e0 tay c\u1ea7n Thorens TP 71 m\u1edbi nh\u1ea5t c\u1ee7a h\u00e3ng v\u1edbi c\u01a1 c\u1ea5u headshell (\u0111\u1ea7u gi\u1eef kim) c\u00f3 th\u1ec3 t\u00e1ch r\u1eddi d\u1ec5 d\u00e0ng v\u00e0 nhanh ch\u00f3ng. M\u00e2m c\u0169ng \u0111\u00e3 \u0111\u01b0\u1ee3c l\u1eafp \u0111\u1eb7t s\u1eb5n \u0111\u1ea7u kim cartridge AT 3600 (MM) do h\u00e3ng Audio Technica s\u1ea3n xu\u1ea5t.<\/p>\n<p><span class=\"embed-youtube\" style=\"text-align:center; display: block;\"><iframe loading=\"lazy\" class=\"youtube-player\" width=\"1200\" height=\"675\" src=\"https:\/\/www.youtube.com\/embed\/anwcaWQV3zg?version=3&#038;rel=1&#038;showsearch=0&#038;showinfo=1&#038;iv_load_policy=1&#038;fs=1&#038;hl=vi&#038;autohide=2&#038;wmode=transparent\" allowfullscreen=\"true\" style=\"border:0;\" sandbox=\"allow-scripts allow-same-origin allow-popups allow-presentation\"><\/iframe><\/span><\/p>\n<p>\u0110\u1eb7c bi\u1ec7t, m\u00e2m Thorens TD 201 c\u00f2n \u0111\u01b0\u1ee3c t\u00edch h\u1ee3p s\u1eb5n m\u1ea1ch pre-phono v\u1edbi kh\u1ea3 n\u0103ng t\u1eaft m\u1edf t\u00f9y \u00fd. V\u1edbi ng\u01b0\u1eddi m\u1edbi ch\u01a1i, \u0111\u00e2y l\u00e0 l\u1ef1a ch\u1ecdn v\u00f4 c\u00f9ng h\u1ee3p l\u00fd v\u1edbi phono theo m\u00e2m; khi \u0111\u00e3 &#8220;l\u00ean tai&#8221;, ng\u01b0\u1eddi d\u00f9ng ch\u1ec9 vi\u1ec7c g\u1ea1t n\u00fat t\u1eaft m\u1ea1ch phono n\u00e0y \u0111i v\u00e0 thay th\u1ebf b\u1eb1ng phono r\u1eddi ch\u1ea5t l\u01b0\u1ee3ng cao h\u01a1n.<\/p>\n<h3>Th\u00f4ng s\u1ed1 k\u1ef9 thu\u1eadt m\u00e2m Thorens TD 201:<\/h3>\n<p><strong>Th\u00e2n m\u00e2m:<\/strong><\/p>\n<ul>\n<li>Truy\u1ec1n \u0111\u1ed9ng: D\u00e2y cu-roa<\/li>\n<li>\u0110\u1ed9ng c\u01a1: DC Motor<\/li>\n<li>T\u1ed1c \u0111\u1ed9: 33 1\/3 RPM, 45 RPM<\/li>\n<li>Rotation Speed Variation: +\/\u20132%<\/li>\n<li>Wow and Flutter: 0.2%<\/li>\n<li>Signal-to-Noise: Ratio67dB or higher (A-weighted, 20kHz LPF)60dB or higher (unweighted, 20kHz LPF)<\/li>\n<li>M\u00e2m xoay: Nh\u00f4m Aluminum Die-cast<\/li>\n<li>K\u00edch th\u01b0\u1edbc m\u00e2m xoay: 12&#8243;, 300mm<\/li>\n<\/ul>\n<p><strong>Tay c\u1ea7n:<\/strong><\/p>\n<ul>\n<li>Ch\u1ea5t li\u1ec7u: Alumi tube<\/li>\n<li>Lo\u1ea1i: Tay c\u1ea7n th\u1eb3ng, b\u1ed1 tr\u00ed c\u1ed1 \u0111\u1ecbnh<\/li>\n<li>Effective Arm Length: 8.8&#8243;, 223.6mm<\/li>\n<li>Stylus Pressure Range: 0 to 4g<\/li>\n<li>Supported Cartridge Weight: 3.5 to 6.0g<\/li>\n<li>Overhang: 18.6mm<\/li>\n<li>Anti-skating Adjustment: Supported<\/li>\n<\/ul>\n<p><strong>Kim Cartridge:<\/strong><\/p>\n<ul>\n<li>Type: MM type (Audio-Technica AT3600)<\/li>\n<li>Stylus Construction: Bonded Diamond<\/li>\n<li>Frequency Response: 20Hz to 20kHz<\/li>\n<li>Channel Separation: &gt;18dB<\/li>\n<li>Channel Balance: 2.5dB<\/li>\n<li>Vertical Tracking Angle: 20 degrees<\/li>\n<li>Supported Load Impedance: 47k ohms<\/li>\n<li>Output Voltage: 2.5mV (1kHz, 3.54cm\/sec.)<\/li>\n<li>Stylus Pressure: 3.5g +\/\u20130.5g<\/li>\n<li>Cartridge Weight: 5g +\/\u20130.5g<\/li>\n<li>Head-shell Weight: 10g (including Screws, Nuts and Wires)<\/li>\n<\/ul>\n<p><strong>Th\u00f4ng tin kh\u00e1c:<\/strong><\/p>\n<ul>\n<li>Ng\u00f5 ra Analog: 1 x RCA Pin jack (Gold-plated)<\/li>\n<li>\u0110i\u1ec7n ngu\u1ed3n: AC 100 to 240V, 50\/60Hz<\/li>\n<li>C\u00f4ng su\u1ea5t ti\u00eau th\u1ee5: 1.5W (nh\u1ecf h\u01a1n 0.5W \u1edf Ch\u1ebf \u0111\u1ed9 ch\u1edd)<\/li>\n<li>K\u00edch th\u01b0\u1edbc (R\u1ed9ng x S\u00e2u x Cao): 420 x 355x 121mm<\/li>\n<li>Tr\u1ecdng l\u01b0\u1ee3ng: 3.9 kg<\/li>\n<li>H\u00e3ng s\u1ea3n xu\u1ea5t: <a href=\"https:\/\/thorens.com\/en\/thorens%C2%AE-td-201.html\" target=\"_blank\" rel=\"noopener noreferrer\">Thorens (\u0110\u1ee9c)<\/a><\/li>\n<li>N\u01a1i s\u1ea3n xu\u1ea5t: \u0110\u00e0i Loan<\/li>\n<\/ul>\n<p><strong>Th\u00f4ng tin tham kh\u1ea3o:<\/strong><\/p>\n<p class=\"entry-title\">+ <a title=\"Thorens ra m\u1eaft 2 m\u1eabu m\u00e2m \u0111\u0129a than m\u1edbi: TD-201 &amp; TD-202\" href=\"https:\/\/www.saigonstereo.com\/home\/thorens-ra-mat-2-mau-mam-dia-than-moi\/\" rel=\"bookmark\">Thorens ra m\u1eaft 2 m\u1eabu m\u00e2m \u0111\u0129a than m\u1edbi: TD-201 &amp; TD-202<\/a><\/p>\n<p>&nbsp;<\/p>\n","protected":false},"excerpt":{"rendered":"<p>M\u00e2m \u0111\u0129a than Thorens TD 201 m\u1edbi l\u00e0 m\u1eabu m\u00e2m ho\u00e0n h\u1ea3o d\u00e0nh cho ng\u01b0\u1eddi m\u1edbi ch\u01a1i \u0111\u0129a than, m\u1ecdi th\u1ee9 \u0111\u01b0\u1ee3c thi\u1ebft k\u1ebf v\u00e0 c\u00e2n ch\u1ec9nh c\u1ea9n th\u1eadn ngay t\u1eeb khi xu\u1ea5t x\u01b0\u1edfng. T\u1ea5t c\u1ea3 nh\u1eefng g\u00ec ng\u01b0\u1eddi ch\u01a1i c\u1ea7n l\u00e0m \u0111\u01a1n gi\u1ea3n l\u00e0 c\u1ea5p ngu\u1ed3n v\u00e0 c\u1eafm c\u00e1p t\u00edn hi\u1ec7u, ngay l\u1eadp t\u1ee9c nh\u1eefng \u00e2m thanh m\u1ed9c m\u1ea1c t\u1eeb \u0111\u0129a than \u0111\u00e3 s\u1eb5n s\u00e0ng \u0111\u1ec3 th\u01b0\u1edfng th\u1ee9c.<\/p>\n","protected":false},"featured_media":40992,"comment_status":"open","ping_status":"closed","template":"","meta":{"jetpack_post_was_ever_published":false,"jetpack_publicize_message":"","jetpack_is_tweetstorm":false,"jetpack_publicize_feature_enabled":true,"jetpack_social_post_already_shared":true,"jetpack_social_options":[]},"product_cat":[832],"product_tag":[841,833],"class_list":["post-40991","product","type-product","status-publish","has-post-thumbnail","hentry","product_cat-thorens","product_tag-mam-dia-than","product_tag-thorens","description-off"],"jetpack_publicize_connections":[],"yoast_head":"<!-- This site is optimized with the Yoast SEO plugin v20.4 - https:\/\/yoast.com\/wordpress\/plugins\/seo\/ -->\n<title>M\u00e2m than Thorens TD 201 - SaigonStereo<\/title>\n<meta name=\"description\" content=\"M\u00e2m \u0111\u0129a than Thorens TD 201 m\u1edbi l\u00e0 m\u1eabu m\u00e2m ho\u00e0n h\u1ea3o d\u00e0nh cho ng\u01b0\u1eddi m\u1edbi ch\u01a1i \u0111\u0129a than, m\u1ecdi th\u1ee9 \u0111\u01b0\u1ee3c thi\u1ebft k\u1ebf v\u00e0 c\u00e2n ch\u1ec9nh c\u1ea9n th\u1eadn ngay t\u1eeb khi xu\u1ea5t x\u01b0\u1edfng.\" \/>\n<meta name=\"robots\" content=\"index, follow, max-snippet:-1, max-image-preview:large, max-video-preview:-1\" \/>\n<link rel=\"canonical\" href=\"https:\/\/www.saigonstereo.com\/home\/san-pham\/mam-than-thorens-td-201\/\" \/>\n<meta property=\"og:locale\" content=\"vi_VN\" \/>\n<meta property=\"og:type\" content=\"article\" \/>\n<meta property=\"og:title\" content=\"M\u00e2m than Thorens TD 201 - SaigonStereo\" \/>\n<meta property=\"og:description\" content=\"M\u00e2m \u0111\u0129a than Thorens TD 201 m\u1edbi l\u00e0 m\u1eabu m\u00e2m ho\u00e0n h\u1ea3o d\u00e0nh cho ng\u01b0\u1eddi m\u1edbi ch\u01a1i \u0111\u0129a than, m\u1ecdi th\u1ee9 \u0111\u01b0\u1ee3c thi\u1ebft k\u1ebf v\u00e0 c\u00e2n ch\u1ec9nh c\u1ea9n th\u1eadn ngay t\u1eeb khi xu\u1ea5t x\u01b0\u1edfng.\" \/>\n<meta property=\"og:url\" content=\"https:\/\/www.saigonstereo.com\/home\/san-pham\/mam-than-thorens-td-201\/\" \/>\n<meta property=\"og:site_name\" content=\"SaigonStereo\" \/>\n<meta property=\"article:modified_time\" content=\"2019-06-11T07:12:32+00:00\" \/>\n<meta property=\"og:image\" content=\"https:\/\/www.saigonstereo.com\/home\/wp-content\/uploads\/2019\/06\/SaigonStereo-640x640-Thorens-TD201.png\" \/>\n\t<meta property=\"og:image:width\" content=\"640\" \/>\n\t<meta property=\"og:image:height\" content=\"640\" \/>\n\t<meta property=\"og:image:type\" content=\"image\/png\" \/>\n<meta name=\"twitter:card\" content=\"summary_large_image\" \/>\n<meta name=\"twitter:label1\" content=\"\u01af\u1edbc t\u00ednh th\u1eddi gian \u0111\u1ecdc\" \/>\n\t<meta name=\"twitter:data1\" content=\"2 ph\u00fat\" \/>\n<script type=\"application\/ld+json\" class=\"yoast-schema-graph\">{\"@context\":\"https:\/\/schema.org\",\"@graph\":[{\"@type\":\"WebPage\",\"@id\":\"https:\/\/www.saigonstereo.com\/home\/san-pham\/mam-than-thorens-td-201\/\",\"url\":\"https:\/\/www.saigonstereo.com\/home\/san-pham\/mam-than-thorens-td-201\/\",\"name\":\"M\u00e2m than Thorens TD 201 - SaigonStereo\",\"isPartOf\":{\"@id\":\"https:\/\/www.saigonstereo.com\/home\/#website\"},\"datePublished\":\"2019-06-11T04:13:07+00:00\",\"dateModified\":\"2019-06-11T07:12:32+00:00\",\"description\":\"M\u00e2m \u0111\u0129a than Thorens TD 201 m\u1edbi l\u00e0 m\u1eabu m\u00e2m ho\u00e0n h\u1ea3o d\u00e0nh cho ng\u01b0\u1eddi m\u1edbi ch\u01a1i \u0111\u0129a than, m\u1ecdi th\u1ee9 \u0111\u01b0\u1ee3c thi\u1ebft k\u1ebf v\u00e0 c\u00e2n ch\u1ec9nh c\u1ea9n th\u1eadn ngay t\u1eeb khi xu\u1ea5t x\u01b0\u1edfng.\",\"breadcrumb\":{\"@id\":\"https:\/\/www.saigonstereo.com\/home\/san-pham\/mam-than-thorens-td-201\/#breadcrumb\"},\"inLanguage\":\"vi\",\"potentialAction\":[{\"@type\":\"ReadAction\",\"target\":[\"https:\/\/www.saigonstereo.com\/home\/san-pham\/mam-than-thorens-td-201\/\"]}]},{\"@type\":\"BreadcrumbList\",\"@id\":\"https:\/\/www.saigonstereo.com\/home\/san-pham\/mam-than-thorens-td-201\/#breadcrumb\",\"itemListElement\":[{\"@type\":\"ListItem\",\"position\":1,\"name\":\"Home\",\"item\":\"https:\/\/www.saigonstereo.com\/home\/\"},{\"@type\":\"ListItem\",\"position\":2,\"name\":\"Products\",\"item\":\"https:\/\/www.saigonstereo.com\/home\/shop\/\"},{\"@type\":\"ListItem\",\"position\":3,\"name\":\"M\u00e2m than Thorens TD 201\"}]},{\"@type\":\"WebSite\",\"@id\":\"https:\/\/www.saigonstereo.com\/home\/#website\",\"url\":\"https:\/\/www.saigonstereo.com\/home\/\",\"name\":\"SaigonStereo\",\"description\":\"Nh\u00e0 ph\u00e2n ph\u1ed1i thi\u1ebft b\u1ecb \u00e2m thanh cao c\u1ea5p\",\"potentialAction\":[{\"@type\":\"SearchAction\",\"target\":{\"@type\":\"EntryPoint\",\"urlTemplate\":\"https:\/\/www.saigonstereo.com\/home\/?s={search_term_string}\"},\"query-input\":\"required name=search_term_string\"}],\"inLanguage\":\"vi\"}]}<\/script>\n<!-- \/ Yoast SEO plugin. -->","yoast_head_json":{"title":"M\u00e2m than Thorens TD 201 - SaigonStereo","description":"M\u00e2m \u0111\u0129a than Thorens TD 201 m\u1edbi l\u00e0 m\u1eabu m\u00e2m ho\u00e0n h\u1ea3o d\u00e0nh cho ng\u01b0\u1eddi m\u1edbi ch\u01a1i \u0111\u0129a than, m\u1ecdi th\u1ee9 \u0111\u01b0\u1ee3c thi\u1ebft k\u1ebf v\u00e0 c\u00e2n ch\u1ec9nh c\u1ea9n th\u1eadn ngay t\u1eeb khi xu\u1ea5t x\u01b0\u1edfng.","robots":{"index":"index","follow":"follow","max-snippet":"max-snippet:-1","max-image-preview":"max-image-preview:large","max-video-preview":"max-video-preview:-1"},"canonical":"https:\/\/www.saigonstereo.com\/home\/san-pham\/mam-than-thorens-td-201\/","og_locale":"vi_VN","og_type":"article","og_title":"M\u00e2m than Thorens TD 201 - SaigonStereo","og_description":"M\u00e2m \u0111\u0129a than Thorens TD 201 m\u1edbi l\u00e0 m\u1eabu m\u00e2m ho\u00e0n h\u1ea3o d\u00e0nh cho ng\u01b0\u1eddi m\u1edbi ch\u01a1i \u0111\u0129a than, m\u1ecdi th\u1ee9 \u0111\u01b0\u1ee3c thi\u1ebft k\u1ebf v\u00e0 c\u00e2n ch\u1ec9nh c\u1ea9n th\u1eadn ngay t\u1eeb khi xu\u1ea5t x\u01b0\u1edfng.","og_url":"https:\/\/www.saigonstereo.com\/home\/san-pham\/mam-than-thorens-td-201\/","og_site_name":"SaigonStereo","article_modified_time":"2019-06-11T07:12:32+00:00","og_image":[{"width":640,"height":640,"url":"https:\/\/www.saigonstereo.com\/home\/wp-content\/uploads\/2019\/06\/SaigonStereo-640x640-Thorens-TD201.png","type":"image\/png"}],"twitter_card":"summary_large_image","twitter_misc":{"\u01af\u1edbc t\u00ednh th\u1eddi gian \u0111\u1ecdc":"2 ph\u00fat"},"schema":{"@context":"https:\/\/schema.org","@graph":[{"@type":"WebPage","@id":"https:\/\/www.saigonstereo.com\/home\/san-pham\/mam-than-thorens-td-201\/","url":"https:\/\/www.saigonstereo.com\/home\/san-pham\/mam-than-thorens-td-201\/","name":"M\u00e2m than Thorens TD 201 - SaigonStereo","isPartOf":{"@id":"https:\/\/www.saigonstereo.com\/home\/#website"},"datePublished":"2019-06-11T04:13:07+00:00","dateModified":"2019-06-11T07:12:32+00:00","description":"M\u00e2m \u0111\u0129a than Thorens TD 201 m\u1edbi l\u00e0 m\u1eabu m\u00e2m ho\u00e0n h\u1ea3o d\u00e0nh cho ng\u01b0\u1eddi m\u1edbi ch\u01a1i \u0111\u0129a than, m\u1ecdi th\u1ee9 \u0111\u01b0\u1ee3c thi\u1ebft k\u1ebf v\u00e0 c\u00e2n ch\u1ec9nh c\u1ea9n th\u1eadn ngay t\u1eeb khi xu\u1ea5t x\u01b0\u1edfng.","breadcrumb":{"@id":"https:\/\/www.saigonstereo.com\/home\/san-pham\/mam-than-thorens-td-201\/#breadcrumb"},"inLanguage":"vi","potentialAction":[{"@type":"ReadAction","target":["https:\/\/www.saigonstereo.com\/home\/san-pham\/mam-than-thorens-td-201\/"]}]},{"@type":"BreadcrumbList","@id":"https:\/\/www.saigonstereo.com\/home\/san-pham\/mam-than-thorens-td-201\/#breadcrumb","itemListElement":[{"@type":"ListItem","position":1,"name":"Home","item":"https:\/\/www.saigonstereo.com\/home\/"},{"@type":"ListItem","position":2,"name":"Products","item":"https:\/\/www.saigonstereo.com\/home\/shop\/"},{"@type":"ListItem","position":3,"name":"M\u00e2m than Thorens TD 201"}]},{"@type":"WebSite","@id":"https:\/\/www.saigonstereo.com\/home\/#website","url":"https:\/\/www.saigonstereo.com\/home\/","name":"SaigonStereo","description":"Nh\u00e0 ph\u00e2n ph\u1ed1i thi\u1ebft b\u1ecb \u00e2m thanh cao c\u1ea5p","potentialAction":[{"@type":"SearchAction","target":{"@type":"EntryPoint","urlTemplate":"https:\/\/www.saigonstereo.com\/home\/?s={search_term_string}"},"query-input":"required name=search_term_string"}],"inLanguage":"vi"}]}},"jetpack_sharing_enabled":true,"_links":{"self":[{"href":"https:\/\/www.saigonstereo.com\/home\/wp-json\/wp\/v2\/product\/40991","targetHints":{"allow":["GET"]}}],"collection":[{"href":"https:\/\/www.saigonstereo.com\/home\/wp-json\/wp\/v2\/product"}],"about":[{"href":"https:\/\/www.saigonstereo.com\/home\/wp-json\/wp\/v2\/types\/product"}],"replies":[{"embeddable":true,"href":"https:\/\/www.saigonstereo.com\/home\/wp-json\/wp\/v2\/comments?post=40991"}],"wp:featuredmedia":[{"embeddable":true,"href":"https:\/\/www.saigonstereo.com\/home\/wp-json\/wp\/v2\/media\/40992"}],"wp:attachment":[{"href":"https:\/\/www.saigonstereo.com\/home\/wp-json\/wp\/v2\/media?parent=40991"}],"wp:term":[{"taxonomy":"product_cat","embeddable":true,"href":"https:\/\/www.saigonstereo.com\/home\/wp-json\/wp\/v2\/product_cat?post=40991"},{"taxonomy":"product_tag","embeddable":true,"href":"https:\/\/www.saigonstereo.com\/home\/wp-json\/wp\/v2\/product_tag?post=40991"}],"curies":[{"name":"wp","href":"https:\/\/api.w.org\/{rel}","templated":true}]}}