{"id":41003,"date":"2019-06-11T14:20:21","date_gmt":"2019-06-11T07:20:21","guid":{"rendered":"https:\/\/www.saigonstereo.com\/home\/?post_type=product&#038;p=41003"},"modified":"2019-06-11T15:00:38","modified_gmt":"2019-06-11T08:00:38","slug":"tam-lot-mam-than-thorens-platter-matt","status":"publish","type":"product","link":"https:\/\/www.saigonstereo.com\/home\/san-pham\/tam-lot-mam-than-thorens-platter-matt\/","title":{"rendered":"T\u1ea5m l\u00f3t m\u00e2m than Thorens Platter Matt"},"content":{"rendered":"<p>T\u1ea5m l\u00f3t m\u00e2m than ch\u00ednh h\u00e3ng mang logo Thorens l\u00e0 ph\u1ee5 ki\u1ec7n l\u00e0m gia t\u0103ng \u0111\u00e1ng k\u1ec3 v\u1ebb th\u1ea9m m\u1ef9 cho h\u1ec7 th\u1ed1ng \u00e2m thanh y\u00eau th\u00edch c\u1ee7a b\u1ea1n.<\/p>\n<p><span class=\"tlid-translation translation\" lang=\"vi\">B\u00ean c\u1ea1nh t\u00e1c d\u1ee5ng gi\u00fap b\u1ea3o v\u1ec7 b\u1ea3n ghi kh\u1ecfi c\u00e1c va ch\u1ea1m v\u1edbi b\u1ec1 m\u1eb7t m\u00e2m xoay, gi\u1ea3m ma s\u00e1t; <\/span><span class=\"tlid-translation translation\" lang=\"vi\">t\u1ea5m l\u00f3t c\u00f2n l\u00e0m h\u1ea5p th\u1ee5 nhi\u1ec5u c\u01a1 h\u1ecdc v\u00e0 ti\u1ebfng \u1ed3n \u0111\u1ed9ng c\u01a1 do m\u00e2m xoay t\u1ea1o ra. \u0110i\u1ec1u n\u00e0y l\u00e0m t\u0103ng \u0111\u00e1ng k\u1ec3 ch\u1ea5t l\u01b0\u1ee3ng \u00e2m thanh \u0111\u1ed3ng th\u1eddi gi\u1ea3m thi\u1ec3u vi sai do t\u1ed1c \u0111\u1ed9 m\u00e2m g\u00e2y ra trong qu\u00e1 tr\u00ecnh ho\u1ea1t \u0111\u1ed9ng.<\/span><\/p>\n<p><a class=\"dt-pswp-item\" href=\"https:\/\/www.saigonstereo.com\/home\/wp-content\/uploads\/2019\/06\/TD-309-Mat-2.png\" data-dt-img-description=\"\" data-large_image_width=\"640\" data-large_image_height=\"480\"><img loading=\"lazy\" decoding=\"async\" class=\"aligncenter size-full wp-image-41007\" src=\"https:\/\/www.saigonstereo.com\/home\/wp-content\/uploads\/2019\/06\/TD-309-Mat-2.png\" alt=\"\" width=\"640\" height=\"480\" \/><\/a><\/p>\n<h3>Th\u00f4ng s\u1ed1 k\u1ef9 thu\u1eadt t\u1ea5m l\u00f3t m\u00e2m than Thorens Platter Matt:<\/h3>\n<ul>\n<li>T\u01b0\u01a1ng th\u00edch: M\u00e2m xoay 12inch<\/li>\n<li>H\u00e3ng s\u1ea3n xu\u1ea5t: <a href=\"https:\/\/thorens.com\/\" target=\"_blank\" rel=\"noopener noreferrer\">Thorens<\/a><\/li>\n<li>S\u1ea3n xu\u1ea5t t\u1ea1i: Trung Qu\u1ed1c<\/li>\n<li>M\u00e0u s\u1eafc: Tr\u1eafng-\u0110\u1ecf \/ \u0110en-\u0110\u1ecf<\/li>\n<\/ul>\n","protected":false},"excerpt":{"rendered":"<p><span class=\"tlid-translation translation\" lang=\"vi\">T\u1ea5m l\u00f3t m\u00e2m than l\u00e0 m\u1ed9t ph\u1ee5 ki\u1ec7n thi\u1ebft y\u1ebfu d\u00e0nh cho ng\u01b0\u1eddi ch\u01a1i \u0111\u0129a than. N\u00f3 \u0111\u01b0\u1ee3c \u0111\u1eb7t gi\u1eefa m\u00e2m xoay (platter) \u0111\u0129a v\u00e0 b\u1ea3n ghi vinyl. T\u1ea5m l\u00f3t m\u00e2m than \u0111\u00f3ng vai tr\u00f2 r\u1ea5t quan tr\u1ecdng trong vi\u1ec7c gi\u1eef cho b\u1ea3n ghi \/ \u0111\u0129a than \u0111\u01b0\u1ee3c \u1ed5n \u0111\u1ecbnh v\u00e0 \u0111\u1ea3m b\u1ea3o chuy\u1ec3n \u0111\u1ed9ng tr\u01a1n tru khi v\u1eadn h\u00e0nh. <\/span><\/p>\n","protected":false},"featured_media":41004,"comment_status":"open","ping_status":"closed","template":"","meta":{"jetpack_post_was_ever_published":false,"jetpack_publicize_message":"","jetpack_is_tweetstorm":false,"jetpack_publicize_feature_enabled":true,"jetpack_social_post_already_shared":true,"jetpack_social_options":[]},"product_cat":[846],"product_tag":[833],"class_list":["post-41003","product","type-product","status-publish","has-post-thumbnail","hentry","product_cat-thorens-day-dan-phu-kien","product_tag-thorens","description-off"],"jetpack_publicize_connections":[],"yoast_head":"<!-- This site is optimized with the Yoast SEO plugin v20.4 - https:\/\/yoast.com\/wordpress\/plugins\/seo\/ -->\n<title>T\u1ea5m l\u00f3t m\u00e2m than Thorens Platter Matt - SaigonStereo<\/title>\n<meta name=\"description\" content=\"T\u1ea5m l\u00f3t m\u00e2m than \u0111\u00f3ng vai tr\u00f2 r\u1ea5t quan tr\u1ecdng trong vi\u1ec7c gi\u1eef cho b\u1ea3n ghi \/ \u0111\u0129a than \u0111\u01b0\u1ee3c \u1ed5n \u0111\u1ecbnh v\u00e0 \u0111\u1ea3m b\u1ea3o chuy\u1ec3n \u0111\u1ed9ng tr\u01a1n tru khi v\u1eadn h\u00e0nh.\" \/>\n<meta name=\"robots\" content=\"index, follow, max-snippet:-1, max-image-preview:large, max-video-preview:-1\" \/>\n<link rel=\"canonical\" href=\"https:\/\/www.saigonstereo.com\/home\/san-pham\/tam-lot-mam-than-thorens-platter-matt\/\" \/>\n<meta property=\"og:locale\" content=\"vi_VN\" \/>\n<meta property=\"og:type\" content=\"article\" \/>\n<meta property=\"og:title\" content=\"T\u1ea5m l\u00f3t m\u00e2m than Thorens Platter Matt - SaigonStereo\" \/>\n<meta property=\"og:description\" content=\"T\u1ea5m l\u00f3t m\u00e2m than \u0111\u00f3ng vai tr\u00f2 r\u1ea5t quan tr\u1ecdng trong vi\u1ec7c gi\u1eef cho b\u1ea3n ghi \/ \u0111\u0129a than \u0111\u01b0\u1ee3c \u1ed5n \u0111\u1ecbnh v\u00e0 \u0111\u1ea3m b\u1ea3o chuy\u1ec3n \u0111\u1ed9ng tr\u01a1n tru khi v\u1eadn h\u00e0nh.\" \/>\n<meta property=\"og:url\" content=\"https:\/\/www.saigonstereo.com\/home\/san-pham\/tam-lot-mam-than-thorens-platter-matt\/\" \/>\n<meta property=\"og:site_name\" content=\"SaigonStereo\" \/>\n<meta property=\"article:modified_time\" content=\"2019-06-11T08:00:38+00:00\" \/>\n<meta property=\"og:image\" content=\"https:\/\/www.saigonstereo.com\/home\/wp-content\/uploads\/2019\/06\/SaigonStereo-640x640-Thorens-TamLot.png\" \/>\n\t<meta property=\"og:image:width\" content=\"640\" \/>\n\t<meta property=\"og:image:height\" content=\"640\" \/>\n\t<meta property=\"og:image:type\" content=\"image\/png\" \/>\n<meta name=\"twitter:card\" content=\"summary_large_image\" \/>\n<meta name=\"twitter:label1\" content=\"\u01af\u1edbc t\u00ednh th\u1eddi gian \u0111\u1ecdc\" \/>\n\t<meta name=\"twitter:data1\" content=\"1 ph\u00fat\" \/>\n<script type=\"application\/ld+json\" class=\"yoast-schema-graph\">{\"@context\":\"https:\/\/schema.org\",\"@graph\":[{\"@type\":\"WebPage\",\"@id\":\"https:\/\/www.saigonstereo.com\/home\/san-pham\/tam-lot-mam-than-thorens-platter-matt\/\",\"url\":\"https:\/\/www.saigonstereo.com\/home\/san-pham\/tam-lot-mam-than-thorens-platter-matt\/\",\"name\":\"T\u1ea5m l\u00f3t m\u00e2m than Thorens Platter Matt - SaigonStereo\",\"isPartOf\":{\"@id\":\"https:\/\/www.saigonstereo.com\/home\/#website\"},\"datePublished\":\"2019-06-11T07:20:21+00:00\",\"dateModified\":\"2019-06-11T08:00:38+00:00\",\"description\":\"T\u1ea5m l\u00f3t m\u00e2m than \u0111\u00f3ng vai tr\u00f2 r\u1ea5t quan tr\u1ecdng trong vi\u1ec7c gi\u1eef cho b\u1ea3n ghi \/ \u0111\u0129a than \u0111\u01b0\u1ee3c \u1ed5n \u0111\u1ecbnh v\u00e0 \u0111\u1ea3m b\u1ea3o chuy\u1ec3n \u0111\u1ed9ng tr\u01a1n tru khi v\u1eadn h\u00e0nh.\",\"breadcrumb\":{\"@id\":\"https:\/\/www.saigonstereo.com\/home\/san-pham\/tam-lot-mam-than-thorens-platter-matt\/#breadcrumb\"},\"inLanguage\":\"vi\",\"potentialAction\":[{\"@type\":\"ReadAction\",\"target\":[\"https:\/\/www.saigonstereo.com\/home\/san-pham\/tam-lot-mam-than-thorens-platter-matt\/\"]}]},{\"@type\":\"BreadcrumbList\",\"@id\":\"https:\/\/www.saigonstereo.com\/home\/san-pham\/tam-lot-mam-than-thorens-platter-matt\/#breadcrumb\",\"itemListElement\":[{\"@type\":\"ListItem\",\"position\":1,\"name\":\"Home\",\"item\":\"https:\/\/www.saigonstereo.com\/home\/\"},{\"@type\":\"ListItem\",\"position\":2,\"name\":\"Products\",\"item\":\"https:\/\/www.saigonstereo.com\/home\/shop\/\"},{\"@type\":\"ListItem\",\"position\":3,\"name\":\"T\u1ea5m l\u00f3t m\u00e2m than Thorens Platter Matt\"}]},{\"@type\":\"WebSite\",\"@id\":\"https:\/\/www.saigonstereo.com\/home\/#website\",\"url\":\"https:\/\/www.saigonstereo.com\/home\/\",\"name\":\"SaigonStereo\",\"description\":\"Nh\u00e0 ph\u00e2n ph\u1ed1i thi\u1ebft b\u1ecb \u00e2m thanh cao c\u1ea5p\",\"potentialAction\":[{\"@type\":\"SearchAction\",\"target\":{\"@type\":\"EntryPoint\",\"urlTemplate\":\"https:\/\/www.saigonstereo.com\/home\/?s={search_term_string}\"},\"query-input\":\"required name=search_term_string\"}],\"inLanguage\":\"vi\"}]}<\/script>\n<!-- \/ Yoast SEO plugin. -->","yoast_head_json":{"title":"T\u1ea5m l\u00f3t m\u00e2m than Thorens Platter Matt - SaigonStereo","description":"T\u1ea5m l\u00f3t m\u00e2m than \u0111\u00f3ng vai tr\u00f2 r\u1ea5t quan tr\u1ecdng trong vi\u1ec7c gi\u1eef cho b\u1ea3n ghi \/ \u0111\u0129a than \u0111\u01b0\u1ee3c \u1ed5n \u0111\u1ecbnh v\u00e0 \u0111\u1ea3m b\u1ea3o chuy\u1ec3n \u0111\u1ed9ng tr\u01a1n tru khi v\u1eadn h\u00e0nh.","robots":{"index":"index","follow":"follow","max-snippet":"max-snippet:-1","max-image-preview":"max-image-preview:large","max-video-preview":"max-video-preview:-1"},"canonical":"https:\/\/www.saigonstereo.com\/home\/san-pham\/tam-lot-mam-than-thorens-platter-matt\/","og_locale":"vi_VN","og_type":"article","og_title":"T\u1ea5m l\u00f3t m\u00e2m than Thorens Platter Matt - SaigonStereo","og_description":"T\u1ea5m l\u00f3t m\u00e2m than \u0111\u00f3ng vai tr\u00f2 r\u1ea5t quan tr\u1ecdng trong vi\u1ec7c gi\u1eef cho b\u1ea3n ghi \/ \u0111\u0129a than \u0111\u01b0\u1ee3c \u1ed5n \u0111\u1ecbnh v\u00e0 \u0111\u1ea3m b\u1ea3o chuy\u1ec3n \u0111\u1ed9ng tr\u01a1n tru khi v\u1eadn h\u00e0nh.","og_url":"https:\/\/www.saigonstereo.com\/home\/san-pham\/tam-lot-mam-than-thorens-platter-matt\/","og_site_name":"SaigonStereo","article_modified_time":"2019-06-11T08:00:38+00:00","og_image":[{"width":640,"height":640,"url":"https:\/\/www.saigonstereo.com\/home\/wp-content\/uploads\/2019\/06\/SaigonStereo-640x640-Thorens-TamLot.png","type":"image\/png"}],"twitter_card":"summary_large_image","twitter_misc":{"\u01af\u1edbc t\u00ednh th\u1eddi gian \u0111\u1ecdc":"1 ph\u00fat"},"schema":{"@context":"https:\/\/schema.org","@graph":[{"@type":"WebPage","@id":"https:\/\/www.saigonstereo.com\/home\/san-pham\/tam-lot-mam-than-thorens-platter-matt\/","url":"https:\/\/www.saigonstereo.com\/home\/san-pham\/tam-lot-mam-than-thorens-platter-matt\/","name":"T\u1ea5m l\u00f3t m\u00e2m than Thorens Platter Matt - SaigonStereo","isPartOf":{"@id":"https:\/\/www.saigonstereo.com\/home\/#website"},"datePublished":"2019-06-11T07:20:21+00:00","dateModified":"2019-06-11T08:00:38+00:00","description":"T\u1ea5m l\u00f3t m\u00e2m than \u0111\u00f3ng vai tr\u00f2 r\u1ea5t quan tr\u1ecdng trong vi\u1ec7c gi\u1eef cho b\u1ea3n ghi \/ \u0111\u0129a than \u0111\u01b0\u1ee3c \u1ed5n \u0111\u1ecbnh v\u00e0 \u0111\u1ea3m b\u1ea3o chuy\u1ec3n \u0111\u1ed9ng tr\u01a1n tru khi v\u1eadn h\u00e0nh.","breadcrumb":{"@id":"https:\/\/www.saigonstereo.com\/home\/san-pham\/tam-lot-mam-than-thorens-platter-matt\/#breadcrumb"},"inLanguage":"vi","potentialAction":[{"@type":"ReadAction","target":["https:\/\/www.saigonstereo.com\/home\/san-pham\/tam-lot-mam-than-thorens-platter-matt\/"]}]},{"@type":"BreadcrumbList","@id":"https:\/\/www.saigonstereo.com\/home\/san-pham\/tam-lot-mam-than-thorens-platter-matt\/#breadcrumb","itemListElement":[{"@type":"ListItem","position":1,"name":"Home","item":"https:\/\/www.saigonstereo.com\/home\/"},{"@type":"ListItem","position":2,"name":"Products","item":"https:\/\/www.saigonstereo.com\/home\/shop\/"},{"@type":"ListItem","position":3,"name":"T\u1ea5m l\u00f3t m\u00e2m than Thorens Platter Matt"}]},{"@type":"WebSite","@id":"https:\/\/www.saigonstereo.com\/home\/#website","url":"https:\/\/www.saigonstereo.com\/home\/","name":"SaigonStereo","description":"Nh\u00e0 ph\u00e2n ph\u1ed1i thi\u1ebft b\u1ecb \u00e2m thanh cao c\u1ea5p","potentialAction":[{"@type":"SearchAction","target":{"@type":"EntryPoint","urlTemplate":"https:\/\/www.saigonstereo.com\/home\/?s={search_term_string}"},"query-input":"required name=search_term_string"}],"inLanguage":"vi"}]}},"jetpack_sharing_enabled":true,"_links":{"self":[{"href":"https:\/\/www.saigonstereo.com\/home\/wp-json\/wp\/v2\/product\/41003","targetHints":{"allow":["GET"]}}],"collection":[{"href":"https:\/\/www.saigonstereo.com\/home\/wp-json\/wp\/v2\/product"}],"about":[{"href":"https:\/\/www.saigonstereo.com\/home\/wp-json\/wp\/v2\/types\/product"}],"replies":[{"embeddable":true,"href":"https:\/\/www.saigonstereo.com\/home\/wp-json\/wp\/v2\/comments?post=41003"}],"wp:featuredmedia":[{"embeddable":true,"href":"https:\/\/www.saigonstereo.com\/home\/wp-json\/wp\/v2\/media\/41004"}],"wp:attachment":[{"href":"https:\/\/www.saigonstereo.com\/home\/wp-json\/wp\/v2\/media?parent=41003"}],"wp:term":[{"taxonomy":"product_cat","embeddable":true,"href":"https:\/\/www.saigonstereo.com\/home\/wp-json\/wp\/v2\/product_cat?post=41003"},{"taxonomy":"product_tag","embeddable":true,"href":"https:\/\/www.saigonstereo.com\/home\/wp-json\/wp\/v2\/product_tag?post=41003"}],"curies":[{"name":"wp","href":"https:\/\/api.w.org\/{rel}","templated":true}]}}