{"id":41154,"date":"2015-08-12T15:33:55","date_gmt":"2015-08-12T08:33:55","guid":{"rendered":"https:\/\/www.saigonstereo.com\/home\/?post_type=product&#038;p=41154"},"modified":"2021-06-10T10:18:19","modified_gmt":"2021-06-10T03:18:19","slug":"hang-thanh-ly-processor-xem-phim-arcam-av888","status":"publish","type":"product","link":"https:\/\/www.saigonstereo.com\/home\/san-pham\/hang-thanh-ly-processor-xem-phim-arcam-av888\/","title":{"rendered":"[H\u00e0ng thanh l\u00fd] Processor xem phim Arcam AV888"},"content":{"rendered":"<p>Nh\u1edd s\u1eed d\u1ee5ng nh\u1eefng c\u00f4ng ngh\u1ec7 &amp; k\u1ef9 thu\u1eadt m\u1edbi nh\u1ea5t trong l\u0129nh v\u1ef1c \u00e2m thanh 2 k\u00eanh stereo chu\u1ea9n audiophile, processor Arcam AV888 nhanh ch\u00f3ng tr\u1edf th\u00e0nh thi\u1ebft b\u1ecb xem phim ch\u1ea5t l\u01b0\u1ee3ng t\u1ed1t nh\u1ea5t v\u00e0o th\u1eddi \u0111i\u1ec3m ra m\u1eaft k\u1ec3 c\u1ea3 \u1edf l\u0129nh v\u1ef1c h\u00ecnh \u1ea3nh l\u1eabn \u00e2m thanh.<\/p>\n<p>Nh\u1eefng s\u1ea3n ph\u1ea9m \u0111\u1ea7u ti\u00ean nh\u01b0 b\u1ed9 processor AV8 v\u00e0 AV9 AV ngay khi ra m\u1eaft \u0111\u00e3 \u0111\u01b0\u1ee3c \u0111\u00f3n nh\u1eadn n\u1ed3ng nhi\u1ec7t v\u00e0 nh\u1eadn \u0111\u01b0\u1ee3c r\u1ea5t nhi\u1ec1u c\u00e1c gi\u1ea3i th\u01b0\u1edfng t\u1eeb kh\u1eafp n\u01a1i tr\u00ean th\u1ebf gi\u1edbi.<\/p>\n<p>Chip gi\u1ea3i m\u00e3 t\u00edn hi\u1ec7u Wolfson 8741 \u0111\u01b0\u1ee3c trang b\u1ecb tr\u00ean c\u1ea3 8 \u0111\u01b0\u1eddng t\u00edn hi\u1ec7u, gi\u00fap Arcam AV888 c\u00f3 kh\u1ea3 n\u0103ng gi\u1ea3i m\u00e3 \u00e2m thanh ch\u1ea5t l\u01b0\u1ee3ng c\u1ef1c cao. Individual, multi-regulated power supplies feed all critical audio stages with studio grade Burr Brown DRV134 balanced line drivers used for balanced audio outputs to drive longer cable runs or active speaker configurations with extreme fidelity.<\/p>\n<p>To help eliminate the large volume jumps often found in broadcast TV sound user selectable Dolby Volume* processing is included, a world\u2019s first for an AV processor. In addition Dolby Volume includes programme dependant tonal correction to deliver a richer, more realistic sound experience at low listening levels.<\/p>\n<p>The AV888s internal video processing delivers sublime video using broadcast quality scaling and frame rate conversion from Pixelworks. Up-conversion of all video inputs to HDMI output at all commonly used standard or high definition resolutions is possible making system integration a simple affair. Full RS232 and IR connectivity is deployed along with a dedicated interface for control and audiophile playback of iPods using the irDock or rLead.<\/p>\n<p>Arcam\u2019s world wide reputation for sound quality has come from over thirty years of experience and legendary attention to detail. All of this experience has been brought to bear in the development of the AV888 and as a result its sound quality is simply world-class. No matter what the program material, from the most explosive block blockbuster action to the most subtle musical detail, the AV888 will delivers simply breathtaking performance.<\/p>\n<h2 style=\"font-weight: 300; color: #888d90;\">Th\u00f4ng s\u1ed1 k\u1ef9 thu\u1eadt Processor Arcam AV888:<\/h2>\n<div class=\"cols colsThird\">\n<div class=\"col\">\n<p><strong>Analogue Audio<\/strong><\/p>\n<ul>\n<li>Audiophile quality components for best sound quality<\/li>\n<li>Multi-channel 7.1 analogue input for DVD-A or SACD sources<\/li>\n<li>Stereo direct mode bypasses and disables all digital processing for 2 channel analogue sources<\/li>\n<li>9 stereo analogue inputs (including one MM phono input &amp; front 3.5mm AUX input)<\/li>\n<li>Zone 2 stereo audio, from analogue inputs (Source and volume control independent from main zone)<\/li>\n<li>Zone 3 stereo audio, from analogue inputs, linked to Zone 2, volume control independent<\/li>\n<li>Support for iPod via Arcam rLead \/ rDock (independent of RS232 connection)<\/li>\n<\/ul>\n<p><strong>Digital Audio<\/strong><\/p>\n<ul>\n<li>State of the art Analog Devices ADSP-21366 &amp; ADSP-21367 DSPs for surround decoding<\/li>\n<li>Wolfson 8741 high end 24bit 192kHz audio DACs<\/li>\n<li>Crystal Semiconductor stereo ADC and precision electronic volume controls<\/li>\n<li>Burr Brown DRV134 Balanced line drivers<\/li>\n<li>Dolby TrueHD, Dolby Digital+, Dolby Digital EX, Dolby Pro Logic IIx, DTS-HD Master Audio*<\/li>\n<li>DTS High Resolution Audio, DTS-ES Discrete, DTS-ES Matrix, DTS96\/24, DTS Neo:6**<\/li>\n<li>Dolby Volume gain management and Tonal correction processing*<\/li>\n<li>Dolby Volume processing for balancing of program material gain and tonal balance<\/li>\n<li>Adjustable crossover switching 40Hz, 60Hz, 80Hz, 100Hz, 120Hz, 150Hz<\/li>\n<li>8 digital inputs 4 rear optical, 3 co-axial, 1 front 3.5mm optical AUX input<\/li>\n<li>Global audio delay, adjustable from 0-1000 milliseconds, to compensate for video processing delays in digital displays and sources with auto lip-sync for compatible displays<\/li>\n<\/ul>\n<p><strong>Video<\/strong><\/p>\n<ul>\n<li>5 HDMI inputs (up to 1080p, Deep Colour)<\/li>\n<li>2 HDMI outputs (up to 1080p, Deep Colour)<\/li>\n<li>5 Component inputs, one monitor output (up to 1080i)<\/li>\n<li>5 S-video inputs, one monitor output, 2 tape outputs<\/li>\n<li>5 Composite video inputs, one monitor output, 2 tape outputs<\/li>\n<li>Full video up\/down conversion &amp; frame rate conversion of all inputs where technically allowed<\/li>\n<li>Video enhancements (per input): Edge enhancement, Mosquito noise reduction, Random noise reduction, Block noise reduction<\/li>\n<\/ul>\n<p><strong>Custom Install Features<\/strong><\/p>\n<ul>\n<li>Independent Zone 2 (audio &amp; video), with fixed\/variable volume<\/li>\n<li>Zone 3 audio with fixed\/variable volume (follows Zone 2)<\/li>\n<li>Balanced audio outputs (XLR) for long cables or active speakers<\/li>\n<li>RC-5 remote input jacks for all three zones<\/li>\n<li>IR pass through for source components<\/li>\n<li>Full suite of discrete IR RC-5 codes, including separate on \/ off etc<\/li>\n<li>12Volt triggers, on \/ off for zones 1, 2 and 3<\/li>\n<li>Full duplex RS232 control input for more complex control systems<\/li>\n<li>Audio streaming and Internet radio via Ethernet port<\/li>\n<\/ul>\n<p><strong>General<\/strong><\/p>\n<ul>\n<li>Supplied with back-lit CR102 learning remote<\/li>\n<li>control with support for up to 7 other components and a huge on-board code library<\/li>\n<li>Large, high contrast dimmable VFD front panel display<\/li>\n<li>User switchable between 120 &amp; 230 volt<\/li>\n<li>mains supplies<\/li>\n<li>Size \u2013 435mm (17.1in) wide, 415mm (16.3in)<\/li>\n<li>deep, 185mm (7.3in) high<\/li>\n<li>Weight 12kg (26.5lbs) nett, 17kg (37.5lbs) packed<\/li>\n<\/ul>\n<\/div>\n<\/div>\n<p>&nbsp;<\/p>\n","protected":false},"excerpt":{"rendered":"<div>T\u1eeb nh\u1eefng n\u0103m 1990\u2019s, Arcam \u0111\u00e3 tham gia v\u00e0o l\u0129nh v\u1ef1c \u00e2m thanh cao c\u1ea5p d\u00e0nh cho c\u00e1c h\u1ec7 th\u1ed1ng xem phim home cinema. Nh\u1edd s\u1eed d\u1ee5ng nh\u1eefng c\u00f4ng ngh\u1ec7 &amp; k\u1ef9 thu\u1eadt m\u1edbi nh\u1ea5t trong l\u0129nh v\u1ef1c \u00e2m thanh 2 k\u00eanh stereo chu\u1ea9n audiophile, Arcam \u0111\u00e3 n\u00e2ng c\u00e1c ti\u1ebft b\u1ecb xem phim l\u00ean m\u1ed9t t\u1ea7m cao m\u1edbi.<\/div>\n<div class=\"woocommerce-product-details__short-description\"><\/div>\n","protected":false},"featured_media":41155,"comment_status":"open","ping_status":"closed","template":"","meta":{"jetpack_post_was_ever_published":false,"jetpack_publicize_message":"","jetpack_is_tweetstorm":false,"jetpack_publicize_feature_enabled":true,"jetpack_social_post_already_shared":true,"jetpack_social_options":[]},"product_cat":[1039],"product_tag":[90,1020],"class_list":["post-41154","product","type-product","status-publish","has-post-thumbnail","hentry","product_cat-may-thanh-ly","product_tag-arcam-dac","product_tag-av888","description-off"],"jetpack_publicize_connections":[],"yoast_head":"<!-- This site is optimized with the Yoast SEO plugin v20.4 - https:\/\/yoast.com\/wordpress\/plugins\/seo\/ -->\n<title>[H\u00e0ng thanh l\u00fd] Processor xem phim Arcam AV888 - SaigonStereo<\/title>\n<meta name=\"description\" content=\"Nh\u1edd s\u1eed d\u1ee5ng nh\u1eefng c\u00f4ng ngh\u1ec7 &amp; k\u1ef9 thu\u1eadt m\u1edbi nh\u1ea5t trong l\u0129nh v\u1ef1c \u00e2m thanh 2 k\u00eanh stereo chu\u1ea9n audiophile, processor Arcam AV888 nhanh ch\u00f3ng tr\u1edf th\u00e0nh thi\u1ebft b\u1ecb\" \/>\n<meta name=\"robots\" content=\"index, follow, max-snippet:-1, max-image-preview:large, max-video-preview:-1\" \/>\n<link rel=\"canonical\" href=\"https:\/\/www.saigonstereo.com\/home\/san-pham\/hang-thanh-ly-processor-xem-phim-arcam-av888\/\" \/>\n<meta property=\"og:locale\" content=\"vi_VN\" \/>\n<meta property=\"og:type\" content=\"article\" \/>\n<meta property=\"og:title\" content=\"[H\u00e0ng thanh l\u00fd] Processor xem phim Arcam AV888 - SaigonStereo\" \/>\n<meta property=\"og:description\" content=\"Nh\u1edd s\u1eed d\u1ee5ng nh\u1eefng c\u00f4ng ngh\u1ec7 &amp; k\u1ef9 thu\u1eadt m\u1edbi nh\u1ea5t trong l\u0129nh v\u1ef1c \u00e2m thanh 2 k\u00eanh stereo chu\u1ea9n audiophile, processor Arcam AV888 nhanh ch\u00f3ng tr\u1edf th\u00e0nh thi\u1ebft b\u1ecb\" \/>\n<meta property=\"og:url\" content=\"https:\/\/www.saigonstereo.com\/home\/san-pham\/hang-thanh-ly-processor-xem-phim-arcam-av888\/\" \/>\n<meta property=\"og:site_name\" content=\"SaigonStereo\" \/>\n<meta property=\"article:modified_time\" content=\"2021-06-10T03:18:19+00:00\" \/>\n<meta property=\"og:image\" content=\"https:\/\/www.saigonstereo.com\/home\/wp-content\/uploads\/2019\/08\/SaigonStereo-640x640-Arcam-AV888.png\" \/>\n\t<meta property=\"og:image:width\" content=\"640\" \/>\n\t<meta property=\"og:image:height\" content=\"640\" \/>\n\t<meta property=\"og:image:type\" content=\"image\/png\" \/>\n<meta name=\"twitter:card\" content=\"summary_large_image\" \/>\n<meta name=\"twitter:label1\" content=\"\u01af\u1edbc t\u00ednh th\u1eddi gian \u0111\u1ecdc\" \/>\n\t<meta name=\"twitter:data1\" content=\"4 ph\u00fat\" \/>\n<script type=\"application\/ld+json\" class=\"yoast-schema-graph\">{\"@context\":\"https:\/\/schema.org\",\"@graph\":[{\"@type\":\"WebPage\",\"@id\":\"https:\/\/www.saigonstereo.com\/home\/san-pham\/hang-thanh-ly-processor-xem-phim-arcam-av888\/\",\"url\":\"https:\/\/www.saigonstereo.com\/home\/san-pham\/hang-thanh-ly-processor-xem-phim-arcam-av888\/\",\"name\":\"[H\u00e0ng thanh l\u00fd] Processor xem phim Arcam AV888 - SaigonStereo\",\"isPartOf\":{\"@id\":\"https:\/\/www.saigonstereo.com\/home\/#website\"},\"datePublished\":\"2015-08-12T08:33:55+00:00\",\"dateModified\":\"2021-06-10T03:18:19+00:00\",\"description\":\"Nh\u1edd s\u1eed d\u1ee5ng nh\u1eefng c\u00f4ng ngh\u1ec7 & k\u1ef9 thu\u1eadt m\u1edbi nh\u1ea5t trong l\u0129nh v\u1ef1c \u00e2m thanh 2 k\u00eanh stereo chu\u1ea9n audiophile, processor Arcam AV888 nhanh ch\u00f3ng tr\u1edf th\u00e0nh thi\u1ebft b\u1ecb\",\"breadcrumb\":{\"@id\":\"https:\/\/www.saigonstereo.com\/home\/san-pham\/hang-thanh-ly-processor-xem-phim-arcam-av888\/#breadcrumb\"},\"inLanguage\":\"vi\",\"potentialAction\":[{\"@type\":\"ReadAction\",\"target\":[\"https:\/\/www.saigonstereo.com\/home\/san-pham\/hang-thanh-ly-processor-xem-phim-arcam-av888\/\"]}]},{\"@type\":\"BreadcrumbList\",\"@id\":\"https:\/\/www.saigonstereo.com\/home\/san-pham\/hang-thanh-ly-processor-xem-phim-arcam-av888\/#breadcrumb\",\"itemListElement\":[{\"@type\":\"ListItem\",\"position\":1,\"name\":\"Home\",\"item\":\"https:\/\/www.saigonstereo.com\/home\/\"},{\"@type\":\"ListItem\",\"position\":2,\"name\":\"Products\",\"item\":\"https:\/\/www.saigonstereo.com\/home\/shop\/\"},{\"@type\":\"ListItem\",\"position\":3,\"name\":\"[H\u00e0ng thanh l\u00fd] Processor xem phim Arcam AV888\"}]},{\"@type\":\"WebSite\",\"@id\":\"https:\/\/www.saigonstereo.com\/home\/#website\",\"url\":\"https:\/\/www.saigonstereo.com\/home\/\",\"name\":\"SaigonStereo\",\"description\":\"Nh\u00e0 ph\u00e2n ph\u1ed1i thi\u1ebft b\u1ecb \u00e2m thanh cao c\u1ea5p\",\"potentialAction\":[{\"@type\":\"SearchAction\",\"target\":{\"@type\":\"EntryPoint\",\"urlTemplate\":\"https:\/\/www.saigonstereo.com\/home\/?s={search_term_string}\"},\"query-input\":\"required name=search_term_string\"}],\"inLanguage\":\"vi\"}]}<\/script>\n<!-- \/ Yoast SEO plugin. -->","yoast_head_json":{"title":"[H\u00e0ng thanh l\u00fd] Processor xem phim Arcam AV888 - SaigonStereo","description":"Nh\u1edd s\u1eed d\u1ee5ng nh\u1eefng c\u00f4ng ngh\u1ec7 & k\u1ef9 thu\u1eadt m\u1edbi nh\u1ea5t trong l\u0129nh v\u1ef1c \u00e2m thanh 2 k\u00eanh stereo chu\u1ea9n audiophile, processor Arcam AV888 nhanh ch\u00f3ng tr\u1edf th\u00e0nh thi\u1ebft b\u1ecb","robots":{"index":"index","follow":"follow","max-snippet":"max-snippet:-1","max-image-preview":"max-image-preview:large","max-video-preview":"max-video-preview:-1"},"canonical":"https:\/\/www.saigonstereo.com\/home\/san-pham\/hang-thanh-ly-processor-xem-phim-arcam-av888\/","og_locale":"vi_VN","og_type":"article","og_title":"[H\u00e0ng thanh l\u00fd] Processor xem phim Arcam AV888 - SaigonStereo","og_description":"Nh\u1edd s\u1eed d\u1ee5ng nh\u1eefng c\u00f4ng ngh\u1ec7 & k\u1ef9 thu\u1eadt m\u1edbi nh\u1ea5t trong l\u0129nh v\u1ef1c \u00e2m thanh 2 k\u00eanh stereo chu\u1ea9n audiophile, processor Arcam AV888 nhanh ch\u00f3ng tr\u1edf th\u00e0nh thi\u1ebft b\u1ecb","og_url":"https:\/\/www.saigonstereo.com\/home\/san-pham\/hang-thanh-ly-processor-xem-phim-arcam-av888\/","og_site_name":"SaigonStereo","article_modified_time":"2021-06-10T03:18:19+00:00","og_image":[{"width":640,"height":640,"url":"https:\/\/www.saigonstereo.com\/home\/wp-content\/uploads\/2019\/08\/SaigonStereo-640x640-Arcam-AV888.png","type":"image\/png"}],"twitter_card":"summary_large_image","twitter_misc":{"\u01af\u1edbc t\u00ednh th\u1eddi gian \u0111\u1ecdc":"4 ph\u00fat"},"schema":{"@context":"https:\/\/schema.org","@graph":[{"@type":"WebPage","@id":"https:\/\/www.saigonstereo.com\/home\/san-pham\/hang-thanh-ly-processor-xem-phim-arcam-av888\/","url":"https:\/\/www.saigonstereo.com\/home\/san-pham\/hang-thanh-ly-processor-xem-phim-arcam-av888\/","name":"[H\u00e0ng thanh l\u00fd] Processor xem phim Arcam AV888 - SaigonStereo","isPartOf":{"@id":"https:\/\/www.saigonstereo.com\/home\/#website"},"datePublished":"2015-08-12T08:33:55+00:00","dateModified":"2021-06-10T03:18:19+00:00","description":"Nh\u1edd s\u1eed d\u1ee5ng nh\u1eefng c\u00f4ng ngh\u1ec7 & k\u1ef9 thu\u1eadt m\u1edbi nh\u1ea5t trong l\u0129nh v\u1ef1c \u00e2m thanh 2 k\u00eanh stereo chu\u1ea9n audiophile, processor Arcam AV888 nhanh ch\u00f3ng tr\u1edf th\u00e0nh thi\u1ebft b\u1ecb","breadcrumb":{"@id":"https:\/\/www.saigonstereo.com\/home\/san-pham\/hang-thanh-ly-processor-xem-phim-arcam-av888\/#breadcrumb"},"inLanguage":"vi","potentialAction":[{"@type":"ReadAction","target":["https:\/\/www.saigonstereo.com\/home\/san-pham\/hang-thanh-ly-processor-xem-phim-arcam-av888\/"]}]},{"@type":"BreadcrumbList","@id":"https:\/\/www.saigonstereo.com\/home\/san-pham\/hang-thanh-ly-processor-xem-phim-arcam-av888\/#breadcrumb","itemListElement":[{"@type":"ListItem","position":1,"name":"Home","item":"https:\/\/www.saigonstereo.com\/home\/"},{"@type":"ListItem","position":2,"name":"Products","item":"https:\/\/www.saigonstereo.com\/home\/shop\/"},{"@type":"ListItem","position":3,"name":"[H\u00e0ng thanh l\u00fd] Processor xem phim Arcam AV888"}]},{"@type":"WebSite","@id":"https:\/\/www.saigonstereo.com\/home\/#website","url":"https:\/\/www.saigonstereo.com\/home\/","name":"SaigonStereo","description":"Nh\u00e0 ph\u00e2n ph\u1ed1i thi\u1ebft b\u1ecb \u00e2m thanh cao c\u1ea5p","potentialAction":[{"@type":"SearchAction","target":{"@type":"EntryPoint","urlTemplate":"https:\/\/www.saigonstereo.com\/home\/?s={search_term_string}"},"query-input":"required name=search_term_string"}],"inLanguage":"vi"}]}},"jetpack_sharing_enabled":true,"_links":{"self":[{"href":"https:\/\/www.saigonstereo.com\/home\/wp-json\/wp\/v2\/product\/41154","targetHints":{"allow":["GET"]}}],"collection":[{"href":"https:\/\/www.saigonstereo.com\/home\/wp-json\/wp\/v2\/product"}],"about":[{"href":"https:\/\/www.saigonstereo.com\/home\/wp-json\/wp\/v2\/types\/product"}],"replies":[{"embeddable":true,"href":"https:\/\/www.saigonstereo.com\/home\/wp-json\/wp\/v2\/comments?post=41154"}],"wp:featuredmedia":[{"embeddable":true,"href":"https:\/\/www.saigonstereo.com\/home\/wp-json\/wp\/v2\/media\/41155"}],"wp:attachment":[{"href":"https:\/\/www.saigonstereo.com\/home\/wp-json\/wp\/v2\/media?parent=41154"}],"wp:term":[{"taxonomy":"product_cat","embeddable":true,"href":"https:\/\/www.saigonstereo.com\/home\/wp-json\/wp\/v2\/product_cat?post=41154"},{"taxonomy":"product_tag","embeddable":true,"href":"https:\/\/www.saigonstereo.com\/home\/wp-json\/wp\/v2\/product_tag?post=41154"}],"curies":[{"name":"wp","href":"https:\/\/api.w.org\/{rel}","templated":true}]}}