{"id":41183,"date":"2019-08-16T14:40:17","date_gmt":"2019-08-16T07:40:17","guid":{"rendered":"https:\/\/www.saigonstereo.com\/home\/?post_type=product&#038;p=41183"},"modified":"2019-10-10T15:35:26","modified_gmt":"2019-10-10T08:35:26","slug":"bo-nhan-tin-hieu-khong-day-elac-discovery-connect-ds-c101w-g","status":"publish","type":"product","link":"https:\/\/www.saigonstereo.com\/home\/san-pham\/bo-nhan-tin-hieu-khong-day-elac-discovery-connect-ds-c101w-g\/","title":{"rendered":"B\u1ed9 nh\u1eadn t\u00edn hi\u1ec7u kh\u00f4ng d\u00e2y Elac Discovery Connect DS-C101W-G"},"content":{"rendered":"<p>N\u00f3i m\u1ed9t c\u00e1ch \u0111\u01a1n gi\u1ea3n, n\u1ebfu b\u1ea1n mu\u1ed1n &#8220;b\u1eafn&#8221; nh\u1ea1c kh\u00f4ng d\u00e2y qua Bluetooth, Airplay, Spotify Connect \u0111\u1ebfn d\u00e0n \u00e2m thanh hi\u1ec7n h\u1eefu v\u1edbi ch\u1ea5t l\u01b0\u1ee3ng \u00e2m thanh chu\u1ea9n audiophile; Discovery Connect ch\u00ednh x\u00e1c l\u00e0 th\u1ee9 b\u1ea1n c\u1ea7n t\u00ecm. Kh\u00f4ng d\u1eebng l\u1ea1i \u1edf \u0111\u00f3, Discovery Connect c\u00f2n l\u00e0 m\u1ed9t s\u1ef1 b\u1ed5 sung ho\u00e0n h\u1ea3o cho h\u1ec7 th\u1ed1ng \u0111a v\u00f9ng \u0111i\u1ec1u khi\u1ec3n b\u1edfi Discovery Music Server c\u1ee7a ELAC v\u00e0 t\u1ea5t c\u1ea3 c\u00e1c h\u1ec7 s\u1ea3n ph\u1ea9m kh\u00e1c s\u1eed d\u1ee5ng chung n\u1ec1n t\u1ea3ng Roon-Based.<\/p>\n<p><a class=\"dt-pswp-item\" href=\"https:\/\/www.saigonstereo.com\/home\/wp-content\/uploads\/2019\/08\/Discovery-Connect-x1.png\" data-dt-img-description=\"\" data-large_image_width=\"1500\" data-large_image_height=\"800\"><img loading=\"lazy\" decoding=\"async\" class=\"aligncenter size-full wp-image-41191\" src=\"https:\/\/www.saigonstereo.com\/home\/wp-content\/uploads\/2019\/08\/Discovery-Connect-x1.png\" alt=\"\" width=\"1500\" height=\"800\" \/><\/a><\/p>\n<p>Nh\u1edd m\u00f4 \u0111un Wi-Fi t\u00edch h\u1ee3p, Discovery Connect kh\u00f4ng \u0111\u00f2i h\u1ecfi v\u1ecb tr\u00ed l\u1eafp \u0111\u1eb7t ph\u1ea3i c\u00f3 s\u1eb5n c\u00e1p m\u1ea1ng LAN. S\u1ea3n ph\u1ea9m cung c\u1ea5p ng\u00f5 ra analog (RCA) v\u00e0 c\u1ea3 digital (Optical\/Caoxial), cho ph\u00e9p k\u1ebft n\u1ed1i v\u1edbi r\u1ea5t nhi\u1ec1u h\u1ec7 th\u1ed1ng \u00e2m thanh kh\u00e1c nhau \u0111\u1ed3ng th\u1eddi n\u00e2ng t\u1ea7n s\u1ed1 l\u1ea5y m\u1eabu l\u00ean \u0111\u1ebfn 192kHz\/24-Bit.<\/p>\n<p>\u0110\u1ed1i v\u1edbi h\u1ec7 sinh th\u00e1i c\u00e1c s\u1ea3n ph\u1ea9m Elac, ngo\u00e0i kh\u1ea3 n\u0103ng \u0111i\u1ec1u khi\u1ec3n \u0111\u1ed3ng b\u1ed9 t\u1eeb Discovery Music Server, Discovery Connect c\u00f2n \u0111\u01b0\u1ee3c t\u00edch h\u1ee3p b\u1ed9 ph\u00e1t t\u00ednh h\u1ec7u AirX2 transmitters, c\u00f3 th\u1ec3 k\u1ebft n\u1ed1i \u0111\u1ebfn subwoofer v\u00e0 c\u00e1c \u0111\u00f4i loa active Navis m\u1edbi nh\u1ea5t c\u1ee7a h\u00e3ng m\u00e0 kh\u00f4ng c\u1ea7n s\u1eed d\u1ee5ng d\u00e2y d\u1eabn.<\/p>\n<h3>Th\u00f4ng s\u1ed1 k\u1ef9 thu\u1eadt Elac Discovery Connect DS-C101W-G:<\/h3>\n<ul>\n<li><strong>Ng\u00f5 ra Native &#8211; Output 1<\/strong> (d\u00f9ng cho c\u00e1c thi\u1ebft b\u1ecb \u0111\u1eddi c\u0169)\n<ul>\n<li>Optical Output x 1 (Up to 96kHz 24-Bit)<\/li>\n<li>Coaxial Output x 1 (192kHz 24-Bit)<\/li>\n<\/ul>\n<\/li>\n<li><strong>Ng\u00f5 ra Standard &#8211; Output 2 <\/strong>(d\u00e0nh cho c\u00e1c thi\u1ebft b\u1ecb \u0111\u1eddi m\u1edbi)\n<ul>\n<li>Optical Output x 1 (Up to 96kHz 24-Bit)<\/li>\n<li>Coaxial Output x 1 (192kHz 24-Bit)<\/li>\n<li>Analog x 1 (L\/R)<\/li>\n<\/ul>\n<\/li>\n<li><strong>K\u1ebft n\u1ed1i kh\u00e1c:<\/strong> Ethernet, WiFi, AirX\u00b2, Bluetooth<\/li>\n<li><strong>H\u1ed7 tr\u1ee3 \u0111\u1ea7u cu\u1ed1i (Streaming Support):<\/strong> Discovery (Output 1 &amp; 2), Roon Ready (Output 1 &amp; 2), Spotify Connect (Output 2),\u00a0AirPlay (Output 2), Bluetooth (Output 2)<\/li>\n<li><strong>B\u1ed9 gi\u1ea3n m\u00e3 DAC (Digital to Analog Converter):<\/strong> 192kHz 24-Bit (Output 2)<\/li>\n<li><strong>\u0110\u1ed9 ph\u00e2n gi\u1ea3i t\u00edn hi\u1ec7u k\u1ebft n\u1ed1i AirX\u00b2:<\/strong> 44.1kHz 16-Bit, 3 Channel Support<\/li>\n<li><strong>H\u1ec7 \u0111i\u1ec1u h\u00e0nh h\u1ed7 tr\u1ee3:<\/strong> iOS \/ Android<\/li>\n<li><strong>M\u00e0u s\u1eafc:<\/strong> Black<\/li>\n<li><strong>K\u00edch th\u01b0\u1edbc (R\u1ed9ng x Cao x S\u00e2u): <\/strong>19.6cm x 3.6cm x 10.2cm<\/li>\n<li><strong>Tr\u1ecdng l\u01b0\u1ee3ng:<\/strong> 530g<\/li>\n<\/ul>\n<p>=================================<br \/>\n\ud83c\udf10 Website: www.SaigonStereo.com<br \/>\n\ud83d\uded2 14E45 Th\u1ea3o \u0110i\u1ec1n, P. Th\u1ea3o \u0110i\u1ec1n, Q.2, Tp.HCM<br \/>\n\ud83d\udcde Hotline (iMessage\/Zalo\/Viber): 0985.233.014 (Mr. Nguy\u00ean)<\/p>\n","protected":false},"excerpt":{"rendered":"<p>L\u00e0 m\u1ed9t thi\u1ebft b\u1ecb m\u1edbi thu\u1ed9c d\u00f2ng Discovery c\u1ee7a Elac, Discovery Connect DS-C101W-G s\u1ebd l\u00e0 ng\u01b0\u1eddi \u0111\u1ed3ng h\u00e0nh gi\u00fap b\u1ea1n t\u00e1i kh\u00e1m ph\u00e1 ph\u01b0\u01a1ng th\u1ee9c k\u1ebft n\u1ed1i m\u1edbi&#8230; K\u1ebft n\u1ed1i kh\u00f4ng d\u00e2y!!!<\/p>\n","protected":false},"featured_media":41184,"comment_status":"open","ping_status":"closed","template":"","meta":{"jetpack_post_was_ever_published":false,"jetpack_publicize_message":"","jetpack_is_tweetstorm":false,"jetpack_publicize_feature_enabled":true,"jetpack_social_post_already_shared":true,"jetpack_social_options":[]},"product_cat":[929],"product_tag":[1035,1034,1036,1037],"class_list":["post-41183","product","type-product","status-publish","has-post-thumbnail","hentry","product_cat-elac-amplifier","product_tag-airplay","product_tag-bluetooth","product_tag-roon","product_tag-spotify","description-off"],"jetpack_publicize_connections":[],"yoast_head":"<!-- This site is optimized with the Yoast SEO plugin v20.4 - https:\/\/yoast.com\/wordpress\/plugins\/seo\/ -->\n<title>B\u1ed9 nh\u1eadn t\u00edn hi\u1ec7u kh\u00f4ng d\u00e2y Elac Discovery Connect DS-C101W-G<\/title>\n<meta name=\"description\" content=\"Elac Discovery Connect gi\u00fap b\u1ea1n &quot;b\u1eafn&quot; nh\u1ea1c kh\u00f4ng d\u00e2y qua Bluetooth, Airplay, Spotify \u0111\u1ebfn d\u00e0n \u00e2m thanh c\u1ee7a m\u00ecnh v\u1edbi ch\u1ea5t l\u01b0\u1ee3ng \u00e2m thanh chu\u1ea9n audiophile\" \/>\n<meta name=\"robots\" content=\"index, follow, max-snippet:-1, max-image-preview:large, max-video-preview:-1\" \/>\n<link rel=\"canonical\" href=\"https:\/\/www.saigonstereo.com\/home\/san-pham\/bo-nhan-tin-hieu-khong-day-elac-discovery-connect-ds-c101w-g\/\" \/>\n<meta property=\"og:locale\" content=\"vi_VN\" \/>\n<meta property=\"og:type\" content=\"article\" \/>\n<meta property=\"og:title\" content=\"B\u1ed9 nh\u1eadn t\u00edn hi\u1ec7u kh\u00f4ng d\u00e2y Elac Discovery Connect DS-C101W-G\" \/>\n<meta property=\"og:description\" content=\"Elac Discovery Connect gi\u00fap b\u1ea1n &quot;b\u1eafn&quot; nh\u1ea1c kh\u00f4ng d\u00e2y qua Bluetooth, Airplay, Spotify \u0111\u1ebfn d\u00e0n \u00e2m thanh c\u1ee7a m\u00ecnh v\u1edbi ch\u1ea5t l\u01b0\u1ee3ng \u00e2m thanh chu\u1ea9n audiophile\" \/>\n<meta property=\"og:url\" content=\"https:\/\/www.saigonstereo.com\/home\/san-pham\/bo-nhan-tin-hieu-khong-day-elac-discovery-connect-ds-c101w-g\/\" \/>\n<meta property=\"og:site_name\" content=\"SaigonStereo\" \/>\n<meta property=\"article:modified_time\" content=\"2019-10-10T08:35:26+00:00\" \/>\n<meta property=\"og:image\" content=\"https:\/\/www.saigonstereo.com\/home\/wp-content\/uploads\/2019\/08\/SaigonStereo-640x640-Elac-DiscoveryConnect.png\" \/>\n\t<meta property=\"og:image:width\" content=\"640\" \/>\n\t<meta property=\"og:image:height\" content=\"640\" \/>\n\t<meta property=\"og:image:type\" content=\"image\/png\" \/>\n<meta name=\"twitter:card\" content=\"summary_large_image\" \/>\n<meta name=\"twitter:label1\" content=\"\u01af\u1edbc t\u00ednh th\u1eddi gian \u0111\u1ecdc\" \/>\n\t<meta name=\"twitter:data1\" content=\"2 ph\u00fat\" \/>\n<script type=\"application\/ld+json\" class=\"yoast-schema-graph\">{\"@context\":\"https:\/\/schema.org\",\"@graph\":[{\"@type\":\"WebPage\",\"@id\":\"https:\/\/www.saigonstereo.com\/home\/san-pham\/bo-nhan-tin-hieu-khong-day-elac-discovery-connect-ds-c101w-g\/\",\"url\":\"https:\/\/www.saigonstereo.com\/home\/san-pham\/bo-nhan-tin-hieu-khong-day-elac-discovery-connect-ds-c101w-g\/\",\"name\":\"B\u1ed9 nh\u1eadn t\u00edn hi\u1ec7u kh\u00f4ng d\u00e2y Elac Discovery Connect DS-C101W-G\",\"isPartOf\":{\"@id\":\"https:\/\/www.saigonstereo.com\/home\/#website\"},\"datePublished\":\"2019-08-16T07:40:17+00:00\",\"dateModified\":\"2019-10-10T08:35:26+00:00\",\"description\":\"Elac Discovery Connect gi\u00fap b\u1ea1n \\\"b\u1eafn\\\" nh\u1ea1c kh\u00f4ng d\u00e2y qua Bluetooth, Airplay, Spotify \u0111\u1ebfn d\u00e0n \u00e2m thanh c\u1ee7a m\u00ecnh v\u1edbi ch\u1ea5t l\u01b0\u1ee3ng \u00e2m thanh chu\u1ea9n audiophile\",\"breadcrumb\":{\"@id\":\"https:\/\/www.saigonstereo.com\/home\/san-pham\/bo-nhan-tin-hieu-khong-day-elac-discovery-connect-ds-c101w-g\/#breadcrumb\"},\"inLanguage\":\"vi\",\"potentialAction\":[{\"@type\":\"ReadAction\",\"target\":[\"https:\/\/www.saigonstereo.com\/home\/san-pham\/bo-nhan-tin-hieu-khong-day-elac-discovery-connect-ds-c101w-g\/\"]}]},{\"@type\":\"BreadcrumbList\",\"@id\":\"https:\/\/www.saigonstereo.com\/home\/san-pham\/bo-nhan-tin-hieu-khong-day-elac-discovery-connect-ds-c101w-g\/#breadcrumb\",\"itemListElement\":[{\"@type\":\"ListItem\",\"position\":1,\"name\":\"Home\",\"item\":\"https:\/\/www.saigonstereo.com\/home\/\"},{\"@type\":\"ListItem\",\"position\":2,\"name\":\"Products\",\"item\":\"https:\/\/www.saigonstereo.com\/home\/shop\/\"},{\"@type\":\"ListItem\",\"position\":3,\"name\":\"B\u1ed9 nh\u1eadn t\u00edn hi\u1ec7u kh\u00f4ng d\u00e2y Elac Discovery Connect DS-C101W-G\"}]},{\"@type\":\"WebSite\",\"@id\":\"https:\/\/www.saigonstereo.com\/home\/#website\",\"url\":\"https:\/\/www.saigonstereo.com\/home\/\",\"name\":\"SaigonStereo\",\"description\":\"Nh\u00e0 ph\u00e2n ph\u1ed1i thi\u1ebft b\u1ecb \u00e2m thanh cao c\u1ea5p\",\"potentialAction\":[{\"@type\":\"SearchAction\",\"target\":{\"@type\":\"EntryPoint\",\"urlTemplate\":\"https:\/\/www.saigonstereo.com\/home\/?s={search_term_string}\"},\"query-input\":\"required name=search_term_string\"}],\"inLanguage\":\"vi\"}]}<\/script>\n<!-- \/ Yoast SEO plugin. -->","yoast_head_json":{"title":"B\u1ed9 nh\u1eadn t\u00edn hi\u1ec7u kh\u00f4ng d\u00e2y Elac Discovery Connect DS-C101W-G","description":"Elac Discovery Connect gi\u00fap b\u1ea1n \"b\u1eafn\" nh\u1ea1c kh\u00f4ng d\u00e2y qua Bluetooth, Airplay, Spotify \u0111\u1ebfn d\u00e0n \u00e2m thanh c\u1ee7a m\u00ecnh v\u1edbi ch\u1ea5t l\u01b0\u1ee3ng \u00e2m thanh chu\u1ea9n audiophile","robots":{"index":"index","follow":"follow","max-snippet":"max-snippet:-1","max-image-preview":"max-image-preview:large","max-video-preview":"max-video-preview:-1"},"canonical":"https:\/\/www.saigonstereo.com\/home\/san-pham\/bo-nhan-tin-hieu-khong-day-elac-discovery-connect-ds-c101w-g\/","og_locale":"vi_VN","og_type":"article","og_title":"B\u1ed9 nh\u1eadn t\u00edn hi\u1ec7u kh\u00f4ng d\u00e2y Elac Discovery Connect DS-C101W-G","og_description":"Elac Discovery Connect gi\u00fap b\u1ea1n \"b\u1eafn\" nh\u1ea1c kh\u00f4ng d\u00e2y qua Bluetooth, Airplay, Spotify \u0111\u1ebfn d\u00e0n \u00e2m thanh c\u1ee7a m\u00ecnh v\u1edbi ch\u1ea5t l\u01b0\u1ee3ng \u00e2m thanh chu\u1ea9n audiophile","og_url":"https:\/\/www.saigonstereo.com\/home\/san-pham\/bo-nhan-tin-hieu-khong-day-elac-discovery-connect-ds-c101w-g\/","og_site_name":"SaigonStereo","article_modified_time":"2019-10-10T08:35:26+00:00","og_image":[{"width":640,"height":640,"url":"https:\/\/www.saigonstereo.com\/home\/wp-content\/uploads\/2019\/08\/SaigonStereo-640x640-Elac-DiscoveryConnect.png","type":"image\/png"}],"twitter_card":"summary_large_image","twitter_misc":{"\u01af\u1edbc t\u00ednh th\u1eddi gian \u0111\u1ecdc":"2 ph\u00fat"},"schema":{"@context":"https:\/\/schema.org","@graph":[{"@type":"WebPage","@id":"https:\/\/www.saigonstereo.com\/home\/san-pham\/bo-nhan-tin-hieu-khong-day-elac-discovery-connect-ds-c101w-g\/","url":"https:\/\/www.saigonstereo.com\/home\/san-pham\/bo-nhan-tin-hieu-khong-day-elac-discovery-connect-ds-c101w-g\/","name":"B\u1ed9 nh\u1eadn t\u00edn hi\u1ec7u kh\u00f4ng d\u00e2y Elac Discovery Connect DS-C101W-G","isPartOf":{"@id":"https:\/\/www.saigonstereo.com\/home\/#website"},"datePublished":"2019-08-16T07:40:17+00:00","dateModified":"2019-10-10T08:35:26+00:00","description":"Elac Discovery Connect gi\u00fap b\u1ea1n \"b\u1eafn\" nh\u1ea1c kh\u00f4ng d\u00e2y qua Bluetooth, Airplay, Spotify \u0111\u1ebfn d\u00e0n \u00e2m thanh c\u1ee7a m\u00ecnh v\u1edbi ch\u1ea5t l\u01b0\u1ee3ng \u00e2m thanh chu\u1ea9n audiophile","breadcrumb":{"@id":"https:\/\/www.saigonstereo.com\/home\/san-pham\/bo-nhan-tin-hieu-khong-day-elac-discovery-connect-ds-c101w-g\/#breadcrumb"},"inLanguage":"vi","potentialAction":[{"@type":"ReadAction","target":["https:\/\/www.saigonstereo.com\/home\/san-pham\/bo-nhan-tin-hieu-khong-day-elac-discovery-connect-ds-c101w-g\/"]}]},{"@type":"BreadcrumbList","@id":"https:\/\/www.saigonstereo.com\/home\/san-pham\/bo-nhan-tin-hieu-khong-day-elac-discovery-connect-ds-c101w-g\/#breadcrumb","itemListElement":[{"@type":"ListItem","position":1,"name":"Home","item":"https:\/\/www.saigonstereo.com\/home\/"},{"@type":"ListItem","position":2,"name":"Products","item":"https:\/\/www.saigonstereo.com\/home\/shop\/"},{"@type":"ListItem","position":3,"name":"B\u1ed9 nh\u1eadn t\u00edn hi\u1ec7u kh\u00f4ng d\u00e2y Elac Discovery Connect DS-C101W-G"}]},{"@type":"WebSite","@id":"https:\/\/www.saigonstereo.com\/home\/#website","url":"https:\/\/www.saigonstereo.com\/home\/","name":"SaigonStereo","description":"Nh\u00e0 ph\u00e2n ph\u1ed1i thi\u1ebft b\u1ecb \u00e2m thanh cao c\u1ea5p","potentialAction":[{"@type":"SearchAction","target":{"@type":"EntryPoint","urlTemplate":"https:\/\/www.saigonstereo.com\/home\/?s={search_term_string}"},"query-input":"required name=search_term_string"}],"inLanguage":"vi"}]}},"jetpack_sharing_enabled":true,"_links":{"self":[{"href":"https:\/\/www.saigonstereo.com\/home\/wp-json\/wp\/v2\/product\/41183","targetHints":{"allow":["GET"]}}],"collection":[{"href":"https:\/\/www.saigonstereo.com\/home\/wp-json\/wp\/v2\/product"}],"about":[{"href":"https:\/\/www.saigonstereo.com\/home\/wp-json\/wp\/v2\/types\/product"}],"replies":[{"embeddable":true,"href":"https:\/\/www.saigonstereo.com\/home\/wp-json\/wp\/v2\/comments?post=41183"}],"wp:featuredmedia":[{"embeddable":true,"href":"https:\/\/www.saigonstereo.com\/home\/wp-json\/wp\/v2\/media\/41184"}],"wp:attachment":[{"href":"https:\/\/www.saigonstereo.com\/home\/wp-json\/wp\/v2\/media?parent=41183"}],"wp:term":[{"taxonomy":"product_cat","embeddable":true,"href":"https:\/\/www.saigonstereo.com\/home\/wp-json\/wp\/v2\/product_cat?post=41183"},{"taxonomy":"product_tag","embeddable":true,"href":"https:\/\/www.saigonstereo.com\/home\/wp-json\/wp\/v2\/product_tag?post=41183"}],"curies":[{"name":"wp","href":"https:\/\/api.w.org\/{rel}","templated":true}]}}