{"id":41384,"date":"2018-11-29T15:15:54","date_gmt":"2018-11-29T08:15:54","guid":{"rendered":"https:\/\/www.saigonstereo.com\/home\/?post_type=product&#038;p=41384"},"modified":"2020-12-01T15:57:58","modified_gmt":"2020-12-01T08:57:58","slug":"day-loa-neotech-nes-3005-mk2","status":"publish","type":"product","link":"https:\/\/www.saigonstereo.com\/home\/san-pham\/day-loa-neotech-nes-3005-mk2\/","title":{"rendered":"D\u00e2y loa Neotech NES-3005 II"},"content":{"rendered":"<p><a class=\"dt-pswp-item\" href=\"https:\/\/www.saigonstereo.com\/home\/wp-content\/uploads\/2018\/11\/NES-3005-II.jpg\" data-dt-img-description=\"\" data-large_image_width=\"1200\" data-large_image_height=\"848\"><img loading=\"lazy\" decoding=\"async\" class=\"aligncenter size-full wp-image-41902\" src=\"https:\/\/www.saigonstereo.com\/home\/wp-content\/uploads\/2018\/11\/NES-3005-II.jpg\" alt=\"\" width=\"1200\" height=\"848\" \/><\/a><\/p>\n<p>Kh\u00f4ng ch\u00ed c\u00f3 s\u1ef1 ph\u1ed1i h\u1ee3p c\u1ee7a nhi\u1ec1u l\u00f5i d\u00e2y v\u1edbi ti\u1ebft di\u1ec7n kh\u00e1c nhau, m\u1ed7i s\u1ee3i con trong d\u00e2y loa Neotech NES-3005 MKII c\u00f2n l\u00e0 s\u1ef1 k\u1ebft h\u1ee3p gi\u1eefa \u0111\u1ed3ng UP-OCC v\u00e0 \u0111\u1ed3ng m\u1ea1 b\u1ea1c silver-plated. C\u1ee5 th\u1ec3, m\u1ed7i s\u1ee3i con ch\u1ee9a 2 s\u1ee3i x 0.5mm, 6 s\u1ee3i x 0.23mm \u0111\u1ed3ng UP-OCC v\u00e0 32 s\u1ee3i x 0.08mm \u0111\u1ed3ng m\u1ea1 b\u1ea1c silver-plated copper. Trung b\u00ecnh ti\u1ebft di\u1ec7n m\u1ed7i c\u1ee5m d\u00e2y (+\/1) x\u1ea5p x\u1ec9 m\u1ee9c 13 AWG (2.5mm2).<\/p>\n<p><strong>Th\u00f4ng s\u1ed1 k\u1ef9 thu\u1eadt NES-3005 II:<\/strong><\/p>\n<ul>\n<li>V\u1ecf PVC ch\u1ed1ng t\u0129nh \u0111i\u1ec7n<\/li>\n<li>T\u1ed5 h\u1ee3p 6 d\u00e2y \u0111\u01a1n \u0111a l\u00f5i (3 \u0111en, 3 \u0111\u1ecf)<\/li>\n<li>Ti\u1ebft di\u1ec7n m\u1ed7i c\u1ee5m d\u00e2y (+\/-) x\u1ea5p x\u1ec9 13 AWG (2.5mm2).<\/li>\n<li>\u0110\u01b0\u1eddng k\u00ednh v\u1ecf ngo\u00e0i (OD): 12.5 mm<\/li>\n<\/ul>\n","protected":false},"excerpt":{"rendered":"<p>B\u00ean trong l\u1edbp v\u1ecf ch\u00ednh ch\u1ed1ng t\u0129nh \u0111i\u1ec7n c\u1ee7a d\u00e2y loa Neotech NES-3005 II l\u00e0 6 d\u00e2y con nh\u1ecf h\u01a1n v\u1edbi 3 s\u1ee3i m\u00e0u \u0111\u1ecf, v\u00e0 3 s\u1ee3i m\u00e0u \u0111en. M\u1ed7i s\u1ee3i \u0111\u01a1n c\u00f3 \u0111\u01b0\u1eddng k\u00ednh ngo\u00e0i l\u00e0 2.15mm v\u00e0 \u0111\u01b0\u1eddng k\u00ednh l\u00f5i l\u00e0 1.15mm c\u1ea5u th\u00e0nh t\u1eeb nhi\u1ec1u s\u1ee3i \u0111\u1ed3ng si\u00eau tinh khi\u1ebft UP-OCC (Ultra Pure OCC).<\/p>\n<p><em>(*) S\u1ea3n ph\u1ea9m \u0111\u01b0\u1ee3c t\u00ednh tr\u00ean \u0111\u01a1n v\u1ecb m\u00e9t.<\/em><\/p>\n","protected":false},"featured_media":41385,"comment_status":"open","ping_status":"closed","template":"","meta":{"jetpack_post_was_ever_published":false,"jetpack_publicize_message":"","jetpack_is_tweetstorm":false,"jetpack_publicize_feature_enabled":true,"jetpack_social_post_already_shared":true,"jetpack_social_options":[]},"product_cat":[938],"product_tag":[788,940],"class_list":["post-41384","product","type-product","status-publish","has-post-thumbnail","hentry","product_cat-neotech","product_tag-day-loa","product_tag-neotech","description-off"],"jetpack_publicize_connections":[],"yoast_head":"<!-- This site is optimized with the Yoast SEO plugin v20.4 - https:\/\/yoast.com\/wordpress\/plugins\/seo\/ -->\n<title>D\u00e2y loa Neotech NES-3005 II - SaigonStereo<\/title>\n<meta name=\"description\" content=\"M\u1ed7i s\u1ee3i con trong d\u00e2y loa Neotech NES-3005 MK II c\u00f2n l\u00e0 s\u1ef1 k\u1ebft h\u1ee3p gi\u1eefa \u0111\u1ed3ng UP-OCC v\u00e0 \u0111\u1ed3ng m\u1ea1 b\u1ea1c silver-plated. C\u1ee5 th\u1ec3, m\u1ed7i s\u1ee3i con ch\u1ee9a 2 s\u1ee3i x 0.5mm,..\" \/>\n<meta name=\"robots\" content=\"index, follow, max-snippet:-1, max-image-preview:large, max-video-preview:-1\" \/>\n<link rel=\"canonical\" href=\"https:\/\/www.saigonstereo.com\/home\/san-pham\/day-loa-neotech-nes-3005-mk2\/\" \/>\n<meta property=\"og:locale\" content=\"vi_VN\" \/>\n<meta property=\"og:type\" content=\"article\" \/>\n<meta property=\"og:title\" content=\"D\u00e2y loa Neotech NES-3005 II - SaigonStereo\" \/>\n<meta property=\"og:description\" content=\"M\u1ed7i s\u1ee3i con trong d\u00e2y loa Neotech NES-3005 MK II c\u00f2n l\u00e0 s\u1ef1 k\u1ebft h\u1ee3p gi\u1eefa \u0111\u1ed3ng UP-OCC v\u00e0 \u0111\u1ed3ng m\u1ea1 b\u1ea1c silver-plated. C\u1ee5 th\u1ec3, m\u1ed7i s\u1ee3i con ch\u1ee9a 2 s\u1ee3i x 0.5mm,..\" \/>\n<meta property=\"og:url\" content=\"https:\/\/www.saigonstereo.com\/home\/san-pham\/day-loa-neotech-nes-3005-mk2\/\" \/>\n<meta property=\"og:site_name\" content=\"SaigonStereo\" \/>\n<meta property=\"article:modified_time\" content=\"2020-12-01T08:57:58+00:00\" \/>\n<meta property=\"og:image\" content=\"https:\/\/www.saigonstereo.com\/home\/wp-content\/uploads\/2019\/11\/neotech-3005-ii.png\" \/>\n\t<meta property=\"og:image:width\" content=\"640\" \/>\n\t<meta property=\"og:image:height\" content=\"640\" \/>\n\t<meta property=\"og:image:type\" content=\"image\/png\" \/>\n<meta name=\"twitter:card\" content=\"summary_large_image\" \/>\n<meta name=\"twitter:label1\" content=\"\u01af\u1edbc t\u00ednh th\u1eddi gian \u0111\u1ecdc\" \/>\n\t<meta name=\"twitter:data1\" content=\"1 ph\u00fat\" \/>\n<script type=\"application\/ld+json\" class=\"yoast-schema-graph\">{\"@context\":\"https:\/\/schema.org\",\"@graph\":[{\"@type\":\"WebPage\",\"@id\":\"https:\/\/www.saigonstereo.com\/home\/san-pham\/day-loa-neotech-nes-3005-mk2\/\",\"url\":\"https:\/\/www.saigonstereo.com\/home\/san-pham\/day-loa-neotech-nes-3005-mk2\/\",\"name\":\"D\u00e2y loa Neotech NES-3005 II - SaigonStereo\",\"isPartOf\":{\"@id\":\"https:\/\/www.saigonstereo.com\/home\/#website\"},\"datePublished\":\"2018-11-29T08:15:54+00:00\",\"dateModified\":\"2020-12-01T08:57:58+00:00\",\"description\":\"M\u1ed7i s\u1ee3i con trong d\u00e2y loa Neotech NES-3005 MK II c\u00f2n l\u00e0 s\u1ef1 k\u1ebft h\u1ee3p gi\u1eefa \u0111\u1ed3ng UP-OCC v\u00e0 \u0111\u1ed3ng m\u1ea1 b\u1ea1c silver-plated. C\u1ee5 th\u1ec3, m\u1ed7i s\u1ee3i con ch\u1ee9a 2 s\u1ee3i x 0.5mm,..\",\"breadcrumb\":{\"@id\":\"https:\/\/www.saigonstereo.com\/home\/san-pham\/day-loa-neotech-nes-3005-mk2\/#breadcrumb\"},\"inLanguage\":\"vi\",\"potentialAction\":[{\"@type\":\"ReadAction\",\"target\":[\"https:\/\/www.saigonstereo.com\/home\/san-pham\/day-loa-neotech-nes-3005-mk2\/\"]}]},{\"@type\":\"BreadcrumbList\",\"@id\":\"https:\/\/www.saigonstereo.com\/home\/san-pham\/day-loa-neotech-nes-3005-mk2\/#breadcrumb\",\"itemListElement\":[{\"@type\":\"ListItem\",\"position\":1,\"name\":\"Home\",\"item\":\"https:\/\/www.saigonstereo.com\/home\/\"},{\"@type\":\"ListItem\",\"position\":2,\"name\":\"Products\",\"item\":\"https:\/\/www.saigonstereo.com\/home\/shop\/\"},{\"@type\":\"ListItem\",\"position\":3,\"name\":\"D\u00e2y loa Neotech NES-3005 II\"}]},{\"@type\":\"WebSite\",\"@id\":\"https:\/\/www.saigonstereo.com\/home\/#website\",\"url\":\"https:\/\/www.saigonstereo.com\/home\/\",\"name\":\"SaigonStereo\",\"description\":\"Nh\u00e0 ph\u00e2n ph\u1ed1i thi\u1ebft b\u1ecb \u00e2m thanh cao c\u1ea5p\",\"potentialAction\":[{\"@type\":\"SearchAction\",\"target\":{\"@type\":\"EntryPoint\",\"urlTemplate\":\"https:\/\/www.saigonstereo.com\/home\/?s={search_term_string}\"},\"query-input\":\"required name=search_term_string\"}],\"inLanguage\":\"vi\"}]}<\/script>\n<!-- \/ Yoast SEO plugin. -->","yoast_head_json":{"title":"D\u00e2y loa Neotech NES-3005 II - SaigonStereo","description":"M\u1ed7i s\u1ee3i con trong d\u00e2y loa Neotech NES-3005 MK II c\u00f2n l\u00e0 s\u1ef1 k\u1ebft h\u1ee3p gi\u1eefa \u0111\u1ed3ng UP-OCC v\u00e0 \u0111\u1ed3ng m\u1ea1 b\u1ea1c silver-plated. C\u1ee5 th\u1ec3, m\u1ed7i s\u1ee3i con ch\u1ee9a 2 s\u1ee3i x 0.5mm,..","robots":{"index":"index","follow":"follow","max-snippet":"max-snippet:-1","max-image-preview":"max-image-preview:large","max-video-preview":"max-video-preview:-1"},"canonical":"https:\/\/www.saigonstereo.com\/home\/san-pham\/day-loa-neotech-nes-3005-mk2\/","og_locale":"vi_VN","og_type":"article","og_title":"D\u00e2y loa Neotech NES-3005 II - SaigonStereo","og_description":"M\u1ed7i s\u1ee3i con trong d\u00e2y loa Neotech NES-3005 MK II c\u00f2n l\u00e0 s\u1ef1 k\u1ebft h\u1ee3p gi\u1eefa \u0111\u1ed3ng UP-OCC v\u00e0 \u0111\u1ed3ng m\u1ea1 b\u1ea1c silver-plated. C\u1ee5 th\u1ec3, m\u1ed7i s\u1ee3i con ch\u1ee9a 2 s\u1ee3i x 0.5mm,..","og_url":"https:\/\/www.saigonstereo.com\/home\/san-pham\/day-loa-neotech-nes-3005-mk2\/","og_site_name":"SaigonStereo","article_modified_time":"2020-12-01T08:57:58+00:00","og_image":[{"width":640,"height":640,"url":"https:\/\/www.saigonstereo.com\/home\/wp-content\/uploads\/2019\/11\/neotech-3005-ii.png","type":"image\/png"}],"twitter_card":"summary_large_image","twitter_misc":{"\u01af\u1edbc t\u00ednh th\u1eddi gian \u0111\u1ecdc":"1 ph\u00fat"},"schema":{"@context":"https:\/\/schema.org","@graph":[{"@type":"WebPage","@id":"https:\/\/www.saigonstereo.com\/home\/san-pham\/day-loa-neotech-nes-3005-mk2\/","url":"https:\/\/www.saigonstereo.com\/home\/san-pham\/day-loa-neotech-nes-3005-mk2\/","name":"D\u00e2y loa Neotech NES-3005 II - SaigonStereo","isPartOf":{"@id":"https:\/\/www.saigonstereo.com\/home\/#website"},"datePublished":"2018-11-29T08:15:54+00:00","dateModified":"2020-12-01T08:57:58+00:00","description":"M\u1ed7i s\u1ee3i con trong d\u00e2y loa Neotech NES-3005 MK II c\u00f2n l\u00e0 s\u1ef1 k\u1ebft h\u1ee3p gi\u1eefa \u0111\u1ed3ng UP-OCC v\u00e0 \u0111\u1ed3ng m\u1ea1 b\u1ea1c silver-plated. C\u1ee5 th\u1ec3, m\u1ed7i s\u1ee3i con ch\u1ee9a 2 s\u1ee3i x 0.5mm,..","breadcrumb":{"@id":"https:\/\/www.saigonstereo.com\/home\/san-pham\/day-loa-neotech-nes-3005-mk2\/#breadcrumb"},"inLanguage":"vi","potentialAction":[{"@type":"ReadAction","target":["https:\/\/www.saigonstereo.com\/home\/san-pham\/day-loa-neotech-nes-3005-mk2\/"]}]},{"@type":"BreadcrumbList","@id":"https:\/\/www.saigonstereo.com\/home\/san-pham\/day-loa-neotech-nes-3005-mk2\/#breadcrumb","itemListElement":[{"@type":"ListItem","position":1,"name":"Home","item":"https:\/\/www.saigonstereo.com\/home\/"},{"@type":"ListItem","position":2,"name":"Products","item":"https:\/\/www.saigonstereo.com\/home\/shop\/"},{"@type":"ListItem","position":3,"name":"D\u00e2y loa Neotech NES-3005 II"}]},{"@type":"WebSite","@id":"https:\/\/www.saigonstereo.com\/home\/#website","url":"https:\/\/www.saigonstereo.com\/home\/","name":"SaigonStereo","description":"Nh\u00e0 ph\u00e2n ph\u1ed1i thi\u1ebft b\u1ecb \u00e2m thanh cao c\u1ea5p","potentialAction":[{"@type":"SearchAction","target":{"@type":"EntryPoint","urlTemplate":"https:\/\/www.saigonstereo.com\/home\/?s={search_term_string}"},"query-input":"required name=search_term_string"}],"inLanguage":"vi"}]}},"jetpack_sharing_enabled":true,"_links":{"self":[{"href":"https:\/\/www.saigonstereo.com\/home\/wp-json\/wp\/v2\/product\/41384","targetHints":{"allow":["GET"]}}],"collection":[{"href":"https:\/\/www.saigonstereo.com\/home\/wp-json\/wp\/v2\/product"}],"about":[{"href":"https:\/\/www.saigonstereo.com\/home\/wp-json\/wp\/v2\/types\/product"}],"replies":[{"embeddable":true,"href":"https:\/\/www.saigonstereo.com\/home\/wp-json\/wp\/v2\/comments?post=41384"}],"wp:featuredmedia":[{"embeddable":true,"href":"https:\/\/www.saigonstereo.com\/home\/wp-json\/wp\/v2\/media\/41385"}],"wp:attachment":[{"href":"https:\/\/www.saigonstereo.com\/home\/wp-json\/wp\/v2\/media?parent=41384"}],"wp:term":[{"taxonomy":"product_cat","embeddable":true,"href":"https:\/\/www.saigonstereo.com\/home\/wp-json\/wp\/v2\/product_cat?post=41384"},{"taxonomy":"product_tag","embeddable":true,"href":"https:\/\/www.saigonstereo.com\/home\/wp-json\/wp\/v2\/product_tag?post=41384"}],"curies":[{"name":"wp","href":"https:\/\/api.w.org\/{rel}","templated":true}]}}