{"id":460,"date":"2013-08-10T13:50:23","date_gmt":"2013-08-10T06:50:23","guid":{"rendered":"http:\/\/www.shindiristudio.com\/allaroundwp\/?post_type=product&#038;p=460"},"modified":"2015-07-17T09:38:02","modified_gmt":"2015-07-17T02:38:02","slug":"loa-elac-fs-147","status":"publish","type":"product","link":"https:\/\/www.saigonstereo.com\/home\/san-pham\/loa-elac-fs-147\/","title":{"rendered":"Loa Elac FS 147"},"content":{"rendered":"<p>\u00c2m thanh s\u1ed1ng \u0111\u1ed9ng nh\u01b0 th\u1eadt, ho\u00e0n to\u00e0n t\u1ef1 nhi\u00ean s\u1ebd l\u00e0 t\u1ea7ng \u00e2m c\u1ee7a FS 147 d\u00e0nh cho t\u1ea5t c\u1ea3 nh\u1eefng ng\u01b0\u1eddi nh\u1eefng y\u00eau \u00e2m nh\u1ea1c.<\/p>\n","protected":false},"excerpt":{"rendered":"<p>&#8220;Ch\u1ea5t l\u01b0\u1ee3ng \u0111i tr\u01b0\u1edbc v\u1ebb ngo\u00e0i&#8221; l\u00e0 cam k\u1ebft c\u1ee7a nh\u00e0 s\u1ea3n xu\u1ea5t mang \u0111\u1ebfn s\u1ef1 h\u00e0i l\u00f2ng trong \u00e2m nh\u1ea1c cho ng\u01b0\u1eddi d\u00f9ng v\u00e0 c\u0169ng l\u00e0 m\u1ed9t c\u00e1ch n\u00f3i khi\u00eam t\u1ed1n v\u1ec1 v\u1ebb ngo\u00e0i c\u1ee7a chi\u1ebfc loa n\u00e0y.<\/p>\n","protected":false},"featured_media":1072,"comment_status":"open","ping_status":"closed","template":"","meta":{"jetpack_post_was_ever_published":false,"jetpack_publicize_message":"","jetpack_is_tweetstorm":false,"jetpack_publicize_feature_enabled":true,"jetpack_social_post_already_shared":false,"jetpack_social_options":[]},"product_cat":[32,71,82],"product_tag":[826],"class_list":["post-460","product","type-product","status-publish","has-post-thumbnail","hentry","product_cat-loa","product_cat-loa-elac","product_cat-dong-140","product_tag-elac","pa_cong-suat-80-120-w","pa_cong-suat-ampli-de-nghi-20-150-w-channel","pa_dai-tan-dap-ung-38-50000-hz","pa_do-nhay-89-db-2-83-v-m","pa_kich-thuoc-950-x-220-x-300-mm","pa_loa-tweeter-1-x-jet-iii","pa_loa-woofer-2-x-140-mm-as-cone-mag-shielded","pa_tan-so-cat-700-2700-hz","pa_thiet-ke-2-way-bassreflex","pa_tro-khang-danh-dinh-4-","pa_tro-khang-nho-nhat-3-5--200-hz","pa_trong-luong-14-5-kg","pa_tuong-thich-tro-khang-4-8-","description-off"],"jetpack_publicize_connections":[],"yoast_head":"<!-- This site is optimized with the Yoast SEO plugin v20.4 - https:\/\/yoast.com\/wordpress\/plugins\/seo\/ -->\n<title>Loa Elac FS 147 - SaigonStereo<\/title>\n<meta name=\"robots\" content=\"index, follow, max-snippet:-1, max-image-preview:large, max-video-preview:-1\" \/>\n<link rel=\"canonical\" href=\"https:\/\/www.saigonstereo.com\/home\/san-pham\/loa-elac-fs-147\/\" \/>\n<meta property=\"og:locale\" content=\"vi_VN\" \/>\n<meta property=\"og:type\" content=\"article\" \/>\n<meta property=\"og:title\" content=\"Loa Elac FS 147 - SaigonStereo\" \/>\n<meta property=\"og:description\" content=\"&quot;Ch\u1ea5t l\u01b0\u1ee3ng \u0111i tr\u01b0\u1edbc v\u1ebb ngo\u00e0i&quot; l\u00e0 cam k\u1ebft c\u1ee7a nh\u00e0 s\u1ea3n xu\u1ea5t mang \u0111\u1ebfn s\u1ef1 h\u00e0i l\u00f2ng trong \u00e2m nh\u1ea1c cho ng\u01b0\u1eddi d\u00f9ng v\u00e0 c\u0169ng l\u00e0 m\u1ed9t c\u00e1ch n\u00f3i khi\u00eam t\u1ed1n v\u1ec1 v\u1ebb ngo\u00e0i c\u1ee7a chi\u1ebfc loa n\u00e0y.\" \/>\n<meta property=\"og:url\" content=\"https:\/\/www.saigonstereo.com\/home\/san-pham\/loa-elac-fs-147\/\" \/>\n<meta property=\"og:site_name\" content=\"SaigonStereo\" \/>\n<meta property=\"article:modified_time\" content=\"2015-07-17T02:38:02+00:00\" \/>\n<meta property=\"og:image\" content=\"https:\/\/www.saigonstereo.com\/home\/wp-content\/uploads\/2013\/08\/elac-fs-147.jpg\" \/>\n\t<meta property=\"og:image:width\" content=\"600\" \/>\n\t<meta property=\"og:image:height\" content=\"600\" \/>\n\t<meta property=\"og:image:type\" content=\"image\/jpeg\" \/>\n<meta name=\"twitter:card\" content=\"summary_large_image\" \/>\n<script type=\"application\/ld+json\" class=\"yoast-schema-graph\">{\"@context\":\"https:\/\/schema.org\",\"@graph\":[{\"@type\":\"WebPage\",\"@id\":\"https:\/\/www.saigonstereo.com\/home\/san-pham\/loa-elac-fs-147\/\",\"url\":\"https:\/\/www.saigonstereo.com\/home\/san-pham\/loa-elac-fs-147\/\",\"name\":\"Loa Elac FS 147 - SaigonStereo\",\"isPartOf\":{\"@id\":\"https:\/\/www.saigonstereo.com\/home\/#website\"},\"datePublished\":\"2013-08-10T06:50:23+00:00\",\"dateModified\":\"2015-07-17T02:38:02+00:00\",\"breadcrumb\":{\"@id\":\"https:\/\/www.saigonstereo.com\/home\/san-pham\/loa-elac-fs-147\/#breadcrumb\"},\"inLanguage\":\"vi\",\"potentialAction\":[{\"@type\":\"ReadAction\",\"target\":[\"https:\/\/www.saigonstereo.com\/home\/san-pham\/loa-elac-fs-147\/\"]}]},{\"@type\":\"BreadcrumbList\",\"@id\":\"https:\/\/www.saigonstereo.com\/home\/san-pham\/loa-elac-fs-147\/#breadcrumb\",\"itemListElement\":[{\"@type\":\"ListItem\",\"position\":1,\"name\":\"Home\",\"item\":\"https:\/\/www.saigonstereo.com\/home\/\"},{\"@type\":\"ListItem\",\"position\":2,\"name\":\"Products\",\"item\":\"https:\/\/www.saigonstereo.com\/home\/shop\/\"},{\"@type\":\"ListItem\",\"position\":3,\"name\":\"Loa Elac FS 147\"}]},{\"@type\":\"WebSite\",\"@id\":\"https:\/\/www.saigonstereo.com\/home\/#website\",\"url\":\"https:\/\/www.saigonstereo.com\/home\/\",\"name\":\"SaigonStereo\",\"description\":\"Nh\u00e0 ph\u00e2n ph\u1ed1i thi\u1ebft b\u1ecb \u00e2m thanh cao c\u1ea5p\",\"potentialAction\":[{\"@type\":\"SearchAction\",\"target\":{\"@type\":\"EntryPoint\",\"urlTemplate\":\"https:\/\/www.saigonstereo.com\/home\/?s={search_term_string}\"},\"query-input\":\"required name=search_term_string\"}],\"inLanguage\":\"vi\"}]}<\/script>\n<!-- \/ Yoast SEO plugin. -->","yoast_head_json":{"title":"Loa Elac FS 147 - SaigonStereo","robots":{"index":"index","follow":"follow","max-snippet":"max-snippet:-1","max-image-preview":"max-image-preview:large","max-video-preview":"max-video-preview:-1"},"canonical":"https:\/\/www.saigonstereo.com\/home\/san-pham\/loa-elac-fs-147\/","og_locale":"vi_VN","og_type":"article","og_title":"Loa Elac FS 147 - SaigonStereo","og_description":"\"Ch\u1ea5t l\u01b0\u1ee3ng \u0111i tr\u01b0\u1edbc v\u1ebb ngo\u00e0i\" l\u00e0 cam k\u1ebft c\u1ee7a nh\u00e0 s\u1ea3n xu\u1ea5t mang \u0111\u1ebfn s\u1ef1 h\u00e0i l\u00f2ng trong \u00e2m nh\u1ea1c cho ng\u01b0\u1eddi d\u00f9ng v\u00e0 c\u0169ng l\u00e0 m\u1ed9t c\u00e1ch n\u00f3i khi\u00eam t\u1ed1n v\u1ec1 v\u1ebb ngo\u00e0i c\u1ee7a chi\u1ebfc loa n\u00e0y.","og_url":"https:\/\/www.saigonstereo.com\/home\/san-pham\/loa-elac-fs-147\/","og_site_name":"SaigonStereo","article_modified_time":"2015-07-17T02:38:02+00:00","og_image":[{"width":600,"height":600,"url":"https:\/\/www.saigonstereo.com\/home\/wp-content\/uploads\/2013\/08\/elac-fs-147.jpg","type":"image\/jpeg"}],"twitter_card":"summary_large_image","schema":{"@context":"https:\/\/schema.org","@graph":[{"@type":"WebPage","@id":"https:\/\/www.saigonstereo.com\/home\/san-pham\/loa-elac-fs-147\/","url":"https:\/\/www.saigonstereo.com\/home\/san-pham\/loa-elac-fs-147\/","name":"Loa Elac FS 147 - SaigonStereo","isPartOf":{"@id":"https:\/\/www.saigonstereo.com\/home\/#website"},"datePublished":"2013-08-10T06:50:23+00:00","dateModified":"2015-07-17T02:38:02+00:00","breadcrumb":{"@id":"https:\/\/www.saigonstereo.com\/home\/san-pham\/loa-elac-fs-147\/#breadcrumb"},"inLanguage":"vi","potentialAction":[{"@type":"ReadAction","target":["https:\/\/www.saigonstereo.com\/home\/san-pham\/loa-elac-fs-147\/"]}]},{"@type":"BreadcrumbList","@id":"https:\/\/www.saigonstereo.com\/home\/san-pham\/loa-elac-fs-147\/#breadcrumb","itemListElement":[{"@type":"ListItem","position":1,"name":"Home","item":"https:\/\/www.saigonstereo.com\/home\/"},{"@type":"ListItem","position":2,"name":"Products","item":"https:\/\/www.saigonstereo.com\/home\/shop\/"},{"@type":"ListItem","position":3,"name":"Loa Elac FS 147"}]},{"@type":"WebSite","@id":"https:\/\/www.saigonstereo.com\/home\/#website","url":"https:\/\/www.saigonstereo.com\/home\/","name":"SaigonStereo","description":"Nh\u00e0 ph\u00e2n ph\u1ed1i thi\u1ebft b\u1ecb \u00e2m thanh cao c\u1ea5p","potentialAction":[{"@type":"SearchAction","target":{"@type":"EntryPoint","urlTemplate":"https:\/\/www.saigonstereo.com\/home\/?s={search_term_string}"},"query-input":"required name=search_term_string"}],"inLanguage":"vi"}]}},"jetpack_sharing_enabled":true,"_links":{"self":[{"href":"https:\/\/www.saigonstereo.com\/home\/wp-json\/wp\/v2\/product\/460","targetHints":{"allow":["GET"]}}],"collection":[{"href":"https:\/\/www.saigonstereo.com\/home\/wp-json\/wp\/v2\/product"}],"about":[{"href":"https:\/\/www.saigonstereo.com\/home\/wp-json\/wp\/v2\/types\/product"}],"replies":[{"embeddable":true,"href":"https:\/\/www.saigonstereo.com\/home\/wp-json\/wp\/v2\/comments?post=460"}],"wp:featuredmedia":[{"embeddable":true,"href":"https:\/\/www.saigonstereo.com\/home\/wp-json\/wp\/v2\/media\/1072"}],"wp:attachment":[{"href":"https:\/\/www.saigonstereo.com\/home\/wp-json\/wp\/v2\/media?parent=460"}],"wp:term":[{"taxonomy":"product_cat","embeddable":true,"href":"https:\/\/www.saigonstereo.com\/home\/wp-json\/wp\/v2\/product_cat?post=460"},{"taxonomy":"product_tag","embeddable":true,"href":"https:\/\/www.saigonstereo.com\/home\/wp-json\/wp\/v2\/product_tag?post=460"}],"curies":[{"name":"wp","href":"https:\/\/api.w.org\/{rel}","templated":true}]}}