{"id":493,"date":"2013-08-14T11:21:28","date_gmt":"2013-08-14T04:21:28","guid":{"rendered":"http:\/\/www.shindiristudio.com\/allaroundwp\/product\/converse\/"},"modified":"2016-12-26T17:06:02","modified_gmt":"2016-12-26T10:06:02","slug":"loa-elac-fs-507-vx-jet","status":"publish","type":"product","link":"https:\/\/www.saigonstereo.com\/home\/san-pham\/loa-elac-fs-507-vx-jet\/","title":{"rendered":"Loa Elac FS 507 VX-JET"},"content":{"rendered":"<p>Ch\u00fang t\u00f4i \u0111\u00e3 c\u00e2n nh\u1eafc t\u1eebng chi ti\u1ebft nh\u1ecf v\u00e0 \u0111\u1eebng qu\u00e1 lo v\u1ec1 gi\u00e1 c\u1ea3, chi\u1ebfc loa n\u00e0y r\u1ebb h\u01a1n so v\u1edbi ng\u01b0\u1eddi ch\u1ecb l\u1edbn c\u1ee7a n\u00f3, FS 509 VX-JET.<\/p>\n","protected":false},"excerpt":{"rendered":"<p>V\u1edbi nh\u1eefng ng\u01b0\u1eddi th\u00edch s\u1ef1 nh\u1ecf g\u1ecdn: Ch\u00fang t\u00f4i xin gi\u1edbi thi\u1ec7u chi\u1ebfc loa FS 507 VX-JET, k\u1ebft h\u1ee3p t\u1ea5t c\u1ea3 nh\u1eefng \u01b0u \u0111i\u1ec3m c\u1ee7a d\u00f2ng 500 \u2013 c\u00f3 ch\u1ee9c n\u0103ng \u0111i\u1ec1u ch\u1ec9nh v\u00e0 khung kim lo\u1ea1i b\u1eb1ng nh\u00f4m.<\/p>\n","protected":false},"featured_media":1163,"comment_status":"open","ping_status":"closed","template":"","meta":{"jetpack_post_was_ever_published":false,"jetpack_publicize_message":"","jetpack_is_tweetstorm":false,"jetpack_publicize_feature_enabled":true,"jetpack_social_post_already_shared":false,"jetpack_social_options":[]},"product_cat":[32,71,73],"product_tag":[826],"class_list":["post-493","product","type-product","status-publish","has-post-thumbnail","hentry","product_cat-loa","product_cat-loa-elac","product_cat-dong-500","product_tag-elac","pa_cong-suat-220-300-w","pa_cong-suat-ampli-de-nghi-60-500-w-channel","pa_dai-tan-dap-ung-26-50-000-hz","pa_do-nhay-885db","pa_kich-thuoc-1198-x-280-x-413-mm","pa_loa-midrange-1-x-50-105-mm-as-xr-ring-radiator","pa_loa-tweeter-1-x-jet-iii","pa_loa-woofer-2x-180-mm-as-xr-konus","pa_tan-so-cat-180-550-2700","pa_thiet-ke-3-way-bassreflex","pa_tro-khang-danh-dinh-4-","pa_tro-khang-nho-nhat-35--95-hz","pa_trong-luong-37-0-kg","pa_tuong-thich-tro-khang-4-8-","description-off"],"jetpack_publicize_connections":[],"yoast_head":"<!-- This site is optimized with the Yoast SEO plugin v20.4 - https:\/\/yoast.com\/wordpress\/plugins\/seo\/ -->\n<title>Loa Elac FS 507 VX-JET - SaigonStereo<\/title>\n<meta name=\"robots\" content=\"index, follow, max-snippet:-1, max-image-preview:large, max-video-preview:-1\" \/>\n<link rel=\"canonical\" href=\"https:\/\/www.saigonstereo.com\/home\/san-pham\/loa-elac-fs-507-vx-jet\/\" \/>\n<meta property=\"og:locale\" content=\"vi_VN\" \/>\n<meta property=\"og:type\" content=\"article\" \/>\n<meta property=\"og:title\" content=\"Loa Elac FS 507 VX-JET - SaigonStereo\" \/>\n<meta property=\"og:description\" content=\"V\u1edbi nh\u1eefng ng\u01b0\u1eddi th\u00edch s\u1ef1 nh\u1ecf g\u1ecdn: Ch\u00fang t\u00f4i xin gi\u1edbi thi\u1ec7u chi\u1ebfc loa FS 507 VX-JET, k\u1ebft h\u1ee3p t\u1ea5t c\u1ea3 nh\u1eefng \u01b0u \u0111i\u1ec3m c\u1ee7a d\u00f2ng 500 \u2013 c\u00f3 ch\u1ee9c n\u0103ng \u0111i\u1ec1u ch\u1ec9nh v\u00e0 khung kim lo\u1ea1i b\u1eb1ng nh\u00f4m.\" \/>\n<meta property=\"og:url\" content=\"https:\/\/www.saigonstereo.com\/home\/san-pham\/loa-elac-fs-507-vx-jet\/\" \/>\n<meta property=\"og:site_name\" content=\"SaigonStereo\" \/>\n<meta property=\"article:modified_time\" content=\"2016-12-26T10:06:02+00:00\" \/>\n<meta property=\"og:image\" content=\"https:\/\/www.saigonstereo.com\/home\/wp-content\/uploads\/2013\/08\/fs-507.jpg\" \/>\n\t<meta property=\"og:image:width\" content=\"640\" \/>\n\t<meta property=\"og:image:height\" content=\"640\" \/>\n\t<meta property=\"og:image:type\" content=\"image\/jpeg\" \/>\n<meta name=\"twitter:card\" content=\"summary_large_image\" \/>\n<script type=\"application\/ld+json\" class=\"yoast-schema-graph\">{\"@context\":\"https:\/\/schema.org\",\"@graph\":[{\"@type\":\"WebPage\",\"@id\":\"https:\/\/www.saigonstereo.com\/home\/san-pham\/loa-elac-fs-507-vx-jet\/\",\"url\":\"https:\/\/www.saigonstereo.com\/home\/san-pham\/loa-elac-fs-507-vx-jet\/\",\"name\":\"Loa Elac FS 507 VX-JET - SaigonStereo\",\"isPartOf\":{\"@id\":\"https:\/\/www.saigonstereo.com\/home\/#website\"},\"datePublished\":\"2013-08-14T04:21:28+00:00\",\"dateModified\":\"2016-12-26T10:06:02+00:00\",\"breadcrumb\":{\"@id\":\"https:\/\/www.saigonstereo.com\/home\/san-pham\/loa-elac-fs-507-vx-jet\/#breadcrumb\"},\"inLanguage\":\"vi\",\"potentialAction\":[{\"@type\":\"ReadAction\",\"target\":[\"https:\/\/www.saigonstereo.com\/home\/san-pham\/loa-elac-fs-507-vx-jet\/\"]}]},{\"@type\":\"BreadcrumbList\",\"@id\":\"https:\/\/www.saigonstereo.com\/home\/san-pham\/loa-elac-fs-507-vx-jet\/#breadcrumb\",\"itemListElement\":[{\"@type\":\"ListItem\",\"position\":1,\"name\":\"Home\",\"item\":\"https:\/\/www.saigonstereo.com\/home\/\"},{\"@type\":\"ListItem\",\"position\":2,\"name\":\"Products\",\"item\":\"https:\/\/www.saigonstereo.com\/home\/shop\/\"},{\"@type\":\"ListItem\",\"position\":3,\"name\":\"Loa Elac FS 507 VX-JET\"}]},{\"@type\":\"WebSite\",\"@id\":\"https:\/\/www.saigonstereo.com\/home\/#website\",\"url\":\"https:\/\/www.saigonstereo.com\/home\/\",\"name\":\"SaigonStereo\",\"description\":\"Nh\u00e0 ph\u00e2n ph\u1ed1i thi\u1ebft b\u1ecb \u00e2m thanh cao c\u1ea5p\",\"potentialAction\":[{\"@type\":\"SearchAction\",\"target\":{\"@type\":\"EntryPoint\",\"urlTemplate\":\"https:\/\/www.saigonstereo.com\/home\/?s={search_term_string}\"},\"query-input\":\"required name=search_term_string\"}],\"inLanguage\":\"vi\"}]}<\/script>\n<!-- \/ Yoast SEO plugin. -->","yoast_head_json":{"title":"Loa Elac FS 507 VX-JET - SaigonStereo","robots":{"index":"index","follow":"follow","max-snippet":"max-snippet:-1","max-image-preview":"max-image-preview:large","max-video-preview":"max-video-preview:-1"},"canonical":"https:\/\/www.saigonstereo.com\/home\/san-pham\/loa-elac-fs-507-vx-jet\/","og_locale":"vi_VN","og_type":"article","og_title":"Loa Elac FS 507 VX-JET - SaigonStereo","og_description":"V\u1edbi nh\u1eefng ng\u01b0\u1eddi th\u00edch s\u1ef1 nh\u1ecf g\u1ecdn: Ch\u00fang t\u00f4i xin gi\u1edbi thi\u1ec7u chi\u1ebfc loa FS 507 VX-JET, k\u1ebft h\u1ee3p t\u1ea5t c\u1ea3 nh\u1eefng \u01b0u \u0111i\u1ec3m c\u1ee7a d\u00f2ng 500 \u2013 c\u00f3 ch\u1ee9c n\u0103ng \u0111i\u1ec1u ch\u1ec9nh v\u00e0 khung kim lo\u1ea1i b\u1eb1ng nh\u00f4m.","og_url":"https:\/\/www.saigonstereo.com\/home\/san-pham\/loa-elac-fs-507-vx-jet\/","og_site_name":"SaigonStereo","article_modified_time":"2016-12-26T10:06:02+00:00","og_image":[{"width":640,"height":640,"url":"https:\/\/www.saigonstereo.com\/home\/wp-content\/uploads\/2013\/08\/fs-507.jpg","type":"image\/jpeg"}],"twitter_card":"summary_large_image","schema":{"@context":"https:\/\/schema.org","@graph":[{"@type":"WebPage","@id":"https:\/\/www.saigonstereo.com\/home\/san-pham\/loa-elac-fs-507-vx-jet\/","url":"https:\/\/www.saigonstereo.com\/home\/san-pham\/loa-elac-fs-507-vx-jet\/","name":"Loa Elac FS 507 VX-JET - SaigonStereo","isPartOf":{"@id":"https:\/\/www.saigonstereo.com\/home\/#website"},"datePublished":"2013-08-14T04:21:28+00:00","dateModified":"2016-12-26T10:06:02+00:00","breadcrumb":{"@id":"https:\/\/www.saigonstereo.com\/home\/san-pham\/loa-elac-fs-507-vx-jet\/#breadcrumb"},"inLanguage":"vi","potentialAction":[{"@type":"ReadAction","target":["https:\/\/www.saigonstereo.com\/home\/san-pham\/loa-elac-fs-507-vx-jet\/"]}]},{"@type":"BreadcrumbList","@id":"https:\/\/www.saigonstereo.com\/home\/san-pham\/loa-elac-fs-507-vx-jet\/#breadcrumb","itemListElement":[{"@type":"ListItem","position":1,"name":"Home","item":"https:\/\/www.saigonstereo.com\/home\/"},{"@type":"ListItem","position":2,"name":"Products","item":"https:\/\/www.saigonstereo.com\/home\/shop\/"},{"@type":"ListItem","position":3,"name":"Loa Elac FS 507 VX-JET"}]},{"@type":"WebSite","@id":"https:\/\/www.saigonstereo.com\/home\/#website","url":"https:\/\/www.saigonstereo.com\/home\/","name":"SaigonStereo","description":"Nh\u00e0 ph\u00e2n ph\u1ed1i thi\u1ebft b\u1ecb \u00e2m thanh cao c\u1ea5p","potentialAction":[{"@type":"SearchAction","target":{"@type":"EntryPoint","urlTemplate":"https:\/\/www.saigonstereo.com\/home\/?s={search_term_string}"},"query-input":"required name=search_term_string"}],"inLanguage":"vi"}]}},"jetpack_sharing_enabled":true,"_links":{"self":[{"href":"https:\/\/www.saigonstereo.com\/home\/wp-json\/wp\/v2\/product\/493","targetHints":{"allow":["GET"]}}],"collection":[{"href":"https:\/\/www.saigonstereo.com\/home\/wp-json\/wp\/v2\/product"}],"about":[{"href":"https:\/\/www.saigonstereo.com\/home\/wp-json\/wp\/v2\/types\/product"}],"replies":[{"embeddable":true,"href":"https:\/\/www.saigonstereo.com\/home\/wp-json\/wp\/v2\/comments?post=493"}],"wp:featuredmedia":[{"embeddable":true,"href":"https:\/\/www.saigonstereo.com\/home\/wp-json\/wp\/v2\/media\/1163"}],"wp:attachment":[{"href":"https:\/\/www.saigonstereo.com\/home\/wp-json\/wp\/v2\/media?parent=493"}],"wp:term":[{"taxonomy":"product_cat","embeddable":true,"href":"https:\/\/www.saigonstereo.com\/home\/wp-json\/wp\/v2\/product_cat?post=493"},{"taxonomy":"product_tag","embeddable":true,"href":"https:\/\/www.saigonstereo.com\/home\/wp-json\/wp\/v2\/product_tag?post=493"}],"curies":[{"name":"wp","href":"https:\/\/api.w.org\/{rel}","templated":true}]}}