{"id":511,"date":"2013-08-14T11:53:37","date_gmt":"2013-08-14T04:53:37","guid":{"rendered":"http:\/\/www.shindiristudio.com\/allaroundwp\/product\/note-bag\/"},"modified":"2015-08-13T14:20:19","modified_gmt":"2015-08-13T07:20:19","slug":"loa-elac-bs-142","status":"publish","type":"product","link":"https:\/\/www.saigonstereo.com\/home\/san-pham\/loa-elac-bs-142\/","title":{"rendered":"Loa Elac BS 142"},"content":{"rendered":"","protected":false},"excerpt":{"rendered":"<p>BS 142 th\u1eadt s\u1ef1 c\u00f3 th\u1ec3 t\u1ea1o ra \u00e2m thanh l\u1edbn h\u01a1n v\u1ebb ngo\u00e0i c\u1ee7a n\u00f3. V\u1edbi chi\u1ec1u cao 26 cm chi\u1ebfc loa n\u00e0y tr\u00f4ng r\u1ea5t nh\u1ecf nh\u01b0ng kh\u1ea3 n\u0103ng ph\u00f4 di\u1ec5n \u00e2m thanh c\u1ee7a n\u00f3 c\u1ef1c k\u1ef3 \u1ea5n t\u01b0\u1ee3ng.<\/p>\n<p>\u201cTh\u1ebf gi\u1edbi ch\u1ec9 nh\u01b0 l\u00e0 s\u00e2n kh\u1ea5u\u201d (tr\u00edch Shakespeare) nh\u01b0ng \u00edt chi\u1ebfc loa n\u00e0o c\u00f3 th\u1ec3 t\u1eadn d\u1ee5ng \u201cs\u00e2n kh\u1ea5u\u201d n\u00e0y. Tuy nhi\u00ean \u0111\u00e2y kh\u00f4ng ph\u1ea3i l\u00e0 v\u1ea5n \u0111\u1ec1 \u0111\u1ed1i v\u1edbi loa ELAC.<\/p>\n","protected":false},"featured_media":1157,"comment_status":"open","ping_status":"closed","template":"","meta":{"jetpack_post_was_ever_published":false,"jetpack_publicize_message":"","jetpack_is_tweetstorm":false,"jetpack_publicize_feature_enabled":true,"jetpack_social_post_already_shared":false,"jetpack_social_options":[]},"product_cat":[32,71,82],"product_tag":[826],"class_list":["post-511","product","type-product","status-publish","has-post-thumbnail","hentry","product_cat-loa","product_cat-loa-elac","product_cat-dong-140","product_tag-elac","pa_cong-suat-50-70-w","pa_cong-suat-ampli-de-nghi-20-120-w-channel","pa_dai-tan-dap-ung-48-50000-hz","pa_do-nhay-88-db-2-83-v-1-m","pa_kich-thuoc-260-x-160-x-262-mm","pa_loa-tweeter-1-x-jet-iii","pa_loa-woofer-1-x-135-mm-as-cone","pa_tan-so-cat-2600-hz","pa_thiet-ke-2-way-bassreflex","pa_tro-khang-danh-dinh-4-","pa_tro-khang-nho-nhat-3-4--250-hz","pa_trong-luong-4-5-kg","pa_tuong-thich-tro-khang-4-8-","description-off"],"jetpack_publicize_connections":[],"yoast_head":"<!-- This site is optimized with the Yoast SEO plugin v20.4 - https:\/\/yoast.com\/wordpress\/plugins\/seo\/ -->\n<title>Loa Elac BS 142 - SaigonStereo<\/title>\n<meta name=\"robots\" content=\"index, follow, max-snippet:-1, max-image-preview:large, max-video-preview:-1\" \/>\n<link rel=\"canonical\" href=\"https:\/\/www.saigonstereo.com\/home\/san-pham\/loa-elac-bs-142\/\" \/>\n<meta property=\"og:locale\" content=\"vi_VN\" \/>\n<meta property=\"og:type\" content=\"article\" \/>\n<meta property=\"og:title\" content=\"Loa Elac BS 142 - SaigonStereo\" \/>\n<meta property=\"og:description\" content=\"BS 142 th\u1eadt s\u1ef1 c\u00f3 th\u1ec3 t\u1ea1o ra \u00e2m thanh l\u1edbn h\u01a1n v\u1ebb ngo\u00e0i c\u1ee7a n\u00f3. V\u1edbi chi\u1ec1u cao 26 cm chi\u1ebfc loa n\u00e0y tr\u00f4ng r\u1ea5t nh\u1ecf nh\u01b0ng kh\u1ea3 n\u0103ng ph\u00f4 di\u1ec5n \u00e2m thanh c\u1ee7a n\u00f3 c\u1ef1c k\u1ef3 \u1ea5n t\u01b0\u1ee3ng.  \u201cTh\u1ebf gi\u1edbi ch\u1ec9 nh\u01b0 l\u00e0 s\u00e2n kh\u1ea5u\u201d (tr\u00edch Shakespeare) nh\u01b0ng \u00edt chi\u1ebfc loa n\u00e0o c\u00f3 th\u1ec3 t\u1eadn d\u1ee5ng \u201cs\u00e2n kh\u1ea5u\u201d n\u00e0y. Tuy nhi\u00ean \u0111\u00e2y kh\u00f4ng ph\u1ea3i l\u00e0 v\u1ea5n \u0111\u1ec1 \u0111\u1ed1i v\u1edbi loa ELAC.\" \/>\n<meta property=\"og:url\" content=\"https:\/\/www.saigonstereo.com\/home\/san-pham\/loa-elac-bs-142\/\" \/>\n<meta property=\"og:site_name\" content=\"SaigonStereo\" \/>\n<meta property=\"article:modified_time\" content=\"2015-08-13T07:20:19+00:00\" \/>\n<meta property=\"og:image\" content=\"https:\/\/www.saigonstereo.com\/home\/wp-content\/uploads\/2013\/08\/bs-142.jpg\" \/>\n\t<meta property=\"og:image:width\" content=\"640\" \/>\n\t<meta property=\"og:image:height\" content=\"640\" \/>\n\t<meta property=\"og:image:type\" content=\"image\/jpeg\" \/>\n<meta name=\"twitter:card\" content=\"summary_large_image\" \/>\n<script type=\"application\/ld+json\" class=\"yoast-schema-graph\">{\"@context\":\"https:\/\/schema.org\",\"@graph\":[{\"@type\":\"WebPage\",\"@id\":\"https:\/\/www.saigonstereo.com\/home\/san-pham\/loa-elac-bs-142\/\",\"url\":\"https:\/\/www.saigonstereo.com\/home\/san-pham\/loa-elac-bs-142\/\",\"name\":\"Loa Elac BS 142 - SaigonStereo\",\"isPartOf\":{\"@id\":\"https:\/\/www.saigonstereo.com\/home\/#website\"},\"datePublished\":\"2013-08-14T04:53:37+00:00\",\"dateModified\":\"2015-08-13T07:20:19+00:00\",\"breadcrumb\":{\"@id\":\"https:\/\/www.saigonstereo.com\/home\/san-pham\/loa-elac-bs-142\/#breadcrumb\"},\"inLanguage\":\"vi\",\"potentialAction\":[{\"@type\":\"ReadAction\",\"target\":[\"https:\/\/www.saigonstereo.com\/home\/san-pham\/loa-elac-bs-142\/\"]}]},{\"@type\":\"BreadcrumbList\",\"@id\":\"https:\/\/www.saigonstereo.com\/home\/san-pham\/loa-elac-bs-142\/#breadcrumb\",\"itemListElement\":[{\"@type\":\"ListItem\",\"position\":1,\"name\":\"Home\",\"item\":\"https:\/\/www.saigonstereo.com\/home\/\"},{\"@type\":\"ListItem\",\"position\":2,\"name\":\"Products\",\"item\":\"https:\/\/www.saigonstereo.com\/home\/shop\/\"},{\"@type\":\"ListItem\",\"position\":3,\"name\":\"Loa Elac BS 142\"}]},{\"@type\":\"WebSite\",\"@id\":\"https:\/\/www.saigonstereo.com\/home\/#website\",\"url\":\"https:\/\/www.saigonstereo.com\/home\/\",\"name\":\"SaigonStereo\",\"description\":\"Nh\u00e0 ph\u00e2n ph\u1ed1i thi\u1ebft b\u1ecb \u00e2m thanh cao c\u1ea5p\",\"potentialAction\":[{\"@type\":\"SearchAction\",\"target\":{\"@type\":\"EntryPoint\",\"urlTemplate\":\"https:\/\/www.saigonstereo.com\/home\/?s={search_term_string}\"},\"query-input\":\"required name=search_term_string\"}],\"inLanguage\":\"vi\"}]}<\/script>\n<!-- \/ Yoast SEO plugin. -->","yoast_head_json":{"title":"Loa Elac BS 142 - SaigonStereo","robots":{"index":"index","follow":"follow","max-snippet":"max-snippet:-1","max-image-preview":"max-image-preview:large","max-video-preview":"max-video-preview:-1"},"canonical":"https:\/\/www.saigonstereo.com\/home\/san-pham\/loa-elac-bs-142\/","og_locale":"vi_VN","og_type":"article","og_title":"Loa Elac BS 142 - SaigonStereo","og_description":"BS 142 th\u1eadt s\u1ef1 c\u00f3 th\u1ec3 t\u1ea1o ra \u00e2m thanh l\u1edbn h\u01a1n v\u1ebb ngo\u00e0i c\u1ee7a n\u00f3. V\u1edbi chi\u1ec1u cao 26 cm chi\u1ebfc loa n\u00e0y tr\u00f4ng r\u1ea5t nh\u1ecf nh\u01b0ng kh\u1ea3 n\u0103ng ph\u00f4 di\u1ec5n \u00e2m thanh c\u1ee7a n\u00f3 c\u1ef1c k\u1ef3 \u1ea5n t\u01b0\u1ee3ng.  \u201cTh\u1ebf gi\u1edbi ch\u1ec9 nh\u01b0 l\u00e0 s\u00e2n kh\u1ea5u\u201d (tr\u00edch Shakespeare) nh\u01b0ng \u00edt chi\u1ebfc loa n\u00e0o c\u00f3 th\u1ec3 t\u1eadn d\u1ee5ng \u201cs\u00e2n kh\u1ea5u\u201d n\u00e0y. Tuy nhi\u00ean \u0111\u00e2y kh\u00f4ng ph\u1ea3i l\u00e0 v\u1ea5n \u0111\u1ec1 \u0111\u1ed1i v\u1edbi loa ELAC.","og_url":"https:\/\/www.saigonstereo.com\/home\/san-pham\/loa-elac-bs-142\/","og_site_name":"SaigonStereo","article_modified_time":"2015-08-13T07:20:19+00:00","og_image":[{"width":640,"height":640,"url":"https:\/\/www.saigonstereo.com\/home\/wp-content\/uploads\/2013\/08\/bs-142.jpg","type":"image\/jpeg"}],"twitter_card":"summary_large_image","schema":{"@context":"https:\/\/schema.org","@graph":[{"@type":"WebPage","@id":"https:\/\/www.saigonstereo.com\/home\/san-pham\/loa-elac-bs-142\/","url":"https:\/\/www.saigonstereo.com\/home\/san-pham\/loa-elac-bs-142\/","name":"Loa Elac BS 142 - SaigonStereo","isPartOf":{"@id":"https:\/\/www.saigonstereo.com\/home\/#website"},"datePublished":"2013-08-14T04:53:37+00:00","dateModified":"2015-08-13T07:20:19+00:00","breadcrumb":{"@id":"https:\/\/www.saigonstereo.com\/home\/san-pham\/loa-elac-bs-142\/#breadcrumb"},"inLanguage":"vi","potentialAction":[{"@type":"ReadAction","target":["https:\/\/www.saigonstereo.com\/home\/san-pham\/loa-elac-bs-142\/"]}]},{"@type":"BreadcrumbList","@id":"https:\/\/www.saigonstereo.com\/home\/san-pham\/loa-elac-bs-142\/#breadcrumb","itemListElement":[{"@type":"ListItem","position":1,"name":"Home","item":"https:\/\/www.saigonstereo.com\/home\/"},{"@type":"ListItem","position":2,"name":"Products","item":"https:\/\/www.saigonstereo.com\/home\/shop\/"},{"@type":"ListItem","position":3,"name":"Loa Elac BS 142"}]},{"@type":"WebSite","@id":"https:\/\/www.saigonstereo.com\/home\/#website","url":"https:\/\/www.saigonstereo.com\/home\/","name":"SaigonStereo","description":"Nh\u00e0 ph\u00e2n ph\u1ed1i thi\u1ebft b\u1ecb \u00e2m thanh cao c\u1ea5p","potentialAction":[{"@type":"SearchAction","target":{"@type":"EntryPoint","urlTemplate":"https:\/\/www.saigonstereo.com\/home\/?s={search_term_string}"},"query-input":"required name=search_term_string"}],"inLanguage":"vi"}]}},"jetpack_sharing_enabled":true,"_links":{"self":[{"href":"https:\/\/www.saigonstereo.com\/home\/wp-json\/wp\/v2\/product\/511","targetHints":{"allow":["GET"]}}],"collection":[{"href":"https:\/\/www.saigonstereo.com\/home\/wp-json\/wp\/v2\/product"}],"about":[{"href":"https:\/\/www.saigonstereo.com\/home\/wp-json\/wp\/v2\/types\/product"}],"replies":[{"embeddable":true,"href":"https:\/\/www.saigonstereo.com\/home\/wp-json\/wp\/v2\/comments?post=511"}],"wp:featuredmedia":[{"embeddable":true,"href":"https:\/\/www.saigonstereo.com\/home\/wp-json\/wp\/v2\/media\/1157"}],"wp:attachment":[{"href":"https:\/\/www.saigonstereo.com\/home\/wp-json\/wp\/v2\/media?parent=511"}],"wp:term":[{"taxonomy":"product_cat","embeddable":true,"href":"https:\/\/www.saigonstereo.com\/home\/wp-json\/wp\/v2\/product_cat?post=511"},{"taxonomy":"product_tag","embeddable":true,"href":"https:\/\/www.saigonstereo.com\/home\/wp-json\/wp\/v2\/product_tag?post=511"}],"curies":[{"name":"wp","href":"https:\/\/api.w.org\/{rel}","templated":true}]}}