{"id":547,"date":"2013-08-14T12:10:38","date_gmt":"2013-08-14T05:10:38","guid":{"rendered":"http:\/\/www.shindiristudio.com\/allaroundwp\/product\/levis\/"},"modified":"2018-03-28T16:44:34","modified_gmt":"2018-03-28T09:44:34","slug":"thorens-td-550","status":"publish","type":"product","link":"https:\/\/www.saigonstereo.com\/home\/san-pham\/thorens-td-550\/","title":{"rendered":"M\u00e2m than Thorens TD 550"},"content":{"rendered":"<p>TD-550 s\u1eed d\u1ee5ng nguy\u00ean l\u00fd thi\u1ebft k\u1ebf b\u1ec7 m\u00e1y treo. N\u1ebfu c\u1ea7n thi\u1ebft c\u00f3 th\u1ec3 \u0111i\u1ec1u ch\u1ec9nh c\u00e2n b\u1eb1ng cho c\u1ea7n b\u1eb1ng c\u00e1ch \u0111i\u1ec1u ch\u1ec9nh c\u00e1c \u1ed1c gi\u1eef tr\u00ean b\u1ec7 m\u00e1y.<\/p>\n<p><strong>Th\u00f4ng S\u1ed1 K\u1ef9 Thu\u1eadt:<\/strong><\/p>\n<p>C\u01a1 ch\u1ebf ho\u1ea1t \u0111\u1ed9ng Th\u1ee7 c\u00f4ng<br \/>\nH\u1ec7 th\u1ed1ng d\u1eabn \u0111\u1ed9ng H\u1ec7 cu-roa ch\u00ednh x\u00e1c c\u1ee7a Thorens<br \/>\nMotor truy\u1ec1n \u0111\u1ed9ng Motor \u0111\u1ed3ng b\u1ed9 AC<br \/>\nC\u1ea5p t\u1ed1c \u0111\u1ed9 33 v\u00f2ng\/ph\u00fat<br \/>\n45 v\u00f2ng\/ph\u00fat<br \/>\nChuy\u1ec3n t\u1ed1c \u0110i\u1ec7n t\u1eed<br \/>\nM\u00e2m quay 12.0 &#8221; \/ 6.3 kg &#8211; kh\u00f4ng nhi\u1ec5m t\u1eeb<br \/>\nC\u1ea7n Thorens TP 300 (T\u00f9y ch\u1ecdn b\u00e1n ri\u00eang: SME 309\/312, SME M2-9 \/ M2-12<br \/>\nCh\u1ed1ng tr\u01b0\u1ee3t ngang Ki\u1ec3u nam ch\u00e2m<br \/>\nNgu\u1ed3n \u0111i\u1ec7n AC-adapter, ph\u00f9 h\u1ee3p v\u1edbi m\u1ecdi ngu\u1ed3n gia d\u1ee5ng<br \/>\nK\u00edch th\u01b0\u1edbc m\u00e1y (W x H x D) 525 x 190 x 415 (mm)<br \/>\nTr\u1ecdng l\u01b0\u1ee3ng m\u00e1y 20 kg<br \/>\nM\u00e0u m\u00e1y \u0110en, \u0111\u1ecf, v\u00e0ng nh\u1ea1t, n\u00e2u, \u0111en h\u1ed3ng<\/p>\n","protected":false},"excerpt":{"rendered":"<p>K\u00edch th\u01b0\u1edbc b\u1ec7 m\u00e1y l\u1edbn, c\u00e1c ph\u00edm \u0111i\u1ec1u khi\u1ec3n thu\u1eadn ti\u1ec7n \u1edf m\u1eb7t tr\u01b0\u1edbc c\u1ee7a m\u00e1y. B\u1ec7 gi\u1eef tay c\u1ea7n \u0111\u01b0\u1ee3c l\u00e0m t\u1eeb s\u1ee3i carbon, \u0111\u1ea3m b\u1ea3o cho vi\u1ec7c k\u1ebft n\u1ed1i ch\u1eafc ch\u1eafn gi\u1eefa c\u1ea7n v\u00e0 b\u1ec7 gi\u1eef.<\/p>\n","protected":false},"featured_media":40044,"comment_status":"open","ping_status":"closed","template":"","meta":{"jetpack_post_was_ever_published":false,"jetpack_publicize_message":"","jetpack_is_tweetstorm":false,"jetpack_publicize_feature_enabled":true,"jetpack_social_post_already_shared":false,"jetpack_social_options":[]},"product_cat":[832],"product_tag":[833],"class_list":["post-547","product","type-product","status-publish","has-post-thumbnail","hentry","product_cat-thorens","product_tag-thorens","description-off"],"jetpack_publicize_connections":[],"yoast_head":"<!-- This site is optimized with the Yoast SEO plugin v20.4 - https:\/\/yoast.com\/wordpress\/plugins\/seo\/ -->\n<title>M\u00e2m than Thorens TD 550 - SaigonStereo<\/title>\n<meta name=\"description\" content=\"K\u00edch th\u01b0\u1edbc b\u1ec7 m\u00e1y TD 550 l\u1edbn, c\u00e1c ph\u00edm \u0111i\u1ec1u khi\u1ec3n thu\u1eadn ti\u1ec7n \u1edf m\u1eb7t tr\u01b0\u1edbc. B\u1ec7 gi\u1eef tay c\u1ea7n l\u00e0m t\u1eeb s\u1ee3i carbon, \u0111\u1ea3m b\u1ea3o vi\u1ec7c k\u1ebft n\u1ed1i ch\u1eafc ch\u1eafn gi\u1eefa c\u1ea7n v\u00e0 b\u1ec7\" \/>\n<meta name=\"robots\" content=\"index, follow, max-snippet:-1, max-image-preview:large, max-video-preview:-1\" \/>\n<link rel=\"canonical\" href=\"https:\/\/www.saigonstereo.com\/home\/san-pham\/thorens-td-550\/\" \/>\n<meta property=\"og:locale\" content=\"vi_VN\" \/>\n<meta property=\"og:type\" content=\"article\" \/>\n<meta property=\"og:title\" content=\"M\u00e2m than Thorens TD 550 - SaigonStereo\" \/>\n<meta property=\"og:description\" content=\"K\u00edch th\u01b0\u1edbc b\u1ec7 m\u00e1y TD 550 l\u1edbn, c\u00e1c ph\u00edm \u0111i\u1ec1u khi\u1ec3n thu\u1eadn ti\u1ec7n \u1edf m\u1eb7t tr\u01b0\u1edbc. B\u1ec7 gi\u1eef tay c\u1ea7n l\u00e0m t\u1eeb s\u1ee3i carbon, \u0111\u1ea3m b\u1ea3o vi\u1ec7c k\u1ebft n\u1ed1i ch\u1eafc ch\u1eafn gi\u1eefa c\u1ea7n v\u00e0 b\u1ec7\" \/>\n<meta property=\"og:url\" content=\"https:\/\/www.saigonstereo.com\/home\/san-pham\/thorens-td-550\/\" \/>\n<meta property=\"og:site_name\" content=\"SaigonStereo\" \/>\n<meta property=\"article:modified_time\" content=\"2018-03-28T09:44:34+00:00\" \/>\n<meta property=\"og:image\" content=\"https:\/\/www.saigonstereo.com\/home\/wp-content\/uploads\/2013\/08\/SaigonStereo-640x640-Thorens-TD550.png\" \/>\n\t<meta property=\"og:image:width\" content=\"640\" \/>\n\t<meta property=\"og:image:height\" content=\"640\" \/>\n\t<meta property=\"og:image:type\" content=\"image\/png\" \/>\n<meta name=\"twitter:card\" content=\"summary_large_image\" \/>\n<meta name=\"twitter:label1\" content=\"\u01af\u1edbc t\u00ednh th\u1eddi gian \u0111\u1ecdc\" \/>\n\t<meta name=\"twitter:data1\" content=\"1 ph\u00fat\" \/>\n<script type=\"application\/ld+json\" class=\"yoast-schema-graph\">{\"@context\":\"https:\/\/schema.org\",\"@graph\":[{\"@type\":\"WebPage\",\"@id\":\"https:\/\/www.saigonstereo.com\/home\/san-pham\/thorens-td-550\/\",\"url\":\"https:\/\/www.saigonstereo.com\/home\/san-pham\/thorens-td-550\/\",\"name\":\"M\u00e2m than Thorens TD 550 - SaigonStereo\",\"isPartOf\":{\"@id\":\"https:\/\/www.saigonstereo.com\/home\/#website\"},\"datePublished\":\"2013-08-14T05:10:38+00:00\",\"dateModified\":\"2018-03-28T09:44:34+00:00\",\"description\":\"K\u00edch th\u01b0\u1edbc b\u1ec7 m\u00e1y TD 550 l\u1edbn, c\u00e1c ph\u00edm \u0111i\u1ec1u khi\u1ec3n thu\u1eadn ti\u1ec7n \u1edf m\u1eb7t tr\u01b0\u1edbc. B\u1ec7 gi\u1eef tay c\u1ea7n l\u00e0m t\u1eeb s\u1ee3i carbon, \u0111\u1ea3m b\u1ea3o vi\u1ec7c k\u1ebft n\u1ed1i ch\u1eafc ch\u1eafn gi\u1eefa c\u1ea7n v\u00e0 b\u1ec7\",\"breadcrumb\":{\"@id\":\"https:\/\/www.saigonstereo.com\/home\/san-pham\/thorens-td-550\/#breadcrumb\"},\"inLanguage\":\"vi\",\"potentialAction\":[{\"@type\":\"ReadAction\",\"target\":[\"https:\/\/www.saigonstereo.com\/home\/san-pham\/thorens-td-550\/\"]}]},{\"@type\":\"BreadcrumbList\",\"@id\":\"https:\/\/www.saigonstereo.com\/home\/san-pham\/thorens-td-550\/#breadcrumb\",\"itemListElement\":[{\"@type\":\"ListItem\",\"position\":1,\"name\":\"Home\",\"item\":\"https:\/\/www.saigonstereo.com\/home\/\"},{\"@type\":\"ListItem\",\"position\":2,\"name\":\"Products\",\"item\":\"https:\/\/www.saigonstereo.com\/home\/shop\/\"},{\"@type\":\"ListItem\",\"position\":3,\"name\":\"M\u00e2m than Thorens TD 550\"}]},{\"@type\":\"WebSite\",\"@id\":\"https:\/\/www.saigonstereo.com\/home\/#website\",\"url\":\"https:\/\/www.saigonstereo.com\/home\/\",\"name\":\"SaigonStereo\",\"description\":\"Nh\u00e0 ph\u00e2n ph\u1ed1i thi\u1ebft b\u1ecb \u00e2m thanh cao c\u1ea5p\",\"potentialAction\":[{\"@type\":\"SearchAction\",\"target\":{\"@type\":\"EntryPoint\",\"urlTemplate\":\"https:\/\/www.saigonstereo.com\/home\/?s={search_term_string}\"},\"query-input\":\"required name=search_term_string\"}],\"inLanguage\":\"vi\"}]}<\/script>\n<!-- \/ Yoast SEO plugin. -->","yoast_head_json":{"title":"M\u00e2m than Thorens TD 550 - SaigonStereo","description":"K\u00edch th\u01b0\u1edbc b\u1ec7 m\u00e1y TD 550 l\u1edbn, c\u00e1c ph\u00edm \u0111i\u1ec1u khi\u1ec3n thu\u1eadn ti\u1ec7n \u1edf m\u1eb7t tr\u01b0\u1edbc. B\u1ec7 gi\u1eef tay c\u1ea7n l\u00e0m t\u1eeb s\u1ee3i carbon, \u0111\u1ea3m b\u1ea3o vi\u1ec7c k\u1ebft n\u1ed1i ch\u1eafc ch\u1eafn gi\u1eefa c\u1ea7n v\u00e0 b\u1ec7","robots":{"index":"index","follow":"follow","max-snippet":"max-snippet:-1","max-image-preview":"max-image-preview:large","max-video-preview":"max-video-preview:-1"},"canonical":"https:\/\/www.saigonstereo.com\/home\/san-pham\/thorens-td-550\/","og_locale":"vi_VN","og_type":"article","og_title":"M\u00e2m than Thorens TD 550 - SaigonStereo","og_description":"K\u00edch th\u01b0\u1edbc b\u1ec7 m\u00e1y TD 550 l\u1edbn, c\u00e1c ph\u00edm \u0111i\u1ec1u khi\u1ec3n thu\u1eadn ti\u1ec7n \u1edf m\u1eb7t tr\u01b0\u1edbc. B\u1ec7 gi\u1eef tay c\u1ea7n l\u00e0m t\u1eeb s\u1ee3i carbon, \u0111\u1ea3m b\u1ea3o vi\u1ec7c k\u1ebft n\u1ed1i ch\u1eafc ch\u1eafn gi\u1eefa c\u1ea7n v\u00e0 b\u1ec7","og_url":"https:\/\/www.saigonstereo.com\/home\/san-pham\/thorens-td-550\/","og_site_name":"SaigonStereo","article_modified_time":"2018-03-28T09:44:34+00:00","og_image":[{"width":640,"height":640,"url":"https:\/\/www.saigonstereo.com\/home\/wp-content\/uploads\/2013\/08\/SaigonStereo-640x640-Thorens-TD550.png","type":"image\/png"}],"twitter_card":"summary_large_image","twitter_misc":{"\u01af\u1edbc t\u00ednh th\u1eddi gian \u0111\u1ecdc":"1 ph\u00fat"},"schema":{"@context":"https:\/\/schema.org","@graph":[{"@type":"WebPage","@id":"https:\/\/www.saigonstereo.com\/home\/san-pham\/thorens-td-550\/","url":"https:\/\/www.saigonstereo.com\/home\/san-pham\/thorens-td-550\/","name":"M\u00e2m than Thorens TD 550 - SaigonStereo","isPartOf":{"@id":"https:\/\/www.saigonstereo.com\/home\/#website"},"datePublished":"2013-08-14T05:10:38+00:00","dateModified":"2018-03-28T09:44:34+00:00","description":"K\u00edch th\u01b0\u1edbc b\u1ec7 m\u00e1y TD 550 l\u1edbn, c\u00e1c ph\u00edm \u0111i\u1ec1u khi\u1ec3n thu\u1eadn ti\u1ec7n \u1edf m\u1eb7t tr\u01b0\u1edbc. B\u1ec7 gi\u1eef tay c\u1ea7n l\u00e0m t\u1eeb s\u1ee3i carbon, \u0111\u1ea3m b\u1ea3o vi\u1ec7c k\u1ebft n\u1ed1i ch\u1eafc ch\u1eafn gi\u1eefa c\u1ea7n v\u00e0 b\u1ec7","breadcrumb":{"@id":"https:\/\/www.saigonstereo.com\/home\/san-pham\/thorens-td-550\/#breadcrumb"},"inLanguage":"vi","potentialAction":[{"@type":"ReadAction","target":["https:\/\/www.saigonstereo.com\/home\/san-pham\/thorens-td-550\/"]}]},{"@type":"BreadcrumbList","@id":"https:\/\/www.saigonstereo.com\/home\/san-pham\/thorens-td-550\/#breadcrumb","itemListElement":[{"@type":"ListItem","position":1,"name":"Home","item":"https:\/\/www.saigonstereo.com\/home\/"},{"@type":"ListItem","position":2,"name":"Products","item":"https:\/\/www.saigonstereo.com\/home\/shop\/"},{"@type":"ListItem","position":3,"name":"M\u00e2m than Thorens TD 550"}]},{"@type":"WebSite","@id":"https:\/\/www.saigonstereo.com\/home\/#website","url":"https:\/\/www.saigonstereo.com\/home\/","name":"SaigonStereo","description":"Nh\u00e0 ph\u00e2n ph\u1ed1i thi\u1ebft b\u1ecb \u00e2m thanh cao c\u1ea5p","potentialAction":[{"@type":"SearchAction","target":{"@type":"EntryPoint","urlTemplate":"https:\/\/www.saigonstereo.com\/home\/?s={search_term_string}"},"query-input":"required name=search_term_string"}],"inLanguage":"vi"}]}},"jetpack_sharing_enabled":true,"_links":{"self":[{"href":"https:\/\/www.saigonstereo.com\/home\/wp-json\/wp\/v2\/product\/547","targetHints":{"allow":["GET"]}}],"collection":[{"href":"https:\/\/www.saigonstereo.com\/home\/wp-json\/wp\/v2\/product"}],"about":[{"href":"https:\/\/www.saigonstereo.com\/home\/wp-json\/wp\/v2\/types\/product"}],"replies":[{"embeddable":true,"href":"https:\/\/www.saigonstereo.com\/home\/wp-json\/wp\/v2\/comments?post=547"}],"wp:featuredmedia":[{"embeddable":true,"href":"https:\/\/www.saigonstereo.com\/home\/wp-json\/wp\/v2\/media\/40044"}],"wp:attachment":[{"href":"https:\/\/www.saigonstereo.com\/home\/wp-json\/wp\/v2\/media?parent=547"}],"wp:term":[{"taxonomy":"product_cat","embeddable":true,"href":"https:\/\/www.saigonstereo.com\/home\/wp-json\/wp\/v2\/product_cat?post=547"},{"taxonomy":"product_tag","embeddable":true,"href":"https:\/\/www.saigonstereo.com\/home\/wp-json\/wp\/v2\/product_tag?post=547"}],"curies":[{"name":"wp","href":"https:\/\/api.w.org\/{rel}","templated":true}]}}