{"id":553,"date":"2013-08-20T14:30:56","date_gmt":"2013-08-20T07:30:56","guid":{"rendered":"http:\/\/www.shindiristudio.com\/allaroundwp\/product\/wildcraft\/"},"modified":"2018-03-28T16:26:08","modified_gmt":"2018-03-28T09:26:08","slug":"mam-thorens-td-2015","status":"publish","type":"product","link":"https:\/\/www.saigonstereo.com\/home\/san-pham\/mam-thorens-td-2015\/","title":{"rendered":"M\u00e2m than Thorens TD 2015"},"content":{"rendered":"<p>\u0110\u1ed9ng c\u01a1 g\u1eafn ngo\u00e0i \u0111\u01b0\u1ee3c thi\u1ebft k\u1ebf sao cho kh\u00f4ng c\u00f3 b\u1ea5t c\u1ee9 s\u1ef1 ti\u1ebfp x\u00fac n\u00e0o v\u1edbi b\u1ec7 m\u00e1y nh\u1eb1m tr\u00e1nh nh\u01b0ng rung c\u01a1 h\u1ecdc \u1ea3nh h\u01b0\u1edfng \u0111\u1ebfn b\u1ec7 m\u00e1y. H\u01a1n th\u1ebf n\u1eefa, to\u00e0n b\u1ed9 b\u1ec7 m\u00e1y \u0111\u01b0\u1ee3c \u0111\u1eb7t tr\u00ean b\u1ed9 ch\u00e2n \u0111\u1ebf c\u00f3 t\u00ednh tri\u1ec7t ti\u00eau c\u00e1c lo\u1ea1i rung ch\u1ea5n r\u1ea5t hi\u1ec7u qu\u1ea3 \u0111\u1ea3m b\u1ea3o cho ho\u1ea1t \u0111\u1ed9ng tr\u01a1n tru c\u1ee7a m\u00e2m xoay.<\/p>\n<p>M\u1ed9t khi thi\u1ebft k\u1ebf \u1ea5n t\u01b0\u1ee3ng c\u1ed9ng v\u1edbi \u00e2m thanh ho\u00e0n m\u1ef9 g\u1eb7p nhau, ch\u00fang s\u1ebd l\u00e0m th\u0103ng hoa c\u1ea3m x\u00fac cho ng\u01b0\u1eddi nghe. TD 2015 v\u00e0 TD 2035 l\u00e0 nh\u1eefng t\u00e1c ph\u1ea9m ngh\u1ec7 thu\u1eadt \u0111\u01b0\u01a1ng \u0111\u1ea1i cho nh\u1eefng ng\u01b0\u1eddi say m\u00ea analog.<\/p>\n<p><strong>Th\u00f4ng S\u1ed1 K\u1ef9 Thu\u1eadt:<\/strong><\/p>\n<p>C\u01a1 ch\u1ebf ho\u1ea1t \u0111\u1ed9ng Th\u1ee7 c\u00f4ng<\/p>\n<p>H\u1ec7 th\u1ed1ng d\u1eabn \u0111\u1ed9ng H\u1ec7 cu-roa ch\u00ednh x\u00e1c c\u1ee7a Thorens<br \/>\nMotor truy\u1ec1n \u0111\u1ed9ng Motor \u0111\u1ed3ng b\u1ed9 AC<br \/>\nC\u1ea5p t\u1ed1c \u0111\u1ed9 33 v\u00f2ng\/ph\u00fat<br \/>\n45 v\u00f2ng\/ph\u00fat<br \/>\nChuy\u1ec3n t\u1ed1c \u0110i\u1ec7n t\u1eed<br \/>\nM\u00e2m quay 12.0 &#8221; \/ 3.7 kg &#8211; nh\u00f4m<br \/>\nC\u1ea7n Thorens TP 92 (T\u00f9y ch\u1ecdn b\u00e1n ri\u00eang: SME 309, SME M2-9)<br \/>\nCh\u1ed1ng tr\u01b0\u1ee3t ngang Ki\u1ec3u nam ch\u00e2m<br \/>\nNgu\u1ed3n \u0111i\u1ec7n AC-adapter, ph\u00f9 h\u1ee3p v\u1edbi m\u1ecdi ngu\u1ed3n \u0111i\u1ec7n d\u00e2n d\u1ee5ng<br \/>\nK\u00edch th\u01b0\u1edbc m\u00e1y (W x H x D) 420 x 140 x 330 (mm)<br \/>\nTr\u1ecdng l\u01b0\u1ee3ng m\u00e1y 11 kg<br \/>\nM\u00e0u m\u00e1y Trong su\u1ed1t<\/p>\n","protected":false},"excerpt":{"rendered":"<p>C\u00e1c m\u00e2m\u00a0than\u00a0d\u00f2ng Acrylic \u0111\u1ec1u c\u00f3 h\u00ecnh th\u1ee9c \u1ea5n t\u01b0\u1ee3ng. Nh\u1edd v\u00e0o m\u1ea1ch \u0111i\u1ec1u khi\u1ec3n tinh vi, m\u1ed9t b\u1ec7 m\u00e1y si\u00eau \u1ed5n \u0111\u1ecbnh b\u1eb1ng v\u1eadt li\u1ec7u acrylic v\u00e0 m\u1ed9t m\u00e2m nh\u00f4m n\u1eb7ng, nh\u1eefng s\u1ea3n ph\u1ea9m thu\u1ed9c d\u00f2ng Acrylic \u0111\u1ec1u cho \u00e2m thanh c\u0169ng th\u00fa v\u1ecb nh\u01b0 b\u1ec1 ngo\u00e0i c\u1ee7a ch\u00fang.<\/p>\n","protected":false},"featured_media":40043,"comment_status":"open","ping_status":"closed","template":"","meta":{"jetpack_post_was_ever_published":false,"jetpack_publicize_message":"","jetpack_is_tweetstorm":false,"jetpack_publicize_feature_enabled":true,"jetpack_social_post_already_shared":false,"jetpack_social_options":[]},"product_cat":[832],"product_tag":[841,833],"class_list":["post-553","product","type-product","status-publish","has-post-thumbnail","hentry","product_cat-thorens","product_tag-mam-dia-than","product_tag-thorens","description-off"],"jetpack_publicize_connections":[],"yoast_head":"<!-- This site is optimized with the Yoast SEO plugin v20.4 - https:\/\/yoast.com\/wordpress\/plugins\/seo\/ -->\n<title>M\u00e2m than Thorens TD 2015 - SaigonStereo<\/title>\n<meta name=\"description\" content=\"TD 2015 v\u00e0 TD 2035 l\u00e0 nh\u1eefng t\u00e1c ph\u1ea9m ngh\u1ec7 thu\u1eadt \u0111\u01b0\u01a1ng \u0111\u1ea1i cho nh\u1eefng ng\u01b0\u1eddi say m\u00ea analog. \u0110\u1ed9ng c\u01a1 g\u1eafn ngo\u00e0i \u0111\u01b0\u1ee3c thi\u1ebft k\u1ebf sao cho kh\u00f4ng c\u00f3 b\u1ea5t c\u1ee9 s\u1ef1 ti\u1ebfp x\u00fac\" \/>\n<meta name=\"robots\" content=\"index, follow, max-snippet:-1, max-image-preview:large, max-video-preview:-1\" \/>\n<link rel=\"canonical\" href=\"https:\/\/www.saigonstereo.com\/home\/san-pham\/mam-thorens-td-2015\/\" \/>\n<meta property=\"og:locale\" content=\"vi_VN\" \/>\n<meta property=\"og:type\" content=\"article\" \/>\n<meta property=\"og:title\" content=\"M\u00e2m than Thorens TD 2015 - SaigonStereo\" \/>\n<meta property=\"og:description\" content=\"TD 2015 v\u00e0 TD 2035 l\u00e0 nh\u1eefng t\u00e1c ph\u1ea9m ngh\u1ec7 thu\u1eadt \u0111\u01b0\u01a1ng \u0111\u1ea1i cho nh\u1eefng ng\u01b0\u1eddi say m\u00ea analog. \u0110\u1ed9ng c\u01a1 g\u1eafn ngo\u00e0i \u0111\u01b0\u1ee3c thi\u1ebft k\u1ebf sao cho kh\u00f4ng c\u00f3 b\u1ea5t c\u1ee9 s\u1ef1 ti\u1ebfp x\u00fac\" \/>\n<meta property=\"og:url\" content=\"https:\/\/www.saigonstereo.com\/home\/san-pham\/mam-thorens-td-2015\/\" \/>\n<meta property=\"og:site_name\" content=\"SaigonStereo\" \/>\n<meta property=\"article:modified_time\" content=\"2018-03-28T09:26:08+00:00\" \/>\n<meta property=\"og:image\" content=\"https:\/\/www.saigonstereo.com\/home\/wp-content\/uploads\/2013\/08\/SaigonStereo-640x640-Thorens-TD2015.png\" \/>\n\t<meta property=\"og:image:width\" content=\"640\" \/>\n\t<meta property=\"og:image:height\" content=\"640\" \/>\n\t<meta property=\"og:image:type\" content=\"image\/png\" \/>\n<meta name=\"twitter:card\" content=\"summary_large_image\" \/>\n<meta name=\"twitter:label1\" content=\"\u01af\u1edbc t\u00ednh th\u1eddi gian \u0111\u1ecdc\" \/>\n\t<meta name=\"twitter:data1\" content=\"1 ph\u00fat\" \/>\n<script type=\"application\/ld+json\" class=\"yoast-schema-graph\">{\"@context\":\"https:\/\/schema.org\",\"@graph\":[{\"@type\":\"WebPage\",\"@id\":\"https:\/\/www.saigonstereo.com\/home\/san-pham\/mam-thorens-td-2015\/\",\"url\":\"https:\/\/www.saigonstereo.com\/home\/san-pham\/mam-thorens-td-2015\/\",\"name\":\"M\u00e2m than Thorens TD 2015 - SaigonStereo\",\"isPartOf\":{\"@id\":\"https:\/\/www.saigonstereo.com\/home\/#website\"},\"datePublished\":\"2013-08-20T07:30:56+00:00\",\"dateModified\":\"2018-03-28T09:26:08+00:00\",\"description\":\"TD 2015 v\u00e0 TD 2035 l\u00e0 nh\u1eefng t\u00e1c ph\u1ea9m ngh\u1ec7 thu\u1eadt \u0111\u01b0\u01a1ng \u0111\u1ea1i cho nh\u1eefng ng\u01b0\u1eddi say m\u00ea analog. \u0110\u1ed9ng c\u01a1 g\u1eafn ngo\u00e0i \u0111\u01b0\u1ee3c thi\u1ebft k\u1ebf sao cho kh\u00f4ng c\u00f3 b\u1ea5t c\u1ee9 s\u1ef1 ti\u1ebfp x\u00fac\",\"breadcrumb\":{\"@id\":\"https:\/\/www.saigonstereo.com\/home\/san-pham\/mam-thorens-td-2015\/#breadcrumb\"},\"inLanguage\":\"vi\",\"potentialAction\":[{\"@type\":\"ReadAction\",\"target\":[\"https:\/\/www.saigonstereo.com\/home\/san-pham\/mam-thorens-td-2015\/\"]}]},{\"@type\":\"BreadcrumbList\",\"@id\":\"https:\/\/www.saigonstereo.com\/home\/san-pham\/mam-thorens-td-2015\/#breadcrumb\",\"itemListElement\":[{\"@type\":\"ListItem\",\"position\":1,\"name\":\"Home\",\"item\":\"https:\/\/www.saigonstereo.com\/home\/\"},{\"@type\":\"ListItem\",\"position\":2,\"name\":\"Products\",\"item\":\"https:\/\/www.saigonstereo.com\/home\/shop\/\"},{\"@type\":\"ListItem\",\"position\":3,\"name\":\"M\u00e2m than Thorens TD 2015\"}]},{\"@type\":\"WebSite\",\"@id\":\"https:\/\/www.saigonstereo.com\/home\/#website\",\"url\":\"https:\/\/www.saigonstereo.com\/home\/\",\"name\":\"SaigonStereo\",\"description\":\"Nh\u00e0 ph\u00e2n ph\u1ed1i thi\u1ebft b\u1ecb \u00e2m thanh cao c\u1ea5p\",\"potentialAction\":[{\"@type\":\"SearchAction\",\"target\":{\"@type\":\"EntryPoint\",\"urlTemplate\":\"https:\/\/www.saigonstereo.com\/home\/?s={search_term_string}\"},\"query-input\":\"required name=search_term_string\"}],\"inLanguage\":\"vi\"}]}<\/script>\n<!-- \/ Yoast SEO plugin. -->","yoast_head_json":{"title":"M\u00e2m than Thorens TD 2015 - SaigonStereo","description":"TD 2015 v\u00e0 TD 2035 l\u00e0 nh\u1eefng t\u00e1c ph\u1ea9m ngh\u1ec7 thu\u1eadt \u0111\u01b0\u01a1ng \u0111\u1ea1i cho nh\u1eefng ng\u01b0\u1eddi say m\u00ea analog. \u0110\u1ed9ng c\u01a1 g\u1eafn ngo\u00e0i \u0111\u01b0\u1ee3c thi\u1ebft k\u1ebf sao cho kh\u00f4ng c\u00f3 b\u1ea5t c\u1ee9 s\u1ef1 ti\u1ebfp x\u00fac","robots":{"index":"index","follow":"follow","max-snippet":"max-snippet:-1","max-image-preview":"max-image-preview:large","max-video-preview":"max-video-preview:-1"},"canonical":"https:\/\/www.saigonstereo.com\/home\/san-pham\/mam-thorens-td-2015\/","og_locale":"vi_VN","og_type":"article","og_title":"M\u00e2m than Thorens TD 2015 - SaigonStereo","og_description":"TD 2015 v\u00e0 TD 2035 l\u00e0 nh\u1eefng t\u00e1c ph\u1ea9m ngh\u1ec7 thu\u1eadt \u0111\u01b0\u01a1ng \u0111\u1ea1i cho nh\u1eefng ng\u01b0\u1eddi say m\u00ea analog. \u0110\u1ed9ng c\u01a1 g\u1eafn ngo\u00e0i \u0111\u01b0\u1ee3c thi\u1ebft k\u1ebf sao cho kh\u00f4ng c\u00f3 b\u1ea5t c\u1ee9 s\u1ef1 ti\u1ebfp x\u00fac","og_url":"https:\/\/www.saigonstereo.com\/home\/san-pham\/mam-thorens-td-2015\/","og_site_name":"SaigonStereo","article_modified_time":"2018-03-28T09:26:08+00:00","og_image":[{"width":640,"height":640,"url":"https:\/\/www.saigonstereo.com\/home\/wp-content\/uploads\/2013\/08\/SaigonStereo-640x640-Thorens-TD2015.png","type":"image\/png"}],"twitter_card":"summary_large_image","twitter_misc":{"\u01af\u1edbc t\u00ednh th\u1eddi gian \u0111\u1ecdc":"1 ph\u00fat"},"schema":{"@context":"https:\/\/schema.org","@graph":[{"@type":"WebPage","@id":"https:\/\/www.saigonstereo.com\/home\/san-pham\/mam-thorens-td-2015\/","url":"https:\/\/www.saigonstereo.com\/home\/san-pham\/mam-thorens-td-2015\/","name":"M\u00e2m than Thorens TD 2015 - SaigonStereo","isPartOf":{"@id":"https:\/\/www.saigonstereo.com\/home\/#website"},"datePublished":"2013-08-20T07:30:56+00:00","dateModified":"2018-03-28T09:26:08+00:00","description":"TD 2015 v\u00e0 TD 2035 l\u00e0 nh\u1eefng t\u00e1c ph\u1ea9m ngh\u1ec7 thu\u1eadt \u0111\u01b0\u01a1ng \u0111\u1ea1i cho nh\u1eefng ng\u01b0\u1eddi say m\u00ea analog. \u0110\u1ed9ng c\u01a1 g\u1eafn ngo\u00e0i \u0111\u01b0\u1ee3c thi\u1ebft k\u1ebf sao cho kh\u00f4ng c\u00f3 b\u1ea5t c\u1ee9 s\u1ef1 ti\u1ebfp x\u00fac","breadcrumb":{"@id":"https:\/\/www.saigonstereo.com\/home\/san-pham\/mam-thorens-td-2015\/#breadcrumb"},"inLanguage":"vi","potentialAction":[{"@type":"ReadAction","target":["https:\/\/www.saigonstereo.com\/home\/san-pham\/mam-thorens-td-2015\/"]}]},{"@type":"BreadcrumbList","@id":"https:\/\/www.saigonstereo.com\/home\/san-pham\/mam-thorens-td-2015\/#breadcrumb","itemListElement":[{"@type":"ListItem","position":1,"name":"Home","item":"https:\/\/www.saigonstereo.com\/home\/"},{"@type":"ListItem","position":2,"name":"Products","item":"https:\/\/www.saigonstereo.com\/home\/shop\/"},{"@type":"ListItem","position":3,"name":"M\u00e2m than Thorens TD 2015"}]},{"@type":"WebSite","@id":"https:\/\/www.saigonstereo.com\/home\/#website","url":"https:\/\/www.saigonstereo.com\/home\/","name":"SaigonStereo","description":"Nh\u00e0 ph\u00e2n ph\u1ed1i thi\u1ebft b\u1ecb \u00e2m thanh cao c\u1ea5p","potentialAction":[{"@type":"SearchAction","target":{"@type":"EntryPoint","urlTemplate":"https:\/\/www.saigonstereo.com\/home\/?s={search_term_string}"},"query-input":"required name=search_term_string"}],"inLanguage":"vi"}]}},"jetpack_sharing_enabled":true,"_links":{"self":[{"href":"https:\/\/www.saigonstereo.com\/home\/wp-json\/wp\/v2\/product\/553","targetHints":{"allow":["GET"]}}],"collection":[{"href":"https:\/\/www.saigonstereo.com\/home\/wp-json\/wp\/v2\/product"}],"about":[{"href":"https:\/\/www.saigonstereo.com\/home\/wp-json\/wp\/v2\/types\/product"}],"replies":[{"embeddable":true,"href":"https:\/\/www.saigonstereo.com\/home\/wp-json\/wp\/v2\/comments?post=553"}],"wp:featuredmedia":[{"embeddable":true,"href":"https:\/\/www.saigonstereo.com\/home\/wp-json\/wp\/v2\/media\/40043"}],"wp:attachment":[{"href":"https:\/\/www.saigonstereo.com\/home\/wp-json\/wp\/v2\/media?parent=553"}],"wp:term":[{"taxonomy":"product_cat","embeddable":true,"href":"https:\/\/www.saigonstereo.com\/home\/wp-json\/wp\/v2\/product_cat?post=553"},{"taxonomy":"product_tag","embeddable":true,"href":"https:\/\/www.saigonstereo.com\/home\/wp-json\/wp\/v2\/product_tag?post=553"}],"curies":[{"name":"wp","href":"https:\/\/api.w.org\/{rel}","templated":true}]}}