{"id":601,"date":"2013-08-14T12:37:54","date_gmt":"2013-08-14T05:37:54","guid":{"rendered":"http:\/\/www.shindiristudio.com\/allaroundwp\/product\/maxima-2\/"},"modified":"2019-08-12T14:01:59","modified_gmt":"2019-08-12T07:01:59","slug":"arcam-a19-integrated-amplifier","status":"publish","type":"product","link":"https:\/\/www.saigonstereo.com\/home\/san-pham\/arcam-a19-integrated-amplifier\/","title":{"rendered":"Arcam A19 Integrated Amplifier"},"content":{"rendered":"<p>A19 l\u00e0 s\u1ef1 l\u1ef1a ch\u1ecdn ho\u00e0n h\u1ea3o cho c\u00e1c kh\u00e1ch h\u00e0ng \u0111ang t\u00ecm ki\u1ebfm m\u1ed9t chi\u1ebfc ampli c\u00f3 th\u1ec3 t\u00e1i t\u1ea1o \u00e2m thanh \u0111\u1eb7c bi\u1ec7t nh\u01b0ng gi\u00e1 c\u1ea3 l\u1ea1i ph\u1ea3i ch\u0103ng.<\/p>\n<p>Featuring some of the latest thinking in high performance amplifier design, the A19 uses components and techniques mormally found in Arcam&#8217;s top of the range products. The amplifier&#8217;s design and performance have been refined and tuned to an exquisite degree. This focus on sound quality has led to an intellegent power supply design that also enables the amplifier to offer a flexible upgrade path. The power section of the A19 is design to be able to supply two of Arcam&#8217;s class-leading r-Series products in addition to its main duties. This allows the A19 to become a digital hub for a whole range of digital connection upgrades that includes both wireless Bluetooth\u00ae devices and USB sources.<\/p>\n<p>While the world of music is increasingly a digital one, analogue sources are not forgotten. The continued popularity of vinyl has led Arcam to to equip the A19 with a new ultra-low noise moving magnet (MM) phono stage that allows the music enthusiast to enjoy their vinyl collection afresh. While the use of high performance headphones has grown dramatically of late, little effort has been made to improve the headphone sections of the amplifiers that drive them. The A19 addresses this by employing a completely new circuit that can deliver a level of sound quality that will thrill even the most demanding listener.<\/p>\n<h2 style=\"font-weight: 300; color: #888d90;\">Technical Specifications<\/h2>\n<div class=\"col\">\n<p><b>Continuous power output (20Hz\u201420kHz at 0.5% THD), per channel<\/b><\/p>\n<ul>\n<li>Both channels, 8\u03a9, 20Hz\u201420kHz: 50W<\/li>\n<li>Single channel, 4\u03a9, at 1kHz: 90W<\/li>\n<li>Harmonic distortion, 80% power, 8\u03a9 at 1kHz: 0.003%<\/li>\n<\/ul>\n<p><b>Inputs<\/b><\/p>\n<p>Phono (MM) cartridge<\/p>\n<ul>\n<li>Input sensitivity at 1kHz: 5mV<\/li>\n<li>Input impedance: 47k\u03a9 + 100pF<\/li>\n<li>Frequency response (ref. RIAA curve): 20Hz\u201420kHz \u00b1 1dB<\/li>\n<li>Signal\/noise ratio (Awtd) 50W, ref. 5mV input: 80dB<\/li>\n<li>Overload margin, 50mV at 1kHz: 20dB<\/li>\n<\/ul>\n<p>Line and AV inputs<\/p>\n<ul>\n<li>Nominal sensitivity: 1V<\/li>\n<li>Input impedance: 10k\u03a9<\/li>\n<li>Maximum input: 4.6Vrms<\/li>\n<li>Frequency response: 20Hz\u201420kHz \u00b1 0.2dB<\/li>\n<li>Signal\/noise ratio (Awtd) 50W, ref. 1V input: 105dB<\/li>\n<\/ul>\n<p><b>Outputs<\/b><\/p>\n<\/div>\n<div class=\"col \">\n<p>Preamplifier output<\/p>\n<ul>\n<li>Nominal output level: 630mV<\/li>\n<li>Output impedance: 230\u03a9<\/li>\n<\/ul>\n<p>Heaphones Output<\/p>\n<ul>\n<li>Maximum output level into 600\u03a9: 4V<\/li>\n<li>Output impedance: 1ohm<\/li>\n<li>Load range: 16\u03a9\u20142k\u03a9<\/li>\n<\/ul>\n<p>Accessory power output<\/p>\n<ul>\n<li>Using accessory power cable supplied, provides two 2.1mm DC connectors: 6V, 1A<\/li>\n<\/ul>\n<p><b>General<\/b><\/p>\n<ul>\n<li>Mains voltage: 110\u2013120V~ or 220\u2013240V~<\/li>\n<li>Power consumption (maximum): 350W<\/li>\n<li>Dimensions W x D x H (including feet): 432 x 275 x 85mm<\/li>\n<li>Weight (net): 8.5kg<\/li>\n<li>Weight (packed): 10.2kg<\/li>\n<li>Supplied accessories: Mains lead, CR108 remote control, 2 x AAA batteries, Accessory power cable<\/li>\n<\/ul>\n<p>E&amp;OE &#8211; All specification values are typical unless otherwise stated.<\/p>\n<\/div>\n","protected":false},"excerpt":{"rendered":"<p>A19 k\u1ebft h\u1ee3p c\u00e1c c\u00f4ng ngh\u1ec7 th\u00e0nh ph\u1ea7n m\u1edbi nh\u1ea5t v\u00e0 thi\u1ebft k\u1ebf tinh t\u1ebf t\u1ec9 m\u1ec9 c\u1ee7a ARCAM cho \u00e2m thanh t\u1ef1 nhi\u00ean \u0111\u1ebfn b\u1ea5t ng\u1edd.<\/p>\n","protected":false},"featured_media":35564,"comment_status":"open","ping_status":"closed","template":"","meta":{"jetpack_post_was_ever_published":false,"jetpack_publicize_message":"","jetpack_is_tweetstorm":false,"jetpack_publicize_feature_enabled":true,"jetpack_social_post_already_shared":false,"jetpack_social_options":[]},"product_cat":[46,97],"product_tag":[90],"class_list":["post-601","product","type-product","status-publish","has-post-thumbnail","hentry","product_cat-pre-amplifier","product_cat-arcam-pre-amplifier","product_tag-arcam-dac","description-off"],"jetpack_publicize_connections":[],"yoast_head":"<!-- This site is optimized with the Yoast SEO plugin v20.4 - https:\/\/yoast.com\/wordpress\/plugins\/seo\/ -->\n<title>Arcam A19 Integrated Amplifier - SaigonStereo<\/title>\n<meta name=\"robots\" content=\"index, follow, max-snippet:-1, max-image-preview:large, max-video-preview:-1\" \/>\n<link rel=\"canonical\" href=\"https:\/\/www.saigonstereo.com\/home\/san-pham\/arcam-a19-integrated-amplifier\/\" \/>\n<meta property=\"og:locale\" content=\"vi_VN\" \/>\n<meta property=\"og:type\" content=\"article\" \/>\n<meta property=\"og:title\" content=\"Arcam A19 Integrated Amplifier - SaigonStereo\" \/>\n<meta property=\"og:description\" content=\"A19 k\u1ebft h\u1ee3p c\u00e1c c\u00f4ng ngh\u1ec7 th\u00e0nh ph\u1ea7n m\u1edbi nh\u1ea5t v\u00e0 thi\u1ebft k\u1ebf tinh t\u1ebf t\u1ec9 m\u1ec9 c\u1ee7a ARCAM cho \u00e2m thanh t\u1ef1 nhi\u00ean \u0111\u1ebfn b\u1ea5t ng\u1edd.\" \/>\n<meta property=\"og:url\" content=\"https:\/\/www.saigonstereo.com\/home\/san-pham\/arcam-a19-integrated-amplifier\/\" \/>\n<meta property=\"og:site_name\" content=\"SaigonStereo\" \/>\n<meta property=\"article:modified_time\" content=\"2019-08-12T07:01:59+00:00\" \/>\n<meta property=\"og:image\" content=\"https:\/\/www.saigonstereo.com\/home\/wp-content\/uploads\/2013\/08\/a19-truoc1.jpg\" \/>\n\t<meta property=\"og:image:width\" content=\"640\" \/>\n\t<meta property=\"og:image:height\" content=\"640\" \/>\n\t<meta property=\"og:image:type\" content=\"image\/jpeg\" \/>\n<meta name=\"twitter:card\" content=\"summary_large_image\" \/>\n<meta name=\"twitter:label1\" content=\"\u01af\u1edbc t\u00ednh th\u1eddi gian \u0111\u1ecdc\" \/>\n\t<meta name=\"twitter:data1\" content=\"2 ph\u00fat\" \/>\n<script type=\"application\/ld+json\" class=\"yoast-schema-graph\">{\"@context\":\"https:\/\/schema.org\",\"@graph\":[{\"@type\":\"WebPage\",\"@id\":\"https:\/\/www.saigonstereo.com\/home\/san-pham\/arcam-a19-integrated-amplifier\/\",\"url\":\"https:\/\/www.saigonstereo.com\/home\/san-pham\/arcam-a19-integrated-amplifier\/\",\"name\":\"Arcam A19 Integrated Amplifier - SaigonStereo\",\"isPartOf\":{\"@id\":\"https:\/\/www.saigonstereo.com\/home\/#website\"},\"datePublished\":\"2013-08-14T05:37:54+00:00\",\"dateModified\":\"2019-08-12T07:01:59+00:00\",\"breadcrumb\":{\"@id\":\"https:\/\/www.saigonstereo.com\/home\/san-pham\/arcam-a19-integrated-amplifier\/#breadcrumb\"},\"inLanguage\":\"vi\",\"potentialAction\":[{\"@type\":\"ReadAction\",\"target\":[\"https:\/\/www.saigonstereo.com\/home\/san-pham\/arcam-a19-integrated-amplifier\/\"]}]},{\"@type\":\"BreadcrumbList\",\"@id\":\"https:\/\/www.saigonstereo.com\/home\/san-pham\/arcam-a19-integrated-amplifier\/#breadcrumb\",\"itemListElement\":[{\"@type\":\"ListItem\",\"position\":1,\"name\":\"Home\",\"item\":\"https:\/\/www.saigonstereo.com\/home\/\"},{\"@type\":\"ListItem\",\"position\":2,\"name\":\"Products\",\"item\":\"https:\/\/www.saigonstereo.com\/home\/shop\/\"},{\"@type\":\"ListItem\",\"position\":3,\"name\":\"Arcam A19 Integrated Amplifier\"}]},{\"@type\":\"WebSite\",\"@id\":\"https:\/\/www.saigonstereo.com\/home\/#website\",\"url\":\"https:\/\/www.saigonstereo.com\/home\/\",\"name\":\"SaigonStereo\",\"description\":\"Nh\u00e0 ph\u00e2n ph\u1ed1i thi\u1ebft b\u1ecb \u00e2m thanh cao c\u1ea5p\",\"potentialAction\":[{\"@type\":\"SearchAction\",\"target\":{\"@type\":\"EntryPoint\",\"urlTemplate\":\"https:\/\/www.saigonstereo.com\/home\/?s={search_term_string}\"},\"query-input\":\"required name=search_term_string\"}],\"inLanguage\":\"vi\"}]}<\/script>\n<!-- \/ Yoast SEO plugin. -->","yoast_head_json":{"title":"Arcam A19 Integrated Amplifier - SaigonStereo","robots":{"index":"index","follow":"follow","max-snippet":"max-snippet:-1","max-image-preview":"max-image-preview:large","max-video-preview":"max-video-preview:-1"},"canonical":"https:\/\/www.saigonstereo.com\/home\/san-pham\/arcam-a19-integrated-amplifier\/","og_locale":"vi_VN","og_type":"article","og_title":"Arcam A19 Integrated Amplifier - SaigonStereo","og_description":"A19 k\u1ebft h\u1ee3p c\u00e1c c\u00f4ng ngh\u1ec7 th\u00e0nh ph\u1ea7n m\u1edbi nh\u1ea5t v\u00e0 thi\u1ebft k\u1ebf tinh t\u1ebf t\u1ec9 m\u1ec9 c\u1ee7a ARCAM cho \u00e2m thanh t\u1ef1 nhi\u00ean \u0111\u1ebfn b\u1ea5t ng\u1edd.","og_url":"https:\/\/www.saigonstereo.com\/home\/san-pham\/arcam-a19-integrated-amplifier\/","og_site_name":"SaigonStereo","article_modified_time":"2019-08-12T07:01:59+00:00","og_image":[{"width":640,"height":640,"url":"https:\/\/www.saigonstereo.com\/home\/wp-content\/uploads\/2013\/08\/a19-truoc1.jpg","type":"image\/jpeg"}],"twitter_card":"summary_large_image","twitter_misc":{"\u01af\u1edbc t\u00ednh th\u1eddi gian \u0111\u1ecdc":"2 ph\u00fat"},"schema":{"@context":"https:\/\/schema.org","@graph":[{"@type":"WebPage","@id":"https:\/\/www.saigonstereo.com\/home\/san-pham\/arcam-a19-integrated-amplifier\/","url":"https:\/\/www.saigonstereo.com\/home\/san-pham\/arcam-a19-integrated-amplifier\/","name":"Arcam A19 Integrated Amplifier - SaigonStereo","isPartOf":{"@id":"https:\/\/www.saigonstereo.com\/home\/#website"},"datePublished":"2013-08-14T05:37:54+00:00","dateModified":"2019-08-12T07:01:59+00:00","breadcrumb":{"@id":"https:\/\/www.saigonstereo.com\/home\/san-pham\/arcam-a19-integrated-amplifier\/#breadcrumb"},"inLanguage":"vi","potentialAction":[{"@type":"ReadAction","target":["https:\/\/www.saigonstereo.com\/home\/san-pham\/arcam-a19-integrated-amplifier\/"]}]},{"@type":"BreadcrumbList","@id":"https:\/\/www.saigonstereo.com\/home\/san-pham\/arcam-a19-integrated-amplifier\/#breadcrumb","itemListElement":[{"@type":"ListItem","position":1,"name":"Home","item":"https:\/\/www.saigonstereo.com\/home\/"},{"@type":"ListItem","position":2,"name":"Products","item":"https:\/\/www.saigonstereo.com\/home\/shop\/"},{"@type":"ListItem","position":3,"name":"Arcam A19 Integrated Amplifier"}]},{"@type":"WebSite","@id":"https:\/\/www.saigonstereo.com\/home\/#website","url":"https:\/\/www.saigonstereo.com\/home\/","name":"SaigonStereo","description":"Nh\u00e0 ph\u00e2n ph\u1ed1i thi\u1ebft b\u1ecb \u00e2m thanh cao c\u1ea5p","potentialAction":[{"@type":"SearchAction","target":{"@type":"EntryPoint","urlTemplate":"https:\/\/www.saigonstereo.com\/home\/?s={search_term_string}"},"query-input":"required name=search_term_string"}],"inLanguage":"vi"}]}},"jetpack_sharing_enabled":true,"_links":{"self":[{"href":"https:\/\/www.saigonstereo.com\/home\/wp-json\/wp\/v2\/product\/601","targetHints":{"allow":["GET"]}}],"collection":[{"href":"https:\/\/www.saigonstereo.com\/home\/wp-json\/wp\/v2\/product"}],"about":[{"href":"https:\/\/www.saigonstereo.com\/home\/wp-json\/wp\/v2\/types\/product"}],"replies":[{"embeddable":true,"href":"https:\/\/www.saigonstereo.com\/home\/wp-json\/wp\/v2\/comments?post=601"}],"wp:featuredmedia":[{"embeddable":true,"href":"https:\/\/www.saigonstereo.com\/home\/wp-json\/wp\/v2\/media\/35564"}],"wp:attachment":[{"href":"https:\/\/www.saigonstereo.com\/home\/wp-json\/wp\/v2\/media?parent=601"}],"wp:term":[{"taxonomy":"product_cat","embeddable":true,"href":"https:\/\/www.saigonstereo.com\/home\/wp-json\/wp\/v2\/product_cat?post=601"},{"taxonomy":"product_tag","embeddable":true,"href":"https:\/\/www.saigonstereo.com\/home\/wp-json\/wp\/v2\/product_tag?post=601"}],"curies":[{"name":"wp","href":"https:\/\/api.w.org\/{rel}","templated":true}]}}