{"id":655,"date":"2013-08-14T13:10:54","date_gmt":"2013-08-14T06:10:54","guid":{"rendered":"http:\/\/www.shindiristudio.com\/allaroundwp\/product\/fa-bolus-collection\/"},"modified":"2016-01-15T15:54:46","modified_gmt":"2016-01-15T08:54:46","slug":"receiver-xem-phim-primare-spa23","status":"publish","type":"product","link":"https:\/\/www.saigonstereo.com\/home\/san-pham\/receiver-xem-phim-primare-spa23\/","title":{"rendered":"Receiver xem phim Primare SPA23"},"content":{"rendered":"<p>C\u00f4ng ngh\u1ec7 UFPD s\u1eed d\u1ee5ng thi\u1ebft k\u1ebf Class D\/switch-mode \u0111\u1ed9c quy\u1ec1n cho Primare v\u00e0 cho \u00e2m thanh m\u1ea1nh m\u1ebd nh\u01b0ng l\u1ea1i ti\u1ebft ki\u1ec7m kho\u1ea3ng 70% n\u0103ng l\u01b0\u1ee3ng s\u1eed d\u1ee5ng cho m\u1ed9t amp th\u00f4ng th\u01b0\u1eddng c\u00f3 c\u00e1c \u0111\u1eb7c \u0111i\u1ec3m k\u1ef9 thu\u1eadt t\u01b0\u01a1ng t\u1ef1.<\/p>\n<p><strong>Th\u00f4ng S\u1ed1 K\u1ef9 Thu\u1eadt:<\/strong><\/p>\n<p>C\u00f4ng su\u1ea5t ng\u00f5 ra: 5 X 120W 8 Ohm<br \/>\nTr\u1edf kh\u00e1ng ng\u00f5 v\u00e0o: 47 Kohm (unbalanced), 3 Kohm (unbalanced)<br \/>\nT\u1ef7 s\u1ed1 nhi\u1ec5u S\/N: -110 dB<br \/>\n\u0110\u00e1p \u1ee9ng t\u1ea7n s\u1ed1: &lt; 10 Hz &#8211; 100 kHz, 1 dB<br \/>\nC\u00f4ng su\u1ea5t ti\u00eau th\u1ee5: &lt;5 W<br \/>\nK\u00edch th\u01b0\u1edbc (WxDxH): 430 x 385 x 180mm<br \/>\nTr\u1ecdng l\u01b0\u1ee3ng: 15 kg<\/p>\n","protected":false},"excerpt":{"rendered":"<p>SPA22 m\u1edbi k\u1ebft h\u1ee3p s\u1ef1 \u0111i\u1ec1u khi\u1ec3n linh ho\u1ea1t v\u00e0 c\u1ea5u tr\u00fac m\u1ea1ch topo c\u1ee7a SP32 c\u00f3 th\u1ec3 c\u1ea3i ti\u1ebfn \u0111\u01b0\u1ee3c v\u1edbi n\u0103m k\u00eanh t\u00e1ch bi\u1ec7t c\u00f3 \u0111\u1ed9 khu\u1ebfch \u0111\u1ea1i UFPD si\u00eau hi\u1ec7u qu\u1ea3 \u1edf m\u1ee9c 120W m\u1ed7i k\u00eanh.<\/p>\n","protected":false},"featured_media":1212,"comment_status":"open","ping_status":"closed","template":"","meta":{"jetpack_post_was_ever_published":false,"jetpack_publicize_message":"","jetpack_is_tweetstorm":false,"jetpack_publicize_feature_enabled":true,"jetpack_social_post_already_shared":false,"jetpack_social_options":[]},"product_cat":[48,104],"product_tag":[829,824,904],"class_list":["post-655","product","type-product","status-publish","has-post-thumbnail","hentry","product_cat-thiet-bi-xem-phim","product_cat-primare-thiet-bi-xem-phim","product_tag-primare","product_tag-receiver-xem-phim","product_tag-series-20","description-off"],"jetpack_publicize_connections":[],"yoast_head":"<!-- This site is optimized with the Yoast SEO plugin v20.4 - https:\/\/yoast.com\/wordpress\/plugins\/seo\/ -->\n<title>Receiver xem phim Primare SPA23 - SaigonStereo<\/title>\n<meta name=\"robots\" content=\"index, follow, max-snippet:-1, max-image-preview:large, max-video-preview:-1\" \/>\n<link rel=\"canonical\" href=\"https:\/\/www.saigonstereo.com\/home\/san-pham\/receiver-xem-phim-primare-spa23\/\" \/>\n<meta property=\"og:locale\" content=\"vi_VN\" \/>\n<meta property=\"og:type\" content=\"article\" \/>\n<meta property=\"og:title\" content=\"Receiver xem phim Primare SPA23 - SaigonStereo\" \/>\n<meta property=\"og:description\" content=\"SPA22 m\u1edbi k\u1ebft h\u1ee3p s\u1ef1 \u0111i\u1ec1u khi\u1ec3n linh ho\u1ea1t v\u00e0 c\u1ea5u tr\u00fac m\u1ea1ch topo c\u1ee7a SP32 c\u00f3 th\u1ec3 c\u1ea3i ti\u1ebfn \u0111\u01b0\u1ee3c v\u1edbi n\u0103m k\u00eanh t\u00e1ch bi\u1ec7t c\u00f3 \u0111\u1ed9 khu\u1ebfch \u0111\u1ea1i UFPD si\u00eau hi\u1ec7u qu\u1ea3 \u1edf m\u1ee9c 120W m\u1ed7i k\u00eanh.\" \/>\n<meta property=\"og:url\" content=\"https:\/\/www.saigonstereo.com\/home\/san-pham\/receiver-xem-phim-primare-spa23\/\" \/>\n<meta property=\"og:site_name\" content=\"SaigonStereo\" \/>\n<meta property=\"article:modified_time\" content=\"2016-01-15T08:54:46+00:00\" \/>\n<meta property=\"og:image\" content=\"https:\/\/www.saigonstereo.com\/home\/wp-content\/uploads\/2013\/08\/spa22.jpg\" \/>\n\t<meta property=\"og:image:width\" content=\"640\" \/>\n\t<meta property=\"og:image:height\" content=\"640\" \/>\n\t<meta property=\"og:image:type\" content=\"image\/jpeg\" \/>\n<meta name=\"twitter:card\" content=\"summary_large_image\" \/>\n<meta name=\"twitter:label1\" content=\"\u01af\u1edbc t\u00ednh th\u1eddi gian \u0111\u1ecdc\" \/>\n\t<meta name=\"twitter:data1\" content=\"1 ph\u00fat\" \/>\n<script type=\"application\/ld+json\" class=\"yoast-schema-graph\">{\"@context\":\"https:\/\/schema.org\",\"@graph\":[{\"@type\":\"WebPage\",\"@id\":\"https:\/\/www.saigonstereo.com\/home\/san-pham\/receiver-xem-phim-primare-spa23\/\",\"url\":\"https:\/\/www.saigonstereo.com\/home\/san-pham\/receiver-xem-phim-primare-spa23\/\",\"name\":\"Receiver xem phim Primare SPA23 - SaigonStereo\",\"isPartOf\":{\"@id\":\"https:\/\/www.saigonstereo.com\/home\/#website\"},\"datePublished\":\"2013-08-14T06:10:54+00:00\",\"dateModified\":\"2016-01-15T08:54:46+00:00\",\"breadcrumb\":{\"@id\":\"https:\/\/www.saigonstereo.com\/home\/san-pham\/receiver-xem-phim-primare-spa23\/#breadcrumb\"},\"inLanguage\":\"vi\",\"potentialAction\":[{\"@type\":\"ReadAction\",\"target\":[\"https:\/\/www.saigonstereo.com\/home\/san-pham\/receiver-xem-phim-primare-spa23\/\"]}]},{\"@type\":\"BreadcrumbList\",\"@id\":\"https:\/\/www.saigonstereo.com\/home\/san-pham\/receiver-xem-phim-primare-spa23\/#breadcrumb\",\"itemListElement\":[{\"@type\":\"ListItem\",\"position\":1,\"name\":\"Home\",\"item\":\"https:\/\/www.saigonstereo.com\/home\/\"},{\"@type\":\"ListItem\",\"position\":2,\"name\":\"Products\",\"item\":\"https:\/\/www.saigonstereo.com\/home\/shop\/\"},{\"@type\":\"ListItem\",\"position\":3,\"name\":\"Receiver xem phim Primare SPA23\"}]},{\"@type\":\"WebSite\",\"@id\":\"https:\/\/www.saigonstereo.com\/home\/#website\",\"url\":\"https:\/\/www.saigonstereo.com\/home\/\",\"name\":\"SaigonStereo\",\"description\":\"Nh\u00e0 ph\u00e2n ph\u1ed1i thi\u1ebft b\u1ecb \u00e2m thanh cao c\u1ea5p\",\"potentialAction\":[{\"@type\":\"SearchAction\",\"target\":{\"@type\":\"EntryPoint\",\"urlTemplate\":\"https:\/\/www.saigonstereo.com\/home\/?s={search_term_string}\"},\"query-input\":\"required name=search_term_string\"}],\"inLanguage\":\"vi\"}]}<\/script>\n<!-- \/ Yoast SEO plugin. -->","yoast_head_json":{"title":"Receiver xem phim Primare SPA23 - SaigonStereo","robots":{"index":"index","follow":"follow","max-snippet":"max-snippet:-1","max-image-preview":"max-image-preview:large","max-video-preview":"max-video-preview:-1"},"canonical":"https:\/\/www.saigonstereo.com\/home\/san-pham\/receiver-xem-phim-primare-spa23\/","og_locale":"vi_VN","og_type":"article","og_title":"Receiver xem phim Primare SPA23 - SaigonStereo","og_description":"SPA22 m\u1edbi k\u1ebft h\u1ee3p s\u1ef1 \u0111i\u1ec1u khi\u1ec3n linh ho\u1ea1t v\u00e0 c\u1ea5u tr\u00fac m\u1ea1ch topo c\u1ee7a SP32 c\u00f3 th\u1ec3 c\u1ea3i ti\u1ebfn \u0111\u01b0\u1ee3c v\u1edbi n\u0103m k\u00eanh t\u00e1ch bi\u1ec7t c\u00f3 \u0111\u1ed9 khu\u1ebfch \u0111\u1ea1i UFPD si\u00eau hi\u1ec7u qu\u1ea3 \u1edf m\u1ee9c 120W m\u1ed7i k\u00eanh.","og_url":"https:\/\/www.saigonstereo.com\/home\/san-pham\/receiver-xem-phim-primare-spa23\/","og_site_name":"SaigonStereo","article_modified_time":"2016-01-15T08:54:46+00:00","og_image":[{"width":640,"height":640,"url":"https:\/\/www.saigonstereo.com\/home\/wp-content\/uploads\/2013\/08\/spa22.jpg","type":"image\/jpeg"}],"twitter_card":"summary_large_image","twitter_misc":{"\u01af\u1edbc t\u00ednh th\u1eddi gian \u0111\u1ecdc":"1 ph\u00fat"},"schema":{"@context":"https:\/\/schema.org","@graph":[{"@type":"WebPage","@id":"https:\/\/www.saigonstereo.com\/home\/san-pham\/receiver-xem-phim-primare-spa23\/","url":"https:\/\/www.saigonstereo.com\/home\/san-pham\/receiver-xem-phim-primare-spa23\/","name":"Receiver xem phim Primare SPA23 - SaigonStereo","isPartOf":{"@id":"https:\/\/www.saigonstereo.com\/home\/#website"},"datePublished":"2013-08-14T06:10:54+00:00","dateModified":"2016-01-15T08:54:46+00:00","breadcrumb":{"@id":"https:\/\/www.saigonstereo.com\/home\/san-pham\/receiver-xem-phim-primare-spa23\/#breadcrumb"},"inLanguage":"vi","potentialAction":[{"@type":"ReadAction","target":["https:\/\/www.saigonstereo.com\/home\/san-pham\/receiver-xem-phim-primare-spa23\/"]}]},{"@type":"BreadcrumbList","@id":"https:\/\/www.saigonstereo.com\/home\/san-pham\/receiver-xem-phim-primare-spa23\/#breadcrumb","itemListElement":[{"@type":"ListItem","position":1,"name":"Home","item":"https:\/\/www.saigonstereo.com\/home\/"},{"@type":"ListItem","position":2,"name":"Products","item":"https:\/\/www.saigonstereo.com\/home\/shop\/"},{"@type":"ListItem","position":3,"name":"Receiver xem phim Primare SPA23"}]},{"@type":"WebSite","@id":"https:\/\/www.saigonstereo.com\/home\/#website","url":"https:\/\/www.saigonstereo.com\/home\/","name":"SaigonStereo","description":"Nh\u00e0 ph\u00e2n ph\u1ed1i thi\u1ebft b\u1ecb \u00e2m thanh cao c\u1ea5p","potentialAction":[{"@type":"SearchAction","target":{"@type":"EntryPoint","urlTemplate":"https:\/\/www.saigonstereo.com\/home\/?s={search_term_string}"},"query-input":"required name=search_term_string"}],"inLanguage":"vi"}]}},"jetpack_sharing_enabled":true,"_links":{"self":[{"href":"https:\/\/www.saigonstereo.com\/home\/wp-json\/wp\/v2\/product\/655","targetHints":{"allow":["GET"]}}],"collection":[{"href":"https:\/\/www.saigonstereo.com\/home\/wp-json\/wp\/v2\/product"}],"about":[{"href":"https:\/\/www.saigonstereo.com\/home\/wp-json\/wp\/v2\/types\/product"}],"replies":[{"embeddable":true,"href":"https:\/\/www.saigonstereo.com\/home\/wp-json\/wp\/v2\/comments?post=655"}],"wp:featuredmedia":[{"embeddable":true,"href":"https:\/\/www.saigonstereo.com\/home\/wp-json\/wp\/v2\/media\/1212"}],"wp:attachment":[{"href":"https:\/\/www.saigonstereo.com\/home\/wp-json\/wp\/v2\/media?parent=655"}],"wp:term":[{"taxonomy":"product_cat","embeddable":true,"href":"https:\/\/www.saigonstereo.com\/home\/wp-json\/wp\/v2\/product_cat?post=655"},{"taxonomy":"product_tag","embeddable":true,"href":"https:\/\/www.saigonstereo.com\/home\/wp-json\/wp\/v2\/product_tag?post=655"}],"curies":[{"name":"wp","href":"https:\/\/api.w.org\/{rel}","templated":true}]}}